{"id":22572,"date":"2025-05-13T04:16:59","date_gmt":"2025-05-13T04:16:59","guid":{"rendered":"https:\/\/primeprintingweb.com\/?post_type=product&#038;p=22572"},"modified":"2025-05-18T17:46:24","modified_gmt":"2025-05-18T17:46:24","slug":"south-korean-id-cards","status":"publish","type":"product","link":"https:\/\/primeprintingweb.com\/es\/geschaeft\/personalausweis\/south-korean-id-cards\/","title":{"rendered":"TARJETAS DE IDENTIDAD DE COREA DEL SUR"},"content":{"rendered":"<p>EL SISTEMA DE IDENTIFICACI\u00d3N DE COREA DEL SUR SE EST\u00c1 RECONSTRUYENDO DESDE CERO<br \/>\nPark Geun-hye<br \/>\nLeyenda: La propia presidenta de Corea del Sur, Park Geun-hye, se convirti\u00f3 en v\u00edctima del robo de datos.<br \/>\nEl sistema de documentos de identidad de Corea del Sur podr\u00eda necesitar una revisi\u00f3n completa tras los robos masivos de datos ocurridos desde 2004.<\/p>\n<p>El gobierno est\u00e1 considerando emitir nuevos n\u00fameros de documento de identidad surcoreano a cada ciudadano mayor de 17 a\u00f1os, lo que costar\u00eda miles de millones de d\u00f3lares.<\/p>\n<p>Seg\u00fan los expertos, se estima que el 80 por ciento de los 50 millones de habitantes del pa\u00eds han sido robados de bancos y otros objetivos n\u00fameros de identidad y datos personales.<\/p>\n<p>La reconstrucci\u00f3n del sistema podr\u00eda llevar hasta una d\u00e9cada, dijo uno.<\/p>\n<p>Alrededor de 20 millones de personas, incluida la presidenta Park Geun-hye, han sido v\u00edctimas de un robo de datos por parte de tres compa\u00f1\u00edas de tarjetas de cr\u00e9dito.<\/p>\n<p>\u201cLos problemas se han vuelto tan grandes que una soluci\u00f3n completa parece poco probable\u201d, dijo el investigador tecnol\u00f3gico Kilnam Chon a Associated Press.<\/p>\n<p>Hay varias razones por las que los documentos de identidad de Corea del Sur son tan f\u00e1ciles de robar:<\/p>\n<p>Los n\u00fameros de documento de identidad de Corea del Sur se emitieron por primera vez en la d\u00e9cada de 1960 y siguen el mismo patr\u00f3n hasta el d\u00eda de hoy. Los primeros d\u00edgitos corresponden a la fecha de nacimiento del usuario, seguido de un uno para hombres o dos para mujeres.<br \/>\nSeg\u00fan los expertos, su uso intersectorial los convierte en llaves maestras para los piratas inform\u00e1ticos.<br \/>\nUna vez que se filtran los datos, los ciudadanos ya no pueden modificarlos.<br \/>\nEl gobierno exigi\u00f3 a los usuarios de Internet que quisieran realizar negocios con bancos o tiendas en l\u00ednea que utilizaran un producto de Microsoft y ActiveX para las firmas digitales. Sin embargo, los cr\u00edticos se quejan de que se trataba de una contrase\u00f1a simple que pod\u00eda copiarse f\u00e1cilmente.<\/p>\n<p>La noticia ser\u00e1 embarazosa para un pa\u00eds que se ha ganado la reputaci\u00f3n de ser una de las naciones m\u00e1s conocedoras de la tecnolog\u00eda en el mundo.<\/p>\n<p>Aproximadamente el 85 por ciento de la poblaci\u00f3n de Corea del Sur est\u00e1 conectada a Internet y muchos tienen acceso ultrarr\u00e1pido. La poblaci\u00f3n del pa\u00eds posee 40 millones de tel\u00e9fonos inteligentes.<\/p>","protected":false},"excerpt":{"rendered":"<p><span style=\"vertical-align: inherit;\"><span style=\"vertical-align: inherit;\">EL SISTEMA DE TARJETAS DE IDENTIDAD DE COREA DEL SUR SER\u00c1 RECONSTRUIDO DESDE CERO <\/span><\/span><br \/>\n<span style=\"vertical-align: inherit;\"><span style=\"vertical-align: inherit;\">Park Geun-hye <\/span><\/span><br \/>\n<span style=\"vertical-align: inherit;\"><span style=\"vertical-align: inherit;\">T\u00edtulo de la imagenLa presidenta surcoreana, Park Geun-hye, fue v\u00edctima de robo de datos. <\/span><\/span><br \/>\n<span style=\"vertical-align: inherit;\"><span style=\"vertical-align: inherit;\">El sistema de tarjetas de identidad de Corea del Sur podr\u00eda necesitar una revisi\u00f3n completa luego de los enormes robos de datos que se remontan a 2004.<\/span><\/span><\/p>\n<p><span style=\"vertical-align: inherit;\"><span style=\"vertical-align: inherit;\">El gobierno est\u00e1 considerando emitir nuevos n\u00fameros de documentos de identidad surcoreanos a todos los ciudadanos mayores de 17 a\u00f1os, lo que costar\u00eda miles de millones de d\u00f3lares.<\/span><\/span><\/p>\n<p><span style=\"vertical-align: inherit;\"><span style=\"vertical-align: inherit;\">The South Korean ID cards numbers and personal details of an estimated 80% of the country&#8217;s 50 million people have been stolen from banks and other targets, say experts.<\/span><\/span><\/p>\n<p><span style=\"vertical-align: inherit;\"><span style=\"vertical-align: inherit;\">La reconstrucci\u00f3n del sistema podr\u00eda llevar hasta una d\u00e9cada, dijo uno.<\/span><\/span><\/p>\n<p><span style=\"vertical-align: inherit;\"><span style=\"vertical-align: inherit;\">Unas 20 millones de personas, incluida la presidenta Park Geun-hye, han sido v\u00edctimas de un robo de datos por parte de tres compa\u00f1\u00edas de tarjetas de cr\u00e9dito.<\/span><\/span><\/p>","protected":false},"featured_media":22627,"template":"","meta":[],"product_brand":[],"product_cat":[925],"product_tag":[],"class_list":{"0":"post-22572","1":"product","2":"type-product","3":"status-publish","4":"has-post-thumbnail","6":"product_cat-personalausweis","8":"first","9":"instock","10":"taxable","11":"shipping-taxable","12":"purchasable","13":"product-type-simple"},"_links":{"self":[{"href":"https:\/\/primeprintingweb.com\/es\/wp-json\/wp\/v2\/product\/22572","targetHints":{"allow":["GET"]}}],"collection":[{"href":"https:\/\/primeprintingweb.com\/es\/wp-json\/wp\/v2\/product"}],"about":[{"href":"https:\/\/primeprintingweb.com\/es\/wp-json\/wp\/v2\/types\/product"}],"version-history":[{"count":3,"href":"https:\/\/primeprintingweb.com\/es\/wp-json\/wp\/v2\/product\/22572\/revisions"}],"predecessor-version":[{"id":22865,"href":"https:\/\/primeprintingweb.com\/es\/wp-json\/wp\/v2\/product\/22572\/revisions\/22865"}],"wp:featuredmedia":[{"embeddable":true,"href":"https:\/\/primeprintingweb.com\/es\/wp-json\/wp\/v2\/media\/22627"}],"wp:attachment":[{"href":"https:\/\/primeprintingweb.com\/es\/wp-json\/wp\/v2\/media?parent=22572"}],"wp:term":[{"taxonomy":"product_brand","embeddable":true,"href":"https:\/\/primeprintingweb.com\/es\/wp-json\/wp\/v2\/product_brand?post=22572"},{"taxonomy":"product_cat","embeddable":true,"href":"https:\/\/primeprintingweb.com\/es\/wp-json\/wp\/v2\/product_cat?post=22572"},{"taxonomy":"product_tag","embeddable":true,"href":"https:\/\/primeprintingweb.com\/es\/wp-json\/wp\/v2\/product_tag?post=22572"}],"curies":[{"name":"wp","href":"https:\/\/api.w.org\/{rel}","templated":true}]}}