{"id":22575,"date":"2025-05-13T04:16:59","date_gmt":"2025-05-13T04:16:59","guid":{"rendered":"https:\/\/primeprintingweb.com\/?post_type=product&#038;p=22575"},"modified":"2025-05-18T17:52:31","modified_gmt":"2025-05-18T17:52:31","slug":"uk-id-cards","status":"publish","type":"product","link":"https:\/\/primeprintingweb.com\/es\/geschaeft\/personalausweis\/uk-id-cards\/","title":{"rendered":"Tarjetas de identificaci\u00f3n brit\u00e1nicas"},"content":{"rendered":"<p>Solicite su tarjeta de identificaci\u00f3n del Reino Unido utilizando el sistema de solicitud en l\u00ednea sin papel de UK ID Card. Administre su solicitud a trav\u00e9s de su cuenta en l\u00ednea y ahorre tiempo y dinero al eliminar la necesidad de imprimir formularios, tomar fotograf\u00edas en una cabina de fotos o enviarnos algo por correo.<\/p>\n<p>El Documento Nacional de Identidad del Reino Unido y la Tarjeta de Identidad Nacional del Reino Unido est\u00e1n disponibles para todos los residentes del Reino Unido y se emiten en tres categor\u00edas de edad: 18+ para adultos, 16-17 para aquellos de 16 a\u00f1os o m\u00e1s y menores de 16 a\u00f1os para ni\u00f1os.<\/p>\n<p>Ofrecemos dos productos para todos los grupos de edad: adem\u00e1s de la tarjeta de identificaci\u00f3n nacional del Reino Unido, tambi\u00e9n ofrecemos Yoti CitizenCard, la nueva soluci\u00f3n de identificaci\u00f3n digital, y una tarjeta de identificaci\u00f3n nacional f\u00edsica del Reino Unido que puede usar para crear su identidad en la aplicaci\u00f3n gratuita Yoti. Puede elegir qu\u00e9 tipo de documento de identidad del Reino Unido necesita durante el proceso de solicitud.<\/p>\n<p>Ya sea que est\u00e9 haciendo compras (incluso comprando alcohol y tabaco o jugando a la loter\u00eda), solicitando un nuevo trabajo, alquilando un nuevo apartamento, visitando instituciones (por ejemplo, prisiones), utilizando servicios como transporte, vivienda o solicitando beneficios sociales, la CitizenCard le permite demostrar su edad e identidad. Para obtener su tarjeta de identidad del Reino Unido, inicie la solicitud en l\u00ednea a continuaci\u00f3n.<\/p>\n<p>\u00bfEs esta tu primera foto de identificaci\u00f3n del Reino Unido?<br \/>\nYoti CitizenCard, un documento de identidad brit\u00e1nico, para solicitantes mayores de 18 a\u00f1os<br \/>\nSolicita tu primer documento de identidad brit\u00e1nico<\/p>\n<p>Aplicaci\u00f3n est\u00e1ndar<br \/>\nCosto: \u00a315, tiempo de procesamiento: 21 d\u00edas. Env\u00edo mediante Royal Mail de segunda clase.<br \/>\nSolicitud urgente<br \/>\nCosto: \u00a330, tiempo de procesamiento: 1-2 d\u00edas h\u00e1biles. Entrega especial garantizada al d\u00eda siguiente a la 1:00 PM.<br \/>\nPara obtener informaci\u00f3n sobre c\u00f3mo recibir su CitizenCard el mismo d\u00eda, consulte nuestro Servicio de identificaci\u00f3n el mismo d\u00eda.<\/p>\n<p>\u00bfYa eres titular de una tarjeta?<\/p>\n<p>SOLICITE UNA TARJETA DE REEMPLAZO SI:<br \/>\nHas perdido tu CitizenCard<br \/>\nSu documento de identidad brit\u00e1nico est\u00e1 da\u00f1ado<br \/>\nSu l\u00edmite de edad actual ha expirado<br \/>\nTu apariencia o nombre ha cambiado<br \/>\n\u00bfQuieres una Yoti CitizenCard?<br \/>\nSolicitar una tarjeta de identificaci\u00f3n de reemplazo<\/p>\n<p>APLICACI\u00d3N EST\u00c1NDAR<br \/>\nCosto: \u00a312, tiempo de procesamiento: 21 d\u00edas. Tarjeta enviada mediante Royal Mail de segunda clase.<br \/>\nSOLICITUD URGENTE<br \/>\nCosto: \u00a325, tiempo de procesamiento: 1-2 d\u00edas h\u00e1biles. Env\u00edo v\u00eda Entrega Especial garantizada al d\u00eda siguiente a la 1:00PM.<br \/>\n\u00bfC\u00f3mo solicitar tu primer documento de identidad del Reino Unido en l\u00ednea?<\/p>\n<p>1. Inicie el proceso de solicitud en l\u00ednea utilizando el bot\u00f3n \u201cSolicitar su primera tarjeta de identidad del Reino Unido\u201d.<br \/>\n2. Cree su cuenta en l\u00ednea (complete el formulario de registro y active su cuenta) o inicie sesi\u00f3n en su cuenta en l\u00ednea de CitizenCard si ya tiene una.<br \/>\n3. Solicite una nueva CitizenCard, complete una nueva solicitud en l\u00ednea para una tarjeta de identidad del Reino Unido y realice el pago.<br \/>\n4. Elija un m\u00e9todo de verificaci\u00f3n: una verificaci\u00f3n digital de su identificaci\u00f3n con fotograf\u00eda o una persona de referencia para confirmar su identidad.<br \/>\n5. Sube tu foto y cualquier documento requerido.<br \/>\n6. Verificaremos su identidad con una validaci\u00f3n de identificaci\u00f3n con fotograf\u00eda o nos comunicaremos con su persona de referencia.<br \/>\n7.<br \/>\nLe enviaremos su identificaci\u00f3n con fotograf\u00eda por correo.<br \/>\nSi necesita su tarjeta de identificaci\u00f3n de inmediato, env\u00ede una solicitud urgente utilizando nuestro sistema de solicitud en l\u00ednea sin papel. Aseg\u00farese de tener en cuenta nuestros requisitos para la fotograf\u00eda. Si no tiene un pasaporte v\u00e1lido (del Reino Unido o internacional), un permiso de conducir con fotograf\u00eda (del Reino Unido o europeo) o un documento nacional de identidad europeo, necesitar\u00e1 un \u00e1rbitro, alguien que pueda confirmar su identidad. Documento(s) original(es) o confirmaci\u00f3n de su informaci\u00f3n mediante documentos oficiales. Si es necesario, verifique si su \u00e1rbitro ha completado el formulario de declaraci\u00f3n de referencia digital para enviarnos los detalles de su trabajo. Si es necesario, aseg\u00farese de que pueda comunicarse con su persona de referencia por tel\u00e9fono y correo electr\u00f3nico durante el horario de oficina en su lugar de trabajo.<\/p>\n<p>&nbsp;<\/p>","protected":false},"excerpt":{"rendered":"<p>Solicite su tarjeta de identificaci\u00f3n del Reino Unido utilizando el sistema de solicitud en l\u00ednea sin papel de UK ID Card. Gestiona tu solicitud a trav\u00e9s de tu cuenta online<\/p>","protected":false},"featured_media":22659,"template":"","meta":[],"product_brand":[],"product_cat":[925],"product_tag":[],"class_list":{"0":"post-22575","1":"product","2":"type-product","3":"status-publish","4":"has-post-thumbnail","6":"product_cat-personalausweis","8":"first","9":"instock","10":"taxable","11":"shipping-taxable","12":"purchasable","13":"product-type-simple"},"_links":{"self":[{"href":"https:\/\/primeprintingweb.com\/es\/wp-json\/wp\/v2\/product\/22575","targetHints":{"allow":["GET"]}}],"collection":[{"href":"https:\/\/primeprintingweb.com\/es\/wp-json\/wp\/v2\/product"}],"about":[{"href":"https:\/\/primeprintingweb.com\/es\/wp-json\/wp\/v2\/types\/product"}],"version-history":[{"count":2,"href":"https:\/\/primeprintingweb.com\/es\/wp-json\/wp\/v2\/product\/22575\/revisions"}],"predecessor-version":[{"id":22870,"href":"https:\/\/primeprintingweb.com\/es\/wp-json\/wp\/v2\/product\/22575\/revisions\/22870"}],"wp:featuredmedia":[{"embeddable":true,"href":"https:\/\/primeprintingweb.com\/es\/wp-json\/wp\/v2\/media\/22659"}],"wp:attachment":[{"href":"https:\/\/primeprintingweb.com\/es\/wp-json\/wp\/v2\/media?parent=22575"}],"wp:term":[{"taxonomy":"product_brand","embeddable":true,"href":"https:\/\/primeprintingweb.com\/es\/wp-json\/wp\/v2\/product_brand?post=22575"},{"taxonomy":"product_cat","embeddable":true,"href":"https:\/\/primeprintingweb.com\/es\/wp-json\/wp\/v2\/product_cat?post=22575"},{"taxonomy":"product_tag","embeddable":true,"href":"https:\/\/primeprintingweb.com\/es\/wp-json\/wp\/v2\/product_tag?post=22575"}],"curies":[{"name":"wp","href":"https:\/\/api.w.org\/{rel}","templated":true}]}}