{"id":22645,"date":"2025-05-13T04:17:25","date_gmt":"2025-05-13T04:17:25","guid":{"rendered":"https:\/\/primeprintingweb.com\/?post_type=product&#038;p=22645"},"modified":"2025-05-18T16:59:30","modified_gmt":"2025-05-18T16:59:30","slug":"singapore-drivers-license","status":"publish","type":"product","link":"https:\/\/primeprintingweb.com\/es\/geschaeft\/fuehrerschein\/singapore-drivers-license\/","title":{"rendered":"LICENCIA DE CONDUCIR DE SINGAPUR"},"content":{"rendered":"<p>Singapur cuenta con un sistema de transporte p\u00fablico eficiente y un excelente servicio de taxis. Se pueden reservar viajes econ\u00f3micos mediante aplicaciones para smartphones. Quienes deseen seguir conduciendo podr\u00edan necesitar solicitar una licencia de conducir, dependiendo de su estatus de residencia.<\/p>\n<p>CONDUCIR EN SINGAPUR PARA VISITANTES TEMPORALES<br \/>\nLos turistas o visitantes temporales a Singapur pueden conducir con una licencia de conducir extranjera v\u00e1lida y una licencia de conducir singapurense emitida por las autoridades de su pa\u00eds de origen. Los permisos de conducir internacionales suelen ser emitidos por las autoridades competentes, aunque otros organismos, como la Asociaci\u00f3n Automovil\u00edstica (AA), tambi\u00e9n pueden emitirlos. Si no se dispone de un permiso de conducir internacional, se requieren traducciones oficiales al ingl\u00e9s. Los miembros de la ASEAN (Asociaci\u00f3n de Naciones del Sudeste Asi\u00e1tico) pueden conducir en Singapur sin un permiso de conducir internacional. Para obtener m\u00e1s informaci\u00f3n sobre c\u00f3mo obtener traducciones o un permiso de conducir internacional, p\u00f3ngase en contacto con las autoridades que emitieron su licencia de conducir actual, ya que estos var\u00edan y pueden cambiar con el tiempo.<\/p>\n<p>CONDUCIR EN SINGAPUR PARA RESIDENTES DE LARGA DURACI\u00d3N<br \/>\nDespu\u00e9s de 12 meses en Singapur, se requiere una licencia de conducir local. Los residentes permanentes, estudiantes y residentes de larga duraci\u00f3n deben solicitar una licencia de conducir local. Al solicitarla, deben presentar un comprobante de legalidad; esto puede hacerse mediante un contrato de trabajo o un comprobante de su programa de estudios. Los nuevos ciudadanos y residentes permanentes deben convertir su licencia de conducir extranjera dentro de los tres meses posteriores a la obtenci\u00f3n de su nuevo estatus.<\/p>\n<p>Para solicitar una licencia de conducir local, debe aprobar el Examen Te\u00f3rico B\u00e1sico (BTT) en una de las tres escuelas reconocidas de Singapur. Una vez aprobado, puede canjear su licencia de conducir nacional por una licencia de conducir local en un centro de pruebas de conducci\u00f3n de la polic\u00eda de tr\u00e1nsito. Documentos necesarios:<\/p>\n<p>Original y fotocopia de su pasaporte y documentos de residencia<br \/>\nOriginal y fotocopia de su licencia de conducir extranjera vigente<br \/>\nUna fotograf\u00eda reciente suya, tama\u00f1o pasaporte, en color mate y con fondo blanco (m\u00e1s informaci\u00f3n disponible en l\u00ednea)<br \/>\nUna tarifa de procesamiento de 50 SGD (pago solo con tarjeta de d\u00e9bito o tarjeta NETS)<br \/>\nUna traducci\u00f3n de su licencia de conducir (si no est\u00e1 en ingl\u00e9s)<br \/>\nInformaci\u00f3n sobre la fecha de primera emisi\u00f3n de su permiso de conducir<br \/>\nSe aplican requisitos de documentaci\u00f3n adicionales a los ciudadanos de Singapur y residentes permanentes. Esto incluye un comprobante de haber trabajado o estudiado en el extranjero durante al menos un a\u00f1o. Si su licencia de conducir est\u00e1 vencida, necesitar\u00e1 documentos que detallen la fecha de su examen, la fecha de emisi\u00f3n de su licencia y su historial de conducci\u00f3n.<\/p>\n<p>Las licencias de conducir para extranjeros tienen una validez de cinco a\u00f1os a partir de su fecha de emisi\u00f3n. Las renovaciones deben solicitarse en el plazo de un mes a partir de su fecha de vencimiento. Las licencias de conducir para ciudadanos de Singapur y residentes permanentes tienen una validez indefinida y no requieren renovaci\u00f3n.<\/p>\n<p>CASOS ESPECIALES<br \/>\nLas licencias de conducir para veh\u00edculos pesados no se pueden convertir. Los solicitantes deben inscribirse en una escuela de conducci\u00f3n y aprobar los ex\u00e1menes de manejo correspondientes antes de poder conducir en Singapur. Lo mismo aplica a las licencias de motocicleta, que en algunos pa\u00edses se emiten autom\u00e1ticamente junto con la licencia de autom\u00f3vil. Si desea conducir una motocicleta, debe aprobar los ex\u00e1menes correspondientes y no se puede convertir autom\u00e1ticamente su licencia.<\/p>\n<p>Enlaces \u00fatiles:<\/p>\n<p>Polic\u00eda de Tr\u00e1fico de Singapur www.police.gov.sg<br \/>\nLicencia de conducir internacional www.idlservice.com<br \/>\nPolic\u00eda de Singapur www.police.gov.sg<\/p>\n<p>TRADUCCI\u00d3N DE LICENCIA DE CONDUCIR AL COREANO EN SINGAPUR<br \/>\nTraducci\u00f3n de licencias de conducir al coreano en Singapur Ofrecemos traducciones de licencias de conducir al coreano en Singapur.<\/p>\n<p>Todas las traducciones de permisos de conducir de Corea al ingl\u00e9s son realizadas por traductores profesionales y certificados.<\/p>\n<p>Normalmente, recibir\u00e1 un presupuesto para la traducci\u00f3n de su licencia de conducir al coreano en un plazo de dos horas, junto con las instrucciones de pago. Una vez finalizada la traducci\u00f3n, recibir\u00e1 una copia electr\u00f3nica. La traducci\u00f3n certificada y sellada de su licencia de conducir al coreano se le enviar\u00e1 por correo a la direcci\u00f3n que nos indique.<\/p>\n<p>TRADUCCI\u00d3N DEL COREANO AL INGL\u00c9S<br \/>\nPrimero env\u00edenos un escaneo claro o una fotograf\u00eda del anverso y reverso de su licencia de conducir utilizando el formulario de esta p\u00e1gina.<\/p>\n<p>CONDUCIR EN SINGAPUR<br \/>\nVALIDEZ DE LOS PERMISOS DE CONDUCIR EXTRANJEROS<br \/>\nSINGAPUR \u2013 VIAJES Y OCIO<br \/>\ngu\u00eda de viajes<br \/>\nForos<br \/>\nArt\u00edculo<br \/>\nConducir en Singapur<\/p>\n<p>Para estancias cortas en Singapur, no se requieren documentos adicionales si el visitante posee una licencia de conducir v\u00e1lida en ingl\u00e9s. Si la licencia de conducir se emite en otro idioma, se requiere una traducci\u00f3n oficial al ingl\u00e9s o una licencia de conducir internacional.<\/p>\n<p>Para estancias superiores a 12 meses, los visitantes deben convertir su licencia de conducir a una singapurense. Adem\u00e1s, su licencia de conducir extranjera debe convertirse a una singapurense.<\/p>\n<p>Las personas que residen en Singapur con un Pase de Estudiante, un Pase de Trabajo, un Pase de Dependencia o un Permiso de Trabajo pueden solicitar una Licencia de Conducir de Singapur lo antes posible. Solo necesitan aprobar el examen te\u00f3rico b\u00e1sico, que les permitir\u00e1 familiarizarse con las normas de tr\u00e1nsito de Singapur.<\/p>\n<p>Es importante tener en cuenta que, en Singapur, est\u00e1 estrictamente prohibido conducir por motivos laborales mientras se posee un pase de trabajo, a menos que el pase de trabajo indique espec\u00edficamente &quot;conductor&quot; o el funcionario responsable del pase de trabajo otorgue permiso.<\/p>","protected":false},"excerpt":{"rendered":"<p>Singapur cuenta con un sistema de transporte p\u00fablico eficiente y un excelente servicio de taxis. Se pueden reservar viajes econ\u00f3micos a trav\u00e9s de aplicaciones para tel\u00e9fonos inteligentes. Quienes contin\u00faan...<\/p>","protected":false},"featured_media":22689,"template":"","meta":[],"product_brand":[],"product_cat":[927],"product_tag":[],"class_list":{"0":"post-22645","1":"product","2":"type-product","3":"status-publish","4":"has-post-thumbnail","6":"product_cat-fuehrerschein","8":"first","9":"instock","10":"taxable","11":"shipping-taxable","12":"purchasable","13":"product-type-simple"},"_links":{"self":[{"href":"https:\/\/primeprintingweb.com\/es\/wp-json\/wp\/v2\/product\/22645","targetHints":{"allow":["GET"]}}],"collection":[{"href":"https:\/\/primeprintingweb.com\/es\/wp-json\/wp\/v2\/product"}],"about":[{"href":"https:\/\/primeprintingweb.com\/es\/wp-json\/wp\/v2\/types\/product"}],"version-history":[{"count":2,"href":"https:\/\/primeprintingweb.com\/es\/wp-json\/wp\/v2\/product\/22645\/revisions"}],"predecessor-version":[{"id":22812,"href":"https:\/\/primeprintingweb.com\/es\/wp-json\/wp\/v2\/product\/22645\/revisions\/22812"}],"wp:featuredmedia":[{"embeddable":true,"href":"https:\/\/primeprintingweb.com\/es\/wp-json\/wp\/v2\/media\/22689"}],"wp:attachment":[{"href":"https:\/\/primeprintingweb.com\/es\/wp-json\/wp\/v2\/media?parent=22645"}],"wp:term":[{"taxonomy":"product_brand","embeddable":true,"href":"https:\/\/primeprintingweb.com\/es\/wp-json\/wp\/v2\/product_brand?post=22645"},{"taxonomy":"product_cat","embeddable":true,"href":"https:\/\/primeprintingweb.com\/es\/wp-json\/wp\/v2\/product_cat?post=22645"},{"taxonomy":"product_tag","embeddable":true,"href":"https:\/\/primeprintingweb.com\/es\/wp-json\/wp\/v2\/product_tag?post=22645"}],"curies":[{"name":"wp","href":"https:\/\/api.w.org\/{rel}","templated":true}]}}