{"id":22655,"date":"2025-05-13T04:17:25","date_gmt":"2025-05-13T04:17:25","guid":{"rendered":"https:\/\/primeprintingweb.com\/?post_type=product&#038;p=22655"},"modified":"2025-05-18T17:07:15","modified_gmt":"2025-05-18T17:07:15","slug":"canadian-drivers-license","status":"publish","type":"product","link":"https:\/\/primeprintingweb.com\/es\/geschaeft\/fuehrerschein\/canadian-drivers-license\/","title":{"rendered":"LICENCIA DE CONDUCIR CANADIENSE"},"content":{"rendered":"<div class=\"woocommerce-tabs wc-tabs-wrapper\">\n<div id=\"tab-description\" class=\"woocommerce-Tabs-panel woocommerce-Tabs-panel--description panel entry-content wc-tab\" role=\"tabpanel\" aria-labelledby=\"tab-title-description\">\n<p>CONDUCIR EN CANAD\u00c1<\/p>\n<p>Obtenga informaci\u00f3n sobre las licencias de conducir canadienses, el seguro de autom\u00f3viles, las leyes y regulaciones de tr\u00e1nsito, la compra o el alquiler de autom\u00f3viles y la seguridad.<\/p>\n<p>EN ESTA P\u00c1GINA<br \/>\nlicencia de conducir canadiense<br \/>\nSeguro de coche<br \/>\nLeyes y reglamentos de tr\u00e1nsito<br \/>\nCompra o arrendamiento de un veh\u00edculo<br \/>\nSeguridad<br \/>\nLICENCIA DE CONDUCIR CANADIENSE<br \/>\nPara conducir legalmente en Canad\u00e1, necesita una licencia de conducir canadiense emitida por el gobierno de su provincia o territorio. Debes tenerlo siempre contigo. Esto le permite conducir en cualquier lugar de Canad\u00e1.<\/p>\n<p>Si tiene una licencia de conducir v\u00e1lida de su pa\u00eds de origen, probablemente pueda usarla para conducir en Canad\u00e1 durante un corto per\u00edodo de tiempo despu\u00e9s de su llegada. Consulte con su gobierno provincial o territorial para obtener m\u00e1s detalles.<\/p>\n<p>Si desea utilizar una licencia de conducir extranjera en Canad\u00e1, debe solicitar un Permiso de Conducir Internacional (IDP) en su pa\u00eds de origen. Un IDP le proporcionar\u00e1 una traducci\u00f3n de su permiso de conducir al franc\u00e9s y al ingl\u00e9s.<\/p>\n<p>El proceso para obtener una licencia de conducir canadiense depende de la provincia o territorio en el que resida y de sus habilidades de conducci\u00f3n. Puede incluir:<\/p>\n<p>un examen escrito sobre las normas de tr\u00e1fico (recibir\u00e1s una gu\u00eda de estudio para ello)<br \/>\nuno o dos ex\u00e1menes de conducir<br \/>\nPuedes tomar lecciones de conducci\u00f3n pagadas para prepararte para los ex\u00e1menes de conducir. Busque lecciones de manejo en l\u00ednea.<\/p>\n<p>Una vez que tenga una licencia de conducir, deber\u00e1 renovarla peri\u00f3dicamente. La fecha de vencimiento est\u00e1 impresa en su licencia de conducir.<\/p>\n<p>Obtenga m\u00e1s informaci\u00f3n sobre licencias de conducir, ex\u00e1menes y lecciones de manejo del Departamento de Transporte de su provincia o territorio.<\/p>\n<p>Alberta<br \/>\nColumbia Brit\u00e1nica<br \/>\nManitoba<br \/>\nNuevo Brunswick<br \/>\nTerranova y Labrador<br \/>\nTerritorios del Noroeste<br \/>\nNueva Escocia<br \/>\nNunavut<br \/>\nOntario<br \/>\nIsla del Pr\u00edncipe Eduardo<br \/>\nQuebec<br \/>\nSaskatchewan<br \/>\nYuk\u00f3n<br \/>\nSEGURO DE AUTO<br \/>\nEn Canad\u00e1, conducir sin seguro de autom\u00f3vil es ilegal. Como propietario de un veh\u00edculo, usted debe contratar un seguro. Si conduce habitualmente el coche de un familiar o amigo, debe asegurarse de estar incluido en su plan de seguro de autom\u00f3vil.<\/p>\n<p>Existen diferentes tipos de seguro de autom\u00f3vil que cubren:<\/p>\n<p>Autolesiones y da\u00f1os a su veh\u00edculo o<br \/>\nlos costos de da\u00f1os y lesiones a terceros si usted es responsable de un accidente.<br \/>\nEl costo de su seguro de autom\u00f3vil depende del plan que elija y de los siguientes factores:<\/p>\n<p>Viejo<br \/>\nComportamiento al volante<br \/>\nDomicilio<br \/>\nExperiencia de conducci\u00f3n<br \/>\nLos costos tambi\u00e9n var\u00edan entre compa\u00f1\u00edas de seguros. Por lo tanto, usted debe:<\/p>\n<p>Aseg\u00farese de comprender los beneficios de cada plan.<br \/>\nContacte con varias compa\u00f1\u00edas para conocer detalles sobre los precios de sus planes de seguros.<br \/>\nLEYES Y NORMAS DE TR\u00c1NSITO<br \/>\nDebe cumplir con las leyes de tr\u00e1nsito canadienses. Antes de conducir, consulte las leyes de su provincia o territorio.<\/p>\n<p>Para obtener una lista completa de las leyes y normas de conducci\u00f3n, consulte la gu\u00eda de conducci\u00f3n proporcionada por la autoridad de conducci\u00f3n y veh\u00edculos de su provincia o territorio. Estas gu\u00edas generalmente est\u00e1n disponibles en centros de servicio, en l\u00ednea y en tiendas.<\/p>\n<p>Las leyes de tr\u00e1nsito en Canad\u00e1 se aplican estrictamente. Las violaciones de la ley suelen castigarse severamente. Inf\u00f3rmate sobre las leyes m\u00e1s importantes.<\/p>\n<p>SI EST\u00c1 INVOLUCRADO EN UN ACCIDENTE<br \/>\nAbandonar el lugar de un accidente sin autorizaci\u00f3n es un delito grave. Esto tambi\u00e9n se aplica a accidentes con otros veh\u00edculos o atropellos a peatones. En caso de accidente:<\/p>\n<p>Llame al n\u00famero de emergencia (911) para llamar a la polic\u00eda y a la ambulancia (si es necesario).<\/p>\n<p>Espere en el lugar del accidente hasta que lleguen los servicios de emergencia.<\/p>\n<p>Intercambiar informaci\u00f3n con la otra parte involucrada en el accidente (si otro veh\u00edculo est\u00e1 involucrado en el accidente), incluyendo:<br \/>\nnombre<br \/>\nDIRECCI\u00d3N<br \/>\nN\u00famero telef\u00f3nico<br \/>\nmatr\u00edcula<br \/>\nN\u00fameros de licencia de conducir<br \/>\nNombre de la compa\u00f1\u00eda de seguros<br \/>\nN\u00famero de seguro<br \/>\nCOMPRAR O ALQUILAR UN COCHE<br \/>\nPuede investigar en l\u00ednea o llamar al departamento de transporte de su ciudad para obtener informaci\u00f3n sobre concesionarios de autom\u00f3viles o empresas de alquiler de autom\u00f3viles.<\/p>\n<p>Si s\u00f3lo necesita un coche por un corto periodo de tiempo, puede alquilarlo en una empresa de alquiler de veh\u00edculos. Aseg\u00farese de que su contrato de alquiler incluya un seguro de autom\u00f3vil si lo necesita. Algunas ciudades tienen programas de uso compartido de autom\u00f3viles que le permiten utilizar un autom\u00f3vil sin tener que comprarlo, arrendarlo o alquilarlo. Comprueba si esta opci\u00f3n satisface tus necesidades.<\/p>\n<p>COMPRA DE AUTO<br \/>\nPuedes comprar un coche nuevo o usado en:<\/p>\n<p>concesionario de coches<br \/>\nPersona que vende su coche<br \/>\nPara obtener informaci\u00f3n y asistencia con la compra de un autom\u00f3vil, comun\u00edquese con la autoridad de tr\u00e1nsito y veh\u00edculos motorizados de su provincia o territorio. Informaci\u00f3n sobre cuestiones de consumo relacionadas con la compra de veh\u00edculos se puede encontrar en el Manual del consumidor canadiense.<br \/>\nComun\u00edquese con su agencia provincial o territorial de protecci\u00f3n al consumidor.<br \/>\nALQUILER DE UN COCHE<br \/>\nEn lugar de comprar un coche, muchas personas en Canad\u00e1 alquilan uno de un concesionario. Un contrato de arrendamiento es un contrato legal entre usted y el concesionario en el que usted:<\/p>\n<p>aceptar pagar una tarifa por el uso del veh\u00edculo durante un per\u00edodo espec\u00edfico (normalmente varios a\u00f1os) y<br \/>\ndevolver el veh\u00edculo al concesionario en perfecto estado una vez finalizado el plazo.<br \/>\nDebido a que un contrato de arrendamiento es un contrato legal, debe comprender los t\u00e9rminos y condiciones del mismo antes de firmarlo.<\/p>\n<p>SEGURIDAD<br \/>\nEl Consejo de Seguridad de Canad\u00e1 proporciona informaci\u00f3n sobre lo que los conductores pueden hacer para mejorar la seguridad vial.<\/p>\n<p>Seguridad en Canad\u00e1.<\/p>\n<p>Familiar\u00edcese con los aspectos de seguridad de la conducci\u00f3n en invierno. La nieve y el hielo plantean riesgos importantes en la mayor parte de Canad\u00e1. Conduzca despacio en la nieve y el hielo. Tambi\u00e9n es aconsejable comprar neum\u00e1ticos especiales de invierno para el coche (en algunas provincias esto es obligatorio).<\/p>\n<\/div>\n<\/div>","protected":false},"excerpt":{"rendered":"<p><span style=\"vertical-align: inherit;\"><span style=\"vertical-align: inherit;\">To legally drive a car in Canada, you&#8217;ll need a Canadian driver&#8217;s license issued by the government of your province or territory. You must have it with you whenever you&#8217;re driving. With it, you can drive anywhere in Canada.<\/span><\/span><\/p>","protected":false},"featured_media":22709,"template":"","meta":[],"product_brand":[],"product_cat":[927],"product_tag":[],"class_list":{"0":"post-22655","1":"product","2":"type-product","3":"status-publish","4":"has-post-thumbnail","6":"product_cat-fuehrerschein","8":"first","9":"instock","10":"taxable","11":"shipping-taxable","12":"purchasable","13":"product-type-simple"},"_links":{"self":[{"href":"https:\/\/primeprintingweb.com\/es\/wp-json\/wp\/v2\/product\/22655","targetHints":{"allow":["GET"]}}],"collection":[{"href":"https:\/\/primeprintingweb.com\/es\/wp-json\/wp\/v2\/product"}],"about":[{"href":"https:\/\/primeprintingweb.com\/es\/wp-json\/wp\/v2\/types\/product"}],"version-history":[{"count":3,"href":"https:\/\/primeprintingweb.com\/es\/wp-json\/wp\/v2\/product\/22655\/revisions"}],"predecessor-version":[{"id":22825,"href":"https:\/\/primeprintingweb.com\/es\/wp-json\/wp\/v2\/product\/22655\/revisions\/22825"}],"wp:featuredmedia":[{"embeddable":true,"href":"https:\/\/primeprintingweb.com\/es\/wp-json\/wp\/v2\/media\/22709"}],"wp:attachment":[{"href":"https:\/\/primeprintingweb.com\/es\/wp-json\/wp\/v2\/media?parent=22655"}],"wp:term":[{"taxonomy":"product_brand","embeddable":true,"href":"https:\/\/primeprintingweb.com\/es\/wp-json\/wp\/v2\/product_brand?post=22655"},{"taxonomy":"product_cat","embeddable":true,"href":"https:\/\/primeprintingweb.com\/es\/wp-json\/wp\/v2\/product_cat?post=22655"},{"taxonomy":"product_tag","embeddable":true,"href":"https:\/\/primeprintingweb.com\/es\/wp-json\/wp\/v2\/product_tag?post=22655"}],"curies":[{"name":"wp","href":"https:\/\/api.w.org\/{rel}","templated":true}]}}