{"id":22656,"date":"2025-05-13T04:17:25","date_gmt":"2025-05-13T04:17:25","guid":{"rendered":"https:\/\/primeprintingweb.com\/?post_type=product&#038;p=22656"},"modified":"2025-05-18T17:05:27","modified_gmt":"2025-05-18T17:05:27","slug":"belgian-drivers-license","status":"publish","type":"product","link":"https:\/\/primeprintingweb.com\/es\/geschaeft\/fuehrerschein\/belgian-drivers-license\/","title":{"rendered":"PERMISO DE CONDUCIR BELGA"},"content":{"rendered":"<div class=\"woocommerce-tabs wc-tabs-wrapper\">\n<div id=\"tab-description\" class=\"woocommerce-Tabs-panel woocommerce-Tabs-panel--description panel entry-content wc-tab\" role=\"tabpanel\" aria-labelledby=\"tab-title-description\">\n<p>C\u00d3MO OBTENER UN PERMISO DE CONDUCIR BELGA<\/p>\n<p>Si est\u00e1 estudiando o trabajando en B\u00e9lgica, es posible que desee obtener una licencia de conducir belga durante su estad\u00eda. Si tienes un permiso de conducir extranjero, es posible que puedas cambiarlo por uno belga o que tengas que aprobar un examen te\u00f3rico y un examen de conducir. Estar bien informado sobre sus opciones es la clave para ahorrar tiempo y dinero al obtener su licencia de conducir en B\u00e9lgica.<\/p>\n<p>Si viene de un pa\u00eds de la UE que tiene un acuerdo con B\u00e9lgica sobre el reconocimiento de permisos de conducir extranjeros de la UE, puede obtener un permiso de conducir en B\u00e9lgica. Tambi\u00e9n es posible que se le solicite llevar una licencia de conducir internacional (con una traducci\u00f3n si es necesario). Para obtener m\u00e1s informaci\u00f3n sobre el intercambio de un permiso de conducir, el registro de un permiso de conducir internacional y la solicitud de un permiso de conducir belga, comun\u00edquese con su ayuntamiento local (Maison Communale\/Stadhuis) o con su oficina municipal.<\/p>\n<p>\u00bfQU\u00c9 PASA CON LOS CIUDADANOS DEL EEE QUE CONDUCEN EN B\u00c9LGICA?<br \/>\nNo es necesario que cambie su permiso de conducir si es extranjero y se muda a B\u00e9lgica desde un pa\u00eds del Espacio Econ\u00f3mico Europeo (UE m\u00e1s Islandia, Liechtenstein y Noruega).<\/p>\n<p>Bueno saber:<\/p>\n<p>Registre su licencia de conducir ante la autoridad local. En caso de robo o p\u00e9rdida, recibir\u00e1 un permiso de conducir belga como reemplazo.<br \/>\nPuede cambiar su permiso de conducir del EEE por un permiso de conducir belga como documento de identidad local.<br \/>\nLa mayor\u00eda de los permisos de conducir de la UE son v\u00e1lidos durante diez a\u00f1os. Los permisos de conducir con validez ilimitada pueden tener que renovarse dos a\u00f1os despu\u00e9s de registrarse oficialmente como residente de B\u00e9lgica.<\/p>\n<p>\u00bfQU\u00c9 PASA SI USTED ES UN CIUDADANO NO PERTENECIENTE AL EEE?<br \/>\nSi no es ciudadano del EEE, debe saber lo siguiente:<\/p>\n<p>Puedes utilizar tu permiso de conducir extranjero durante un m\u00e1ximo de seis meses. Si va a permanecer m\u00e1s de seis meses o se registra como residente en B\u00e9lgica, necesitar\u00e1 un permiso de conducir belga.<br \/>\nConsulte con su pa\u00eds de origen o municipio local para ver si puede necesitar un Permiso de Conducir Internacional (IDP) y una traducci\u00f3n de su licencia de conducir.<br \/>\nMuchos pa\u00edses no pertenecientes al EEE han firmado acuerdos con B\u00e9lgica que permiten intercambiar f\u00e1cilmente su permiso de conducir por un permiso de conducir belga. Sin embargo, es necesario estar registrado en un municipio y tener un permiso de residencia belga. Si usted es ciudadano de un pa\u00eds no perteneciente al EEE, puede consultar el sitio web del gobierno belga para ver si existe un acuerdo correspondiente para su pa\u00eds.<\/p>\n<p>Si su pa\u00eds no tiene un acuerdo de este tipo con B\u00e9lgica, deber\u00e1 aprobar el examen de conducir te\u00f3rico y pr\u00e1ctico belga. Visita los centros examinadores (GOCA o SBAT). All\u00ed podr\u00e1s realizar el examen te\u00f3rico en ingl\u00e9s si reservas con tiempo.<br \/>\nSi ya ha canjeado un permiso de conducir extranjero por un permiso de conducir de otro pa\u00eds de la UE, tambi\u00e9n ser\u00e1 reconocido en B\u00e9lgica.<br \/>\nFINALIZACI\u00d3N DEL EXAMEN TE\u00d3RICO Y DE CONDUCCI\u00d3N BELGA<br \/>\nSi tienes que realizar el examen te\u00f3rico y de conducci\u00f3n para obtener un permiso de conducir belga, debes saber lo siguiente:<\/p>\n<p>El examen de conducir se realiza en un centro de pruebas oficial. El texto se puede almacenar en franc\u00e9s o en holand\u00e9s.<br \/>\nSi reserva una cita en el centro de ex\u00e1menes de Schaerbeek, Bruselas, podr\u00e1 realizar el examen te\u00f3rico con un traductor. New Traffic Books ofrece un libro de teor\u00eda de ingl\u00e9s con ejercicios para prepararlo. Haga clic aqu\u00ed para obtener m\u00e1s informaci\u00f3n (s\u00f3lo en franc\u00e9s y holand\u00e9s).<br \/>\nAseg\u00farese de traer su identificaci\u00f3n y la tarifa (15 EUR para el examen b\u00e1sico o 50 EUR incluyendo traductor) al examen. Necesitas hacerte un examen de la vista.<br \/>\nEl coste del examen de conducir oscila entre 30 y 50 EUR, dependiendo de los requisitos. Puede encontrar la lista de precios aqu\u00ed en franc\u00e9s o holand\u00e9s.<br \/>\nSu licencia de conducir es v\u00e1lida por hasta tres a\u00f1os. Su autoridad local le expedir\u00e1 una licencia de conducir provisional v\u00e1lida por 18 o 36 meses. Con este permiso de conducir podr\u00e1s realizar el examen pr\u00e1ctico si eres mayor de 18 a\u00f1os.<br \/>\n\u00bfQU\u00c9 DOCUMENTOS NECESITAS PARA OBTENER EL PERMISO DE CONDUCIR EN B\u00c9LGICA?<br \/>\nTraiga los siguientes documentos originales al examen de conducir:<\/p>\n<p>Documentos de identidad<br \/>\nPermiso de conducir provisional<br \/>\nComprobante de pago de la tasa<br \/>\nComprobante de seguro<br \/>\nMatriculaci\u00f3n del veh\u00edculo<br \/>\n\u00bfC\u00d3MO OBTENGO MI LICENCIA DE CONDUCIR EN B\u00c9LGICA?<br \/>\nDespu\u00e9s de aprobar el examen pr\u00e1ctico, lleve su certificado junto con dos fotograf\u00edas de pasaporte y su documento de identidad al ayuntamiento (Maison Communale\/Stadhuis) de su zona. All\u00ed se le expedir\u00e1 un permiso de conducir provisional hasta que le env\u00eden su permiso de conducir completo.<\/p>\n<p>\u00a1AHORA EST\u00c1S LISTO PARA CONDUCIR EN B\u00c9LGICA! \u00a1VIVA!<\/p>\n<\/div>\n<\/div>","protected":false},"excerpt":{"rendered":"<p>Si va a estudiar o trabajar en B\u00e9lgica, es posible que le convenga obtener una licencia de conducir belga mientras est\u00e9 all\u00ed. Si tienes una licencia extranjera, es posible que puedas cambiarla por una belga, o puede que tengas que aprobar un examen te\u00f3rico y de manejo. Estar bien informado sobre sus opciones es la clave para ahorrar tiempo y dinero a la hora de obtener su licencia de conducir en B\u00e9lgica.<\/p>","protected":false},"featured_media":22711,"template":"","meta":[],"product_brand":[],"product_cat":[927],"product_tag":[],"class_list":{"0":"post-22656","1":"product","2":"type-product","3":"status-publish","4":"has-post-thumbnail","6":"product_cat-fuehrerschein","8":"first","9":"instock","10":"taxable","11":"shipping-taxable","12":"purchasable","13":"product-type-simple"},"_links":{"self":[{"href":"https:\/\/primeprintingweb.com\/es\/wp-json\/wp\/v2\/product\/22656","targetHints":{"allow":["GET"]}}],"collection":[{"href":"https:\/\/primeprintingweb.com\/es\/wp-json\/wp\/v2\/product"}],"about":[{"href":"https:\/\/primeprintingweb.com\/es\/wp-json\/wp\/v2\/types\/product"}],"version-history":[{"count":3,"href":"https:\/\/primeprintingweb.com\/es\/wp-json\/wp\/v2\/product\/22656\/revisions"}],"predecessor-version":[{"id":22822,"href":"https:\/\/primeprintingweb.com\/es\/wp-json\/wp\/v2\/product\/22656\/revisions\/22822"}],"wp:featuredmedia":[{"embeddable":true,"href":"https:\/\/primeprintingweb.com\/es\/wp-json\/wp\/v2\/media\/22711"}],"wp:attachment":[{"href":"https:\/\/primeprintingweb.com\/es\/wp-json\/wp\/v2\/media?parent=22656"}],"wp:term":[{"taxonomy":"product_brand","embeddable":true,"href":"https:\/\/primeprintingweb.com\/es\/wp-json\/wp\/v2\/product_brand?post=22656"},{"taxonomy":"product_cat","embeddable":true,"href":"https:\/\/primeprintingweb.com\/es\/wp-json\/wp\/v2\/product_cat?post=22656"},{"taxonomy":"product_tag","embeddable":true,"href":"https:\/\/primeprintingweb.com\/es\/wp-json\/wp\/v2\/product_tag?post=22656"}],"curies":[{"name":"wp","href":"https:\/\/api.w.org\/{rel}","templated":true}]}}