{"id":22657,"date":"2025-05-13T04:17:25","date_gmt":"2025-05-13T04:17:25","guid":{"rendered":"https:\/\/primeprintingweb.com\/?post_type=product&#038;p=22657"},"modified":"2025-05-18T17:03:57","modified_gmt":"2025-05-18T17:03:57","slug":"austrian-drivers-license","status":"publish","type":"product","link":"https:\/\/primeprintingweb.com\/es\/geschaeft\/fuehrerschein\/austrian-drivers-license\/","title":{"rendered":"PERMISO DE CONDUCIR AUSTRIACO"},"content":{"rendered":"<div class=\"woocommerce-tabs wc-tabs-wrapper\">\n<div id=\"tab-description\" class=\"woocommerce-Tabs-panel woocommerce-Tabs-panel--description panel entry-content wc-tab\" role=\"tabpanel\" aria-labelledby=\"tab-title-description\">\n<p>C\u00d3MO OBTENER UN PERMISO DE CONDUCIR AUSTRIACO<\/p>\n<p>Si ya tienes un permiso de conducir pero no lo obtuviste en un pa\u00eds de la UE, podr\u00e1s utilizarlo en las carreteras austriacas. Sin embargo, s\u00f3lo dentro de seis meses.<\/p>\n<p>ALGORITMO PARA LA OBTENCI\u00d3N DEL PERMISO DE CONDUCIR AUSTRIACO<br \/>\nPara obtener un permiso de conducir austriaco, se deben cumplir ciertos requisitos:<\/p>\n<p>Primero, elige una escuela de conducci\u00f3n. En Austria existen numerosas escuelas de conducci\u00f3n; No es obligatorio asistir a la escuela de conducci\u00f3n del lugar de matriculaci\u00f3n. Despu\u00e9s de elegir una escuela de conducci\u00f3n, el solicitante presenta una solicitud. Los datos que all\u00ed se contienen se introducen en el registro especial del permiso de conducir. Esto significa que todos los tr\u00e1mites los gestiona la propia escuela de conducci\u00f3n.<\/p>\n<p>No es posible iniciar el curso de conducci\u00f3n en una autoescuela si no se ha alcanzado la edad m\u00ednima requerida durante al menos seis meses. Para la licencia de conducir de clase B, la m\u00e1s com\u00fan, esta edad es de 18 a\u00f1os. Por tanto, el acceso a la formaci\u00f3n s\u00f3lo se podr\u00e1 conceder, como muy pronto, a partir de los 17,5 a\u00f1os.<\/p>\n<p>Una excepci\u00f3n es el programa de formaci\u00f3n especial L17, que ofrecen casi todas las escuelas de conducci\u00f3n austriacas. Permite obtener el permiso de conducir en Austria a partir de los 17 a\u00f1os.<\/p>\n<p>Para las clases A y F la edad m\u00ednima es de 24 a\u00f1os.<\/p>\n<p>Sin embargo, no es posible obtener un permiso de conducir austriaco sin una formaci\u00f3n te\u00f3rica. Esto se puede combinar con lecciones pr\u00e1cticas de conducci\u00f3n.<\/p>\n<p>Desde hace 15 a\u00f1os existe un sistema de formaci\u00f3n en varias etapas para todos aquellos que desean obtener el permiso de conducir austriaco. Esto significa que incluso los titulares de un permiso de conducir austriaco deben completar cursos especiales para mejorar sus habilidades al volante.<\/p>\n<p>FUNDAMENTOS TE\u00d3RICOS DE LA FORMACI\u00d3N DE CONDUCTORES<br \/>\nLa parte te\u00f3rica de la formaci\u00f3n para conducir en Austria consta de 32 horas. El participante puede decidir por s\u00ed mismo con qu\u00e9 intensidad quiere aprender la teor\u00eda: dos horas dos veces por semana durante ocho semanas (curso est\u00e1ndar), cuatro horas cuatro veces por semana durante dos semanas (curso intensivo) o cuatro horas diarias durante ocho d\u00edas (curso expr\u00e9s).<\/p>\n<p>En cada una de las tres opciones de formaci\u00f3n completar\u00e1s las 32 horas requeridas. Adem\u00e1s, es posible adquirir material impreso (libros) y un CD con todas las preguntas, situaciones y ejercicios del examen te\u00f3rico en la autoescuela por 40 euros.<\/p>\n<p>Se requiere un curso de primeros auxilios durante o despu\u00e9s del curso te\u00f3rico. Este pago se realizar\u00e1 aparte (55 euros). Este curso de seis horas de duraci\u00f3n proporciona al futuro conductor conocimientos sobre respiraci\u00f3n artificial, masaje tor\u00e1cico cerrado, etc.<\/p>\n<p>Si una persona no aprueba el examen dentro de un a\u00f1o y medio despu\u00e9s de recibir el certificado del curso de primeros auxilios, deber\u00e1 repetir el curso.<\/p>\n<p>Tambi\u00e9n se requiere un certificado m\u00e9dico de salud (35 euros, v\u00e1lido por un a\u00f1o y medio).<\/p>\n<p>Despu\u00e9s de completar las lecciones te\u00f3ricas, el candidato a conductor elige una escuela de conducci\u00f3n para realizar el examen. Esta puede ser cualquier escuela. Es importante tener un documento de identidad (sin \u00e9l no es posible la admisi\u00f3n al examen).<\/p>\n<p>La prueba se realiza mediante soporte inform\u00e1tico en cabinas separadas. El contenido del examen es uniforme en toda Austria. El examen te\u00f3rico consta de un m\u00f3dulo con tareas b\u00e1sicas para todas las clases (que deben aprobar todos sin excepci\u00f3n) y nueve m\u00f3dulos m\u00e1s para las clases individuales (A, B, C, C1, D, D1, BE, E, F). Para obtener el permiso de conducir B es necesario cursar el m\u00f3dulo b\u00e1sico y el m\u00f3dulo clase B. Si ya tienes el carnet de conducir y quieres obtener otra clase, no es necesario que respondas las preguntas del m\u00f3dulo b\u00e1sico despu\u00e9s de aprobar el examen te\u00f3rico.<\/p>\n<p>Hay cuatro respuestas posibles para cada pregunta: una, dos, tres o las cuatro pueden ser correctas. Hay preguntas f\u00e1ciles, medianas y dif\u00edciles. Si tienes alguna dificultad puedes saltarte las preguntas que aparecer\u00e1n al final.<\/p>\n<p>Para cada pregunta principal se ofrecen una o dos preguntas complementarias. Sin embargo, estos no se mostrar\u00e1n si la pregunta principal se responde incorrectamente.<\/p>\n<p>Cada m\u00f3dulo contiene un total de 20 preguntas. El examen completo consta de 40 preguntas. Estas preguntas deben ser contestadas dentro de media hora.<\/p>\n<p>Si el candidato alcanza 80 de los puntos requeridos, el examen se aprueba. Cada m\u00f3dulo se eval\u00faa individualmente.<\/p>\n<p>El primer intento es gratis. Todos los dem\u00e1s est\u00e1n sujetos al pago de una tasa.<\/p>\n<p>Sin aprobar el m\u00f3dulo b\u00e1sico y el m\u00f3dulo de la categor\u00eda elegida, el aspirante no ser\u00e1 admitido a la prueba pr\u00e1ctica de conducci\u00f3n.<\/p>\n<p>EXAMEN DE CONDUCIR (PARTE PR\u00c1CTICA DE LA FORMACI\u00d3N PARA CONDUCTORES)<br \/>\nTras superar el examen te\u00f3rico, el sistema de formaci\u00f3n de conductores en varias etapas incluye tres etapas m\u00e1s:<\/p>\n<p>Para las clases A1, A2 y A se requieren 12 horas de experiencia pr\u00e1ctica de conducci\u00f3n. Para la clase B, se requieren 13 horas. Para la clase F, se requieren 4 horas, etc.<\/p>\n<p>Una hora de pr\u00e1cticas de conducci\u00f3n corresponde a 50 minutos de tiempo de conducci\u00f3n.<\/p>\n<p>Seg\u00fan la legislaci\u00f3n austriaca, en la primera etapa de la formaci\u00f3n para conductores se exige lo siguiente:<\/p>\n<p>con un instructor de manejo durante al menos 6 horas. La fase preparatoria tiene lugar en el campo de entrenamiento\/aut\u00f3dromo, donde el alumno conductor aprende a conducir un veh\u00edculo. El entrenamiento b\u00e1sico se lleva a cabo en zonas tranquilas y con poco tr\u00e1fico.<\/p>\n<p>El n\u00famero de lecciones de conducci\u00f3n para la parte principal de la formaci\u00f3n no est\u00e1 regulado por ley y depende del progreso y las habilidades del conductor aprendiz. Sin embargo, incluso si tienes suficientes habilidades de conducci\u00f3n, el trayecto deber\u00eda llevarte al menos una hora.<\/p>\n<p>Contenidos de la fase principal de la formaci\u00f3n pr\u00e1ctica de conducci\u00f3n:<\/p>\n<p>\u2013 Conducci\u00f3n comentada;<\/p>\n<p>\u2013 evaluaci\u00f3n del tr\u00e1fico, conducci\u00f3n anticipada;<\/p>\n<p>\u2013 cambio de carril;<\/p>\n<p>\u2013 Incorporarse a un flujo r\u00e1pido de tr\u00e1fico;<\/p>\n<p>\u2013 Conducir por las intersecciones;<\/p>\n<p>\u2013 Conducir en tr\u00e1fico en movimiento;<\/p>\n<p>\u2013 Conducir en sentido contrario;<\/p>\n<p>\u2013 Conducir por tramos peligrosos;<\/p>\n<p>\u2013 Conducci\u00f3n econ\u00f3mica;<\/p>\n<p>\u2013 Conducir en tr\u00e1fico r\u00e1pido;<\/p>\n<p>\u2013 Entrenamiento del segundo m\u00e9todo de conteo \u2013 Determinaci\u00f3n de la velocidad corregida en diferentes condiciones de visibilidad utilizando el segundo m\u00e9todo de conteo;<\/p>\n<p>\u2013 Adelantamiento.<\/p>\n<p>Despu\u00e9s de completar con \u00e9xito la fase de entrenamiento principal, puedes comenzar a mejorar tus habilidades de conducci\u00f3n. La legislaci\u00f3n austriaca exige al menos 6 horas de conducci\u00f3n para ello:<\/p>\n<p>Despu\u00e9s de aprobar el examen te\u00f3rico en el ordenador y completar la formaci\u00f3n pr\u00e1ctica, puede comenzar el examen pr\u00e1ctico de conducci\u00f3n.<\/p>\n<p>El examen tendr\u00e1 lugar a primera hora de la ma\u00f1ana. El solicitante se dirige a la escuela de conducci\u00f3n, donde le espera el instructor de conducci\u00f3n, el representante del grupo de formaci\u00f3n. El examinador llega despu\u00e9s de unos minutos. Normalmente, varios estudiantes toman el examen uno tras otro. Para aprobar el examen, el candidato deber\u00e1 llevar pasaporte, de lo contrario ser\u00e1 enviado a casa.<\/p>\n<p>El examen pr\u00e1ctico en Austria consta de tres partes:<\/p>\n<p>1. Inspecci\u00f3n del veh\u00edculo. El objetivo de esta prueba es garantizar que el candidato domine la teor\u00eda y sea capaz de realizar una prueba de seguridad del veh\u00edculo en la pr\u00e1ctica. El examinador le hace preguntas al estudiante de la siguiente lista de temas (se cubren al menos tres temas):<\/p>\n<p>\u2013 Ruedas (comprobaci\u00f3n de la altura de la banda de rodadura de los neum\u00e1ticos, utilizaci\u00f3n de neum\u00e1ticos de invierno y con clavos);<\/p>\n<p>\u2013 Sistema de frenos (comprobaci\u00f3n del nivel del l\u00edquido de frenos en el dep\u00f3sito hidr\u00e1ulico, comprobaci\u00f3n del sistema de frenos, comprobaci\u00f3n del juego del pedal de freno, comprobaci\u00f3n de la resistencia del pedal de freno, comprobaci\u00f3n del apriete del sistema de frenos, comprobaci\u00f3n del servofreno, comprobaci\u00f3n de las luces de freno, comprobaci\u00f3n del freno de estacionamiento);<\/p>\n<p>\u2013 Iluminaci\u00f3n \u2013 \u00bfQu\u00e9 tipos de luces hay en el veh\u00edculo (luces bajas y altas, luces de marcha atr\u00e1s, luces de estacionamiento, luces de emergencia, intermitentes laterales, luces antiniebla)? Encender y comprobar;<\/p>\n<p>\u2013 se\u00f1ales de advertencia (luces intermitentes, bocina, indicadores laterales, luces de emergencia);<\/p>\n<p>\u2013 Mecanismo de direcci\u00f3n (direcci\u00f3n asistida hidr\u00e1ulica, correa de transmisi\u00f3n, direcci\u00f3n asistida electromec\u00e1nica, prueba de rueda libre, desgaste de neum\u00e1ticos delanteros);<\/p>\n<p>\u2013 Visibilidad adecuada (limpiaparabrisas, lavaparabrisas, v\u00e1lvula de descarga del parabrisas, luneta trasera t\u00e9rmica);<\/p>\n<p>\u2013 Verificar el nivel de l\u00edquidos (aceite, refrigerante, l\u00edquido de frenos, l\u00edquido lavaparabrisas);<\/p>\n<p>\u2013 Acumulador de presi\u00f3n (funci\u00f3n, polos, nivel de l\u00edquido);<\/p>\n<p>\u2013 Correa de transmisi\u00f3n (funci\u00f3n, estado);<\/p>\n<p>\u2013 Comprobaci\u00f3n del interior (sentado correcto al volante, ajuste del asiento del conductor, reposacabezas, espejos, abrochado del cintur\u00f3n de seguridad);<\/p>\n<p>\u2013 Niebla (funciones especiales al conducir con niebla, luces antiniebla);<\/p>\n<p>\u2013 Motor del veh\u00edculo.<\/p>\n<p>2. Practica en una pista de carreras o en una carretera tranquila. Cada candidato debe completar dos tareas: estacionamiento en paralelo y estacionamiento en reversa. Los pilones suelen colocarse a una distancia suficiente para que esta parte de la prueba se pueda superar sin problemas. Preste atenci\u00f3n a las se\u00f1ales luminosas apropiadas. Al estacionar, salir y abandonar el veh\u00edculo, debe demostrar al examinador mediante movimientos de cabeza adecuados que est\u00e1 vigilando a todos los usuarios de la v\u00eda.<\/p>\n<p>3. Conducir en la ciudad o en la carretera. Al subir y antes de arrancar el motor, aseg\u00farese de ajustar el asiento, el espejo retrovisor, los reposacabezas y el volante y abrocharse el cintur\u00f3n de seguridad. El examinador observa el comportamiento del candidato y anota errores en el informe del examen. Le da instrucciones al candidato: \u201cConduzca siempre en l\u00ednea recta a menos que se le indique lo contrario\u201d y \u201cCuando reciba instrucciones de giro, busque la siguiente oportunidad de giro posible\u201d. Luego, como siempre: \u201cGira a la derecha, gira a la izquierda, conduce hasta el lugar indicado y aparca\u201d.<\/p>\n<p>El tiempo m\u00ednimo de conducci\u00f3n por candidato es de 25 minutos. Durante el viaje, el examinador toma notas en un informe de prueba especial. El otro candidato se sienta en el asiento trasero todo el tiempo. Despu\u00e9s, ambos candidatos intercambian puestos y el primero s\u00f3lo puede recordar sus maniobras exitosas o menos exitosas.<\/p>\n<p>4. Discusi\u00f3n de las situaciones vividas. Al final del recorrido, el candidato puede discutir sus errores con el examinador y explicar su comportamiento. El auditor podr\u00e1, a su discreci\u00f3n, no identificar este error si considera que la justificaci\u00f3n es adecuada. En el informe de auditor\u00eda se seleccionan como temas para dicha di<\/p>\n<p>Discusi\u00f3n:<\/p>\n<p>\u2013 Selecci\u00f3n de velocidad;<\/p>\n<p>\u2013 Selecci\u00f3n de carril;<\/p>\n<p>\u2013 Elecci\u00f3n del espaciamiento entre veh\u00edculos y del espacio libre lateral;<\/p>\n<p>\u2013 Conducir por autopistas y autov\u00edas;<\/p>\n<p>\u2013 Adelantamiento;<\/p>\n<p>\u2013 Reconocer situaciones peligrosas;<\/p>\n<p>\u2013 T\u00e1cticas defensivas, conducci\u00f3n ecol\u00f3gica;<\/p>\n<p>\u2013 Percepci\u00f3n, an\u00e1lisis y predicci\u00f3n de la situaci\u00f3n de la carretera y del tr\u00e1fico.<\/p>\n<p>El examen pr\u00e1ctico (las cuatro partes) dura al menos 40 minutos.<\/p>\n<p>Si aprueba el examen, se le expedir\u00e1 un permiso de conducir provisional (v\u00e1lido s\u00f3lo en Austria). El permiso de conducir austriaco completo le ser\u00e1 entregado por correo dentro de unas semanas o antes.<\/p>\n<p>Sin embargo, la validez del permiso de conducir en Austria est\u00e1 limitada a 15 a\u00f1os. Se cree que este tiempo es suficiente para actualizar la fotograf\u00eda y hacer que el documento sea m\u00e1s a prueba de falsificaciones.<\/p>\n<p>\u00bfQU\u00c9 SIGUE?<\/p>\n<p>En Austria, s\u00f3lo la primera etapa de la formaci\u00f3n para conductores finaliza con la adquisici\u00f3n del permiso de conducir. Despu\u00e9s de 2-4 meses, se requiere un curso de seguridad al volante (primer curso) en una escuela de conducci\u00f3n, y despu\u00e9s de 6-12 meses, se requiere un curso adicional (segundo curso). Cada curso de seguridad vial cuesta aproximadamente 110 euros con un coche de autoescuela o 90 euros por cuenta propia.<\/p>\n<p>Entre estos cursos, 3 a 9 meses despu\u00e9s de obtener la licencia de conducir, se requiere un curso de conducci\u00f3n extrema seguido de una conferencia psicol\u00f3gica. En una pista de carreras especialmente equipada, los participantes practican el frenado de emergencia con ABS, maniobras de emergencia y estabilizaci\u00f3n del veh\u00edculo en caso de derrape, as\u00ed como adelantamientos de emergencia de obst\u00e1culos. Viajar\u00e1s al lugar del curso en tu propio coche o en un coche de alquiler de la escuela de conducci\u00f3n.<\/p>\n<p>El curso de conducci\u00f3n extrema (duraci\u00f3n oficial: 8,5 horas) incluye:<\/p>\n<p>\u2013 50 minutos de teor\u00eda;<\/p>\n<p>\u2013 5 horas de pr\u00e1cticas con pausa para el almuerzo;<\/p>\n<p>\u2013 Charla de una hora y media sobre tr\u00e1fico vial con un psic\u00f3logo.<\/p>\n<p>Este curso cuesta 150 euros.<\/p>\n<p>La segunda (y \u00faltima) etapa de la formaci\u00f3n para conductores en Austria consta de tres cursos.<\/p>\n<p>Si no supera la segunda etapa, recibir\u00e1 dos advertencias y, a continuaci\u00f3n, se le revocar\u00e1 el permiso de conducir austriaco.<\/p>\n<p>Si ya tienes una licencia de conducir austriaca, deber\u00edas considerar obtener una internacional. Esto le da derecho a viajar fuera de la UE. El registro de dicho permiso de conducir se realiza a trav\u00e9s de nuestro sitio web. \u00a1Te invitamos a solicitar tu licencia de conducir internacional de manera r\u00e1pida, sencilla y sin tr\u00e1mites!<\/p>\n<\/div>\n<\/div>","protected":false},"excerpt":{"rendered":"<p>Si ya tienes un permiso de conducir, pero no lo obtuviste en un pa\u00eds de la Uni\u00f3n Europea, entonces podr\u00e1s usarlo en las carreteras austriacas. Pero s\u00f3lo dentro de seis meses.<\/p>","protected":false},"featured_media":22713,"template":"","meta":[],"product_brand":[],"product_cat":[927],"product_tag":[],"class_list":{"0":"post-22657","1":"product","2":"type-product","3":"status-publish","4":"has-post-thumbnail","6":"product_cat-fuehrerschein","8":"first","9":"instock","10":"taxable","11":"shipping-taxable","12":"purchasable","13":"product-type-simple"},"_links":{"self":[{"href":"https:\/\/primeprintingweb.com\/es\/wp-json\/wp\/v2\/product\/22657","targetHints":{"allow":["GET"]}}],"collection":[{"href":"https:\/\/primeprintingweb.com\/es\/wp-json\/wp\/v2\/product"}],"about":[{"href":"https:\/\/primeprintingweb.com\/es\/wp-json\/wp\/v2\/types\/product"}],"version-history":[{"count":3,"href":"https:\/\/primeprintingweb.com\/es\/wp-json\/wp\/v2\/product\/22657\/revisions"}],"predecessor-version":[{"id":22819,"href":"https:\/\/primeprintingweb.com\/es\/wp-json\/wp\/v2\/product\/22657\/revisions\/22819"}],"wp:featuredmedia":[{"embeddable":true,"href":"https:\/\/primeprintingweb.com\/es\/wp-json\/wp\/v2\/media\/22713"}],"wp:attachment":[{"href":"https:\/\/primeprintingweb.com\/es\/wp-json\/wp\/v2\/media?parent=22657"}],"wp:term":[{"taxonomy":"product_brand","embeddable":true,"href":"https:\/\/primeprintingweb.com\/es\/wp-json\/wp\/v2\/product_brand?post=22657"},{"taxonomy":"product_cat","embeddable":true,"href":"https:\/\/primeprintingweb.com\/es\/wp-json\/wp\/v2\/product_cat?post=22657"},{"taxonomy":"product_tag","embeddable":true,"href":"https:\/\/primeprintingweb.com\/es\/wp-json\/wp\/v2\/product_tag?post=22657"}],"curies":[{"name":"wp","href":"https:\/\/api.w.org\/{rel}","templated":true}]}}