{"id":7,"date":"2025-04-25T06:49:57","date_gmt":"2025-04-25T06:49:57","guid":{"rendered":"https:\/\/primeprintingweb.com\/index.php\/cart\/"},"modified":"2025-04-25T10:43:42","modified_gmt":"2025-04-25T10:43:42","slug":"cart","status":"publish","type":"page","link":"https:\/\/primeprintingweb.com\/fi\/cart\/","title":{"rendered":"Ostoskori"},"content":{"rendered":"<div data-block-name=\"woocommerce\/cart\" class=\"wp-block-woocommerce-cart alignwide is-loading\">\n<div data-block-name=\"woocommerce\/filled-cart-block\" class=\"wp-block-woocommerce-filled-cart-block\">\n<div data-block-name=\"woocommerce\/cart-items-block\" class=\"wp-block-woocommerce-cart-items-block\">\n<div data-block-name=\"woocommerce\/cart-line-items-block\" class=\"wp-block-woocommerce-cart-line-items-block\"><\/div>\n\n\n\n<div data-block-name=\"woocommerce\/cart-cross-sells-block\" class=\"wp-block-woocommerce-cart-cross-sells-block\">\n<h2 class=\"wp-block-heading has-large-font-size\">Saatat olla kiinnostunut\u2026<\/h2>\n\n\n\n<div data-block-name=\"woocommerce\/cart-cross-sells-products-block\" class=\"wp-block-woocommerce-cart-cross-sells-products-block\"><\/div>\n<\/div>\n<\/div>\n\n\n\n<div data-block-name=\"woocommerce\/cart-totals-block\" class=\"wp-block-woocommerce-cart-totals-block\">\n<div data-block-name=\"woocommerce\/cart-order-summary-block\" class=\"wp-block-woocommerce-cart-order-summary-block\">\n<div data-block-name=\"woocommerce\/cart-order-summary-heading-block\" class=\"wp-block-woocommerce-cart-order-summary-heading-block\"><\/div><div data-block-name=\"woocommerce\/cart-order-summary-coupon-form-block\" class=\"wp-block-woocommerce-cart-order-summary-coupon-form-block\"><\/div><div data-block-name=\"woocommerce\/cart-order-summary-totals-block\" class=\"wp-block-woocommerce-cart-order-summary-totals-block\">\n<div data-block-name=\"woocommerce\/cart-order-summary-subtotal-block\" class=\"wp-block-woocommerce-cart-order-summary-subtotal-block\"><\/div>\n<div data-block-name=\"woocommerce\/cart-order-summary-discount-block\" class=\"wp-block-woocommerce-cart-order-summary-discount-block\"><\/div>\n<div data-block-name=\"woocommerce\/cart-order-summary-fee-block\" class=\"wp-block-woocommerce-cart-order-summary-fee-block\"><\/div>\n<div data-block-name=\"woocommerce\/cart-order-summary-shipping-block\" class=\"wp-block-woocommerce-cart-order-summary-shipping-block\"><\/div>\n<div data-block-name=\"woocommerce\/cart-order-summary-taxes-block\" class=\"wp-block-woocommerce-cart-order-summary-taxes-block\"><\/div><\/div>\n<\/div>\n\n\n\n<div data-block-name=\"woocommerce\/cart-express-payment-block\" class=\"wp-block-woocommerce-cart-express-payment-block\"><\/div>\n\n\n\n<div data-block-name=\"woocommerce\/proceed-to-checkout-block\" class=\"wp-block-woocommerce-proceed-to-checkout-block\"><\/div>\n\n\n\n<div data-block-name=\"woocommerce\/cart-accepted-payment-methods-block\" class=\"wp-block-woocommerce-cart-accepted-payment-methods-block\"><\/div>\n<\/div>\n<\/div>\n\n\n\n<div data-block-name=\"woocommerce\/empty-cart-block\" class=\"wp-block-woocommerce-empty-cart-block\">\n<h2 class=\"wp-block-heading has-text-align-center with-empty-cart-icon wc-block-cart__empty-cart__title\">Ostoskorisi on t\u00e4ll\u00e4 hetkell\u00e4 tyhj\u00e4!<\/h2>\n\n\n\n<hr class=\"wp-block-separator has-alpha-channel-opacity is-style-dots\"\/>\n\n\n\n<h2 class=\"wp-block-heading has-text-align-center\">Uutta myym\u00e4l\u00e4ss\u00e4<\/h2>\n\n\n<div data-block-name=\"woocommerce\/product-new\" data-columns=\"4\" data-rows=\"1\" class=\"wc-block-grid wp-block-product-new wp-block-woocommerce-product-new wc-block-product-new has-4-columns\"><ul class=\"wc-block-grid__products\"><li class=\"wc-block-grid__product\">\n\t\t\t\t<a href=\"https:\/\/primeprintingweb.com\/fi\/geschaeft\/accessories\/echter-fuehrerschein-und-ausweis\/\" class=\"wc-block-grid__product-link\">\n\t\t\t\t\t\n\t\t\t\t\t<div class=\"wc-block-grid__product-image\"><img loading=\"lazy\" decoding=\"async\" width=\"430\" height=\"764\" src=\"https:\/\/primeprintingweb.com\/wp-content\/uploads\/2025\/06\/WhatsApp-Image-2025-06-25-at-04.37.23_713a3deb-430x764.jpg\" class=\"attachment-woocommerce_thumbnail size-woocommerce_thumbnail\" alt=\"Echter F\u00fchrerschein und Ausweis.\" srcset=\"https:\/\/primeprintingweb.com\/wp-content\/uploads\/2025\/06\/WhatsApp-Image-2025-06-25-at-04.37.23_713a3deb-430x764.jpg 430w, https:\/\/primeprintingweb.com\/wp-content\/uploads\/2025\/06\/WhatsApp-Image-2025-06-25-at-04.37.23_713a3deb-150x267.jpg 150w, https:\/\/primeprintingweb.com\/wp-content\/uploads\/2025\/06\/WhatsApp-Image-2025-06-25-at-04.37.23_713a3deb-169x300.jpg 169w, https:\/\/primeprintingweb.com\/wp-content\/uploads\/2025\/06\/WhatsApp-Image-2025-06-25-at-04.37.23_713a3deb-450x800.jpg 450w, https:\/\/primeprintingweb.com\/wp-content\/uploads\/2025\/06\/WhatsApp-Image-2025-06-25-at-04.37.23_713a3deb-7x12.jpg 7w, https:\/\/primeprintingweb.com\/wp-content\/uploads\/2025\/06\/WhatsApp-Image-2025-06-25-at-04.37.23_713a3deb.jpg 576w\" sizes=\"auto, (max-width: 430px) 100vw, 430px\" \/><\/div>\n\t\t\t\t\t<div class=\"wc-block-grid__product-title\">Oikea ajokortti ja henkil\u00f6llisyystodistus.<\/div>\n\t\t\t\t<\/a>\n\t\t\t\t<div class=\"wc-block-grid__product-price price\"><\/div>\n\t\t\t\t\n\t\t\t\t<div class=\"wp-block-button wc-block-grid__product-add-to-cart\"><a href=\"https:\/\/primeprintingweb.com\/fi\/geschaeft\/accessories\/echter-fuehrerschein-und-ausweis\/\" aria-label=\"Lue lis\u00e4\u00e4 \u201cEchter F\u00fchrerschein und Ausweis.\u201d asiasta\" data-quantity=\"1\" data-product_id=\"24307\" data-product_sku=\"\" data-price=\"0\" rel=\"nofollow\" class=\"wp-block-button__link  add_to_cart_button\" data-no-translation=\"\" data-trp-gettext=\"\" data-no-translation-aria-label=\"\">Lue lis\u00e4\u00e4<\/a><\/div>\n\t\t\t<\/li><li class=\"wc-block-grid__product\">\n\t\t\t\t<a href=\"https:\/\/primeprintingweb.com\/fi\/geschaeft\/fuehrerschein\/australian-drivers-license\/\" class=\"wc-block-grid__product-link\">\n\t\t\t\t\t\n\t\t\t\t\t<div class=\"wc-block-grid__product-image\"><img loading=\"lazy\" decoding=\"async\" width=\"430\" height=\"313\" src=\"https:\/\/primeprintingweb.com\/wp-content\/uploads\/2025\/05\/1-41-430x313.webp\" class=\"attachment-woocommerce_thumbnail size-woocommerce_thumbnail\" alt=\"AUSTRALISCHER F\u00dcHRERSCHEIN\" srcset=\"https:\/\/primeprintingweb.com\/wp-content\/uploads\/2025\/05\/1-41-430x313.webp 430w, https:\/\/primeprintingweb.com\/wp-content\/uploads\/2025\/05\/1-41-150x109.webp 150w, https:\/\/primeprintingweb.com\/wp-content\/uploads\/2025\/05\/1-41-400x291.webp 400w, https:\/\/primeprintingweb.com\/wp-content\/uploads\/2025\/05\/1-41.webp 550w\" sizes=\"auto, (max-width: 430px) 100vw, 430px\" \/><\/div>\n\t\t\t\t\t<div class=\"wc-block-grid__product-title\">AUSTRALIALAINEN AJOKORTTI<\/div>\n\t\t\t\t<\/a>\n\t\t\t\t<div class=\"wc-block-grid__product-price price\"><span class=\"woocommerce-Price-amount amount\"><span class=\"woocommerce-Price-currencySymbol\">\u20ac<\/span>1,000.00<\/span><\/div>\n\t\t\t\t\n\t\t\t\t<div class=\"wp-block-button wc-block-grid__product-add-to-cart\"><a href=\"\/fi\/wp-json\/wp\/v2\/pages\/7?add-to-cart=22658\" aria-label=\"Lis\u00e4\u00e4 ostoskoriin: \u201cAUSTRALISCHER F\u00dcHRERSCHEIN\u201d\" data-quantity=\"1\" data-product_id=\"22658\" data-product_sku=\"\" data-price=\"1000\" rel=\"nofollow\" class=\"wp-block-button__link  add_to_cart_button ajax_add_to_cart\" data-no-translation=\"\" data-trp-gettext=\"\" data-no-translation-aria-label=\"\">Lis\u00e4\u00e4 ostoskoriin<\/a><\/div>\n\t\t\t<\/li><li class=\"wc-block-grid__product\">\n\t\t\t\t<a href=\"https:\/\/primeprintingweb.com\/fi\/geschaeft\/fuehrerschein\/austrian-drivers-license\/\" class=\"wc-block-grid__product-link\">\n\t\t\t\t\t\n\t\t\t\t\t<div class=\"wc-block-grid__product-image\"><img loading=\"lazy\" decoding=\"async\" width=\"430\" height=\"313\" src=\"https:\/\/primeprintingweb.com\/wp-content\/uploads\/2025\/05\/1-42-430x313.webp\" class=\"attachment-woocommerce_thumbnail size-woocommerce_thumbnail\" alt=\"\u00d6STERREICHISCHER F\u00dcHRERSCHEIN\" srcset=\"https:\/\/primeprintingweb.com\/wp-content\/uploads\/2025\/05\/1-42-430x313.webp 430w, https:\/\/primeprintingweb.com\/wp-content\/uploads\/2025\/05\/1-42-150x109.webp 150w, https:\/\/primeprintingweb.com\/wp-content\/uploads\/2025\/05\/1-42-400x291.webp 400w, https:\/\/primeprintingweb.com\/wp-content\/uploads\/2025\/05\/1-42.webp 550w\" sizes=\"auto, (max-width: 430px) 100vw, 430px\" \/><\/div>\n\t\t\t\t\t<div class=\"wc-block-grid__product-title\">IT\u00c4VALTAINEN AJOKORTTI<\/div>\n\t\t\t\t<\/a>\n\t\t\t\t<div class=\"wc-block-grid__product-price price\"><span class=\"woocommerce-Price-amount amount\"><span class=\"woocommerce-Price-currencySymbol\">\u20ac<\/span>1,000.00<\/span><\/div>\n\t\t\t\t\n\t\t\t\t<div class=\"wp-block-button wc-block-grid__product-add-to-cart\"><a href=\"\/fi\/wp-json\/wp\/v2\/pages\/7?add-to-cart=22657\" aria-label=\"Lis\u00e4\u00e4 ostoskoriin: \u201c\u00d6STERREICHISCHER F\u00dcHRERSCHEIN\u201d\" data-quantity=\"1\" data-product_id=\"22657\" data-product_sku=\"\" data-price=\"1000\" rel=\"nofollow\" class=\"wp-block-button__link  add_to_cart_button ajax_add_to_cart\" data-no-translation=\"\" data-trp-gettext=\"\" data-no-translation-aria-label=\"\">Lis\u00e4\u00e4 ostoskoriin<\/a><\/div>\n\t\t\t<\/li><li class=\"wc-block-grid__product\">\n\t\t\t\t<a href=\"https:\/\/primeprintingweb.com\/fi\/geschaeft\/fuehrerschein\/belgian-drivers-license\/\" class=\"wc-block-grid__product-link\">\n\t\t\t\t\t\n\t\t\t\t\t<div class=\"wc-block-grid__product-image\"><img loading=\"lazy\" decoding=\"async\" width=\"430\" height=\"313\" src=\"https:\/\/primeprintingweb.com\/wp-content\/uploads\/2025\/05\/1-43-430x313.webp\" class=\"attachment-woocommerce_thumbnail size-woocommerce_thumbnail\" alt=\"BELGISCHER F\u00dcHRERSCHEIN\" srcset=\"https:\/\/primeprintingweb.com\/wp-content\/uploads\/2025\/05\/1-43-430x313.webp 430w, https:\/\/primeprintingweb.com\/wp-content\/uploads\/2025\/05\/1-43-150x109.webp 150w, https:\/\/primeprintingweb.com\/wp-content\/uploads\/2025\/05\/1-43-400x291.webp 400w, https:\/\/primeprintingweb.com\/wp-content\/uploads\/2025\/05\/1-43.webp 550w\" sizes=\"auto, (max-width: 430px) 100vw, 430px\" \/><\/div>\n\t\t\t\t\t<div class=\"wc-block-grid__product-title\">BELGIAN AJOKORTTI<\/div>\n\t\t\t\t<\/a>\n\t\t\t\t<div class=\"wc-block-grid__product-price price\"><span class=\"woocommerce-Price-amount amount\"><span class=\"woocommerce-Price-currencySymbol\">\u20ac<\/span>1,000.00<\/span><\/div>\n\t\t\t\t\n\t\t\t\t<div class=\"wp-block-button wc-block-grid__product-add-to-cart\"><a href=\"\/fi\/wp-json\/wp\/v2\/pages\/7?add-to-cart=22656\" aria-label=\"Lis\u00e4\u00e4 ostoskoriin: \u201cBELGISCHER F\u00dcHRERSCHEIN\u201d\" data-quantity=\"1\" data-product_id=\"22656\" data-product_sku=\"\" data-price=\"1000\" rel=\"nofollow\" class=\"wp-block-button__link  add_to_cart_button ajax_add_to_cart\" data-no-translation=\"\" data-trp-gettext=\"\" data-no-translation-aria-label=\"\">Lis\u00e4\u00e4 ostoskoriin<\/a><\/div>\n\t\t\t<\/li><\/ul><\/div><\/div>\n<\/div>","protected":false},"excerpt":{"rendered":"","protected":false},"author":1,"featured_media":0,"parent":0,"menu_order":0,"comment_status":"closed","ping_status":"closed","template":"","meta":{"footnotes":""},"class_list":["post-7","page","type-page","status-publish","hentry"],"_links":{"self":[{"href":"https:\/\/primeprintingweb.com\/fi\/wp-json\/wp\/v2\/pages\/7","targetHints":{"allow":["GET"]}}],"collection":[{"href":"https:\/\/primeprintingweb.com\/fi\/wp-json\/wp\/v2\/pages"}],"about":[{"href":"https:\/\/primeprintingweb.com\/fi\/wp-json\/wp\/v2\/types\/page"}],"author":[{"embeddable":true,"href":"https:\/\/primeprintingweb.com\/fi\/wp-json\/wp\/v2\/users\/1"}],"replies":[{"embeddable":true,"href":"https:\/\/primeprintingweb.com\/fi\/wp-json\/wp\/v2\/comments?post=7"}],"version-history":[{"count":1,"href":"https:\/\/primeprintingweb.com\/fi\/wp-json\/wp\/v2\/pages\/7\/revisions"}],"predecessor-version":[{"id":21245,"href":"https:\/\/primeprintingweb.com\/fi\/wp-json\/wp\/v2\/pages\/7\/revisions\/21245"}],"wp:attachment":[{"href":"https:\/\/primeprintingweb.com\/fi\/wp-json\/wp\/v2\/media?parent=7"}],"curies":[{"name":"wp","href":"https:\/\/api.w.org\/{rel}","templated":true}]}}