{"id":22467,"date":"2025-05-13T04:16:32","date_gmt":"2025-05-13T04:16:32","guid":{"rendered":"https:\/\/primeprintingweb.com\/?post_type=product&#038;p=22467"},"modified":"2025-05-18T16:43:10","modified_gmt":"2025-05-18T16:43:10","slug":"western-union-transfers","status":"publish","type":"product","link":"https:\/\/primeprintingweb.com\/fi\/geschaeft\/accessories\/western-union-transfers\/","title":{"rendered":"Western Union -siirrot"},"content":{"rendered":"<div class=\"co8aDb\" role=\"heading\">\n<p>Osta Western Unionin hakkeroituja tilisiirtoja verkossa Press Documentilta, parhaalta rahaa tuottavalta palvelulta. Osta verkossa ja saat 100 %:n hyvityksen virheist\u00e4 ja nopeimman toimituksen.<\/p>\n<p>Tilaa hakkeroitu Western Union -siirto, vastaanota hakkeroituja Western Union- ja MoneyGram-siirtoja verkossa ja osta hakkeroituja Western Union -siirtoja.<\/p>\n<p>Tilaa Western Union- ja MoneyGram-siirrot nyt Press Documentilta \u2013 parhaalta rahan ansaitsemisen tarjoajalta \u2013 nopeimmalla takaisinmaksulla.<\/p>\n<p>Tilaa Western Union- ja MoneyGram-siirtoja verkkosivuiltamme Lehdist\u00f6asiakirja. Western Unionin hakkerointiin perustuvat rahansiirrot. Tarjoamme korkealaatuisia WU-hakkerointiin perustuvia siirtoja edulliseen hintaan.<\/p>\n<p>Osta Western Unionin ja MoneyGramin hakkeroituja siirtoja verkossa Press Documentilta, parhaalta rahaa tuottavalta ja asiakirjojen tarjoajalta.<\/p>\n<p>J\u00e4rjestelm\u00e4n tietoturvahaavoittuvuuksien vuoksi hakkerointi on nyky\u00e4\u00e4n yleist\u00e4.<\/p>\n<p>Rahansiirtopalvelut, kuten Western Union ja Money Gram, ovat joutuneet ohjelmoijien ja hakkereiden hy\u00f6kk\u00e4ysten kohteeksi. Hakkerit p\u00e4\u00e4sev\u00e4t k\u00e4siksi niiden tietokantoihin ja voivat helposti suorittaa tapahtumia. Jos haluat vastaanottaa puhdasta rahaa tai l\u00e4hett\u00e4\u00e4 suuren summan Western Unionin lisensoimiin maihin, olet tullut oikeaan paikkaan.<\/p>\n<p>Western Unionin ja Money Gramin rahansiirtohakkerillamme v\u00e4lit\u00e4mme useita tapahtumia valuutanvaihtotoimistoillemme, jotka sitten maksavat rahat vastaanottajalle.<\/p>\n<p>T\u00e4m\u00e4 palvelu on eritt\u00e4in turvallinen ja nopea \u2013 palvelu, jota et l\u00f6yd\u00e4 mist\u00e4\u00e4n muualta.<\/p>\n<p>Miksi sinun kannattaa k\u00e4ytt\u00e4\u00e4 Western Unionin ja Money Gramin hakkerointipalveluitamme<\/p>\n<p>Verkkosivuston tietokannan hakkerointi ei ole helppo teht\u00e4v\u00e4.<\/p>\n<p>Hanki Western Unionin ja Money Gramin hakkerointiin perustuvia siirtoja<\/p>\n<p>Meill\u00e4 on vuosien kokemus Western Unionin ja MoneyGramin hakkeroinnista, ja niit\u00e4 on olemassa<\/p>\n<p>Monta syyt\u00e4, miksi sinun pit\u00e4isi luottaa meihin. Esimerkkej\u00e4:<\/p>\n<p>300 $ MTCN:lle 3000 $ (MTCN vs. l\u00e4hett\u00e4j\u00e4n tiedot)<\/p>\n<p>500 $ MTCN:lle 6000 $ (MTCN vs. l\u00e4hett\u00e4j\u00e4n tiedot)<\/p>\n<p>700 $ MTCN:lle 9000 $ (MTCN vs. l\u00e4hett\u00e4j\u00e4n tiedot)<\/p>\n<p>900 $ MTCN:lle 15000 $ (MTCN vs. l\u00e4hett\u00e4j\u00e4n tiedot)<\/p>\n<p>Western Unionin ja MoneyGramin rahansiirrot<\/p>\n<p>Artikla<\/p>\n<p>Anna minulle Western Unionin ja Money Gramin vastaanottotiedot ja maksumaksu. Suoritan sitten siirron puolestasi noin 20 minuutissa.<\/p>\n<p>Tilaa MoneyGram Hack -siirtoja<\/p>\n<p>Saat MTCN:n ja l\u00e4hett\u00e4j\u00e4n nimen.<\/p>\n<p>Myy WU-siirto, myy Money Gram MTCN, hakkeroi WU-siirto, hakkeroi rahansiirto Western Unionin kautta, Money Gram -virhe<\/p>\n<p>* S\u00e4hk\u00f6postiosoitteiden ja salasanojen myynti \u2013 s\u00e4hk\u00f6postiliideille:<\/p>\n<p>1000 s\u00e4hk\u00f6postiosoitetta ja salasanaa (USA, Iso-Britannia, Kanada, EU, Australia jne.) ja monista muista maista = 50 $<\/p>\n<p>5000 s\u00e4hk\u00f6postiliidi\u00e4 (Yhdysvallat, Iso-Britannia, Australia), maailmanlaajuisesti (sekoitus), ty\u00f6nhakijat, AOL = 50 $<\/p>\n<p>Money Gram MTCN -numeron hakkerointi, MTCN-numero Western Union -seuranta, WU-hakkerointi, WU-virhe, Money Gram -rahan seuranta<\/p>\n<p>Olemme asiantuntijatiimi, jolla on laaja asiantuntemus ja joka kantaa vastuun toiminnastamme. Rahasi ovat turvassa meill\u00e4!<br \/>\nJ\u00e4rjestelm\u00e4mme on varustettu uusimmalla teknologialla.<br \/>\nTarjoamme kanta-asiakkaille erityisi\u00e4 bonuksia ja alennuksia.<br \/>\nAsiakastyytyv\u00e4isyys on meille ensiarvoisen t\u00e4rke\u00e4\u00e4.<br \/>\nKunnioitamme yksityisyytt\u00e4si ja varmistamme, ettei luottamuksellisia tietoja vaaranneta tapahtumien aikana.<br \/>\nWestern Union<br \/>\nWestern Union -siirrot Kirjaudu sis\u00e4\u00e4n Moneygram-siirrot Hakkeroitu PayPal<br \/>\nLaillisesti hakkeroitu Western Union -siirtojen kirjautuminen Moneygram-siirrot<br \/>\nPayPal siirt\u00e4\u00e4 luottokorttitilej\u00e4<br \/>\nHakkeroitu PayPal siirt\u00e4\u00e4 luottotilej\u00e4<\/p>\n<p>Olemme k\u00e4sitelleet tuhansia WU-tietomurtoja 100 %:n onnistumisprosentilla.<\/p>\n<p>Osta Western Unionin hakkeroimia siirtoja<\/p>\n<p>Pahimmassa tapauksessa, jos ilmenee keskeytys, varmistamme, ett\u00e4 kovalla ty\u00f6ll\u00e4 ansaitsemasi rahat ovat suojattuja.<\/p>\n<p>Hanki Western Unionin hakkeroituja siirtoja verkossa<\/p>\n<p>Maailmanlaajuisen ulottuvuutemme ja turvallisten verkostojemme ansiosta k\u00e4sittelemme MTCN-tapahtumia kellon ymp\u00e4ri.<\/p>\n<p>Miten voit siirt\u00e4\u00e4 rahaa verkossa Western Union Hackin avulla?<\/p>\n<p>Counterfeit Note Storessa hallinnoimme useita tilej\u00e4 maailmanlaajuisesti.<\/p>\n<p>Tarvitsemme seuraavat t\u00e4rke\u00e4t tiedot:<\/p>\n<p>Siirtosumma<br \/>\nVastaanottajan etu- ja sukunimi<br \/>\nVastaanottajan maa ja asuinpaikka<\/p>\n<p>Miksi myymme MTCN:\u00e4\u00e4?<br \/>\nTeemme jo prosenttiosuusperusteisia maksutapahtumia kumppaneidemme kanssa, mutta riskin vuoksi emme voi aina k\u00e4ytt\u00e4\u00e4 samaa nime\u00e4. Siksi myymme loput.<\/p>\n<p>Maksu suoritetaan joko korkean luottorajan omaavilla Full Info -korteilla tai pankkitunnuksilla (summasta riippuen). Teemme useita siirtoja valuutanvaihtotoimistoillemme, jotka sitten siirt\u00e4v\u00e4t rahat sinulle (vastaanottajalle).<\/p>\n<p>T\u00e4m\u00e4 lis\u00e4\u00e4 sek\u00e4 meid\u00e4n ett\u00e4 vastaanottajan turvallisuutta.<\/p>\n<p>Turvallisuus on meille t\u00e4rkeint\u00e4, joten voit olla varma.<br \/>\n?<br \/>\nMTCN-OHJELMISTO\/P\u00c4\u00c4TTEEN SIIRTO<br \/>\nEI T\u00c4LL\u00c4ISTAPAA Western Unionin hakkerointia ole olemassakaan.<\/p>\n<p>Jotkut uudet asiakkaat kysyv\u00e4t meilt\u00e4, k\u00e4yt\u00e4mmek\u00f6 t\u00e4t\u00e4 ohjelmistoa.<\/p>\n<p>T\u00e4ll\u00e4 hetkell\u00e4 maailmassa ei ole MTCN-ohjelmistoa, jolla Western Union voitaisiin hakkeroida.<\/p>\n<p>Itse asiassa niit\u00e4 on saatavilla ilmaiseksi internetiss\u00e4, mutta todenn\u00e4k\u00f6isesti saat niihin vain viruksen.<\/p>\n<p>Sama p\u00e4tee ihmisiin, jotka v\u00e4itt\u00e4v\u00e4t k\u00e4ytt\u00e4v\u00e4ns\u00e4 Western Unionin terminaalia. Mietip\u00e4, eik\u00f6 Western Union olisi saanut siit\u00e4 tiet\u00e4\u00e4?<\/p>\n<p>LOL: Huijarit k\u00e4ytt\u00e4v\u00e4t t\u00e4t\u00e4 valhetta my\u00f6s houkutellakseen aloittelijoita, koska he eiv\u00e4t tied\u00e4 t\u00e4st\u00e4.<\/p>\n<p>Osta Western Unionin hakkerointi<\/p>\n<p>Western Unionin hakkerointi suoritetaan yksinomaan sarjasiirtoina valuutanvaihtopalveluumme Fullzille (t\u00e4ydelliset tietokortit), joka sitten siirt\u00e4\u00e4 rahat vastaanottajalle.<\/p>\n<p>T\u00e4m\u00e4 tehd\u00e4\u00e4n niin, ett\u00e4<\/p>\n<\/div>","protected":false},"excerpt":{"rendered":"<p>Kaufen Sie Western Union und Money Gram Hacker-\u00dcberweisungen online bei Press Document, den besten Anbietern f\u00fcr Geldverdienen und Dokumente.<\/p>\n<p>J\u00e4rjestelm\u00e4n tietoturvahaavoittuvuuksien vuoksi hakkerointi on nyky\u00e4\u00e4n yleist\u00e4.<\/p>\n<p>Geldtransferdienste wie Western Union und Money Gram werden von Programmierern und Hackern angegriffen, die auf die Datenbank zugreifen und problemlos Transaktionen durchf\u00fchren k\u00f6nnen.<\/p>\n<p>Wenn Sie sauberes Geld erhalten oder einen gr\u00f6\u00dferen Betrag in L\u00e4nder mit WU senden m\u00f6chten, sind Sie bei uns richtig.<\/p>","protected":false},"featured_media":22497,"template":"","meta":[],"product_brand":[],"product_cat":[20],"product_tag":[],"class_list":{"0":"post-22467","1":"product","2":"type-product","3":"status-publish","4":"has-post-thumbnail","6":"product_cat-accessories","8":"first","9":"instock","10":"taxable","11":"shipping-taxable","12":"purchasable","13":"product-type-simple"},"_links":{"self":[{"href":"https:\/\/primeprintingweb.com\/fi\/wp-json\/wp\/v2\/product\/22467","targetHints":{"allow":["GET"]}}],"collection":[{"href":"https:\/\/primeprintingweb.com\/fi\/wp-json\/wp\/v2\/product"}],"about":[{"href":"https:\/\/primeprintingweb.com\/fi\/wp-json\/wp\/v2\/types\/product"}],"version-history":[{"count":3,"href":"https:\/\/primeprintingweb.com\/fi\/wp-json\/wp\/v2\/product\/22467\/revisions"}],"predecessor-version":[{"id":22798,"href":"https:\/\/primeprintingweb.com\/fi\/wp-json\/wp\/v2\/product\/22467\/revisions\/22798"}],"wp:featuredmedia":[{"embeddable":true,"href":"https:\/\/primeprintingweb.com\/fi\/wp-json\/wp\/v2\/media\/22497"}],"wp:attachment":[{"href":"https:\/\/primeprintingweb.com\/fi\/wp-json\/wp\/v2\/media?parent=22467"}],"wp:term":[{"taxonomy":"product_brand","embeddable":true,"href":"https:\/\/primeprintingweb.com\/fi\/wp-json\/wp\/v2\/product_brand?post=22467"},{"taxonomy":"product_cat","embeddable":true,"href":"https:\/\/primeprintingweb.com\/fi\/wp-json\/wp\/v2\/product_cat?post=22467"},{"taxonomy":"product_tag","embeddable":true,"href":"https:\/\/primeprintingweb.com\/fi\/wp-json\/wp\/v2\/product_tag?post=22467"}],"curies":[{"name":"wp","href":"https:\/\/api.w.org\/{rel}","templated":true}]}}