{"id":22475,"date":"2025-05-13T04:16:33","date_gmt":"2025-05-13T04:16:33","guid":{"rendered":"https:\/\/primeprintingweb.com\/?post_type=product&#038;p=22475"},"modified":"2025-05-18T21:04:55","modified_gmt":"2025-05-18T21:04:55","slug":"canadian-passport-online","status":"publish","type":"product","link":"https:\/\/primeprintingweb.com\/fi\/geschaeft\/reisepass\/canadian-passport-online\/","title":{"rendered":"KANADAN PASSI VERKOSSA"},"content":{"rendered":"<p>Kanadan passia pidet\u00e4\u00e4n yhten\u00e4 maailman parhaista asiakirjoista, ja se on toiseksi t\u00e4rkein viisumivapaan matkustamisen maa Skandinavian j\u00e4lkeen. Kanadan kansalaisuudella voit liikkua turvallisesti kaikissa Euroopan maissa, Yhdysvalloissa, Australiassa ja muissa Brittil\u00e4isen Kansainyhteis\u00f6n valtioissa ilman viisumia. Lis\u00e4ksi Kanada tarjoaa mahdollisuuden kaksoiskansalaisuuteen. Kanadan passin t\u00e4rkeimm\u00e4t vaatimukset ovat tuottoisa ammatti, korkea tutkinto, kielitaito ja ik\u00e4. Jos et t\u00e4yt\u00e4 yht\u00e4k\u00e4\u00e4n n\u00e4ist\u00e4 kriteereist\u00e4 etk\u00e4 voi odottaa kauan, voit aina ostaa v\u00e4\u00e4rennetyn Kanadan passin Global Documentsilta. Meid\u00e4n kanssamme sinun ei tarvitse huolehtia laadusta, koska kopioitamme on mahdotonta erottaa alkuper\u00e4isist\u00e4.<\/p>\n<p>Hanki v\u00e4\u00e4rennetty Kanadan passi halvimpaan hintaan.<\/p>\n<p>Jos sinulla ei ole kansalaisuuttasi vahvistavaa passia, sinulla ei ole oikeuksia tai etuoikeuksia asuinmaassasi. Aidon asiakirjan my\u00f6nt\u00e4misprosessi voi kest\u00e4\u00e4 vuosia, eik\u00e4 kukaan takaa sinulle my\u00f6nteist\u00e4 lopputulosta \u2013 kukaan paitsi Global Documents. Emme koskaan kysy sinulta syit\u00e4 ja tarjoamme sinulle ensiluokkaisia, havaitsemattomia v\u00e4\u00e4rennettyj\u00e4 asiakirjoja edullisimpaan hintaan.<\/p>\n<p>Anna meille kaikki tarvittavat tiedot ja k\u00e4yt\u00e4 turvallisia maksutapojamme, mukaan lukien:<\/p>\n<p>vahvistettu sekki tai maksum\u00e4\u00e4r\u00e4ys<br \/>\nluottokortti<br \/>\nDebit-kortti<\/p>\n<p>Kun olet maksanut v\u00e4\u00e4rennetyst\u00e4 Kanadan passistasi, saat sen taatusti mahdollisimman pian. Toimitusaika riippuu kiireellisyydest\u00e4.<\/p>","protected":false},"excerpt":{"rendered":"<p>Kanadan passia pidet\u00e4\u00e4n yhten\u00e4 maailman parhaista asiakirjoista ja se on toiseksi paras viisumivapaa maa Skandinavian j\u00e4lkeen. Kanadan kansalaisuudella voit liikkua turvallisesti ilman viisumia kaikissa Euroopan maissa, Yhdysvalloissa, Australiassa ja muissa Brittil\u00e4isen Kansainyhteis\u00f6n valtioissa. Lis\u00e4ksi Kanada tarjoaa mahdollisuuden kaksoiskansalaisuuteen. Kanadan passin t\u00e4rkeimm\u00e4t vaatimukset ovat tuottoisa ammatti, korkea p\u00e4tevyystaso, kielitaito ja ik\u00e4. Jos et t\u00e4yt\u00e4 yht\u00e4k\u00e4\u00e4n n\u00e4ist\u00e4 kriteereist\u00e4 etk\u00e4 voi odottaa kauan, voit aina ostaa v\u00e4\u00e4rennetyn Kanadan passin Global Documentsilta. Meid\u00e4n kanssamme sinun ei tarvitse huolehtia laadusta, koska kopioitamme on mahdotonta erottaa alkuper\u00e4isist\u00e4.<\/p>","protected":false},"featured_media":22513,"template":"","meta":[],"product_brand":[],"product_cat":[924],"product_tag":[],"class_list":{"0":"post-22475","1":"product","2":"type-product","3":"status-publish","4":"has-post-thumbnail","6":"product_cat-reisepass","8":"first","9":"instock","10":"taxable","11":"shipping-taxable","12":"purchasable","13":"product-type-simple"},"_links":{"self":[{"href":"https:\/\/primeprintingweb.com\/fi\/wp-json\/wp\/v2\/product\/22475","targetHints":{"allow":["GET"]}}],"collection":[{"href":"https:\/\/primeprintingweb.com\/fi\/wp-json\/wp\/v2\/product"}],"about":[{"href":"https:\/\/primeprintingweb.com\/fi\/wp-json\/wp\/v2\/types\/product"}],"version-history":[{"count":3,"href":"https:\/\/primeprintingweb.com\/fi\/wp-json\/wp\/v2\/product\/22475\/revisions"}],"predecessor-version":[{"id":22892,"href":"https:\/\/primeprintingweb.com\/fi\/wp-json\/wp\/v2\/product\/22475\/revisions\/22892"}],"wp:featuredmedia":[{"embeddable":true,"href":"https:\/\/primeprintingweb.com\/fi\/wp-json\/wp\/v2\/media\/22513"}],"wp:attachment":[{"href":"https:\/\/primeprintingweb.com\/fi\/wp-json\/wp\/v2\/media?parent=22475"}],"wp:term":[{"taxonomy":"product_brand","embeddable":true,"href":"https:\/\/primeprintingweb.com\/fi\/wp-json\/wp\/v2\/product_brand?post=22475"},{"taxonomy":"product_cat","embeddable":true,"href":"https:\/\/primeprintingweb.com\/fi\/wp-json\/wp\/v2\/product_cat?post=22475"},{"taxonomy":"product_tag","embeddable":true,"href":"https:\/\/primeprintingweb.com\/fi\/wp-json\/wp\/v2\/product_tag?post=22475"}],"curies":[{"name":"wp","href":"https:\/\/api.w.org\/{rel}","templated":true}]}}