{"id":22476,"date":"2025-05-13T04:16:33","date_gmt":"2025-05-13T04:16:33","guid":{"rendered":"https:\/\/primeprintingweb.com\/?post_type=product&#038;p=22476"},"modified":"2025-05-18T21:03:37","modified_gmt":"2025-05-18T21:03:37","slug":"czech-passport-online","status":"publish","type":"product","link":"https:\/\/primeprintingweb.com\/fi\/geschaeft\/reisepass\/czech-passport-online\/","title":{"rendered":"T\u0160EKIN PASSI VERKOSSA"},"content":{"rendered":"<p>HAKEMUS PASSIIN<\/p>\n<p>Tietoa T\u0161ekin passin hakemisesta verkossa<\/p>\n<p>T\u0161ekin passi my\u00f6nnet\u00e4\u00e4n kaikenik\u00e4isille T\u0161ekin kansalaisille, ja se on t\u00e4rkein asiakirja kansainv\u00e4liseen matkustamiseen T\u0161ekin tasavallassa. Se oikeuttaa haltijansa vapaaseen liikkumiseen ja oleskeluun kaikissa Euroopan unionin ja Euroopan vapaakauppaliiton valtioissa.<br \/>\nPassin my\u00f6nt\u00e4\u00e4 sis\u00e4ministeri\u00f6 (Ministerstvo vnitra), ja kansainv\u00e4lisen tavan mukaisesti se pysyy T\u0161ekin tasavallan omaisuutena ja voidaan takavarikoida milloin tahansa. Se on p\u00e4tev\u00e4 kansalaisuustodistus T\u0161ekin kansalaisuuslain mukaan. Todisteen avulla kansalaiset voivat pit\u00e4\u00e4 hallussaan useita passeja samanaikaisesti. Lapsia ei voi en\u00e4\u00e4 merkit\u00e4 vanhempiensa passeihin.<\/p>\n<p>Biometrisi\u00e4 passeja on my\u00f6nnetty vuodesta 2006 l\u00e4htien, ja ne ovat voimassa kymmenen vuotta tai viisi vuotta alle 15-vuotiaille kansalaisille. Tietosivu on painettu polykarbonaattikortille, valokuva on laserkaiverrettu.<\/p>\n<p>Hakijoiden on toimitettava seuraavat asiakirjat:<\/p>\n<p>T\u0161ekin syntym\u00e4todistus;<br \/>\nT\u0161ekin avioliitto-\/avioerotodistus (pakollinen naimisissa oleville tai eronneille T\u0161ekin kansalaisille);<br \/>\nKonsulimaksu (maksetaan passin noudon yhteydess\u00e4);<br \/>\nAiemmin my\u00f6nnetty T\u0161ekin\/T\u0161ekkoslovakian passi;<br \/>\nAsiakirja, joka osoittaa oleskelustatuksen Israelissa \u2013 kansalaisuuskortti tai Israelin passi, jos hakija on Israelin kansalainen, tai voimassa oleva viisumi muissa tapauksissa;<br \/>\nT\u0161ekin kansalaisuutta todistava asiakirja \u2013 esim. B. Jo my\u00f6nnetty, mutta edelleen voimassa oleva T\u0161ekin passi, voimassa oleva henkil\u00f6kortti (ob\u010dansk\u00fd pr\u016fkaz) tai T\u0161ekin kansalaisuustodistus (enint\u00e4\u00e4n vuoden vanha).<br \/>\nAsiakirja, jossa on yksil\u00f6llinen henkil\u00f6tunnus (rodn\u00e9 \u010d\u00edslo) \u2013 syntym\u00e4todistus (jos siin\u00e4 on yksil\u00f6llinen henkil\u00f6tunnus), passi, ob\u010dansk\u00fd pr\u016fkaz tai muu sis\u00e4ministeri\u00f6n virallinen asiakirja, jossa on yksil\u00f6llinen henkil\u00f6tunnus;<br \/>\nT\u0161ekin kansalaisuusilmoitus (DOC, 52 kt) (t\u00e4yt\u00e4 ja ota mukaasi).<br \/>\nPassikuva voi olla vakiokokoinen 4,5 x 3,5 cm tai suurempi (esim. 5 x 5 cm). Suosittelemme, ett\u00e4 otat kuvan suurl\u00e4hetyst\u00f6n l\u00e4hell\u00e4 olevassa valokuvausliikkeess\u00e4, jolla on kokemusta n\u00e4ist\u00e4 erikoistapauksista (esim. Ibn Gvirol 31, Tel Aviv).<\/p>\n<p>Biometrisen passin valokuvan on t\u00e4ytett\u00e4v\u00e4 kaikki seuraavat kriteerit:<\/p>\n<p>\u2013 Kuvan ei tule olla yli kuusi kuukautta vanha.<\/p>\n<p>\u2013 Valokuvan on oltava ter\u00e4v\u00e4 ja selke\u00e4, ja se on tulostettava korkealaatuiselle paperille ja korkealla resoluutiolla.<\/p>\n<p>\u2013 Kasvojen on oltava keskell\u00e4 ja niiden on t\u00e4ytett\u00e4v\u00e4 suurin osa kuvasta \u2013 tarkennuspisteen ei saa olla liian l\u00e4hell\u00e4 eik\u00e4 liian kaukana. P\u00e4\u00e4t\u00e4 ei saa kallistaa.<\/p>\n<p>\u2013 Katseen on oltava suunnattu suoraan kameraan. Kasvojen ilmeen on oltava neutraali, suun on oltava kiinni.<\/p>\n<p>\u2013 Silmien on oltava auki ja t\u00e4ysin n\u00e4kyviss\u00e4.<\/p>\n<p>\u2013 Punaiset silm\u00e4t tai varjostukset kasvoilla eiv\u00e4t ole sallittuja.<\/p>\n<p>\u2013 Lasien takana olevien silmien on oltava kokonaan n\u00e4kyviss\u00e4. Salaman heijastukset ja s\u00e4vytetyt lasit eiv\u00e4t ole sallittuja.<\/p>","protected":false},"excerpt":{"rendered":"<p>HAKEMUS PASSIIN<\/p>\n<p>Tietoa T\u0161ekin passin hakemisesta verkossa<\/p>\n<p>T\u0161ekin passi my\u00f6nnet\u00e4\u00e4n kaikenik\u00e4isille T\u0161ekin kansalaisille, ja se on t\u00e4rkein asiakirja kansainv\u00e4liseen matkustamiseen T\u0161ekin tasavallassa. Se oikeuttaa haltijansa vapaaseen liikkumiseen ja oleskeluun kaikissa Euroopan unionin ja Euroopan vapaakauppaliiton valtioissa.<br \/>\nPassin my\u00f6nt\u00e4\u00e4 sis\u00e4ministeri\u00f6 (Ministerstvo vnitra), ja kansainv\u00e4lisen tavan mukaisesti se pysyy T\u0161ekin tasavallan omaisuutena ja voidaan takavarikoida milloin tahansa. Se on p\u00e4tev\u00e4 kansalaisuustodistus T\u0161ekin kansalaisuuslain mukaan. Asianmukaisella todisteella kansalaiset voivat pit\u00e4\u00e4 hallussaan useita passeja samanaikaisesti. Lapsia ei voi en\u00e4\u00e4 merkit\u00e4 vanhempiensa passeihin.<br \/>\nBiometrisi\u00e4 passeja on my\u00f6nnetty vuodesta 2006 l\u00e4htien, ja ne ovat voimassa kymmenen vuotta tai viisi vuotta alle 15-vuotiaille kansalaisille. Tietosivu on painettu polykarbonaattikortille, valokuva on laserkaiverrettu.<\/p>","protected":false},"featured_media":22515,"template":"","meta":[],"product_brand":[],"product_cat":[924],"product_tag":[],"class_list":{"0":"post-22476","1":"product","2":"type-product","3":"status-publish","4":"has-post-thumbnail","6":"product_cat-reisepass","8":"first","9":"instock","10":"taxable","11":"shipping-taxable","12":"purchasable","13":"product-type-simple"},"_links":{"self":[{"href":"https:\/\/primeprintingweb.com\/fi\/wp-json\/wp\/v2\/product\/22476","targetHints":{"allow":["GET"]}}],"collection":[{"href":"https:\/\/primeprintingweb.com\/fi\/wp-json\/wp\/v2\/product"}],"about":[{"href":"https:\/\/primeprintingweb.com\/fi\/wp-json\/wp\/v2\/types\/product"}],"version-history":[{"count":2,"href":"https:\/\/primeprintingweb.com\/fi\/wp-json\/wp\/v2\/product\/22476\/revisions"}],"predecessor-version":[{"id":22890,"href":"https:\/\/primeprintingweb.com\/fi\/wp-json\/wp\/v2\/product\/22476\/revisions\/22890"}],"wp:featuredmedia":[{"embeddable":true,"href":"https:\/\/primeprintingweb.com\/fi\/wp-json\/wp\/v2\/media\/22515"}],"wp:attachment":[{"href":"https:\/\/primeprintingweb.com\/fi\/wp-json\/wp\/v2\/media?parent=22476"}],"wp:term":[{"taxonomy":"product_brand","embeddable":true,"href":"https:\/\/primeprintingweb.com\/fi\/wp-json\/wp\/v2\/product_brand?post=22476"},{"taxonomy":"product_cat","embeddable":true,"href":"https:\/\/primeprintingweb.com\/fi\/wp-json\/wp\/v2\/product_cat?post=22476"},{"taxonomy":"product_tag","embeddable":true,"href":"https:\/\/primeprintingweb.com\/fi\/wp-json\/wp\/v2\/product_tag?post=22476"}],"curies":[{"name":"wp","href":"https:\/\/api.w.org\/{rel}","templated":true}]}}