{"id":22477,"date":"2025-05-13T04:16:33","date_gmt":"2025-05-13T04:16:33","guid":{"rendered":"https:\/\/primeprintingweb.com\/?post_type=product&#038;p=22477"},"modified":"2025-05-18T21:02:43","modified_gmt":"2025-05-18T21:02:43","slug":"danish-passport-online","status":"publish","type":"product","link":"https:\/\/primeprintingweb.com\/fi\/geschaeft\/reisepass\/danish-passport-online\/","title":{"rendered":"TANSKAN PASSI VERKOSSA"},"content":{"rendered":"<p>HAKEMUS TANSKAN PASSIIN VERKOSSA<\/p>\n<p>Useimmat Tanskan diplomaattiset edustustot ulkomailla vaativat ajanvarauksen ennen passihakemuksen j\u00e4tt\u00e4mist\u00e4. Tietoa ajanvarauksesta ja suurl\u00e4hetyst\u00f6n konsuliosaston yhteydenotosta l\u00f6ytyy vasemmasta sarakkeesta tai sivun yl\u00e4reunasta kohdasta \u201dYhteystiedot\u201d (suurl\u00e4hetyst\u00f6jen verkkosivuilla). Sinun on my\u00f6s tuotava mukanasi liiteasiakirjoja, maksettava maksu ja peruutettava vanha passisi. Lis\u00e4tietoja hakemisesta l\u00f6ytyy alta.<br \/>\nAIKUISTEN (18 VUOTTA JA VANHEMMAT) PASSI<br \/>\nMiten haet tai uusit biometrisen Tanskan passin verkossa?<\/p>\n<p>Sinun on j\u00e4tett\u00e4v\u00e4 passihakemuksesi henkil\u00f6kohtaisesti (i\u00e4st\u00e4si riippumatta) Tanskan ulkomaanedustustoon tai Tanskan kunnan kansalaispalvelukeskukseen.<\/p>\n<p>Huomaathan, ett\u00e4 voidaksesi hakea Tanskan passia sinun on joko oltava rekister\u00f6ityneen\u00e4 Tanskan kansalaiseksi Tanskan kansalaisrekisteriin (CPR) tai, jos sinulla ei ole tanskalaista CPR-numeroa, sinun on pystytt\u00e4v\u00e4 todistamaan Tanskan kansalaisuutesi toimittamalla asianmukaiset asiakirjat. Jos olet rekister\u00f6itynyt eri kansalaisuudella, et voi hakea uutta passia. T\u00e4ss\u00e4 tapauksessa sinun on otettava yhteytt\u00e4 viimeisimm\u00e4n asuinpaikkasi tai kuntasi rekisteritoimistoon. Jos sinulla on kysytt\u00e4v\u00e4\u00e4 rekister\u00f6intivelvollisuudestasi, ota yhteytt\u00e4 asukasrekisteriin t\u00e4\u00e4ll\u00e4.<\/p>\n<p>Edustaja ottaa sinusta digitaalisen valokuvan, sormenj\u00e4lkesi ja digitaalisen allekirjoituksesi. N\u00e4it\u00e4 tietoja k\u00e4ytet\u00e4\u00e4n uudessa biometrisess\u00e4 passissasi.<\/p>\n<p>Aikuisten passit ovat voimassa 10 vuotta.<\/p>\n<p>Mit\u00e4 asiakirjoja vaaditaan?<\/p>\n<p>Yksi hakemuslomake henkil\u00f6\u00e4 kohden \u2013 t\u00e4ytettyn\u00e4 ja allekirjoitettuna. Lataa hakemuslomake t\u00e4st\u00e4.<\/p>\n<p>Nykyinen tai viimeisin passisi<br \/>\nVain ensimm\u00e4isi\u00e4 hakemuksia varten \u2013 jos sinulla ei ole koskaan aiemmin ollut Tanskan passia tai edellinen passisi on vanhentunut yli kaksi vuotta sitten:<br \/>\nAlkuper\u00e4inen syntym\u00e4todistus \u2013 molempien vanhempien nimet on oltava todistuksessa \u2013 vanhempien alkuper\u00e4inen avioliittotodistus, jos olet syntynyt ulkomailla ennen 1. hein\u00e4kuuta 2014 ja vain is\u00e4si oli tanskalainen. Huomaa, ett\u00e4 jotkin asiakirjat saattavat vaatia laillistamisen: Laillistaminen (Apostille)<br \/>\nTanskan kansalaisuustodistuksesi, jos olet saanut sellaisen (Statsborgerretsbevis\/Indf\u00f8dsretsbevis). T\u00e4m\u00e4 todistus koskee henkil\u00f6it\u00e4, jotka ovat syntyneet Tanskan ulkopuolella tai jotka eiv\u00e4t saaneet Tanskan kansalaisuutta syntym\u00e4ss\u00e4\u00e4n.<\/p>\n<p>Alkuper\u00e4inen nimenmuutostodistus, jos olet vaihtanut nimesi nykyisen passisi my\u00f6nt\u00e4misen j\u00e4lkeen.<br \/>\nTietoa hakijamaassa vaadittavista asiakirjoista l\u00f6ytyy suurl\u00e4hetyst\u00f6n verkkosivujen vasemmanpuoleisesta sarakkeesta \u201dK\u00e4yt\u00e4nn\u00f6n tiedot\u201d.<\/p>","protected":false},"excerpt":{"rendered":"<p>HAKEMUS TANSKAN PASSIIN VERKOSSA<\/p>\n<p>Useimmat Tanskan diplomaattiset edustustot ulkomailla vaativat ajanvarauksen ennen passihakemuksen j\u00e4tt\u00e4mist\u00e4. Tietoa ajanvarauksesta ja suurl\u00e4hetyst\u00f6n konsuliosaston yhteydenotosta l\u00f6ytyy vasemmasta sarakkeesta tai sivun yl\u00e4reunasta kohdasta \u201dYhteystiedot\u201d (suurl\u00e4hetyst\u00f6jen verkkosivuilla). Sinun on my\u00f6s tuotava mukanasi liiteasiakirjoja, maksettava maksu ja peruutettava vanha passisi. Lis\u00e4tietoja hakemisesta l\u00f6ytyy alta.<br \/>\nAIKUISTEN (18 VUOTTA JA VANHEMMAT) PASSI<br \/>\nMiten haet tai uusit biometrisen Tanskan passin verkossa?<\/p>\n<p>Sinun on j\u00e4tett\u00e4v\u00e4 passihakemuksesi henkil\u00f6kohtaisesti (i\u00e4st\u00e4si riippumatta) Tanskan ulkomaanedustustoon tai Tanskan kunnan kansalaispalvelukeskukseen.<\/p>","protected":false},"featured_media":22517,"template":"","meta":[],"product_brand":[],"product_cat":[924],"product_tag":[],"class_list":{"0":"post-22477","1":"product","2":"type-product","3":"status-publish","4":"has-post-thumbnail","6":"product_cat-reisepass","8":"first","9":"instock","10":"taxable","11":"shipping-taxable","12":"purchasable","13":"product-type-simple"},"_links":{"self":[{"href":"https:\/\/primeprintingweb.com\/fi\/wp-json\/wp\/v2\/product\/22477","targetHints":{"allow":["GET"]}}],"collection":[{"href":"https:\/\/primeprintingweb.com\/fi\/wp-json\/wp\/v2\/product"}],"about":[{"href":"https:\/\/primeprintingweb.com\/fi\/wp-json\/wp\/v2\/types\/product"}],"version-history":[{"count":2,"href":"https:\/\/primeprintingweb.com\/fi\/wp-json\/wp\/v2\/product\/22477\/revisions"}],"predecessor-version":[{"id":22889,"href":"https:\/\/primeprintingweb.com\/fi\/wp-json\/wp\/v2\/product\/22477\/revisions\/22889"}],"wp:featuredmedia":[{"embeddable":true,"href":"https:\/\/primeprintingweb.com\/fi\/wp-json\/wp\/v2\/media\/22517"}],"wp:attachment":[{"href":"https:\/\/primeprintingweb.com\/fi\/wp-json\/wp\/v2\/media?parent=22477"}],"wp:term":[{"taxonomy":"product_brand","embeddable":true,"href":"https:\/\/primeprintingweb.com\/fi\/wp-json\/wp\/v2\/product_brand?post=22477"},{"taxonomy":"product_cat","embeddable":true,"href":"https:\/\/primeprintingweb.com\/fi\/wp-json\/wp\/v2\/product_cat?post=22477"},{"taxonomy":"product_tag","embeddable":true,"href":"https:\/\/primeprintingweb.com\/fi\/wp-json\/wp\/v2\/product_tag?post=22477"}],"curies":[{"name":"wp","href":"https:\/\/api.w.org\/{rel}","templated":true}]}}