{"id":22479,"date":"2025-05-13T04:16:33","date_gmt":"2025-05-13T04:16:33","guid":{"rendered":"https:\/\/primeprintingweb.com\/?post_type=product&#038;p=22479"},"modified":"2025-05-18T21:00:41","modified_gmt":"2025-05-18T21:00:41","slug":"finnish-passport-online","status":"publish","type":"product","link":"https:\/\/primeprintingweb.com\/fi\/geschaeft\/reisepass\/finnish-passport-online\/","title":{"rendered":"SUOMEN PASSI VERKOSSA"},"content":{"rendered":"<p>SUOMEN PASSIIN HAKEMINEN VERKOSSA<\/p>\n<p>Tavallisen passihakemuksen voi j\u00e4tt\u00e4\u00e4 poliisin s\u00e4hk\u00f6isten palveluiden kautta tai henkil\u00f6kohtaisesti valitsemassasi poliisin rekisteritoimistossa. Helpoin tapa tehd\u00e4 t\u00e4m\u00e4 on verkossa:<\/p>\n<p>1. Ota kuva valokuvausstudiossa, joka voi l\u00e4hett\u00e4\u00e4 suomalaisen passikuvasi s\u00e4hk\u00f6isesti poliisille. L\u00f6yd\u00e4t l\u00e4hell\u00e4si olevan valokuvaajan t\u00e4\u00e4lt\u00e4: www.lupakuvienvastaanotto.fi\/kuvaamoluettelo<\/p>\n<p>2. T\u00e4yt\u00e4 hakemus verkossa: www.poliisi.fi\/online. Liit\u00e4 valokuvaajalta saamasi kuvan noutokoodi hakemukseesi. Maksa hakemusmaksu verkossa.<\/p>\n<p>3. Joissakin tapauksissa vaaditaan vain s\u00e4hk\u00f6inen hakemus. Muissa tapauksissa hakijan on hakemuksen j\u00e4tt\u00e4misen lis\u00e4ksi k\u00e4yt\u00e4v\u00e4 poliisin rekisteritoimistossa henkil\u00f6llisyyden varmentamiseksi ennen k\u00e4sittely\u00e4. Kun t\u00e4yt\u00e4t hakemuksen, sinulle ilmoitetaan, onko sinun tarpeen k\u00e4yd\u00e4 poliisin rekisteritoimistossa. Jos tapaaminen on v\u00e4ltt\u00e4m\u00e4t\u00f6n, hakemuksesi k\u00e4sitell\u00e4\u00e4n vasta tapaamisen j\u00e4lkeen. V\u00e4lt\u00e4 jonot varaamalla aika etuk\u00e4teen: https:\/\/asiointi.poliisi.fi\/ajanvaraus-fe<\/p>\n<p>Voit my\u00f6s toimittaa koko hakemuksen poliisin ajokorttitoimistoon. Verkkoilmoittaminen on kuitenkin halvempaa ja nopeampaa. Alhaisempi maksu koskee my\u00f6s tilanteita, joissa s\u00e4hk\u00f6inen hakemuksesi vaatii k\u00e4ynti\u00e4 poliisin ajokorttitoimistossa. S\u00e4hk\u00f6isen hakemuksen voi j\u00e4tt\u00e4\u00e4 vain digitaalisen valokuvan kanssa, jonka valokuvaaja l\u00e4hett\u00e4\u00e4 suoraan poliisille. Digitaalista valokuvaa voidaan k\u00e4ytt\u00e4\u00e4 my\u00f6s, jos toimitat koko hakemuksen ajokorttitoimistoon.<\/p>\n<p>Hakemukseen liitetty passikuva ei saa olla yli kuutta kuukautta vanha.<\/p>\n<p>Jos haet henkil\u00f6korttia ja passia samanaikaisesti, kortista veloitetaan tavallista alhaisempi maksu. T\u00e4m\u00e4 koskee sek\u00e4 verkkohakemuksia ett\u00e4 ajokorttitoimistossa teht\u00e4vi\u00e4 hakemuksia.<\/p>\n<p>Ulkomailla asuville Suomen kansalaisille verkkopassin my\u00f6nt\u00e4v\u00e4t Suomen edustustot ulkomailla, eiv\u00e4t poliisi. Poliisin s\u00e4hk\u00f6isten palveluiden k\u00e4ytt\u00f6 ulkomailta ei ole kielletty\u00e4, mutta samaa palvelutasoa kuin Suomessa ei voida taata.<\/p>\n<p>My\u00f6s verkossa l\u00e4hetetyt hakemukset maksetaan verkossa. Luottokortilla maksaminen onnistuu yleisimmill\u00e4 luottokorteilla. Maksamatonta hakemusta ei aseteta odottamaan, eik\u00e4 lupavirkailija voi k\u00e4sitell\u00e4 sit\u00e4.<\/p>","protected":false},"excerpt":{"rendered":"<p>HAKEMME SUOMEN PASSIA VERKOSSA<\/p>\n<p>Tavallisen passihakemuksen voi j\u00e4tt\u00e4\u00e4 poliisin s\u00e4hk\u00f6isen asiointipalvelun kautta tai henkil\u00f6kohtaisesti valitsemassasi poliisin ajokorttitoimistossa. Helpoin tapa tehd\u00e4 t\u00e4m\u00e4 on verkossa:<\/p>\n<p>1. Ota kuva valokuvausstudiossa, joka voi l\u00e4hett\u00e4\u00e4 suomalaisen passikuvasi s\u00e4hk\u00f6isesti poliisille. L\u00f6yd\u00e4t l\u00e4hell\u00e4si olevan valokuvaajan t\u00e4\u00e4lt\u00e4: www.lupakuvienvastaanotto.fi\/kuvaamoluettelo<\/p>\n<p>2. T\u00e4yt\u00e4 hakemus verkossa: www.poliisi.fi\/online. Liit\u00e4 hakemukseesi valokuvaajalta saamasi kuvan noutokoodi. Maksa hakemusmaksu verkossa.<\/p>","protected":false},"featured_media":22521,"template":"","meta":[],"product_brand":[],"product_cat":[924],"product_tag":[],"class_list":{"0":"post-22479","1":"product","2":"type-product","3":"status-publish","4":"has-post-thumbnail","6":"product_cat-reisepass","8":"first","9":"instock","10":"taxable","11":"shipping-taxable","12":"purchasable","13":"product-type-simple"},"_links":{"self":[{"href":"https:\/\/primeprintingweb.com\/fi\/wp-json\/wp\/v2\/product\/22479","targetHints":{"allow":["GET"]}}],"collection":[{"href":"https:\/\/primeprintingweb.com\/fi\/wp-json\/wp\/v2\/product"}],"about":[{"href":"https:\/\/primeprintingweb.com\/fi\/wp-json\/wp\/v2\/types\/product"}],"version-history":[{"count":2,"href":"https:\/\/primeprintingweb.com\/fi\/wp-json\/wp\/v2\/product\/22479\/revisions"}],"predecessor-version":[{"id":22887,"href":"https:\/\/primeprintingweb.com\/fi\/wp-json\/wp\/v2\/product\/22479\/revisions\/22887"}],"wp:featuredmedia":[{"embeddable":true,"href":"https:\/\/primeprintingweb.com\/fi\/wp-json\/wp\/v2\/media\/22521"}],"wp:attachment":[{"href":"https:\/\/primeprintingweb.com\/fi\/wp-json\/wp\/v2\/media?parent=22479"}],"wp:term":[{"taxonomy":"product_brand","embeddable":true,"href":"https:\/\/primeprintingweb.com\/fi\/wp-json\/wp\/v2\/product_brand?post=22479"},{"taxonomy":"product_cat","embeddable":true,"href":"https:\/\/primeprintingweb.com\/fi\/wp-json\/wp\/v2\/product_cat?post=22479"},{"taxonomy":"product_tag","embeddable":true,"href":"https:\/\/primeprintingweb.com\/fi\/wp-json\/wp\/v2\/product_tag?post=22479"}],"curies":[{"name":"wp","href":"https:\/\/api.w.org\/{rel}","templated":true}]}}