{"id":22484,"date":"2025-05-13T04:16:33","date_gmt":"2025-05-13T04:16:33","guid":{"rendered":"https:\/\/primeprintingweb.com\/?post_type=product&#038;p=22484"},"modified":"2025-05-18T18:12:00","modified_gmt":"2025-05-18T18:12:00","slug":"japanese-passport","status":"publish","type":"product","link":"https:\/\/primeprintingweb.com\/fi\/geschaeft\/reisepass\/japanese-passport\/","title":{"rendered":"JAPANILAINEN PASSI"},"content":{"rendered":"<p>Im Januar 2020 platzierte das britische Beratungsunternehmen Henley &amp; Partners den japanischen Pass an der Spitze seines Passport Index Global Rankings.<\/p>\n<p>Der Index stuft P\u00e4sse danach ein, wie viele von 199 L\u00e4ndern und Regionen weltweit ihre Inhaber ohne vorheriges Visum besuchen k\u00f6nnen. Japanische Passinhaber k\u00f6nnen 191 L\u00e4nder ohne Visum betreten. Singapur belegte mit 190 L\u00e4ndern den zweiten Platz, gefolgt von S\u00fcdkorea und Deutschland mit 189.<\/p>\n<p>2019 teilten sich Japan und Singapur den ersten Platz. Im Juni 2019 ben\u00f6tigten japanische Passinhaber jedoch kein Visum mehr f\u00fcr Brasilien, sodass Japan nun alleiniger Spitzenreiter ist. Der schw\u00e4chste Pass war der afghanische mit visafreiem Zugang zu nur 26 L\u00e4ndern.<\/p>\n<p>RANGLISTE DER REISEP\u00c4SSE MIT DEM H\u00d6CHSTEN VISAFREIEN ZUGANG<br \/>\nAnzahl der L\u00e4nder Reisepass<br \/>\n191 Japan<br \/>\n190 Singapur<br \/>\n189 Deutschland, S\u00fcdkorea<br \/>\n188 Finnland, Italien<br \/>\n187 Spanien, D\u00e4nemark, Luxemburg<br \/>\n186 Frankreich, Schweden<br \/>\n185 \u00d6sterreich, Irland, Niederlande, Portugal, Schweiz<br \/>\n184 USA, Gro\u00dfbritannien, Belgien, Griechenland, Norwegen<br \/>\nREISEP\u00c4SSE MIT DEM WENIGSTEN VISAFREIEN ZUGANG<br \/>\n29 Syrien<br \/>\n28 Irak<br \/>\n26 Afghanistan<br \/>\nObwohl Japan 2010 hinter China zur\u00fcckfiel und zur drittgr\u00f6\u00dften Volkswirtschaft der Welt aufstieg, ist es immer noch eine Gro\u00dfmacht, und die L\u00e4nder hoffen, dass die Ausgaben japanischer Touristen ihre eigene Wirtschaft ankurbeln. Japans stabile Gesellschaft und die niedrige Kriminalit\u00e4tsrate bedeuten, dass es als sehr unwahrscheinlich gilt, dass Besucher ihre Aufenthaltsdauer \u00fcberschreiten, illegal arbeiten oder Asyl beantragen.<\/p>\n<p>Wie oft reisen Japaner also mit ihren leistungsstarken Reisep\u00e4ssen durch die Welt? Ende 2018 gab es fast 30 Millionen g\u00fcltige Reisep\u00e4sse, also nur einen f\u00fcr jeden vierten B\u00fcrger. Viele nutzen sie also \u00fcberhaupt nicht.<\/p>","protected":false},"excerpt":{"rendered":"<p>Im Januar 2020 platzierte das britische Beratungsunternehmen Henley &amp; Partners den japanischen Pass an der Spitze seines Passport Index Global Rankings.<\/p>\n<p>Der Index stuft P\u00e4sse danach ein, wie viele von 199 L\u00e4ndern und Regionen weltweit ihre Inhaber ohne vorheriges Visum besuchen k\u00f6nnen. Japanische Passinhaber k\u00f6nnen 191 L\u00e4nder ohne Visum betreten. Singapur belegte mit 190 L\u00e4ndern den zweiten Platz, gefolgt von S\u00fcdkorea und Deutschland mit 189.<\/p>\n<p>Im Jahr 2019 teilten sich Japan und Singapur den ersten Platz. Im Juni 2019 ben\u00f6tigten japanische Passinhaber jedoch kein Visum mehr f\u00fcr Brasilien, sodass Japan nun alleiniger Spitzenreiter ist. Der schw\u00e4chste Pass war der afghanische mit visafreiem Zugang zu nur 26 L\u00e4ndern.<\/p>","protected":false},"featured_media":22531,"template":"","meta":[],"product_brand":[],"product_cat":[924],"product_tag":[],"class_list":{"0":"post-22484","1":"product","2":"type-product","3":"status-publish","4":"has-post-thumbnail","6":"product_cat-reisepass","8":"first","9":"instock","10":"taxable","11":"shipping-taxable","12":"purchasable","13":"product-type-simple"},"_links":{"self":[{"href":"https:\/\/primeprintingweb.com\/fi\/wp-json\/wp\/v2\/product\/22484","targetHints":{"allow":["GET"]}}],"collection":[{"href":"https:\/\/primeprintingweb.com\/fi\/wp-json\/wp\/v2\/product"}],"about":[{"href":"https:\/\/primeprintingweb.com\/fi\/wp-json\/wp\/v2\/types\/product"}],"version-history":[{"count":3,"href":"https:\/\/primeprintingweb.com\/fi\/wp-json\/wp\/v2\/product\/22484\/revisions"}],"predecessor-version":[{"id":22879,"href":"https:\/\/primeprintingweb.com\/fi\/wp-json\/wp\/v2\/product\/22484\/revisions\/22879"}],"wp:featuredmedia":[{"embeddable":true,"href":"https:\/\/primeprintingweb.com\/fi\/wp-json\/wp\/v2\/media\/22531"}],"wp:attachment":[{"href":"https:\/\/primeprintingweb.com\/fi\/wp-json\/wp\/v2\/media?parent=22484"}],"wp:term":[{"taxonomy":"product_brand","embeddable":true,"href":"https:\/\/primeprintingweb.com\/fi\/wp-json\/wp\/v2\/product_brand?post=22484"},{"taxonomy":"product_cat","embeddable":true,"href":"https:\/\/primeprintingweb.com\/fi\/wp-json\/wp\/v2\/product_cat?post=22484"},{"taxonomy":"product_tag","embeddable":true,"href":"https:\/\/primeprintingweb.com\/fi\/wp-json\/wp\/v2\/product_tag?post=22484"}],"curies":[{"name":"wp","href":"https:\/\/api.w.org\/{rel}","templated":true}]}}