{"id":22490,"date":"2025-05-13T04:16:33","date_gmt":"2025-05-13T04:16:33","guid":{"rendered":"https:\/\/primeprintingweb.com\/?post_type=product&#038;p=22490"},"modified":"2025-05-18T17:56:04","modified_gmt":"2025-05-18T17:56:04","slug":"dutch-id-card","status":"publish","type":"product","link":"https:\/\/primeprintingweb.com\/fi\/geschaeft\/personalausweis\/dutch-id-card\/","title":{"rendered":"Alankomaiden henkil\u00f6llisyystodistus"},"content":{"rendered":"<div class=\"woocommerce-tabs wc-tabs-wrapper\">\n<div id=\"tab-description\" class=\"woocommerce-Tabs-panel woocommerce-Tabs-panel--description panel entry-content wc-tab\" role=\"tabpanel\" aria-labelledby=\"tab-title-description\">\n<p>ALANKOLAISEN HENKIL\u00d6LLISYYSTODISTUKSEN HAKEMINEN<\/p>\n<p>Sinun on haettava hollantilaista henkil\u00f6korttiasi henkil\u00f6kohtaisesti kansalaispalvelukeskuksessa.<\/p>\n<p>VAATIMUKSET<br \/>\nSinun on k\u00e4yt\u00e4v\u00e4 henkil\u00f6kohtaisesti kansalaisrekisteritoimistossa. Varaa aika etuk\u00e4teen.<br \/>\nSinun on oltava Alankomaiden kansalainen ja oltava rekister\u00f6itynyt Amsterdamiin tai sinulla on oltava kaupungissa rekister\u00f6ity postiosoite.<br \/>\nOLETKO ALLE 18-VUOTIAS?<br \/>\nHae lapsille hollantilaista henkil\u00f6korttia.<br \/>\nHae lapsille Alankomaiden passia.<br \/>\nKadonnut tai varastettu?<br \/>\nJos henkil\u00f6korttisi on kadonnut tai varastettu, voit hakea uutta kansalaisuustoimistosta. Henkil\u00f6llisyyden v\u00e4\u00e4rink\u00e4yt\u00f6n est\u00e4miseksi voit toimittaa katoamis- tai varkaustodistuksen kansalaisrekisteritoimistoon. Sinun ei tarvitse tehd\u00e4 poliisille ilmoitusta ennen uuden henkil\u00f6kortin hakemista.<\/p>\n<p>Onko henkil\u00f6korttisi varastettu ulkomailla? Sitten sinun on teht\u00e4v\u00e4 ilmoitus paikalliselle poliisille.<\/p>\n<p>VALITSETKO PASSIN VAI HOLLANTILAISEN HENKIL\u00d6LLISYYSTODISTUKSEN?<br \/>\nAlankomaiden henkil\u00f6kortti maksaa v\u00e4hemm\u00e4n kuin passi, mutta se on voimassa harvemmissa maissa. Luettelo maista, jotka hyv\u00e4ksyv\u00e4t henkil\u00f6llisyystodistukset, l\u00f6ytyy osoitteesta rijksoverheid.nl.<\/p>\n<p>MIT\u00c4 SINUN TARVITSEE TUOTTAA<br \/>\nKun vierailet kaupungintalolla, ota mukaasi seuraavat asiat:<\/p>\n<p>(Passi)valokuva, joka t\u00e4ytt\u00e4\u00e4 viralliset vaatimukset. Suosittelemme ammattivalokuvaajaa.<br \/>\nMaksutapa mieluiten pankkikortti, muuten k\u00e4teinen.<br \/>\nKaikki (vanhentuneet) hollantilaiset matkustusasiakirjasi (passi ja henkil\u00f6kortti)<br \/>\ntai jos olet \u00e4skett\u00e4in saanut Alankomaiden kansalaisuuden: (vanhentuneet) ulkomaiset matkustusasiakirjasi ja IND:lt\u00e4 saamasi oleskelulupa-asiakirjat.<br \/>\nKUINKA KAUAN HOLLANTILAISEN HENKIL\u00d6LLISYYSTODISTUKSEN K\u00c4SITTELY KEST\u00c4\u00c4?<br \/>\nHenkil\u00f6korttisi on valmis viiden arkip\u00e4iv\u00e4n kuluttua. Voit noutaa sen henkil\u00f6kohtaisesti (vain ajanvarauksella) tai tilata sen kotiisi toimitettuna.<\/p>\n<p>H\u00c4T\u00c4HAKEMUS (EKLAPT)<br \/>\nV\u00c4LIAIKAISET ASIAKIRJAT (EKLAPT)<br \/>\nKUSTANNUKSIA JA VOIMASSAOLO<br \/>\nHenkil\u00f6llisyystodistuksen maksut on maksettava hakemuksen yhteydess\u00e4.<\/p>\n<p>Henkil\u00f6kortti maksaa 58,30 euroa.<br \/>\nKiireellinen hakemus maksaa 108,15 \u20ac.<br \/>\nHenkil\u00f6kortti on voimassa 10 vuotta.<\/p>\n<p>ILMAINEN HENKIL\u00d6LLISYYSKORTTI STADSPASIN (CITY PASS) KANSSA<br \/>\nJos tulotasosi on pieni ja sinulla on vihre\u00e4ll\u00e4 pisteell\u00e4 varustettu Stadspas (CITY PASS), voit hakea henkil\u00f6korttia maksutta. Passikuvista ja kiireellisist\u00e4 hakemuksista perit\u00e4\u00e4n kuitenkin lis\u00e4maksu. Voit hakea maksutonta henkil\u00f6korttia itsellesi ja lapsillesi.<\/p>\n<p>HENKIL\u00d6LLISYYSTODISTUKSESI NOUTO TAI TOIMITUS<br \/>\nHakemusta tehdess\u00e4si voit valita, haluatko noutaa henkil\u00f6llisyystodistuksen vai l\u00e4hetet\u00e4\u00e4nk\u00f6 se sinulle. My\u00f6hempi muutos ei ole en\u00e4\u00e4 mahdollinen.<\/p>\n<\/div>\n<\/div>","protected":false},"excerpt":{"rendered":"<p>ALANKOLAISEN HENKIL\u00d6LLISYYSTODISTUKSEN HAKEMINEN<\/p>\n<p>Sinun on haettava hollantilaista henkil\u00f6korttiasi henkil\u00f6kohtaisesti kansalaispalvelukeskuksessa.<\/p>\n<p>VAATIMUKSET<br \/>\nHenkil\u00f6kohtainen l\u00e4sn\u00e4olo kansalaistoimistossa on pakollista. Varaa aika etuk\u00e4teen.<br \/>\nSinun on oltava Alankomaiden kansalainen ja oltava rekister\u00f6itynyt Amsterdamiin tai sinulla on oltava kaupungissa rekister\u00f6ity postiosoite.<br \/>\nOLETKO ALLE 18-VUOTIAS?<br \/>\nHae lapsille hollantilaista henkil\u00f6korttia.<br \/>\nHae lapsille Alankomaiden passia.<br \/>\nKadonnut tai varastettu?<br \/>\nJos henkil\u00f6korttisi katoaa tai varastetaan, voit hakea uutta kansalaisuustoimistosta. Identiteettipetosten est\u00e4miseksi voit toimittaa katoamis- tai varkaustodistuksen sinne. Sinun ei tarvitse ilmoittautua poliisille ennen uuden henkil\u00f6kortin hakemista.<\/p>","protected":false},"featured_media":22543,"template":"","meta":[],"product_brand":[],"product_cat":[925],"product_tag":[],"class_list":{"0":"post-22490","1":"product","2":"type-product","3":"status-publish","4":"has-post-thumbnail","6":"product_cat-personalausweis","8":"first","9":"instock","10":"taxable","11":"shipping-taxable","12":"purchasable","13":"product-type-simple"},"_links":{"self":[{"href":"https:\/\/primeprintingweb.com\/fi\/wp-json\/wp\/v2\/product\/22490","targetHints":{"allow":["GET"]}}],"collection":[{"href":"https:\/\/primeprintingweb.com\/fi\/wp-json\/wp\/v2\/product"}],"about":[{"href":"https:\/\/primeprintingweb.com\/fi\/wp-json\/wp\/v2\/types\/product"}],"version-history":[{"count":2,"href":"https:\/\/primeprintingweb.com\/fi\/wp-json\/wp\/v2\/product\/22490\/revisions"}],"predecessor-version":[{"id":22873,"href":"https:\/\/primeprintingweb.com\/fi\/wp-json\/wp\/v2\/product\/22490\/revisions\/22873"}],"wp:featuredmedia":[{"embeddable":true,"href":"https:\/\/primeprintingweb.com\/fi\/wp-json\/wp\/v2\/media\/22543"}],"wp:attachment":[{"href":"https:\/\/primeprintingweb.com\/fi\/wp-json\/wp\/v2\/media?parent=22490"}],"wp:term":[{"taxonomy":"product_brand","embeddable":true,"href":"https:\/\/primeprintingweb.com\/fi\/wp-json\/wp\/v2\/product_brand?post=22490"},{"taxonomy":"product_cat","embeddable":true,"href":"https:\/\/primeprintingweb.com\/fi\/wp-json\/wp\/v2\/product_cat?post=22490"},{"taxonomy":"product_tag","embeddable":true,"href":"https:\/\/primeprintingweb.com\/fi\/wp-json\/wp\/v2\/product_tag?post=22490"}],"curies":[{"name":"wp","href":"https:\/\/api.w.org\/{rel}","templated":true}]}}