{"id":22491,"date":"2025-05-13T04:16:33","date_gmt":"2025-05-13T04:16:33","guid":{"rendered":"https:\/\/primeprintingweb.com\/?post_type=product&#038;p=22491"},"modified":"2025-05-18T17:55:01","modified_gmt":"2025-05-18T17:55:01","slug":"finnish-id-card","status":"publish","type":"product","link":"https:\/\/primeprintingweb.com\/fi\/geschaeft\/personalausweis\/finnish-id-card\/","title":{"rendered":"SUOMAN HENKIL\u00d6LLISYYSTODISTUS"},"content":{"rendered":"<p>SUOMEN HENKIL\u00d6LLISYYSKORTTIHAKEMUS<\/p>\n<p>Suomalaista henkil\u00f6korttia voi hakea poliisin s\u00e4hk\u00f6isten palveluiden kautta tai henkil\u00f6kohtaisesti valitsemassasi poliisin rekisteritoimistossa. Helpoin tapa tehd\u00e4 t\u00e4m\u00e4 on verkossa:<\/p>\n<p>1. Ota kuva valokuvausstudiossa, joka voi l\u00e4hett\u00e4\u00e4 passikuvasi s\u00e4hk\u00f6isesti poliisille. L\u00f6yd\u00e4t l\u00e4hell\u00e4si olevan valokuvaajan t\u00e4\u00e4lt\u00e4: www.lupakuvienvastaanotto.fi\/kuvaamoluettelo<\/p>\n<p>2. T\u00e4yt\u00e4 hakemus verkossa: www.poliisi.fi\/s\u00e4hk\u00f6iset-palvelut. Liit\u00e4 valokuvaajalta saamasi kuvan noutokoodi hakemukseesi. Maksa hakemusmaksu verkossa.<\/p>\n<p>3. Joissakin tapauksissa vaaditaan vain s\u00e4hk\u00f6inen hakemus. Muissa tapauksissa hakijan on hakemuksen j\u00e4tt\u00e4misen lis\u00e4ksi k\u00e4yt\u00e4v\u00e4 poliisin rekisteritoimistossa henkil\u00f6llisyyden varmentamiseksi ennen k\u00e4sittely\u00e4. Kun t\u00e4yt\u00e4t hakemuksen, sinulle ilmoitetaan, onko sinun tarpeen k\u00e4yd\u00e4 poliisin rekisteritoimistossa. Jos tapaaminen on v\u00e4ltt\u00e4m\u00e4t\u00f6n, hakemuksesi k\u00e4sitell\u00e4\u00e4n vasta tapaamisen j\u00e4lkeen. V\u00e4lt\u00e4 jonot varaamalla ajan etuk\u00e4teen: https:\/\/asiointi.poliisi.fi\/ajanvaraus-fe.<\/p>\n<p>Voit my\u00f6s toimittaa koko hakemuksen poliisin ajokorttitoimistoon. Verkkoilmoittaminen on kuitenkin halvempaa ja nopeampaa. Alhaisempi maksu koskee my\u00f6s tilanteita, joissa s\u00e4hk\u00f6inen hakemuksesi vaatii k\u00e4ynti\u00e4 poliisin ajokorttitoimistossa. S\u00e4hk\u00f6isen hakemuksen voi j\u00e4tt\u00e4\u00e4 vain digitaalisen valokuvan kanssa, jonka valokuvaaja l\u00e4hett\u00e4\u00e4 suoraan poliisille. Digitaalista valokuvaa voidaan k\u00e4ytt\u00e4\u00e4 my\u00f6s, jos toimitat koko hakemuksen ajokorttitoimistoon.<\/p>\n<p>Hakemukseen liitetty passikuva ei saa olla yli kuutta kuukautta vanha.<\/p>\n<p>Jos haet suomalaista henkil\u00f6korttia ja passia samanaikaisesti, kortista veloitetaan tavallista alhaisempi maksu. T\u00e4m\u00e4 koskee sek\u00e4 verkkohakemuksia ett\u00e4 ajokorttitoimistossa teht\u00e4vi\u00e4 hakemuksia.<\/p>\n<p>Ulkomailla asuville Suomen kansalaisille tarkoitetut suomalaiset henkil\u00f6kortit my\u00f6nt\u00e4v\u00e4t Suomen edustustot ulkomailla, eiv\u00e4t poliisit. Poliisin s\u00e4hk\u00f6isten palveluiden k\u00e4ytt\u00f6 ulkomailta ei ole kielletty\u00e4, mutta samaa palvelutasoa kuin Suomessa ei voida taata. My\u00f6s verkkohakemukset maksetaan verkossa. Luottokortilla maksaminen onnistuu yleisimmill\u00e4 luottokorteilla. Maksamatonta hakemusta ei k\u00e4sitell\u00e4, eik\u00e4 virkailija voi sit\u00e4 k\u00e4sitell\u00e4.<\/p>\n<p>Lis\u00e4tietoja suomalaisen henkil\u00f6kortin hakemisesta<br \/>\nSuomalaisen henkil\u00f6kortin k\u00e4ytt\u00f6<br \/>\nPalvelun hinnasto<br \/>\nALAIK\u00c4ISEN SUOMEN HENKIL\u00d6LLISYYSKORTTI<br \/>\nVoit hankkia joko tavallisen alaik\u00e4isen henkil\u00f6kortin, jota voi k\u00e4ytt\u00e4\u00e4 sek\u00e4 matkustamiseen ett\u00e4 verkkotunnistaumiseen, tai erityisen alaik\u00e4isen henkil\u00f6kortin, jota ei voi k\u00e4ytt\u00e4\u00e4 matkustamiseen eik\u00e4 siin\u00e4 ole sirua verkkotunnistautumista varten. Molemmissa tapauksissa hakemuksen voi j\u00e4tt\u00e4\u00e4 verkossa kuten aikuisten hakemuksen. Saadakseen tavallisen henkil\u00f6kortin alaik\u00e4inen tarvitsee kaikkien vanhempien tai huoltajien suostumuksen. Jos hakija on alle 15-vuotias, v\u00e4hint\u00e4\u00e4n yhden vanhemman tai huoltajan on oltava h\u00e4nen mukanaan tunnistusk\u00e4ynnill\u00e4. 15-vuotiaat ja sit\u00e4 vanhemmat alaik\u00e4iset voivat k\u00e4yd\u00e4 poliisin rekisteritoimistossa itsen\u00e4isesti, jos he esitt\u00e4v\u00e4t vanhempiensa kirjallisen suostumuslomakkeen ja heid\u00e4n henkil\u00f6llisyytens\u00e4 voidaan varmistaa. Alaik\u00e4isen henkil\u00f6llisyys varmennetaan yleens\u00e4 voimassa olevalla passilla tai henkil\u00f6kortilla. Alle 18-vuotiaiden henkil\u00f6llisyyden voi varmistaa my\u00f6s heid\u00e4n laillinen huoltajansa. T\u00e4ss\u00e4 tapauksessa vanhemman tai huoltajan henkil\u00f6llisyys tarkistetaan heid\u00e4n henkil\u00f6llisyystodistuksellaan (voimassa oleva passi tai henkil\u00f6kortti). Edell\u00e4 mainittu alaik\u00e4isen passi ilman matkustuslupaa my\u00f6nnet\u00e4\u00e4n my\u00f6s ilman vanhemman tai huoltajan suostumusta. Selvyyden vuoksi siit\u00e4 k\u00e4ytet\u00e4\u00e4n s\u00e4hk\u00f6isiss\u00e4 palveluissa nimityst\u00e4 \u201dAlaik\u00e4isen henkil\u00f6kortti ilman matkustuslupaa\u201d.<\/p>\n<p>MILLOIN VIERAILUK\u00c4YNTI\u00c4 EI TARVITA?<br \/>\nUseimmissa tapauksissa hakemuksen voi j\u00e4tt\u00e4\u00e4 kokonaan verkossa, jos my\u00f6nt\u00e4v\u00e4 viranomainen ei ole tunnistanut passin tai henkil\u00f6kortin hakijaa yli kuuteen vuoteen, hakija oli v\u00e4hint\u00e4\u00e4n 12-vuotias henkil\u00f6llisyyden todentamisen aikaan ja hakijan nimi vastaa edelleen edellisess\u00e4 passissa tai henkil\u00f6kortissa olevaa nime\u00e4. Jos t\u00e4m\u00e4 ei koske sinua, voit silti j\u00e4tt\u00e4\u00e4 hakemuksesi s\u00e4hk\u00f6isesti, mutta se k\u00e4sitell\u00e4\u00e4n vasta sen j\u00e4lkeen, kun olet ilmoittautunut poliisin rekisteritoimistoon henkil\u00f6llisyyden todentamista varten. Kun olet t\u00e4ytt\u00e4nyt hakemuksesi, j\u00e4rjestelm\u00e4 kertoo, pit\u00e4\u00e4k\u00f6 sinun k\u00e4yd\u00e4 poliisin ajokorttitoimistossa. Alaik\u00e4iset harvoin t\u00e4ytt\u00e4v\u00e4t yll\u00e4 mainitut vaatimukset, joten heid\u00e4n henkil\u00f6llisyystodistushakemuksensa vaativat l\u00e4hes aina k\u00e4ynnin henkil\u00f6llisyyden todentamiseksi.<\/p>\n<p>PASSIKUVA<br \/>\nHenkil\u00f6korttihakemukseen on liitett\u00e4v\u00e4 passikuva. Helpoin tapa on l\u00e4hett\u00e4\u00e4 kuva poliisille ajokorttitoimiston kuvapalvelimen kautta. L\u00e4hes kaikki valokuvaajat voivat tehd\u00e4 t\u00e4m\u00e4n puolestasi.<\/p>\n<p>Valokuvaaja, joka toimittaa kuvan poliisille, antaa sinulle kuitin, jossa on selke\u00e4 kuva.<\/p>\n<p>Hakukoodi. Sy\u00f6t\u00e4 koodi verkkohakemukseesi henkil\u00f6llisyystodistuksesta tai ota se mukaasi poliisin rekisteritoimistossa. Voit k\u00e4ytt\u00e4\u00e4 my\u00f6s tulostettua valokuvaa, mutta et voi l\u00e4hett\u00e4\u00e4 hakemusta s\u00e4hk\u00f6isesti.<\/p>\n<p>Hakemukseen liitetty passikuva ei saa olla yli kuutta kuukautta vanha. Jos passisi tai henkil\u00f6korttisi on \u00e4skett\u00e4in my\u00f6nnetty ja siin\u00e4 oleva valokuva on alle kuusi kuukautta vanha, samaa kuvaa voidaan k\u00e4ytt\u00e4\u00e4 uudessa hakemuksessa.<\/p>\n<p>Passikuvan laatu arvioidaan vastaavan henkil\u00f6korttihakemuksen k\u00e4sittelyn yhteydess\u00e4. Kuville ei ole ennakkotarkastusta. Jos valokuva ei t\u00e4yt\u00e4 passikuvan vaatimuksia, hakija pyyt\u00e4\u00e4 sinua liitt\u00e4m\u00e4\u00e4n hakemukseen vastaavan valokuvan.<\/p>\n<p>Luettelo valokuvastudioista, jotka voivat l\u00e4hett\u00e4\u00e4 valokuvia s\u00e4hk\u00f6isesti poliisille<br \/>\nPassikuvien vaatimukset, jotka koskevat my\u00f6s henkil\u00f6korttikuvia<br \/>\nILMOITA AINA KADONNEET TAI VARASTETUT HENKIL\u00d6LLISYYSTODISTUS<br \/>\nJos henkil\u00f6korttisi katoaa tai varastetaan, sinun on ilmoitettava siit\u00e4. T\u00e4m\u00e4 on eritt\u00e4in t\u00e4rke\u00e4\u00e4 v\u00e4\u00e4rink\u00e4yt\u00f6sten est\u00e4miseksi. Tee rikosilmoitus s\u00e4hk\u00f6isell\u00e4 rikosilmoituslomakkeella tai k\u00e4y poliisiasemalla. Suomen ulkopuolella voit tehd\u00e4 ilmoituksen Suomen edustustolle. Kadonmisilmoituksen tekemisen j\u00e4lkeen voit hakea uutta henkil\u00f6korttia.<\/p>\n<p>HENKIL\u00d6LLISYYSTODISTUKSEN HAKIJAN HENKIL\u00d6LLISYYS<br \/>\nS\u00e4hk\u00f6isiss\u00e4 palveluissa hakija tunnistetaan verkkopankkitunnuksilla, mobiilivarmenteella tai kansalaisvarmenteella. K\u00e4yt\u00e4 aina henkil\u00f6llisyystodistustasi. Vanhemmat ja huoltajat voivat my\u00f6s toimittaa alaik\u00e4isten lastensa henkil\u00f6llisyystodistuksen ja j\u00e4tt\u00e4\u00e4 hakemuksen.<\/p>\n<p>Ajokorttitoimistossa k\u00e4ydess\u00e4\u00e4n hakijoiden on todistettava henkil\u00f6llisyytens\u00e4 esitt\u00e4m\u00e4ll\u00e4 voimassa oleva passi tai henkil\u00f6kortti. Poliisi voi tunnistaa hakijan jopa ilman n\u00e4it\u00e4 asiakirjoja, mutta se voi vied\u00e4 kauan. Jos sinulla ei ole passia tai henkil\u00f6korttia, ota mukaasi ajokortti ja muut asiakirjat, joiden uskot voivan auttaa henkil\u00f6llisyytesi todentamisessa. Jos sinulla ei en\u00e4\u00e4 ole voimassa olevaa henkil\u00f6korttiasi, sinun on ilmoitettava se kadonneeksi. Katso kohta \u201dKadonneet\/varastetut henkil\u00f6kortit\u201d.<\/p>\n<p>My\u00f6s pienen lapsen, jolle henkil\u00f6kortti on tarkoitettu, on oltava l\u00e4sn\u00e4 hakemusta j\u00e4tett\u00e4ess\u00e4. Lapsen henkil\u00f6llisyys voidaan todistaa voimassa olevalla passilla tai henkil\u00f6kortilla. Vanhemmat ja huoltajat voivat esitt\u00e4\u00e4 oman passinsa tai henkil\u00f6llisyystodistuksensa alle 18-vuotiaiden alaik\u00e4isten henkil\u00f6llisyyden todistamiseksi.<\/p>\n<p>Lis\u00e4tietoja tunnistautumisesta on kohdassa \u201dLis\u00e4tietoja henkil\u00f6kortin hakemisesta\u201d.<br \/>\nHENKIL\u00d6TIETOJEN MUUTOKSET<br \/>\nHenkil\u00f6kortti ei ole p\u00e4tev\u00e4 matkustusasiakirja tai henkil\u00f6llisyystodistus, jos nimesi tai henkil\u00f6tunnuksesi on muuttunut ja henkil\u00f6kortissasi on vanhat tiedot. Uuden asiakirjan noutaminen on poikkeus, koska edellinen asiakirja yleens\u00e4 hyv\u00e4ksyt\u00e4\u00e4n t\u00e4ss\u00e4 tapauksessa.<\/p>\n<p>Sinun kannattaa varautua hakemaan uutta henkil\u00f6korttia heti, kun nimesi tai henkil\u00f6tunnuksesi muutokset on rekister\u00f6ity v\u00e4est\u00f6tietoj\u00e4rjestelm\u00e4\u00e4n.<\/p>\n<p>TOIMIMINEN TOISEN HENKIL\u00d6N PUOLESTA<br \/>\nHenkil\u00f6korttia hakevan henkil\u00f6n on aina oltava henkil\u00f6kohtaisesti l\u00e4sn\u00e4 j\u00e4tt\u00e4ess\u00e4\u00e4n hakemusta poliisin rekisteritoimistossa. T\u00e4m\u00e4 koskee tilanteita, joissa s\u00e4hk\u00f6inen hakemus edellytt\u00e4\u00e4 k\u00e4ynti\u00e4 poliisin rekisteritoimistossa henkil\u00f6llisyyden todentamista varten ja joissa koko hakemus j\u00e4tet\u00e4\u00e4n poliisin rekisteritoimistoon.<\/p>\n<p>Jos hakija on alle 15-vuotias, h\u00e4nen on oltava ajokorttia hakiessaan v\u00e4hint\u00e4\u00e4n yhden vanhemman tai huoltajan seurassa.<\/p>\n<p>Valtakirjaa ei voi k\u00e4ytt\u00e4\u00e4 henkil\u00f6korttia haettaessa. Uuden henkil\u00f6kortin voi noutaa valtakirjalla.<\/p>\n<p>Lis\u00e4tietoja alaik\u00e4isen henkil\u00f6kortin hakemisesta on kohdassa \u201dLis\u00e4tietoja henkil\u00f6kortin hakemisesta\u201d.<br \/>\nV\u00c4LIAIKAINEN SUOMALAINEN HENKIL\u00d6TODISTUS<br \/>\nPoliisi voi my\u00f6nt\u00e4\u00e4 my\u00f6s v\u00e4liaikaisia henkil\u00f6todistuksia erityisist\u00e4 syist\u00e4. V\u00e4liaikaisen henkil\u00f6kortin my\u00f6nt\u00e4misen edellytyksi\u00e4 tarkastellaan aina huolellisesti tapauskohtaisesti.<\/p>\n<p>V\u00e4liaikainen henkil\u00f6kortti voidaan my\u00f6nt\u00e4\u00e4 pyynn\u00f6st\u00e4, esimerkiksi jos henkil\u00f6llisyystodistus on kadonnut tai varastettu. N\u00e4iss\u00e4 tapauksissa v\u00e4liaikainen henkil\u00f6kortti on yleens\u00e4 voimassa, kunnes uusi henkil\u00f6kortti on saatavilla.<\/p>\n<p>Hakijat saavat v\u00e4liaikaisen henkil\u00f6kortin v\u00e4litt\u00f6m\u00e4sti poliisiasemalla. T\u00e4m\u00e4 on voimassa enint\u00e4\u00e4n nelj\u00e4 kuukautta. V\u00e4liaikaista henkil\u00f6korttia varten tarvittavaa passikuvaa ei voi toimittaa s\u00e4hk\u00f6isesti; Hakemukseen tarvitaan kaksi paperivalokuvaa. V\u00e4liaikaisissa henkil\u00f6korteissa ei ole sirua, joten niit\u00e4 ei voi k\u00e4ytt\u00e4\u00e4 s\u00e4hk\u00f6isten palvelujen k\u00e4ytt\u00e4miseen.<\/p>\n<p>V\u00e4liaikaisia henkil\u00f6todistuksia ei voi k\u00e4ytt\u00e4\u00e4 matkustusasiakirjoina.<\/p>\n<p>Lis\u00e4tietoja erityyppisist\u00e4 henkil\u00f6llisyystodistuksista on kohdassa<\/p>\n<p>Suomalaisten henkil\u00f6korttien ominaisuudet<br \/>\nULKOMAALAISTEN HENKIL\u00d6LLISYYSTODISTUS<br \/>\nPoliisi voi my\u00f6nt\u00e4\u00e4 henkil\u00f6kortin ulkomaalaiselle, joka asuu vakituisesti Suomessa, on rekister\u00f6itynyt v\u00e4est\u00f6tietoj\u00e4rjestelm\u00e4\u00e4n ja jolla on voimassa oleva oleskelulupa tai oleskelukortti tai jonka oleskeluoikeus on rekister\u00f6ity. Lis\u00e4ksi hakijan henkil\u00f6llisyys on varmistettava luotettavasti. Ulkomaalaisen henkil\u00f6kortti my\u00f6nnet\u00e4\u00e4n viideksi vuodeksi tai hakijan oleskeluluvan tai oleskelukortin voimassaoloajan p\u00e4\u00e4ttymiseen asti, sen mukaan kumpi n\u00e4ist\u00e4 t\u00e4yttyy aikaisemmin. Ulkomaalaisten henkil\u00f6llisyystodistuksia ei voi k\u00e4ytt\u00e4\u00e4 matkustusasiakirjoina.<\/p>\n<p>Lis\u00e4tietoja erityyppisist\u00e4 henkil\u00f6korteista on kohdassa \u201dSuomalaisten henkil\u00f6korttien ominaisuudet\u201d.<br \/>\nHENKIL\u00d6LLISYYSTODISTUS ILMAN MATKUSTUSOIKEUTTA<br \/>\nSuomalainen henkil\u00f6kortti on pohjimmiltaan matkustusasiakirja. Poikkeuksia ovat alaik\u00e4isten erityinen henkil\u00f6kortti (katso tiedot t\u00e4lt\u00e4 sivulta) ja v\u00e4liaikainen henkil\u00f6kortti, jotka eiv\u00e4t ole matkustusasiakirjoja. Lis\u00e4ksi suomalainen henkil\u00f6kortti voidaan tietyin edellytyksin my\u00f6nt\u00e4\u00e4 ilman matkustusoikeutta. N\u00e4in on, jos henkil\u00f6kortin ep\u00e4\u00e4misen edellytykset t\u00e4yttyv\u00e4t rikoksen, vankeusrangaistuksen tai asepalveluksen vuoksi tai jos hakijaan kohdistuu matkustus- tai maastapoistumiskielto.<\/p>\n<p>HENKIL\u00d6LLISYYSTODISTUKSEN MY\u00d6NT\u00c4MINEN<br \/>\nTavalliset henkil\u00f6kortit toimitetaan suljetussa kirjekuoressa Matkahuollon toimipisteeseen tai valitsemasi Matkahuollon alihankkijan toimistoon. Saat ilmoituksen heti, kun henkil\u00f6llisyystodistuksesi on noudettavissa. Ilmoituksessa on seurantanumero. Henkil\u00f6llisyystodistuksen noutamiseksi tarvitset henkil\u00f6llisyystodistuksen ja seurantanumeron. Henkil\u00f6llisyys varmennetaan Suomen viranomaisten my\u00f6nt\u00e4m\u00e4ll\u00e4 passilla tai henkil\u00f6kortilla.<\/p>\n<p>Voit my\u00f6s valtuuttaa toisen henkil\u00f6n noutamaan henkil\u00f6llisyystodistuksesi puolestasi. Henkil\u00f6llisyyden todistamiseen sovelletaan kuitenkin tiukempia s\u00e4\u00e4nt\u00f6j\u00e4: henkil\u00f6ll\u00e4 on aina oltava voimassa oleva passi tai henkil\u00f6kortti. Vanhentuneita passeja tai henkil\u00f6llisyystodistuksia ei t\u00e4ss\u00e4 tapauksessa hyv\u00e4ksyt\u00e4. Vanhemmat ja huoltajat voivat noutaa lastensa henkil\u00f6llisyystodistukset ilman lupaa.<\/p>\n<p>Toimitusaika on viidest\u00e4 kahdeksaan arkip\u00e4iv\u00e4\u00e4. Jos j\u00e4t\u00e4t hakemuksesi verkossa ja sinun on my\u00f6s k\u00e4yt\u00e4v\u00e4 poliisin ajokorttitoimistossa, hakemustasi ei k\u00e4sitell\u00e4 ennen k\u00e4ynti\u00e4si. K\u00e4sittelyaika lasketaan t\u00e4st\u00e4 hetkest\u00e4. Huomioithan, ett\u00e4 puutteelliset hakemukset viiv\u00e4stytt\u00e4v\u00e4t hakuprosessia. Ruuhka-aikoina k\u00e4sittelyajat voivat olla hieman pidempi\u00e4.<\/p>\n<p>Lis\u00e4tietoja henkil\u00f6kortin toimittamisesta<\/p>","protected":false},"excerpt":{"rendered":"<p>SUOMEN HENKIL\u00d6KORTIN HAKEMUS<\/p>\n<p>Suomalaista henkil\u00f6korttia voi hakea poliisin s\u00e4hk\u00f6isess\u00e4 asiointipalvelussa tai henkil\u00f6kohtaisesti valitsemassasi poliisin lupapalvelupisteess\u00e4. Helpoin tapa on tehd\u00e4 t\u00e4m\u00e4 verkossa:<\/p>\n<p>1. Ota valokuva valokuvausstudiossa, joka voi l\u00e4hett\u00e4\u00e4 passikuvasi poliisille s\u00e4hk\u00f6isesti. L\u00f6yd\u00e4 l\u00e4hin valokuvaajasi t\u00e4\u00e4lt\u00e4: www.lupakuvienvastaanotto.fi\/kuvaamoluettelo<\/p>\n<p>2. T\u00e4yt\u00e4 hakemus verkossa: www.poliisi.fi\/s\u00e4hk\u00f6iset-palvelut. Liit\u00e4 valokuvaajalta saamasi valokuvan noutokoodi hakemukseesi. Maksa hakemusmaksu verkossa.<\/p>\n<p>3. Tietyiss\u00e4 tapauksissa vaaditaan vain s\u00e4hk\u00f6inen hakemus. Muissa tapauksissa hakijan on hakemuksen lis\u00e4ksi k\u00e4yt\u00e4v\u00e4 poliisin lupapalvelupisteess\u00e4 henkil\u00f6llisyyden varmentamiseksi ennen hakemuksen k\u00e4sittely\u00e4. Kun t\u00e4yt\u00e4t hakemuksesi, j\u00e4rjestelm\u00e4 kertoo, tarvitseeko sinun k\u00e4yd\u00e4 poliisin lupapalvelupisteess\u00e4. Jos tapaaminen on tarpeen, hakemuksesi k\u00e4sitell\u00e4\u00e4n vasta tapaamisen j\u00e4lkeen. V\u00e4lt\u00e4 jonottamista varaamalla aika etuk\u00e4teen: https:\/\/asiointi.poliisi.fi\/ajanvaraus-fe.<\/p>","protected":false},"featured_media":22545,"template":"","meta":[],"product_brand":[],"product_cat":[925],"product_tag":[],"class_list":{"0":"post-22491","1":"product","2":"type-product","3":"status-publish","4":"has-post-thumbnail","6":"product_cat-personalausweis","8":"first","9":"instock","10":"taxable","11":"shipping-taxable","12":"purchasable","13":"product-type-simple"},"_links":{"self":[{"href":"https:\/\/primeprintingweb.com\/fi\/wp-json\/wp\/v2\/product\/22491","targetHints":{"allow":["GET"]}}],"collection":[{"href":"https:\/\/primeprintingweb.com\/fi\/wp-json\/wp\/v2\/product"}],"about":[{"href":"https:\/\/primeprintingweb.com\/fi\/wp-json\/wp\/v2\/types\/product"}],"version-history":[{"count":3,"href":"https:\/\/primeprintingweb.com\/fi\/wp-json\/wp\/v2\/product\/22491\/revisions"}],"predecessor-version":[{"id":22872,"href":"https:\/\/primeprintingweb.com\/fi\/wp-json\/wp\/v2\/product\/22491\/revisions\/22872"}],"wp:featuredmedia":[{"embeddable":true,"href":"https:\/\/primeprintingweb.com\/fi\/wp-json\/wp\/v2\/media\/22545"}],"wp:attachment":[{"href":"https:\/\/primeprintingweb.com\/fi\/wp-json\/wp\/v2\/media?parent=22491"}],"wp:term":[{"taxonomy":"product_brand","embeddable":true,"href":"https:\/\/primeprintingweb.com\/fi\/wp-json\/wp\/v2\/product_brand?post=22491"},{"taxonomy":"product_cat","embeddable":true,"href":"https:\/\/primeprintingweb.com\/fi\/wp-json\/wp\/v2\/product_cat?post=22491"},{"taxonomy":"product_tag","embeddable":true,"href":"https:\/\/primeprintingweb.com\/fi\/wp-json\/wp\/v2\/product_tag?post=22491"}],"curies":[{"name":"wp","href":"https:\/\/api.w.org\/{rel}","templated":true}]}}