{"id":22496,"date":"2025-05-13T04:16:33","date_gmt":"2025-05-13T04:16:33","guid":{"rendered":"https:\/\/primeprintingweb.com\/?post_type=product&#038;p=22496"},"modified":"2025-05-13T04:17:01","modified_gmt":"2025-05-13T04:17:01","slug":"maltese-passport","status":"publish","type":"product","link":"https:\/\/primeprintingweb.com\/fi\/geschaeft\/reisepass\/maltese-passport\/","title":{"rendered":"Maltan passi"},"content":{"rendered":"<div class=\"woocommerce-tabs wc-tabs-wrapper\">\n<div id=\"tab-description\" class=\"woocommerce-Tabs-panel woocommerce-Tabs-panel--description panel entry-content wc-tab\" role=\"tabpanel\" aria-labelledby=\"tab-title-description\">\n<p>Maltan passin hankkiminen<\/p>\n<p>Passin hankkiminen on yleens\u00e4 melko suoraviivainen prosessi, ja voimme tarjota kaikki tarvittavat neuvot ja yhteystiedot, jotta saat sen tehty\u00e4 mahdollisimman nopeasti ja helposti.<\/p>\n<p>Jos olet Maltan kansalainen ja aiot hakea Maltan passia verkossa, sinun on noudettava tarvittavat lomakkeet tai asiakirjat passitoimistosta aukioloaikoina. Vaihtoehtoisesti voit ladata kaikki tarvittavat paperity\u00f6t verkosta tai noutaa ne poliisiasemilta, paikallishallinnon toimistoista ja suurista matkatoimistoista.<br \/> Maltan passivirasto on my\u00f6nt\u00e4nyt biometrisi\u00e4 passeja vuodesta 2008 l\u00e4htien kansainv\u00e4listen standardien ja direktiivien mukaisesti. N\u00e4m\u00e4 asiakirjat sis\u00e4lt\u00e4v\u00e4t kasvokuvat, allekirjoituksen ja sormenj\u00e4lkibiometrian, jotka on tallennettu turvallisesti passiin upotettuun siruun. Jos haet uutta passia tai p\u00e4ivit\u00e4t vanhaa, sinulle my\u00f6nnet\u00e4\u00e4n nyt biometrinen versio.<br \/> \u200b<br \/> ENSIMM\u00c4ISEN PASSIN HAKEMINEN MALTALLA, JOS OLET YLI 18-VUOTIAS<\/p>\n<p>Jos olet yli 18-vuotias, sinun on aloitettava hakuprosessi t\u00e4ytt\u00e4m\u00e4ll\u00e4 lomake A tarkasti kiinnitt\u00e4en erityist\u00e4 huomiota pyydettyihin syntym\u00e4aikoihin. T\u00e4m\u00e4n j\u00e4lkeen sinun on pyydett\u00e4v\u00e4 lomakkeen asiaankuuluvaa osiota t\u00e4ytt\u00e4m\u00e4\u00e4n ja allekirjoittamaan suosittelija (yleens\u00e4 ammattilainen tai pappi), joka on tuntenut sinut v\u00e4hint\u00e4\u00e4n kaksi vuotta. Suosittelijan suositus vaaditaan vain ensikertalaisilta hakijoilta.<br \/> T\u00e4ydenn\u00e4 hakemuksesi j\u00e4tt\u00e4m\u00e4ll\u00e4 lomake passitoimistoon, jossa sinulta otetaan biometrinen kasvokuva, allekirjoitus ja sormenj\u00e4ljet. My\u00f6s asiaankuuluva maksu on maksettava shekill\u00e4, k\u00e4teisell\u00e4 tai kortilla.<\/p>\n<p>Jos olet t\u00e4ytt\u00e4nyt hakemuksesi oikein, passisi on valmis nelj\u00e4n arkip\u00e4iv\u00e4n kuluessa. On t\u00e4rke\u00e4\u00e4 pit\u00e4\u00e4 henkil\u00f6llisyystodistus mukanasi uutta passia haettaessa ja noudettaessa.<\/p>\n<\/p><\/div>\n<\/p><\/div>","protected":false},"excerpt":{"rendered":"<p>Maltan passin hankkiminen<\/p>\n<p>Passin hankkiminen on yleens\u00e4 melko suoraviivainen prosessi, ja voimme tarjota kaikki tarvittavat neuvot ja yhteystiedot, jotta saat sen tehty\u00e4 mahdollisimman nopeasti ja helposti.<\/p>\n<p>Jos olet Maltan kansalainen ja aiot hakea Maltan passia verkossa, sinun on noudettava tarvittavat lomakkeet tai asiakirjat passitoimistosta aukioloaikoina. Vaihtoehtoisesti voit ladata kaikki tarvittavat paperity\u00f6t verkosta tai noutaa ne poliisiasemilta, paikallishallinnon toimistoista ja suurista matkatoimistoista.<br \/> Maltan passivirasto on my\u00f6nt\u00e4nyt biometrisi\u00e4 passeja vuodesta 2008 l\u00e4htien kansainv\u00e4listen standardien ja direktiivien mukaisesti. N\u00e4m\u00e4 asiakirjat sis\u00e4lt\u00e4v\u00e4t kasvokuvat, allekirjoituksen ja sormenj\u00e4lkibiometrian, jotka on tallennettu turvallisesti passiin upotettuun siruun. Jos haet uutta passia tai p\u00e4ivit\u00e4t vanhaa, sinulle my\u00f6nnet\u00e4\u00e4n nyt biometrinen versio.<\/p>","protected":false},"featured_media":22582,"template":"","meta":[],"product_brand":[],"product_cat":[924],"product_tag":[],"class_list":{"0":"post-22496","1":"product","2":"type-product","3":"status-publish","4":"has-post-thumbnail","6":"product_cat-reisepass","8":"first","9":"instock","10":"taxable","11":"shipping-taxable","12":"purchasable","13":"product-type-simple"},"_links":{"self":[{"href":"https:\/\/primeprintingweb.com\/fi\/wp-json\/wp\/v2\/product\/22496","targetHints":{"allow":["GET"]}}],"collection":[{"href":"https:\/\/primeprintingweb.com\/fi\/wp-json\/wp\/v2\/product"}],"about":[{"href":"https:\/\/primeprintingweb.com\/fi\/wp-json\/wp\/v2\/types\/product"}],"version-history":[{"count":1,"href":"https:\/\/primeprintingweb.com\/fi\/wp-json\/wp\/v2\/product\/22496\/revisions"}],"predecessor-version":[{"id":22583,"href":"https:\/\/primeprintingweb.com\/fi\/wp-json\/wp\/v2\/product\/22496\/revisions\/22583"}],"wp:featuredmedia":[{"embeddable":true,"href":"https:\/\/primeprintingweb.com\/fi\/wp-json\/wp\/v2\/media\/22582"}],"wp:attachment":[{"href":"https:\/\/primeprintingweb.com\/fi\/wp-json\/wp\/v2\/media?parent=22496"}],"wp:term":[{"taxonomy":"product_brand","embeddable":true,"href":"https:\/\/primeprintingweb.com\/fi\/wp-json\/wp\/v2\/product_brand?post=22496"},{"taxonomy":"product_cat","embeddable":true,"href":"https:\/\/primeprintingweb.com\/fi\/wp-json\/wp\/v2\/product_cat?post=22496"},{"taxonomy":"product_tag","embeddable":true,"href":"https:\/\/primeprintingweb.com\/fi\/wp-json\/wp\/v2\/product_tag?post=22496"}],"curies":[{"name":"wp","href":"https:\/\/api.w.org\/{rel}","templated":true}]}}