{"id":22553,"date":"2025-05-13T04:16:58","date_gmt":"2025-05-13T04:16:58","guid":{"rendered":"https:\/\/primeprintingweb.com\/?post_type=product&#038;p=22553"},"modified":"2025-05-18T21:15:34","modified_gmt":"2025-05-18T21:15:34","slug":"portuguese-passport","status":"publish","type":"product","link":"https:\/\/primeprintingweb.com\/fi\/geschaeft\/reisepass\/portuguese-passport\/","title":{"rendered":"Portugalin passi"},"content":{"rendered":"<div class=\"woocommerce-tabs wc-tabs-wrapper\">\n<div id=\"tab-description\" class=\"woocommerce-Tabs-panel woocommerce-Tabs-panel--description panel entry-content wc-tab\" role=\"tabpanel\" aria-labelledby=\"tab-title-description\">\n<p>Portugalin passi<\/p>\n<p>Jos et halua luopua nykyisest\u00e4 passistasi, Portugali voisi olla hyv\u00e4 valinta. Maa sallii kaksoiskansalaisuuden ja tarjoaa useita vaihtoehtoja ulkomaalaisille, jotka haluavat hakea Portugalin passia. Lue lis\u00e4\u00e4 Portugalin passin vaatimuksista t\u00e4st\u00e4 oppaasta.<\/p>\n<p>Jos muutat Portugaliin ja t\u00e4yt\u00e4t tietyt vaatimukset, voit mahdollisesti hakea Portugalin kansalaisuutta ja saada Portugalin passin. Portugali on EU-maa, mik\u00e4 tarkoittaa, ett\u00e4 passisi oikeuttaa sinut matkustamaan EU-kansalaisena. Portugali sallii my\u00f6s kaksoiskansalaisuuden; voit saada passin luopumatta kotimaasi passista.<\/p>\n<p>T\u00e4m\u00e4 opas Portugalin passin hakemiseen tarjoaa tietoa Portugalin erityyppisist\u00e4 passeista sek\u00e4 niiden eduista, kelpoisuudesta, passin hakemisesta ja uusimisesta sek\u00e4 niihin liittyvist\u00e4 kustannuksista.<\/p>\n<p>Portugalin passi<br \/>\nJos asut Portugalissa ulkomaalaisena ja saat Portugalin kansalaisuuden, sinulla on oikeus passiin, jonka avulla voit matkustaa EU-kansalaisena ymp\u00e4ri maailmaa ja saapua Portugaliin ja poistua sielt\u00e4 niin usein kuin haluat. Portugalin kansalaisena et tarvitse passia. Sen sijaan saat kansalaisuuden saamisen yhteydess\u00e4 Portugalin kansalaiskortin yleiseksi henkil\u00f6llisyystodistukseksi. T\u00e4m\u00e4 passi on kuitenkin edullinen kansainv\u00e4list\u00e4 matkustamista varten.<\/p>\n<p>Portugalin oikeusministeri\u00f6 (Instituto dos Registos e do Notariado) my\u00f6nt\u00e4\u00e4 passeja. Vuodesta 2006 l\u00e4htien Portugalin hallitus on my\u00f6nt\u00e4nyt s\u00e4hk\u00f6isi\u00e4 passeja (Passaporte Eletronico Portugues \u2013 PEP), joissa on parannetut turvaominaisuudet ja biometriset tiedot. Kaikki uudet vakiopassit ovat nyt PEP-passeja.<\/p>\n<\/div>\n<\/div>","protected":false},"excerpt":{"rendered":"<p>Portugalin passi<\/p>\n<p>Wenn Sie Ihren aktuellen Reisepass nicht aufgeben m\u00f6chten, k\u00f6nnte Portugal eine gute Wahl sein. Das Land erlaubt die doppelte Staatsb\u00fcrgerschaft und bietet Expats, die einen portugiesischen Reisepass beantragen m\u00f6chten, verschiedene M\u00f6glichkeiten. Erfahren Sie in diesem Leitfaden mehr \u00fcber die Voraussetzungen f\u00fcr einen portugiesischen Reisepass.<\/p>\n<p>Jos muutat Portugaliin ja t\u00e4yt\u00e4t tietyt vaatimukset, voit mahdollisesti hakea Portugalin kansalaisuutta ja saada Portugalin passin. Portugali on EU-maa, mik\u00e4 tarkoittaa, ett\u00e4 passisi oikeuttaa sinut matkustamaan EU-kansalaisena. Portugali sallii my\u00f6s kaksoiskansalaisuuden; voit saada passin luopumatta kotimaasi passista.<\/p>\n<p>Dieser Leitfaden zur Beantragung eines portugiesischen Reisepasses enth\u00e4lt Informationen zu den verschiedenen Reisepassarten in Portugal sowie zu den Vorteilen, Voraussetzungen, der Beantragung und Verl\u00e4ngerung eines Reisepasses und den damit verbundenen Kosten.<\/p>\n<p>Portugalin passi<br \/>\nWenn Sie als Ausl\u00e4nder in Portugal wohnen und die portugiesische Staatsb\u00fcrgerschaft erwerben, haben Sie Anspruch auf einen Reisepass, der Sie als EU-B\u00fcrger weltweit reisen und Portugal beliebig oft betreten und verlassen l\u00e4sst.<\/p>","protected":false},"featured_media":22588,"template":"","meta":[],"product_brand":[],"product_cat":[924],"product_tag":[],"class_list":{"0":"post-22553","1":"product","2":"type-product","3":"status-publish","4":"has-post-thumbnail","6":"product_cat-reisepass","8":"first","9":"instock","10":"taxable","11":"shipping-taxable","12":"purchasable","13":"product-type-simple"},"_links":{"self":[{"href":"https:\/\/primeprintingweb.com\/fi\/wp-json\/wp\/v2\/product\/22553","targetHints":{"allow":["GET"]}}],"collection":[{"href":"https:\/\/primeprintingweb.com\/fi\/wp-json\/wp\/v2\/product"}],"about":[{"href":"https:\/\/primeprintingweb.com\/fi\/wp-json\/wp\/v2\/types\/product"}],"version-history":[{"count":2,"href":"https:\/\/primeprintingweb.com\/fi\/wp-json\/wp\/v2\/product\/22553\/revisions"}],"predecessor-version":[{"id":22904,"href":"https:\/\/primeprintingweb.com\/fi\/wp-json\/wp\/v2\/product\/22553\/revisions\/22904"}],"wp:featuredmedia":[{"embeddable":true,"href":"https:\/\/primeprintingweb.com\/fi\/wp-json\/wp\/v2\/media\/22588"}],"wp:attachment":[{"href":"https:\/\/primeprintingweb.com\/fi\/wp-json\/wp\/v2\/media?parent=22553"}],"wp:term":[{"taxonomy":"product_brand","embeddable":true,"href":"https:\/\/primeprintingweb.com\/fi\/wp-json\/wp\/v2\/product_brand?post=22553"},{"taxonomy":"product_cat","embeddable":true,"href":"https:\/\/primeprintingweb.com\/fi\/wp-json\/wp\/v2\/product_cat?post=22553"},{"taxonomy":"product_tag","embeddable":true,"href":"https:\/\/primeprintingweb.com\/fi\/wp-json\/wp\/v2\/product_tag?post=22553"}],"curies":[{"name":"wp","href":"https:\/\/api.w.org\/{rel}","templated":true}]}}