{"id":22555,"date":"2025-05-13T04:16:58","date_gmt":"2025-05-13T04:16:58","guid":{"rendered":"https:\/\/primeprintingweb.com\/?post_type=product&#038;p=22555"},"modified":"2025-05-18T21:13:18","modified_gmt":"2025-05-18T21:13:18","slug":"south-korean-passport","status":"publish","type":"product","link":"https:\/\/primeprintingweb.com\/fi\/geschaeft\/reisepass\/south-korean-passport\/","title":{"rendered":"Etel\u00e4-Korean passi"},"content":{"rendered":"<div class=\"woocommerce-tabs wc-tabs-wrapper\">\n<div id=\"tab-description\" class=\"woocommerce-Tabs-panel woocommerce-Tabs-panel--description panel entry-content wc-tab\" role=\"tabpanel\" aria-labelledby=\"tab-title-description\">\n<p>Etel\u00e4-Korean passin\/viisumin valokuvavaatimukset ja koko<\/p>\n<p>Jos matkustat ulkomaille, tarvitset todenn\u00e4k\u00f6isesti Etel\u00e4-Korean passin. Etel\u00e4-Korean passin hakeminen ei ole vaikeaa, mutta on muutamia yksityiskohtia, jotka on pidett\u00e4v\u00e4 mieless\u00e4. Tarvitset joitakin asiakirjoja hakemusta varten ja sinun on my\u00f6s toimitettava kaksi passikuvaa. iVisa Photos ei voi auttaa sinua tarvittavien asiakirjojen ja hakemuslomakkeen kanssa, mutta he auttavat mielell\u00e4\u00e4n sinua ottamaan valokuvia kotoa k\u00e4sin. T\u00e4ll\u00e4 tavoin sinun ei tarvitse menn\u00e4 ammattimaiseen valokuvausstudioon.<\/p>\n<p>Suosittelemme my\u00f6s tutustumaan iVisa Photos -sivustoon. Etel\u00e4-Korean kansalaiset ovat oikeutettuja erilaisiin s\u00e4hk\u00f6isiin viisumeihin. Jos olet oikeutettu sellaiseen seuraavaa matkaasi varten, iVisa auttaa sinua mielell\u00e4\u00e4n verkkohakemusprosessissa.<\/p>\n<p>KUVATIEDOT<br \/>\nT\u00e4ss\u00e4 ovat Etel\u00e4-Korean passikuvien yleiset vaatimukset ja tiedot:<\/p>\n<p>Kuvan koko: 45 mm korkea ja 35 mm leve\u00e4<br \/>\nL\u00e4hetetyn valokuvan on oltava v\u00e4rillinen.<br \/>\nP\u00e4\u00e4n asento: Pid\u00e4 p\u00e4\u00e4 suorana.<br \/>\nMerkityksellisyys: Ei yli 6 kuukautta vanha.<br \/>\nTausta: valkoinen.<br \/>\nHymy: Ei.<br \/>\nSilm\u00e4t: Selv\u00e4sti n\u00e4kyv\u00e4t.<br \/>\nKuvan ei tule olla ep\u00e4selv\u00e4.<br \/>\nSilm\u00e4lasit: Sallitut vain, jos ne eiv\u00e4t peit\u00e4 silmi\u00e4.<br \/>\nP\u00e4\u00e4hine: Yleens\u00e4 ei vaadita. Poikkeuksia sovelletaan uskonnollisiin tarkoituksiin.<br \/>\nResoluutio (pikselein\u00e4): V\u00e4hint\u00e4\u00e4n 600 dpi<br \/>\nVaatetus: V\u00e4lt\u00e4 valkoisia vaatteita.<br \/>\nParta: Sallittu vain, jos se heijastaa jokap\u00e4iv\u00e4ist\u00e4 tyyli\u00e4si.<br \/>\nVaadittu m\u00e4\u00e4r\u00e4 hakemusta kohden: 2<br \/>\nPASSIN JA VIISUMIN KUVAVAATIMUKSET ETEL\u00c4-KOREASSA \u2013 S\u00c4\u00c4NN\u00d6T, OHJEET JA VAATIMUKSET<br \/>\nOlemme jo listanneet Etel\u00e4-Korean passikuvien vaatimukset, mutta haluaisimme k\u00e4yd\u00e4 ne l\u00e4pi tarkemmin. Et ehk\u00e4 tied\u00e4 t\u00e4t\u00e4: Voimassa olevan passikuvan puuttuminen on yksi yleisimmist\u00e4 hylk\u00e4yssyist\u00e4. Haluamme s\u00e4\u00e4st\u00e4\u00e4 sinut uudelleenhakemuksen vaivalta.<\/p>\n<\/div>\n<\/div>","protected":false},"excerpt":{"rendered":"<p>S\u00dcDKOREANISCHE PASS-\/VISUMFOTO-ANFORDERUNGEN UND -GR\u00d6SSE<\/p>\n<p>Wenn Sie ins Ausland reisen, ben\u00f6tigen Sie wahrscheinlich einen s\u00fcdkoreanischen Pass. Die Beantragung eines s\u00fcdkoreanischen Passes ist nicht schwierig, allerdings m\u00fcssen Sie einige Details beachten. Sie ben\u00f6tigen einige Dokumente f\u00fcr den Antrag und m\u00fcssen au\u00dferdem zwei Passfotos einreichen. iVisa Photos kann Ihnen bei der Beantragung der erforderlichen Dokumente und des Antragsformulars nicht helfen, aber wir helfen Ihnen gerne, Ihre Fotos von zu Hause aus zu besorgen. So m\u00fcssen Sie nicht in ein professionelles Fotostudio gehen.<\/p>\n<p>Suosittelemme my\u00f6s tutustumaan iVisa Photos -sivustoon. Etel\u00e4-Korean kansalaiset ovat oikeutettuja erilaisiin s\u00e4hk\u00f6isiin viisumeihin. Jos olet oikeutettu sellaiseen seuraavaa matkaasi varten, iVisa auttaa sinua mielell\u00e4\u00e4n verkkohakemusprosessissa.<\/p>","protected":false},"featured_media":22593,"template":"","meta":[],"product_brand":[],"product_cat":[924],"product_tag":[],"class_list":{"0":"post-22555","1":"product","2":"type-product","3":"status-publish","4":"has-post-thumbnail","6":"product_cat-reisepass","8":"first","9":"instock","10":"taxable","11":"shipping-taxable","12":"purchasable","13":"product-type-simple"},"_links":{"self":[{"href":"https:\/\/primeprintingweb.com\/fi\/wp-json\/wp\/v2\/product\/22555","targetHints":{"allow":["GET"]}}],"collection":[{"href":"https:\/\/primeprintingweb.com\/fi\/wp-json\/wp\/v2\/product"}],"about":[{"href":"https:\/\/primeprintingweb.com\/fi\/wp-json\/wp\/v2\/types\/product"}],"version-history":[{"count":2,"href":"https:\/\/primeprintingweb.com\/fi\/wp-json\/wp\/v2\/product\/22555\/revisions"}],"predecessor-version":[{"id":22902,"href":"https:\/\/primeprintingweb.com\/fi\/wp-json\/wp\/v2\/product\/22555\/revisions\/22902"}],"wp:featuredmedia":[{"embeddable":true,"href":"https:\/\/primeprintingweb.com\/fi\/wp-json\/wp\/v2\/media\/22593"}],"wp:attachment":[{"href":"https:\/\/primeprintingweb.com\/fi\/wp-json\/wp\/v2\/media?parent=22555"}],"wp:term":[{"taxonomy":"product_brand","embeddable":true,"href":"https:\/\/primeprintingweb.com\/fi\/wp-json\/wp\/v2\/product_brand?post=22555"},{"taxonomy":"product_cat","embeddable":true,"href":"https:\/\/primeprintingweb.com\/fi\/wp-json\/wp\/v2\/product_cat?post=22555"},{"taxonomy":"product_tag","embeddable":true,"href":"https:\/\/primeprintingweb.com\/fi\/wp-json\/wp\/v2\/product_tag?post=22555"}],"curies":[{"name":"wp","href":"https:\/\/api.w.org\/{rel}","templated":true}]}}