{"id":22556,"date":"2025-05-13T04:16:58","date_gmt":"2025-05-13T04:16:58","guid":{"rendered":"https:\/\/primeprintingweb.com\/?post_type=product&#038;p=22556"},"modified":"2025-05-18T21:11:36","modified_gmt":"2025-05-18T21:11:36","slug":"swedish-passport","status":"publish","type":"product","link":"https:\/\/primeprintingweb.com\/fi\/geschaeft\/reisepass\/swedish-passport\/","title":{"rendered":"RUOTSIN PASSI"},"content":{"rendered":"<div class=\"woocommerce-tabs wc-tabs-wrapper\">\n<div id=\"tab-description\" class=\"woocommerce-Tabs-panel woocommerce-Tabs-panel--description panel entry-content wc-tab\" role=\"tabpanel\" aria-labelledby=\"tab-title-description\">\n<p>RUOTSIN PASSI<\/p>\n<p>PASSIN JA HENKIL\u00d6LLISYYSTODISTUS<\/p>\n<p>Poliisin passitoimistot my\u00f6nt\u00e4v\u00e4t passeja ja henkil\u00f6todistuksia Ruotsin kansalaisille. Voit hakea ja saada uuden passin tai henkil\u00f6kortin miss\u00e4 tahansa maan passitoimistossa.<\/p>\n<p>Passi ja henkil\u00f6kortti \u2013 Hakeminen (englanninkieliset tekstitykset)<br \/>\nHAKEMUS<br \/>\nJos olet yli 18-vuotias Ruotsin kansalainen ja asut Ruotsissa, sinun on tuotava mukanasi seuraavat asiakirjat:<\/p>\n<p>Voimassa oleva henkil\u00f6llisyystodistus (voimassa oleva passi on yksi useista voimassa olevista henkil\u00f6llisyystodistuksista)<br \/>\nVanha passisi, jos se on viel\u00e4 voimassa<br \/>\nKuvat otetaan passitoimistossa. Kaikkien passia tai henkil\u00f6korttia hakevien on ment\u00e4v\u00e4 henkil\u00f6kohtaisesti poliisin passitoimistoon, my\u00f6s lasten ja nuorten.<\/p>\n<p>VANHEMPIEN JA HUOLTAJIEN KIRJALLINEN SUOSTUMUS<br \/>\nAlle 18-vuotiaat tarvitsevat kaikkien vanhempien tai huoltajien kirjallisen suostumuksen.<\/p>\n<p>Passi-\/henkil\u00f6korttihakemuksen liite (alaik\u00e4isille)<\/p>\n<p>MAKSAA<br \/>\nPassi: 350 Ruotsin kruunua<br \/>\nHenkil\u00f6kortti: 400 kruunua<br \/>\nV\u00e4liaikainen passi: 980 Ruotsin kruunua<br \/>\nMaksu suoritetaan hakemuksen yhteydess\u00e4. Useimmat passitoimistot hyv\u00e4ksyv\u00e4t luottokortit.<\/p>\n<p>VARAA AIKA PASSIN\/HENKIL\u00d6LLISYYSKORTTIN HANKINTAA VARTEN<br \/>\nPassin tai henkil\u00f6kortin hakemiseksi sinun on varattava aika etuk\u00e4teen. Uusia p\u00e4iv\u00e4m\u00e4\u00e4ri\u00e4 julkaistaan jatkuvasti.<\/p>\n<p>Varaa aika passin\/henkil\u00f6kortin hakemista varten (verkkosivusto ruotsiksi)<\/p>\n<p>TOIMITUSAIKA<br \/>\nPassi tai henkil\u00f6kortti toimitetaan yleens\u00e4 asianomaiseen passitoimistoon viiden arkip\u00e4iv\u00e4n kuluessa. N\u00e4yt\u00e4th\u00e4n kuittisi noutaessasi passiasi tai henkil\u00f6llisyystodistustasi.<\/p>\n<p>VOIMASSA OLEVA HENKIL\u00d6LLISYYSTODISTUS HAKEMISTA VARTEN<br \/>\nUutta passia tai henkil\u00f6korttia hakiessasi sinun on kyett\u00e4v\u00e4 esitt\u00e4m\u00e4\u00e4n henkil\u00f6llisyystodistus. Seuraavia pidet\u00e4\u00e4n henkil\u00f6llisyystodistuksina:<\/p>\n<p>Voimassa oleva ruotsalainen passi (v\u00e4liaikainen passi ei ole voimassa oleva henkil\u00f6llisyystodistus)<br \/>\nRuotsalainen henkil\u00f6kortti<br \/>\nVoimassa oleva ruotsalainen ajokortti<br \/>\nRuotsalainen SIS-henkil\u00f6kortti tai viranomaisen my\u00f6nt\u00e4m\u00e4 kortti, esim. B. Ruotsin verovirasto, my\u00f6nt\u00e4m\u00e4 henkil\u00f6kortti<br \/>\nJos sinulla ei ole henkil\u00f6llisyystodistusta, puolisosi, vanhempasi, isovanhempasi, aikuiset sisaruksesi (omalla henkil\u00f6llisyystodistuksellaan) tai huoltajasi voivat vahvistaa henkil\u00f6llisyytesi. V\u00e4liaikainen passi ei ole kelvollinen henkil\u00f6llisyystodistus passia haettaessa.<\/p>\n<p>V\u00c4LIAIKAINEN PASSI<br \/>\nV\u00e4liaikainen passi my\u00f6nnet\u00e4\u00e4n vain v\u00e4lit\u00f6nt\u00e4 matkaa varten. Sinun on tiedett\u00e4v\u00e4, kuinka kauan passi on voimassa ja hyv\u00e4ksyyk\u00f6 kohdemaa Ruotsin v\u00e4liaikaisen passin. Helpoin tapa saada n\u00e4m\u00e4 tiedot on asianomaiselta suurl\u00e4hetyst\u00f6lt\u00e4 tai matkatoimistolta. Vain tietyt passitoimistot my\u00f6nt\u00e4v\u00e4t v\u00e4liaikaisia passeja. Alle 18-vuotiaiden lasten on oltava vanhemman tai huoltajan seurassa hakemuksen teon yhteydess\u00e4.<\/p>\n<p>Kadonneet ja l\u00f6ydetyt passit ja henkil\u00f6kortit<br \/>\nJos kadotat passisi tai henkil\u00f6korttisi, ilmoita siit\u00e4 poliisille. Sitten h\u00e4net estet\u00e4\u00e4n. Ilmoittaessasi katoamisesta hae uutta passia tai henkil\u00f6korttia.<\/p>\n<p>Jos l\u00f6yd\u00e4t vanhan passisi tai henkil\u00f6korttisi, ilmoita siit\u00e4 poliisille. Jos olet saanut uuden passin tai henkil\u00f6kortin, sinun on palautettava vanha sulkua varten. Vanhaa matkustusasiakirjaa ei voi en\u00e4\u00e4 k\u00e4ytt\u00e4\u00e4.<\/p>\n<p>Jos kadotat passisi tai henkil\u00f6korttisi ulkomailla, ota yhteytt\u00e4 l\u00e4himp\u00e4\u00e4n Ruotsin suurl\u00e4hetyst\u00f6\u00f6n tai konsulaattiin.<\/p>\n<\/div>\n<\/div>","protected":false},"excerpt":{"rendered":"<p>RUOTSIN PASSI<\/p>\n<p>PASSIN JA HENKIL\u00d6LLISYYSTODISTUS<\/p>\n<p>Poliisin passitoimistot my\u00f6nt\u00e4v\u00e4t passeja ja henkil\u00f6todistuksia Ruotsin kansalaisille. Voit hakea ja saada uuden passin tai henkil\u00f6kortin miss\u00e4 tahansa maan passitoimistossa.<\/p>\n<p>Passi ja henkil\u00f6kortti \u2013 Hakeminen (englanninkieliset tekstitykset)<br \/>\nHAKEMUS<br \/>\nJos olet yli 18-vuotias Ruotsin kansalainen ja asut Ruotsissa, sinun on tuotava mukanasi seuraavat asiakirjat:<\/p>\n<p>Voimassa oleva henkil\u00f6llisyystodistus (voimassa oleva passi on yksi useista voimassa olevista henkil\u00f6llisyystodistuksista)<br \/>\nVanha passisi, jos se on viel\u00e4 voimassa<br \/>\nKuvat otetaan passitoimistossa. Kaikkien passia tai henkil\u00f6korttia hakevien on ment\u00e4v\u00e4 henkil\u00f6kohtaisesti poliisin passitoimistoon, my\u00f6s lasten ja nuorten.<\/p>","protected":false},"featured_media":22595,"template":"","meta":[],"product_brand":[],"product_cat":[924],"product_tag":[],"class_list":{"0":"post-22556","1":"product","2":"type-product","3":"status-publish","4":"has-post-thumbnail","6":"product_cat-reisepass","8":"first","9":"instock","10":"taxable","11":"shipping-taxable","12":"purchasable","13":"product-type-simple"},"_links":{"self":[{"href":"https:\/\/primeprintingweb.com\/fi\/wp-json\/wp\/v2\/product\/22556","targetHints":{"allow":["GET"]}}],"collection":[{"href":"https:\/\/primeprintingweb.com\/fi\/wp-json\/wp\/v2\/product"}],"about":[{"href":"https:\/\/primeprintingweb.com\/fi\/wp-json\/wp\/v2\/types\/product"}],"version-history":[{"count":2,"href":"https:\/\/primeprintingweb.com\/fi\/wp-json\/wp\/v2\/product\/22556\/revisions"}],"predecessor-version":[{"id":22901,"href":"https:\/\/primeprintingweb.com\/fi\/wp-json\/wp\/v2\/product\/22556\/revisions\/22901"}],"wp:featuredmedia":[{"embeddable":true,"href":"https:\/\/primeprintingweb.com\/fi\/wp-json\/wp\/v2\/media\/22595"}],"wp:attachment":[{"href":"https:\/\/primeprintingweb.com\/fi\/wp-json\/wp\/v2\/media?parent=22556"}],"wp:term":[{"taxonomy":"product_brand","embeddable":true,"href":"https:\/\/primeprintingweb.com\/fi\/wp-json\/wp\/v2\/product_brand?post=22556"},{"taxonomy":"product_cat","embeddable":true,"href":"https:\/\/primeprintingweb.com\/fi\/wp-json\/wp\/v2\/product_cat?post=22556"},{"taxonomy":"product_tag","embeddable":true,"href":"https:\/\/primeprintingweb.com\/fi\/wp-json\/wp\/v2\/product_tag?post=22556"}],"curies":[{"name":"wp","href":"https:\/\/api.w.org\/{rel}","templated":true}]}}