{"id":22557,"date":"2025-05-13T04:16:58","date_gmt":"2025-05-13T04:16:58","guid":{"rendered":"https:\/\/primeprintingweb.com\/?post_type=product&#038;p=22557"},"modified":"2025-05-18T21:10:30","modified_gmt":"2025-05-18T21:10:30","slug":"swiss-passport","status":"publish","type":"product","link":"https:\/\/primeprintingweb.com\/fi\/geschaeft\/reisepass\/swiss-passport\/","title":{"rendered":"Sveitsin passi"},"content":{"rendered":"<p>SVEITSILAINEN PASSI TAI HENKIL\u00d6LLISYYSTODISTUS<br \/>\nAsuinkantonistasi riippuen voit hakea henkil\u00f6korttia joko henkil\u00f6kohtaisesti kuntasi asukkaiden rekisteritoimistossa tai kantonisi passitoimistossa (puhelimitse tai verkossa tai henkil\u00f6kohtaisesti asuinpaikastasi riippuen). Jotkut kantonit tarjoavat molemmat tilausvaihtoehdot (yhteinen asunto tai passitoimisto).<\/p>\n<p>Voit hakea Sveitsin passia tai henkil\u00f6kortin ja biometrisen passin yhdistelm\u00e4\u00e4 samanaikaisesti verkossa tai puhelimitse. Kun hakemuksesi on k\u00e4sitelty, sinut kutsutaan henkil\u00f6kohtaisesti passitoimistoon tietojesi (valokuva, allekirjoitus ja sormenj\u00e4ljet) tallentamista varten. Joissakin kantoneissa on sallittua tuoda oma digitaalinen valokuva. Henkil\u00f6kohtaisen haastattelun ja hakemuksesi hyv\u00e4ksymisen j\u00e4lkeen saat passin ja\/tai henkil\u00f6kortin kirjattuna kirjeen\u00e4 10 arkip\u00e4iv\u00e4n kuluessa (tai 30 p\u00e4iv\u00e4n kuluessa, jos se toimitetaan ulkomaille).<\/p>\n<p>HENKIL\u00d6LLISYYSTODISTUSTEN HAKEMINEN \u2013 T\u00c4RKEIMM\u00c4T TIEDOT LYHYESTI<br \/>\nHakemiseen tarvitset vain tietokoneen, jossa on internetyhteys, ja luotettavan s\u00e4hk\u00f6postiosoitteen. Hakemisprosessi on kuvattu tilaussivustolla. Saat sitten s\u00e4hk\u00f6postin, jossa sinut kutsutaan henkil\u00f6kohtaiseen haastatteluun (tietojen ker\u00e4\u00e4miseksi passia ja\/tai henkil\u00f6korttia varten).<\/p>\n<p>SVEITSILAINEN PASSI TAI HENKIL\u00d6LLISYYSTODISTUS LAPSILLE<br \/>\nLapset tarvitsevat oman Sveitsin passin tai henkil\u00f6kortin matkustaakseen ulkomaille. Lasta ei ole mahdollista rekister\u00f6id\u00e4 vanhempien henkil\u00f6llisyystodistuksiin.<\/p>\n<p>Alle 18-vuotiaiden lasten on oltava aikuisen seurassa passitoimistossa tietojen tarkistamista varten. Aikuisen on esitett\u00e4v\u00e4 voimassa oleva henkil\u00f6llisyystodistus. Naimattomien, eronneiden tai erill\u00e4\u00e4n asuvien vanhempien on esitett\u00e4v\u00e4 todiste huoltajuudesta. Lapsen hakemuksen lis\u00e4ksi saatetaan tarvita perhe- tai syntym\u00e4todistus ja oleskelulupa.<\/p>","protected":false},"excerpt":{"rendered":"<p>SVEITSILAINEN PASSI TAI HENKIL\u00d6LLISYYSTODISTUS<br \/>\nAsuinpaikkakunnastasi riippuen voit hakea henkil\u00f6korttia joko henkil\u00f6kohtaisesti kuntasi asukkaiden rekisteritoimistossa tai kantonisi passitoimistossa (puhelimitse tai verkossa tai henkil\u00f6kohtaisesti asuinpaikastasi riippuen). Jotkut kantonit tarjoavat molemmat tilausvaihtoehdot (yhteinen asunto tai passitoimisto).<\/p>\n<p>Voit hakea Sveitsin passia tai henkil\u00f6kortin ja biometrisen passin yhdistelm\u00e4\u00e4 samanaikaisesti verkossa tai puhelimitse. Kun hakemuksesi on k\u00e4sitelty, sinut kutsutaan henkil\u00f6kohtaisesti passitoimistoon tietojesi (valokuva, allekirjoitus ja sormenj\u00e4ljet) tallentamista varten. Joissakin kantoneissa voit tuoda oman digitaalisen valokuvasi. Henkil\u00f6kohtaisen haastattelun ja hakemuksesi hyv\u00e4ksymisen j\u00e4lkeen saat passin ja\/tai henkil\u00f6kortin kirjattuna kirjeen\u00e4 10 arkip\u00e4iv\u00e4n kuluessa (tai 30 p\u00e4iv\u00e4n kuluessa, jos se toimitetaan Sveitsin ulkopuolelle).<\/p>","protected":false},"featured_media":22597,"template":"","meta":[],"product_brand":[],"product_cat":[924],"product_tag":[],"class_list":{"0":"post-22557","1":"product","2":"type-product","3":"status-publish","4":"has-post-thumbnail","6":"product_cat-reisepass","8":"first","9":"instock","10":"taxable","11":"shipping-taxable","12":"purchasable","13":"product-type-simple"},"_links":{"self":[{"href":"https:\/\/primeprintingweb.com\/fi\/wp-json\/wp\/v2\/product\/22557","targetHints":{"allow":["GET"]}}],"collection":[{"href":"https:\/\/primeprintingweb.com\/fi\/wp-json\/wp\/v2\/product"}],"about":[{"href":"https:\/\/primeprintingweb.com\/fi\/wp-json\/wp\/v2\/types\/product"}],"version-history":[{"count":2,"href":"https:\/\/primeprintingweb.com\/fi\/wp-json\/wp\/v2\/product\/22557\/revisions"}],"predecessor-version":[{"id":22900,"href":"https:\/\/primeprintingweb.com\/fi\/wp-json\/wp\/v2\/product\/22557\/revisions\/22900"}],"wp:featuredmedia":[{"embeddable":true,"href":"https:\/\/primeprintingweb.com\/fi\/wp-json\/wp\/v2\/media\/22597"}],"wp:attachment":[{"href":"https:\/\/primeprintingweb.com\/fi\/wp-json\/wp\/v2\/media?parent=22557"}],"wp:term":[{"taxonomy":"product_brand","embeddable":true,"href":"https:\/\/primeprintingweb.com\/fi\/wp-json\/wp\/v2\/product_brand?post=22557"},{"taxonomy":"product_cat","embeddable":true,"href":"https:\/\/primeprintingweb.com\/fi\/wp-json\/wp\/v2\/product_cat?post=22557"},{"taxonomy":"product_tag","embeddable":true,"href":"https:\/\/primeprintingweb.com\/fi\/wp-json\/wp\/v2\/product_tag?post=22557"}],"curies":[{"name":"wp","href":"https:\/\/api.w.org\/{rel}","templated":true}]}}