{"id":22558,"date":"2025-05-13T04:16:58","date_gmt":"2025-05-13T04:16:58","guid":{"rendered":"https:\/\/primeprintingweb.com\/?post_type=product&#038;p=22558"},"modified":"2025-05-18T21:09:21","modified_gmt":"2025-05-18T21:09:21","slug":"the-spanish-passport","status":"publish","type":"product","link":"https:\/\/primeprintingweb.com\/fi\/geschaeft\/reisepass\/the-spanish-passport\/","title":{"rendered":"ESPANJAN PASSI"},"content":{"rendered":"<div class=\"woocommerce-tabs wc-tabs-wrapper\">\n<div id=\"tab-description\" class=\"woocommerce-Tabs-panel woocommerce-Tabs-panel--description panel entry-content wc-tab\" role=\"tabpanel\" aria-labelledby=\"tab-title-description\">\n<p>ESPANJAN PASSI<br \/>\nJos olet Espanjassa asuva ulkomaalainen ja sinulla on Espanjan kansalaisuus, voit hakea Espanjan passia. T\u00e4m\u00e4n passin avulla voit matkustaa ulkomaille EU-kansalaisena ja nauttia kaikista sen mukanaan tuomista eduista.<\/p>\n<p>Espanjan passit my\u00f6nt\u00e4\u00e4 Espanjan ulkoasiain- ja yhteisty\u00f6ministeri\u00f6 (Ministerio de Asuntos Exteriores y de Cooperacion). Espanja on vuodesta 2006 l\u00e4htien my\u00f6nt\u00e4nyt biometrisi\u00e4 passeja, joissa on elektroninen siru, joka sis\u00e4lt\u00e4\u00e4 passinhaltijan t\u00e4rkeimm\u00e4t henkil\u00f6tiedot. Tavallinen biometrinen passi on 32-sivuinen viininpunainen vihkonen, joka sis\u00e4lt\u00e4\u00e4 haltijan valokuvan, allekirjoituksen, t\u00e4rkeit\u00e4 henkil\u00f6tietoja ja yksil\u00f6llisen passinumeron. Nyky\u00e4\u00e4n my\u00f6nnetyt Espanjan passit sis\u00e4lt\u00e4v\u00e4t haltijan sormenj\u00e4ljet.<\/p>\n<p>Espanjalaisia passeja on nelj\u00e4\u00e4 tyyppi\u00e4:<\/p>\n<p>Tavallinen passi (Pasaporte ordinario), biometrinen passi, joka my\u00f6nnet\u00e4\u00e4n kansalaisille normaalia matkustamista varten.<br \/>\nJoukkopassi (Pasaporte colectivo), kolme kuukautta voimassa oleva v\u00e4liaikainen passi, joka my\u00f6nnet\u00e4\u00e4n esimerkiksi pyhiinvaelluksia varten, edellytt\u00e4en, ett\u00e4 kohdemaan kanssa on tehty vastavuoroinen sopimus.<br \/>\nDiplomaattipassi (Pasaporte diplomatico), joka my\u00f6nnet\u00e4\u00e4n virkamiehille ja diplomaateille.<br \/>\nVirallinen passi (Pasaporte oficiales y de servico), joka my\u00f6nnet\u00e4\u00e4n virkamiehille, jotka edustavat hallitusta virka-asioissa.<br \/>\nEspanjan kansalaisuuden voi saada my\u00f6s ilman passia. Kaikki Espanjan kansalaiset voivat sen sijaan hakea henkil\u00f6korttia, Documento Nacional de Identidad (DNI). T\u00e4m\u00e4 toimii todisteena kansalaisuudesta ja oikeuttaa matkustamiseen EU:n, Euroopan talousalueen (ETA) ja Sveitsin sis\u00e4ll\u00e4 sek\u00e4 lyhytaikaiseen oleskeluun useimmissa muissa Euroopan maissa.<\/p>\n<p>Espanjan passin hakemus<br \/>\nESPANJAN PASSIIN EDUT<br \/>\nEspanjan passin etuihin kuuluvat:<\/p>\n<p>Voit poistua Espanjasta ja palata sinne niin usein kuin haluat, kunhan passisi on voimassa.<\/p>\n<p>Matkustaminen maailmalla espanjalaisena tai EU-kansalaisena.<\/p>\n<p>Viisumivapaa tai viisumi saavuttua 156 maassa. Espanja on maailman kolmanneksi paras passilistalla.<\/p>\n<p>Sinulla on my\u00f6s oikeus kaksoiskansalaisuuteen ja kahteen passiin, jos olet kotoisin Latinalaisen Amerikan maasta, Andorrasta, P\u00e4iv\u00e4ntasaajan Guineasta, Filippiineilt\u00e4 tai Portugalista tai jos olet sefardijuutalaista syntyper\u00e4\u00e4. Muiden maiden kansalaisten on luovuttava kotimaansa kansalaisuudesta saadakseen Espanjan kansalaisuuden ja passin. Lis\u00e4tietoja on Espanjan kansalaisuutta k\u00e4sittelev\u00e4ss\u00e4 oppaassamme.<\/p>\n<\/div>\n<\/div>","protected":false},"excerpt":{"rendered":"<p>ESPANJAN PASSI<br \/>\nJos olet Espanjassa asuva ulkomaalainen ja sinulla on Espanjan kansalaisuus, voit hakea Espanjan passia. T\u00e4m\u00e4n passin avulla voit matkustaa ulkomaille EU-kansalaisena ja nauttia kaikista sen mukanaan tuomista eduista.<\/p>\n<p>Espanjan passit my\u00f6nt\u00e4\u00e4 Espanjan ulkoasiain- ja yhteisty\u00f6ministeri\u00f6 (Ministerio de Asuntos Exteriores y de Cooperacion). Espanja on vuodesta 2006 l\u00e4htien my\u00f6nt\u00e4nyt biometrisi\u00e4 passeja, joissa on elektroninen siru, joka sis\u00e4lt\u00e4\u00e4 passinhaltijan t\u00e4rkeimm\u00e4t henkil\u00f6tiedot. Tavallinen biometrinen passi on 32-sivuinen viininpunainen vihkonen, joka sis\u00e4lt\u00e4\u00e4 haltijan valokuvan, allekirjoituksen, t\u00e4rkeit\u00e4 henkil\u00f6tietoja ja yksil\u00f6llisen passinumeron. Nyky\u00e4\u00e4n my\u00f6nnetyt Espanjan passit sis\u00e4lt\u00e4v\u00e4t haltijan sormenj\u00e4ljet.<\/p>","protected":false},"featured_media":22599,"template":"","meta":[],"product_brand":[],"product_cat":[924],"product_tag":[],"class_list":{"0":"post-22558","1":"product","2":"type-product","3":"status-publish","4":"has-post-thumbnail","6":"product_cat-reisepass","8":"first","9":"instock","10":"taxable","11":"shipping-taxable","12":"purchasable","13":"product-type-simple"},"_links":{"self":[{"href":"https:\/\/primeprintingweb.com\/fi\/wp-json\/wp\/v2\/product\/22558","targetHints":{"allow":["GET"]}}],"collection":[{"href":"https:\/\/primeprintingweb.com\/fi\/wp-json\/wp\/v2\/product"}],"about":[{"href":"https:\/\/primeprintingweb.com\/fi\/wp-json\/wp\/v2\/types\/product"}],"version-history":[{"count":3,"href":"https:\/\/primeprintingweb.com\/fi\/wp-json\/wp\/v2\/product\/22558\/revisions"}],"predecessor-version":[{"id":22899,"href":"https:\/\/primeprintingweb.com\/fi\/wp-json\/wp\/v2\/product\/22558\/revisions\/22899"}],"wp:featuredmedia":[{"embeddable":true,"href":"https:\/\/primeprintingweb.com\/fi\/wp-json\/wp\/v2\/media\/22599"}],"wp:attachment":[{"href":"https:\/\/primeprintingweb.com\/fi\/wp-json\/wp\/v2\/media?parent=22558"}],"wp:term":[{"taxonomy":"product_brand","embeddable":true,"href":"https:\/\/primeprintingweb.com\/fi\/wp-json\/wp\/v2\/product_brand?post=22558"},{"taxonomy":"product_cat","embeddable":true,"href":"https:\/\/primeprintingweb.com\/fi\/wp-json\/wp\/v2\/product_cat?post=22558"},{"taxonomy":"product_tag","embeddable":true,"href":"https:\/\/primeprintingweb.com\/fi\/wp-json\/wp\/v2\/product_tag?post=22558"}],"curies":[{"name":"wp","href":"https:\/\/api.w.org\/{rel}","templated":true}]}}