{"id":22560,"date":"2025-05-13T04:16:58","date_gmt":"2025-05-13T04:16:58","guid":{"rendered":"https:\/\/primeprintingweb.com\/?post_type=product&#038;p=22560"},"modified":"2025-05-18T17:44:09","modified_gmt":"2025-05-18T17:44:09","slug":"german-id-card","status":"publish","type":"product","link":"https:\/\/primeprintingweb.com\/fi\/geschaeft\/personalausweis\/german-id-card\/","title":{"rendered":"Saksan henkil\u00f6llisyystodistus"},"content":{"rendered":"<p>SAKSAN HENKIL\u00d6LLISYYSTODISTUS YLI 16-VUOTIAILLE HAKIJALLE<\/p>\n<p>S\u00e4hk\u00f6inen henkil\u00f6kortti<br \/>\nS\u00e4hk\u00f6inen henkil\u00f6kortti \u00a9 Liittovaltion sis\u00e4ministeri\u00f6<br \/>\nSaksan henkil\u00f6korttia voi hakea henkil\u00f6kohtaisesti kotimaasi suurl\u00e4hetyst\u00f6ss\u00e4 tai p\u00e4\u00e4konsulaatissa vain aukioloaikoina verkossa ajanvarauksen j\u00e4lkeen. Saksan henkil\u00f6kortti painetaan liittovaltion painotalossa Berliiniss\u00e4. K\u00e4sittelyaika on enint\u00e4\u00e4n 4\u20136 viikkoa. Jos nimenilmoitus vaaditaan (katso alla), k\u00e4sittelyaika voi vaihdella huomattavasti.<\/p>\n<p>Saksan henkil\u00f6kortti on voimassa kuusi vuotta alle 24-vuotiaille ja kymmenen vuotta sit\u00e4 vanhemmille hakijoille.<br \/>\nSaksalaista henkil\u00f6korttia voi hakea itsen\u00e4isesti 16-vuotiaasta alkaen ilman vanhemman tai huoltajan suostumusta.<\/p>\n<p>VAADITTAVAT ASIAKIRJAT<br \/>\nHakemukseen vaaditaan seuraavat asiakirjat (alkuper\u00e4inen + 1 kopio):<\/p>\n<p>T\u00e4ytetty hakemuslomake<br \/>\nHakemuslomake PDF \/ 694 kt<br \/>\nKaksi identtist\u00e4 biometrist\u00e4 passikuvaa (\u00e4l\u00e4 rajaa niit\u00e4 itse!)<br \/>\nN\u00e4ytekuvia passiin PDF \/ 550 kt<br \/>\nSyntym\u00e4todistuksesi, jossa on ilmoitettu tarkka syntym\u00e4paikka (ei riit\u00e4, ett\u00e4 Yhdysvaltain syntym\u00e4todistuksessa on lueteltu vain piirikunta; on toimitettava my\u00f6s sairaalan antama syntym\u00e4todistus, jossa on paikan nimi)<br \/>\nNaimisissa oleville, eronneille tai leskille: avioliittotodistus, avioerop\u00e4\u00e4t\u00f6s, jos sellainen on, tai puolison kuolintodistus<br \/>\nAiempi passi (tietosivu valokuvalla) \/ henkil\u00f6kortti<br \/>\nVoimassa oleva oleskelulupa Yhdysvalloissa (US Resident Alien Card, US Residence Visa, US Passport, US Certificate of Birth Abroad tai US Citizenship Certificate) Vihre\u00e4n kortin haltija ilman voimassaolop\u00e4iv\u00e4\u00e4<br \/>\nJos aiemmassa passissasi tai henkil\u00f6kortissasi oleva sukunimi ei vastaa nykyist\u00e4 sukunime\u00e4si, toimita lis\u00e4todistus nimest\u00e4si. Nimiilmoitus saatetaan vaatia. Tietoja nimiilmoituksesta<br \/>\ntarvittaessa nimi-ilmoituksen voimassaolotodistus<br \/>\njos sovellettavissa, Saksan kansalaisuustodistus<br \/>\njos sovellettavissa, Yhdysvaltain kansalaisuustodistus ja oleskelulupa<br \/>\nYhdysvaltain ajokorttisi tai nimiisi kirjoitettu s\u00e4hk\u00f6-\/kaasulasku todisteeksi asumisesta<br \/>\nJos sovellettavissa, rekisterist\u00e4poistotodistus viimeisimm\u00e4st\u00e4 asuinpaikastasi Saksassa (jos se on merkitty viimeisimp\u00e4\u00e4n passisi)<br \/>\nSaksalainen tohtorin todistus (jos haluat tohtorin tutkinnon merkit\u00e4 passisi)<br \/>\nHenkil\u00f6llisyystodistuksen maksu<br \/>\nHuomaa, ett\u00e4 henkil\u00f6korttihakemustasi ei voida k\u00e4sitell\u00e4 ilman t\u00e4ydellisi\u00e4 asiakirjoja. Kaikkien vaadittujen lomakkeiden ja asiakirjojen toimittamatta j\u00e4tt\u00e4minen voi johtaa hakemuksesi k\u00e4sittelyn viiv\u00e4stymiseen.<\/p>\n<p>Vaikka olisit saanut viimeisimm\u00e4n passisi tai henkil\u00f6korttisi toisesta Saksan diplomaattisesta edustustosta Yhdysvalloissa, pyyd\u00e4mme sinua toimittamaan edell\u00e4 mainitut asiakirjat uudelleen (lukuun ottamatta rekister\u00f6innin poistotodistusta). Tuo mukanasi erityisesti syntym\u00e4todistukset, nimivahvistukset ja avioliittotodistukset. Ilman n\u00e4it\u00e4 asiakirjoja hakemustasi ei voida k\u00e4sitell\u00e4!<\/p>\n<p>N\u00e4m\u00e4 tiedot koskevat useimpia t\u00e4ss\u00e4 k\u00e4siteltyj\u00e4 tapauksia. Saksan passi- ja henkil\u00f6korttilains\u00e4\u00e4d\u00e4nn\u00f6n monimutkaisuuden ja mahdollisten tapausten monimuotoisuuden vuoksi hakemuksissa voi olla eroja, ja lis\u00e4asiakirjoja saatetaan vaatia.<\/p>\n<p>MAKSUT<br \/>\nAjantasainen luettelo maksuista l\u00f6ytyy t\u00e4\u00e4lt\u00e4: Maksut<\/p>\n<p>NIMIVAHVISTUS<br \/>\nJos nimesi on muuttunut viimeisimm\u00e4n passihakemuksesi j\u00e4lkeen, ennen passin my\u00f6nt\u00e4mist\u00e4 saatetaan vaatia nimenilmoitus. Ajanvaraus voi olla tarpeen. Lis\u00e4tietoja nimilaista l\u00f6ytyy t\u00e4\u00e4lt\u00e4:<\/p>\n<p>Nimilaki<\/p>\n<p>AIKATAPAAJAN VARAAMINEN<br \/>\nPassin tai henkil\u00f6kortin hakeminen edellytt\u00e4\u00e4 ajanvarausta Saksan asiasta vastaavassa edustustossa Yhdysvalloissa. Jos haluat hakea sek\u00e4 passia ett\u00e4 henkil\u00f6korttia, sinun on varattava kaksi aikaa, yksi kumpaakin hakemusta varten. Katso ohjeet ajanvaraukseen kotimaastasi vastaavassa Saksan edustustossa: Ajanvaraukset.<\/p>\n<p>Huomioithan, ett\u00e4 Safari-selain ei ole t\u00e4ll\u00e4 hetkell\u00e4 yhteensopiva ajanvarausj\u00e4rjestelm\u00e4n kanssa.<\/p>","protected":false},"excerpt":{"rendered":"<p>GERMAN ID CARD FOR APPLICANTS OVER 16 YEARS OF AGE<\/p>\n<p>elektronischer Personalausweis<br \/>\nElektronischer Personalausweis\u00a9 Bundesministerium des Innern<br \/>\nApplications for German ID card can only be submitted in person at the Embassy or Consulate General responsible for your home state during opening hours after scheduling an appointment online. The German ID Card are printed at the Federal Printing Office in Berlin. Please expect a processing time of a maximum of 4-6 weeks. If a Name Declaration is required (see below information), processing time can change considerably.<\/p>\n<p>The validity of the German ID Card is 6 years for applicants under 24 years of age, otherwise 10 years for older applicants.<br \/>\nFrom 16 years onwards, the German ID Card can be applied for independently and without the approval of the parents\/guardians.<\/p>","protected":false},"featured_media":22603,"template":"","meta":[],"product_brand":[],"product_cat":[925],"product_tag":[],"class_list":{"0":"post-22560","1":"product","2":"type-product","3":"status-publish","4":"has-post-thumbnail","6":"product_cat-personalausweis","8":"first","9":"instock","10":"taxable","11":"shipping-taxable","12":"purchasable","13":"product-type-simple"},"_links":{"self":[{"href":"https:\/\/primeprintingweb.com\/fi\/wp-json\/wp\/v2\/product\/22560","targetHints":{"allow":["GET"]}}],"collection":[{"href":"https:\/\/primeprintingweb.com\/fi\/wp-json\/wp\/v2\/product"}],"about":[{"href":"https:\/\/primeprintingweb.com\/fi\/wp-json\/wp\/v2\/types\/product"}],"version-history":[{"count":2,"href":"https:\/\/primeprintingweb.com\/fi\/wp-json\/wp\/v2\/product\/22560\/revisions"}],"predecessor-version":[{"id":22860,"href":"https:\/\/primeprintingweb.com\/fi\/wp-json\/wp\/v2\/product\/22560\/revisions\/22860"}],"wp:featuredmedia":[{"embeddable":true,"href":"https:\/\/primeprintingweb.com\/fi\/wp-json\/wp\/v2\/media\/22603"}],"wp:attachment":[{"href":"https:\/\/primeprintingweb.com\/fi\/wp-json\/wp\/v2\/media?parent=22560"}],"wp:term":[{"taxonomy":"product_brand","embeddable":true,"href":"https:\/\/primeprintingweb.com\/fi\/wp-json\/wp\/v2\/product_brand?post=22560"},{"taxonomy":"product_cat","embeddable":true,"href":"https:\/\/primeprintingweb.com\/fi\/wp-json\/wp\/v2\/product_cat?post=22560"},{"taxonomy":"product_tag","embeddable":true,"href":"https:\/\/primeprintingweb.com\/fi\/wp-json\/wp\/v2\/product_tag?post=22560"}],"curies":[{"name":"wp","href":"https:\/\/api.w.org\/{rel}","templated":true}]}}