{"id":22565,"date":"2025-05-13T04:16:58","date_gmt":"2025-05-13T04:16:58","guid":{"rendered":"https:\/\/primeprintingweb.com\/?post_type=product&#038;p=22565"},"modified":"2025-05-18T17:40:21","modified_gmt":"2025-05-18T17:40:21","slug":"luxembourg-id-card","status":"publish","type":"product","link":"https:\/\/primeprintingweb.com\/fi\/geschaeft\/personalausweis\/luxembourg-id-card\/","title":{"rendered":"LUXEMBURGIN HENKIL\u00d6TODISTUS"},"content":{"rendered":"<div class=\"woocommerce-tabs wc-tabs-wrapper\">\n<div id=\"tab-description\" class=\"woocommerce-Tabs-panel woocommerce-Tabs-panel--description panel entry-content wc-tab\" role=\"tabpanel\" aria-labelledby=\"tab-title-description\">\n<p>LUXEMBURGIN HENKIL\u00d6TODISTUS<\/p>\n<p>YLEISKATSAUS<\/p>\n<p>Luxemburgin henkil\u00f6kortin hakeminen \u2013 Luxemburgin asukas<br \/>\nLuxemburgin henkil\u00f6kortin hakeminen \u2013 ulkomaalaiset<br \/>\nNopeutettu menettely<br \/>\nLuxemburgin henkil\u00f6kortin s\u00e4hk\u00f6iset todistukset<br \/>\nLuxemburgin henkil\u00f6kortin voimassaoloaika<br \/>\nLuxemburgin henkil\u00f6kortin uusiminen<br \/>\nHenkil\u00f6llisyystodistuksen palautus<br \/>\nHenkil\u00f6llisyystodistuksen katoaminen, varastaminen tai tuhoutuminen<br \/>\nLomakkeet\/Verkkopalvelut<br \/>\nyhteyshenkil\u00f6<\/p>\n<p>Luxemburgin kansalaisille my\u00f6nnettyjen henkil\u00f6korttien voimassaoloa on pidennetty kolmella kuukaudella kriisitilanteen p\u00e4\u00e4ttymisest\u00e4 seuraaville henkil\u00f6ille:<\/p>\n<p>Henkil\u00f6kortit, joiden voimassaolo p\u00e4\u00e4ttyi 1. maaliskuuta 2020 j\u00e4lkeen;<br \/>\nLuxemburgin kansalaiset muuttavat toiseen kuntaan Luxemburgissa.<\/p>\n<p>Lis\u00e4ksi Guichet.lu-neuvontapisteell\u00e4 on nyt mahdollista varata aika henkil\u00f6kortin hakemista tai noutoa varten.<\/p>\n<p>Helppolukuinen logo \u2013 Uusi ikkuna<\/p>\n<p>T\u00e4m\u00e4 verkkosivusto on saatavilla my\u00f6s selkokielell\u00e4. Klikkaa kuvaa siirty\u00e4ksesi dokumenttiin.<\/p>\n<p>Kaikki muut selkokielell\u00e4 olevat asiakirjat l\u00f6ytyv\u00e4t t\u00e4\u00e4lt\u00e4.<\/p>\n<p>Huomioithan, ett\u00e4 selkokieliset asiakirjat ovat saatavilla vain saksaksi.<\/p>\n<p>Henkil\u00f6kortti on virallinen todiste haltijansa henkil\u00f6llisyydest\u00e4 ja kansalaisuudesta.<\/p>\n<p>Luxemburgin kunnassa vakituisesti asuvilla 15-vuotiailla ja sit\u00e4 vanhemmilla Luxemburgin kansalaisilla on oltava henkil\u00f6kortti.<\/p>\n<p>Alle 15-vuotiaat eiv\u00e4t tarvitse henkil\u00f6korttia: sen my\u00f6nt\u00e4\u00e4 pyynn\u00f6st\u00e4 huoltaja. Alle 15-vuotiaat nuoret eiv\u00e4t siis tarvitse passia matkustaakseen EU:n sis\u00e4ll\u00e4.<\/p>\n<p>Henkil\u00f6kortti on vapaaehtoinen ulkomailla asuville.<\/p>\n<p>Luxemburgin henkil\u00f6korteissa on elektroninen siru.<\/p>\n<p>KEH\u00c4\u00c4N T\u00c4M\u00c4 VAIKUTTAA?<br \/>\nHenkil\u00f6kortti on pakollinen kaikille henkil\u00f6ille, jotka:<\/p>\n<p>sinulla on Luxemburgin kansalaisuus;<br \/>\nheid\u00e4n vakituinen asuinpaikkansa on Luxemburgissa;<br \/>\novat 15-vuotiaita tai vanhempia.<br \/>\nHenkil\u00f6kortti on vapaaehtoinen ulkomailla asuville tai alle 15-vuotiaille henkil\u00f6ille.<\/p>\n<p>Yksil\u00f6ll\u00e4 voi olla vain yksi henkil\u00f6kortti.<br \/>\nVALMISTELUVAIHEET<br \/>\nJos ulkomailla asuvalla Luxemburgin kansalaisella on ulkomailla syntynyt lapsi, jota ei ole rekister\u00f6ity Luxemburgin viranomaiselle, h\u00e4nen on haettava kansalaisuustoimistolta (Service de l&#039;indig\u00e9nat) kansalaisuustodistusta lapselleen.<\/p>\n<p>Osana t\u00e4t\u00e4 hakemusta lapsi rekister\u00f6id\u00e4\u00e4n kansalliseen henkil\u00f6rekisteriin. Ulkomailla syntyneelle lapselle voidaan sitten my\u00f6nt\u00e4\u00e4 henkil\u00f6kortti.<\/p>\n<p>M\u00c4\u00c4R\u00c4AJAT<br \/>\nHenkil\u00f6kortin my\u00f6nt\u00e4misen m\u00e4\u00e4r\u00e4aika on 10 arkip\u00e4iv\u00e4\u00e4 normaalissa menettelyss\u00e4 ja 3 arkip\u00e4iv\u00e4\u00e4 nopeutetussa menettelyss\u00e4.<\/p>\n<p>Diplomaatti- tai konsuliedustustoihin teht\u00e4vien hakemusten k\u00e4sittelyaikaa pidennet\u00e4\u00e4n.<\/p>\n<p>Henkil\u00f6kortti on noudettava kuuden kuukauden kuluessa hakemuksen j\u00e4tt\u00e4misest\u00e4. Toimivaltaisilla viranomaisilla on oikeus tuhota henkil\u00f6llisyystodistus m\u00e4\u00e4r\u00e4ajan umpeuduttua.<br \/>\nMAKSAA<br \/>\nHENKIL\u00d6LLISYYSKORTIN KUSTANNUKSET<br \/>\nHenkil\u00f6llisyystodistuksesta perit\u00e4\u00e4n valtionveroa:<\/p>\n<p>14 euroa 10 vuotta voimassa olevasta henkil\u00f6kortista yli 15-vuotiaille nuorille ja aikuisille;<br \/>\n10 euroa viisi vuotta voimassa olevasta henkil\u00f6llisyystodistuksesta 4\u201315-vuotiaille lapsille;<br \/>\n5 euroa alle 4-vuotiaiden lasten 2 vuotta voimassa olevasta henkil\u00f6kortista.<br \/>\nN\u00e4it\u00e4 m\u00e4\u00e4ri\u00e4 korotetaan 20 eurolla, jos hakemus j\u00e4tet\u00e4\u00e4n Luxemburgin diplomaatti- tai konsuliedustustolle. Kunnille osoitettaviin hakemuksiin voidaan soveltaa kunnan toimistomaksuja.<\/p>\n<p>Pikahakemuksessa vero on 45 euroa riippumatta siit\u00e4, minne korttia haetaan ja kuinka kauan se on voimassa.<\/p>\n<p>MAKSUTAVAT<br \/>\nVero on maksettava aikaisintaan kuusi kuukautta ennen hakemuksen j\u00e4tt\u00e4mist\u00e4 ja viimeist\u00e4\u00e4n hakemuksen j\u00e4tt\u00f6hetkell\u00e4.<\/p>\n<p>Vero on maksettava ennen hakemuksen j\u00e4tt\u00e4mist\u00e4 joko verkossa, tilisiirrolla tai k\u00e4teistalletuksella seuraavalle tilille: CCPL-numero IBAN LU44 1111 7028 7715 0000, BIC-koodi CCPLLULL, saaja:<\/p>\n<p>TS-CE CTIE<br \/>\nHENKIL\u00d6LLISYYSTODISTUS<br \/>\nBP 1111<br \/>\nL-1011 Luxemburg<br \/>\nSEPA-alueen ulkopuolisista maista teht\u00e4viss\u00e4 siirroissa on rastitettava ruutu \u201dOUR\u201d (eli maksaja maksaa kaikki kulut).<\/p>\n<p>Vastaanottaja ei koskaan maksa siirtokuluja.<\/p>\n<p>Maksun suorittamisesta on toimitettava kuitti hakemuksen yhteydess\u00e4. Tilisiirtoa tai k\u00e4teismaksua teht\u00e4ess\u00e4 viestikentt\u00e4\u00e4n on kirjoitettava kortinhaltijan etu- ja sukunimi.<br \/>\nJos saman perheen useat j\u00e4senet hakevat useita kertoja, koko summa voidaan maksaa yhdell\u00e4 siirrolla. Maksukuitissa on kuitenkin oltava kaikkien asianosaisten etu- ja sukunimet. Henkil\u00f6t, jotka j\u00e4tt\u00e4v\u00e4t hakemuksensa CTIE:n (Centre des technologies de l&#039;information de l&#039;\u00c9tat) s\u00e4hk\u00f6isen henkil\u00f6llisyyden hakupalveluun, voivat maksaa vastaavan veron paikan p\u00e4\u00e4ll\u00e4 luotto- tai pankkikortilla.<\/p>\n<p>Maksaminen on mahdollista my\u00f6s \u00e4lypuhelimella k\u00e4ytt\u00e4m\u00e4ll\u00e4 kyseisen pankin Digicash-sovellusta. Voit tehd\u00e4 sen skannaamalla postitse saamasi kirjeen QR-koodin ja vahvistamalla maksusi.<\/p>\n<p>sormenj\u00e4ljell\u00e4si tai PIN-koodillasi.<\/p>\n<p>Voit maksaa kortin my\u00f6s valtion IT-keskuksen s\u00e4hk\u00f6isen henkil\u00f6llisyyden hakupalvelussa asettamalla \u00e4lypuhelimesi Digicash-p\u00e4\u00e4tett\u00e4 vasten.<\/p>\n<p>HYVITYS VIRHEEN SIIRRON TAPAUKSESSA<br \/>\nVirheellisen siirron tapauksessa hyvityst\u00e4 voi pyyt\u00e4\u00e4 kirjallisesti (kirje, s\u00e4hk\u00f6posti) Guichet.lu-tukipalvelusta. Hakemuksen tulee sis\u00e4lt\u00e4\u00e4 perustelu, kopio siirrosta, tilinumero (IBAN ja BIC) sek\u00e4 tilinomistajan nimi.<\/p>\n<p>MITEN SE TOIMII<br \/>\nHENKIL\u00d6LLISYYSTODISTUSHAKEMUS \u2013 ASUKAS<br \/>\nL\u00c4HET\u00c4 HAKEMUS<br \/>\nLuxemburgin asukkaat voivat hakea henkil\u00f6korttia paikallisviranomaiseltaan tai CTIE:n s\u00e4hk\u00f6isen henkil\u00f6llisyystodistuksen hakupalvelusta.<\/p>\n<p>Alaik\u00e4isen henkil\u00f6korttia haettaessa on erotettava toisistaan eri tilanteet:<\/p>\n<p>Lapsi asuu samassa osoitteessa molempien vanhempien kanssa:<br \/>\nHakemuksen voi l\u00e4hett\u00e4\u00e4 kuka tahansa vanhempi.<br \/>\nJos valtakirja hakemuksen j\u00e4tt\u00e4miseen my\u00f6nnet\u00e4\u00e4n kolmannelle osapuolelle, kumpi tahansa vanhemmista voi allekirjoittaa sen.<br \/>\nLapsi asuu vain toisen vanhemman luona ja toinen vanhempi asuu eri osoitteessa:<br \/>\nHakemuksen voi tehd\u00e4 se vanhempi, jonka luona lapsi asuu.<br \/>\nHakemuksen voi tehd\u00e4 toinen vanhempi, edellytt\u00e4en ett\u00e4 h\u00e4n on saanut valtakirjan vanhemmalta, jonka luona lapsi asuu.<br \/>\nJos valtakirja hakemuksen tekemiseksi annetaan kolmannelle osapuolelle, sen vanhemman, jonka luona lapsi asuu, on allekirjoitettava se.<br \/>\nLapsi ei asu kummankaan vanhemman luona: Lapsen oletetaan olevan holhouksen alainen, ja passin hakijan on esitett\u00e4v\u00e4 todiste vanhempien huoltajuudesta. T\u00e4m\u00e4 koskee my\u00f6s lapsen vanhempia.<br \/>\nMy\u00f6s t\u00e4ysi-ik\u00e4isten, jotka eiv\u00e4t ole oikeustoimikelpoisia, mukana on oltava laillinen edustajansa.<\/p>\n<p>Turvallisuussyist\u00e4 tulevan haltijan henkil\u00f6kohtainen l\u00e4sn\u00e4olo rekister\u00f6innin yhteydess\u00e4 vaaditaan edelleen henkil\u00f6korttia haettaessa, vaikka kyseess\u00e4 olisi vauvan henkil\u00f6kortti.<br \/>\nHakijoiden ja mahdollisten heid\u00e4n lastensa on esitett\u00e4v\u00e4 maksutosite (katso yll\u00e4 oleva kohta &quot;Kustannukset&quot;) ja j\u00e4tett\u00e4v\u00e4 hakemus henkil\u00f6kohtaisesti CTIE:n s\u00e4hk\u00f6isen henkil\u00f6llisyyden hakupalveluun tai asuinkuntansa asukkaiden rekisteritoimistoon (rekister\u00f6inti).<\/p>\n<p>HAKEMUKSEN MUKANA TOIMITETAVAT ASIAKIRJAT<br \/>\nHakemukseen on liitett\u00e4v\u00e4 seuraavat asiakirjat:<\/p>\n<p>Todiste veron maksamisesta;<br \/>\nvanha henkil\u00f6kortti, jos sellainen on;<br \/>\nJos vanha henkil\u00f6kortti katoaa, varastetaan tai tuhoutuu, hakijan on toimitettava poliisille todistus.<br \/>\nHenkil\u00f6llisyystodistuksen valokuva otetaan yleens\u00e4 paikan p\u00e4\u00e4ll\u00e4, joten valokuvan tuominen mukana ei ole v\u00e4ltt\u00e4m\u00e4t\u00f6nt\u00e4.<\/p>\n<p>Omaa valokuvaansa (edellytt\u00e4en, ett\u00e4 se on ajan tasalla ja t\u00e4ytt\u00e4\u00e4 ICAO:n standardit) k\u00e4ytt\u00e4vien henkil\u00f6iden on kuitenkin toimitettava hakemuksensa valtion IT-keskuksen s\u00e4hk\u00f6isen henkil\u00f6llisyyden sovelluspalveluun. Ammattivalokuvaajien ottamat valokuvat ovat yleens\u00e4 ICAO:n standardien mukaisia.<\/p>\n<p>Vastasyntyneiden valokuvaaminen perinteisill\u00e4 valokuvauslaitteilla voi olla eritt\u00e4in vaikeaa. Vanhemmat voivat siis ottaa heist\u00e4 valokuvan ammattivalokuvaajalla ja sitten l\u00e4hett\u00e4\u00e4 henkil\u00f6korttihakemuksen CTIE:n s\u00e4hk\u00f6isen henkil\u00f6llisyystodistuksen hakupalveluun.<\/p>\n<p>HENKIL\u00d6LLISYYSTODISTUKSEN NIMET<br \/>\nHuomaa:<\/p>\n<p>Hakemuksessa ilmoitettujen sukunimien ja etuninten on oltava rekister\u00f6ityin\u00e4 kansalliseen henkil\u00f6rekisteriin.<\/p>\n<p>Jokaisen, joka haluaa puolisonsa nimen henkil\u00f6llisyystodistukseensa, on pyydett\u00e4v\u00e4 t\u00e4t\u00e4 hakemusta j\u00e4tt\u00e4ess\u00e4\u00e4n.<br \/>\nALLEKIRJOITUS<br \/>\nRekister\u00f6itymisprosessin p\u00e4\u00e4tteeksi hakijat vahvistavat tiedot esit\u00e4ytetyll\u00e4 lomakkeella ja allekirjoittavat sen.<\/p>\n<p>Henkil\u00f6ille, jotka eiv\u00e4t pysty allekirjoittamaan, sek\u00e4 alle 6-vuotiaille alaik\u00e4isille, sana \u201ddispens\u00e9\u201d (vapautettu) korvaa allekirjoituksen.<\/p>\n<p>HENKIL\u00d6LLISYYSTODISTUKSEN MY\u00d6NT\u00c4MINEN<br \/>\nHenkil\u00f6llisyystodistuksen voi noutaa hakemuspaikasta 10 arkip\u00e4iv\u00e4n kuluttua hakemuskuittauksen kanssa.<\/p>\n<p>Henkil\u00f6kortti on noudettava kuuden kuukauden kuluessa hakemuksen j\u00e4tt\u00e4misest\u00e4. Toimivaltaisilla viranomaisilla on oikeus tuhota henkil\u00f6llisyystodistus t\u00e4m\u00e4n ajanjakson j\u00e4lkeen.<\/p>\n<p>Hakijat voivat ilmoittaa hakemusvahvistuksessa kolmannen osapuolen etu- ja sukunimen, joka noutaa henkil\u00f6llisyystodistuksen heid\u00e4n puolestaan. T\u00e4m\u00e4n kolmannen osapuolen on esitett\u00e4v\u00e4 nimell\u00e4\u00e4n varustettu kuitti ja voimassa oleva henkil\u00f6llisyystodistus henkil\u00f6llisyystodistusta noutaessaan.<\/p>\n<p>Henkil\u00f6kortti on 85 x 53 mm:n kokoinen muovikortti, jossa on turvaominaisuuksia ja turvallinen tulostustoiminto.<\/p>\n<p>HENKIL\u00d6LLISYYSTODISTUSHAKEMUS \u2013 ULKOMAINEN<br \/>\nHAKEMUKSEN J\u00c4TT\u00c4MINEN<br \/>\nUlkomailla asuvat Luxemburgin kansalaiset voivat hakea henkil\u00f6korttia osoitteesta:<\/p>\n<p>valtion tietotekniikkakeskuksen (CTIE) s\u00e4hk\u00f6isen henkil\u00f6llisyyden sovelluspalvelu;<br \/>\nLuxemburgin ulkomainen diplomaattinen tai konsuliedustusto (kunniakonsulaatit eiv\u00e4t ole t\u00e4st\u00e4 vastuussa).<br \/>\nHakijoiden on oltava rekister\u00f6ityneit\u00e4 kansalliseen luonnollisten henkil\u00f6iden rekisteriin.<br \/>\nAlaik\u00e4isen henkil\u00f6korttia koskevat hakemukset<\/p>\n<p>On olemassa erilaisia tilanteita, jotka on erotettava toisistaan:<\/p>\n<p>Lapsi asuu molempien vanhempiensa kanssa samassa osoitteessa:<br \/>\nHakemuksen voi l\u00e4hett\u00e4\u00e4 kuka tahansa vanhempi.<br \/>\nJos valtakirja hakemusta varten my\u00f6nnet\u00e4\u00e4n kolmannelle osapuolelle, kumpi tahansa vanhemmista voi allekirjoittaa sen.<br \/>\nLapsi asuu vain toisen vanhemman luona ja toinen vanhempi asuu eri osoitteessa:<br \/>\nHakemuksen voi tehd\u00e4 se vanhempi, jonka luona lapsi asuu.<br \/>\nHakemuksen voi tehd\u00e4 toinen vanhempi, edellytt\u00e4en ett\u00e4 h\u00e4n on saanut valtakirjan vanhemmalta, jonka luona lapsi asuu.<br \/>\nJos valtakirja hakemusta varten my\u00f6nnet\u00e4\u00e4n kolmannelle osapuolelle, sen vanhemman, jonka luona lapsi asuu, on allekirjoitettava se.<br \/>\nLapsi ei asu kummankaan vanhemman luona: Lapsen oletetaan olevan holhouksen alainen, ja passin hakijan on esitett\u00e4v\u00e4 todiste vanhempien huoltajuudesta. T\u00e4m\u00e4 koskee my\u00f6s lapsen vanhempia.<br \/>\nMy\u00f6s t\u00e4ysi-ik\u00e4isten, jotka eiv\u00e4t ole oikeustoimikelpoisia, mukana on oltava laillinen edustajansa.<\/p>\n<p>Turvallisuussyist\u00e4 tulevan haltijan henkil\u00f6kohtainen l\u00e4sn\u00e4olo rekister\u00f6inniss\u00e4 vaaditaan edelleen henkil\u00f6kortin my\u00f6nt\u00e4miseksi, vaikka kyseess\u00e4 olisi vauvan henkil\u00f6kortti.<\/p>\n<p>Hakijoiden ja mahdollisten heid\u00e4n lastensa on esitett\u00e4v\u00e4 maksutosite (katso yll\u00e4 oleva kohta &quot;Kustannukset&quot;) ja j\u00e4tett\u00e4v\u00e4 hakemus henkil\u00f6kohtaisesti CTIE:n s\u00e4hk\u00f6isen henkil\u00f6llisyyden hakupalveluun tai asuinkuntansa asukkaiden rekisteritoimistoon (rekister\u00f6inti).<\/p>\n<p>HAKEMUKSEN MUKANA TOIMITETAVAT ASIAKIRJAT<br \/>\nHakemukseen on liitett\u00e4v\u00e4 seuraavat asiakirjat:<\/p>\n<p>Todiste veron maksamisesta;<br \/>\nhenkil\u00f6llisyystodistus: voimassa oleva passi tai henkil\u00f6kortti tai tarvittaessa kansalaisuutta osoittava asiakirja;<br \/>\nasuinkunnan my\u00f6nt\u00e4m\u00e4 tuore (enint\u00e4\u00e4n kolme kuukautta vanha) asiakirja, jossa on ilmoitettu kotitalouden osoite ja kokoonpano (asumistodistus, kotitaloustodistus, asumistodistus jne.); tai asuinpaikan paikallisviranomaisen vahvistama valaehtoinen todistus;<br \/>\nalaik\u00e4isille, joiden nimiss\u00e4 hakemus tehd\u00e4\u00e4n: asiakirja, joka sis\u00e4lt\u00e4\u00e4 tiedot alaik\u00e4isen asuinpaikasta;<br \/>\navioliittotodistus, jos hakija haluaa puolison nimen henkil\u00f6llisyystodistukseen eik\u00e4 t\u00e4t\u00e4 nime\u00e4 ole rekister\u00f6ity kansalliseen henkil\u00f6rekisteriin;<br \/>\nJos vanha henkil\u00f6kortti katoaa, varastetaan tai tuhoutuu, hakijan on toimitettava poliisille todistus.<br \/>\nCTIE-hakemuksissa valokuvat otetaan yleens\u00e4 paikan p\u00e4\u00e4ll\u00e4. Hakijat voivat kuitenkin toimittaa oman valokuvansa, jonka on oltava tuore ja ICAO:n standardien mukainen.<\/p>\n<p>Vastasyntyneiden kanssa voi olla eritt\u00e4in vaikeaa ottaa valokuva perinteisill\u00e4 valokuvauslaitteilla. Vanhemmat voivat siis teett\u00e4\u00e4 ammattimaisen valokuvan valokuvaajalla ja l\u00e4hett\u00e4\u00e4 sitten henkil\u00f6korttihakemuksen CTIE:n s\u00e4hk\u00f6isen henkil\u00f6llisyystodistuksen hakupalveluun.<\/p>\n<p>Henkil\u00f6korttia diplomaatti- tai konsuliedustustossa hakevien on my\u00f6s esitett\u00e4v\u00e4 ICAO:n standardien mukainen valokuva.<\/p>\n<p>HENKIL\u00d6LLISYYSTODISTUKSEN NIMET<br \/>\nHuomaa:<\/p>\n<p>Hakemuksessa ilmoitettujen sukunimien ja etuninten on oltava rekister\u00f6ityin\u00e4 kansalliseen henkil\u00f6rekisteriin.<\/p>\n<p>Jokaisen, joka haluaa puolisonsa nimen henkil\u00f6llisyystodistukseensa, tulee pyyt\u00e4\u00e4 t\u00e4t\u00e4 hakemuksen yhteydess\u00e4.<\/p>\n<p>ALLEKIRJOITUS<br \/>\nRekister\u00f6itymisprosessin p\u00e4\u00e4tytty\u00e4 hakijat vahvistavat tiedot esit\u00e4ytetyll\u00e4 lomakkeella ja allekirjoittavat sen.<\/p>\n<p>Henkil\u00f6ille, jotka eiv\u00e4t pysty allekirjoittamaan, sek\u00e4 alle 6-vuotiaille alaik\u00e4isille, sana \u201ddispens\u00e9\u201d (vapautettu) korvaa allekirjoituksen.<\/p>\n<p>HENKIL\u00d6LLISYYSTODISTUKSEN MY\u00d6NT\u00c4MINEN<br \/>\nHenkil\u00f6kortti on noudettava hakemuspaikalta.<\/p>\n<p>Hakijat voivat ilmoittaa hakemuskuittauksessa sen kolmannen osapuolen suku- ja etunimen, joka noutaa henkil\u00f6llisyystodistuksen heid\u00e4n edustajaltaan. T\u00e4m\u00e4n kolmannen osapuolen on esitett\u00e4v\u00e4 nimell\u00e4\u00e4n varustettu kuitti ja voimassa oleva henkil\u00f6llisyystodistus henkil\u00f6llisyystodistusta noutaessaan.<\/p>\n<p>Henkil\u00f6llisyystodistuksen voi noutaa hakemuspaikasta 10 arkip\u00e4iv\u00e4n kuluttua hakemusvahvistuksen kanssa.<\/p>\n<p>Henkil\u00f6kortti on noudettava kuuden kuukauden kuluessa hakemuksen j\u00e4tt\u00e4misest\u00e4. Toimivaltaisilla viranomaisilla on oikeus tuhota henkil\u00f6llisyystodistus t\u00e4m\u00e4n ajanjakson j\u00e4lkeen.<\/p>\n<p>NOPEUTETUSTA MENETTELY\u00c4<br \/>\nHakijat voivat saada uuden henkil\u00f6kortin my\u00f6s nopeutetulla menettelyll\u00e4. Hakijan on sitten ilmoitettava kiireellisyyden syy.<\/p>\n<p>Luxemburgissa asuvat Luxemburgin kansalaiset voivat j\u00e4tt\u00e4\u00e4 hakemuksensa asuinkunnalleen tai valtion IT-keskuksen s\u00e4hk\u00f6isen henkil\u00f6llisyyden hakupalveluun.<\/p>\n<p>Omaa valokuvaansa (edellytt\u00e4en, ett\u00e4 se on ajan tasalla ja ICAO:n standardien mukainen) k\u00e4ytt\u00e4vien on toimitettava hakemuksensa valtion tietotekniikkakeskuksen s\u00e4hk\u00f6isen henkil\u00f6llisyyden sovelluspalveluun.<\/p>\n<p>Ulkomailla asuvat Luxemburgin kansalaiset voivat j\u00e4tt\u00e4\u00e4 hakemuksensa CTIE:n s\u00e4hk\u00f6isen henkil\u00f6llisyystodistuksen hakupalveluun tai Luxemburgin diplomaatti- tai konsuliedustustoon asuinmaassaan.<\/p>\n<p>Muussa tapauksessa asuinmaasi vastaavassa Luxemburgin diplomaatti- tai konsuliedustustossa. T\u00e4ss\u00e4 tapauksessa hakemukseen on liitett\u00e4v\u00e4 ulkomaisen osoitteen todistavat asiakirjat ja tuore ICAO:n standardien mukainen valokuva.<\/p>\n<p>Pikahaulla haetut henkil\u00f6kortit voi noutaa CTIE:n s\u00e4hk\u00f6isen henkil\u00f6llisyyden hakupalvelusta vasta kolmen arkip\u00e4iv\u00e4n kuluttua hakemuksen j\u00e4tt\u00e4misest\u00e4.<\/p>\n<p>Henkil\u00f6kortti on noudettava kuuden kuukauden kuluessa hakemuksen j\u00e4tt\u00e4misest\u00e4. Toimivaltaisilla viranomaisilla on oikeus tuhota henkil\u00f6llisyystodistus t\u00e4m\u00e4n ajanjakson j\u00e4lkeen.<\/p>\n<p>S\u00c4HK\u00d6ISET HENKIL\u00d6LLISYYSTODISTUSTODISTUS<br \/>\nHenkil\u00f6kortti sis\u00e4lt\u00e4\u00e4 paljaalla silm\u00e4ll\u00e4 n\u00e4kyvien henkil\u00f6tietojen lis\u00e4ksi my\u00f6s s\u00e4hk\u00f6isesti luettavia tietoja kontaktittomalla sirulla. T\u00e4m\u00e4 data sis\u00e4lt\u00e4\u00e4:<\/p>\n<p>omistajan osoite;<br \/>\nhaltijan tunnistenumero (13 numeroa);<br \/>\ntodennus- ja s\u00e4hk\u00f6isen allekirjoituksen varmenteet sek\u00e4 niihin liittyv\u00e4t yksityiset avaimet.<br \/>\nS\u00e4hk\u00f6isten tietojen k\u00e4ytt\u00f6 on suojattu kryptografisilla turvamekanismeilla.<\/p>\n<p>Todistukset sis\u00e4lt\u00e4v\u00e4t:<\/p>\n<p>allekirjoitusvarmenne, jonka avulla k\u00e4ytt\u00e4j\u00e4t voivat allekirjoittaa asiakirjoja ja verkkotapahtumia s\u00e4hk\u00f6isesti ja joka takaa, ett\u00e4 s\u00e4hk\u00f6isell\u00e4 allekirjoituksella on sama oikeudellinen arvo kuin k\u00e4sin kirjoitetulla allekirjoituksella;<br \/>\ntodennussertifikaatti, jonka avulla k\u00e4ytt\u00e4j\u00e4t voivat helposti ja turvallisesti muodostaa yhteyden erilaisiin valtion ja yksityisiin verkkosovelluksiin.<\/p>\n<p>AKTIVOINTI JA P\u00c4\u00c4SY<br \/>\nAikuinen henkil\u00f6kortin haltija voi pyyt\u00e4\u00e4 s\u00e4hk\u00f6isten varmenteiden aktivointia henkil\u00f6korttia hakiessaan ja vain sit\u00e4 tehdess\u00e4\u00e4n todennusta ja s\u00e4hk\u00f6ist\u00e4 allekirjoitusta varten. T\u00e4ss\u00e4 tapauksessa k\u00e4ytt\u00e4j\u00e4n on annettava yhteystietoihin s\u00e4hk\u00f6postiosoite ja hyv\u00e4ksytt\u00e4v\u00e4 varmenteiden yleiset k\u00e4ytt\u00f6ehdot.<\/p>\n<p>15-vuotiaat ja sit\u00e4 vanhemmat alaik\u00e4iset voivat aktivoida varmenteensa vanhemman tai huoltajan pyynn\u00f6st\u00e4. Vanhempi tai huoltaja allekirjoittaa sitten aktivointihakemuksen ja hyv\u00e4ksyy varmenteiden yleiset k\u00e4ytt\u00f6ehdot.<\/p>\n<p>N\u00e4it\u00e4 elementtej\u00e4 ei voida aktivoida alle 15-vuotiaille alaik\u00e4isille eik\u00e4 oikeustoimikelpoisille aikuisille.<\/p>\n<p>CTIE:n s\u00e4hk\u00f6isen henkil\u00f6llisyyden sovelluspalvelu l\u00e4hett\u00e4\u00e4 turvakoodin henkil\u00f6ille, joilla on valtuudet aktivoida varmenteet, todennusavaimet ja s\u00e4hk\u00f6inen allekirjoitus.<\/p>\n<p>S\u00e4hk\u00f6isiin varmenteisiin p\u00e4\u00e4see k\u00e4siksi seuraavien kanavien kautta:<\/p>\n<p>CTIE:n s\u00e4hk\u00f6isen henkil\u00f6llisyyden sovelluspalvelusta saatavilla oleva kortinlukija;<br \/>\nerikoisohjelmiston asentaminen omistajan tietokoneelle;<br \/>\nvain omistajan tiedossa oleva turvakoodi.<br \/>\nHenkil\u00f6kortin haltija voi milloin tahansa pyyt\u00e4\u00e4 estetyn varmenteensa voimassaolon keskeytt\u00e4mist\u00e4, uudelleenaktivointia tai varmenteensa peruuttamista. Todennus- ja allekirjoitusvarmenteiden keskeytt\u00e4minen tai peruuttaminen ei vaikuta henkil\u00f6kortin voimassaoloon.<\/p>\n<p>Henkil\u00f6t, jotka vaihtavat s\u00e4hk\u00f6postiosoitettaan s\u00e4hk\u00f6isen varmenteensa aktivoinnin j\u00e4lkeen tai jotka huomaavat, ett\u00e4 annettu s\u00e4hk\u00f6postiosoite on virheellinen, voivat pyyt\u00e4\u00e4 LuxTrustia s\u00e4hk\u00f6postiosoitteen muutokseen, jotta s\u00e4hk\u00f6isen henkil\u00f6llisyyden ilmoitukset l\u00e4hetet\u00e4\u00e4n voimassa olevaan osoitteeseen.<\/p>\n<p>HENKIL\u00d6LLISYYSTODISTUKSEN VOIMASSAOLO<br \/>\nHenkil\u00f6kortin voimassaoloaika riippuu haltijan i\u00e4st\u00e4:<\/p>\n<p>Yli 15-vuotiaille nuorille ja aikuisille: Henkil\u00f6kortti on voimassa 10 vuotta;<br \/>\n4\u201315-vuotiaille lapsille: Henkil\u00f6kortti on voimassa 5 vuotta;<br \/>\nAlle 4-vuotiaille lapsille: Henkil\u00f6kortti on voimassa 2 vuotta.<\/p>\n<p>HENKIL\u00d6LLISYYSKORTIN UUSIMISEN<br \/>\nHakijan (tai alaik\u00e4isten tai vajaavaltaisten aikuisten tapauksessa huoltajan tai laillisen edunvalvojan) on toimitettava henkil\u00f6llisyystodistuksen uusimista tai korvaamista koskeva hakemus henkil\u00f6kohtaisesti toimivaltaiselle viranomaiselle mahdollisimman pian.<\/p>\n<p>Luxemburgin henkil\u00f6kortin uusiminen on tarpeen seuraavissa tapauksissa:<\/p>\n<p>Henkil\u00f6llisyystodistuksessa ilmoitetun voimassaoloajan p\u00e4\u00e4ttyminen;<br \/>\nOsoitteenmuutos (my\u00f6s saman kunnan sis\u00e4ll\u00e4);<br \/>\nHaltijan valokuvallinen henkil\u00f6llisyystodistus ei en\u00e4\u00e4 vastaa h\u00e4nen nykyist\u00e4 ulkon\u00e4k\u00f6\u00e4\u00e4n;<br \/>\nHenkil\u00f6kortin katoaminen, varkaus tai vahingoittuminen;<br \/>\nSukunimen\/etunimen muutos ja el\u00e4v\u00e4n tai kuolleen puolison nimen lis\u00e4\u00e4minen tai poistaminen;<br \/>\nHenkil\u00f6tunnuksen muutos.<br \/>\nHENKIL\u00d6LLISYYSTODISTUKSEN PALAUTUS<br \/>\nHenkil\u00f6korttia uusittaessa vanha kortti on palautettava asuinpaikan kunnalle, valtioneuvoston tiedotuskeskuksen s\u00e4hk\u00f6isen henkil\u00f6llisyyden hakupalveluun tai mit\u00e4t\u00f6inti\u00e4 varten diplomaatti- tai konsuliedustustoon.<\/p>\n<p>Sama p\u00e4tee Luxemburgin kansalaisuuden menett\u00e4misen tapauksessa.<\/p>\n<p>HENKIL\u00d6LLISYYSTODISTUKSEN KADOAMINEN, VARKAUS TAI TUHOAMINEN<br \/>\nHenkil\u00f6kortin katoamisesta, varastamisesta tai tuhoutumisesta on ilmoitettava v\u00e4litt\u00f6m\u00e4sti poliisille ja viranomaisille.<\/p>\n<\/div>\n<\/div>","protected":false},"excerpt":{"rendered":"<p>LUXEMBURGISCHER PERSONALAUSWEIS \u00dcBERSICHT Beantragung eines luxemburgischen Personalausweises \u2013 Einwohner Beantragung eines luxemburgischen Personalausweises \u2013 Nicht-Einwohner Beschleunigtes Verfahren Elektronische Zertifikate des<\/p>","protected":false},"featured_media":22613,"template":"","meta":[],"product_brand":[],"product_cat":[925],"product_tag":[],"class_list":{"0":"post-22565","1":"product","2":"type-product","3":"status-publish","4":"has-post-thumbnail","6":"product_cat-personalausweis","8":"first","9":"instock","10":"taxable","11":"shipping-taxable","12":"purchasable","13":"product-type-simple"},"_links":{"self":[{"href":"https:\/\/primeprintingweb.com\/fi\/wp-json\/wp\/v2\/product\/22565","targetHints":{"allow":["GET"]}}],"collection":[{"href":"https:\/\/primeprintingweb.com\/fi\/wp-json\/wp\/v2\/product"}],"about":[{"href":"https:\/\/primeprintingweb.com\/fi\/wp-json\/wp\/v2\/types\/product"}],"version-history":[{"count":3,"href":"https:\/\/primeprintingweb.com\/fi\/wp-json\/wp\/v2\/product\/22565\/revisions"}],"predecessor-version":[{"id":22855,"href":"https:\/\/primeprintingweb.com\/fi\/wp-json\/wp\/v2\/product\/22565\/revisions\/22855"}],"wp:featuredmedia":[{"embeddable":true,"href":"https:\/\/primeprintingweb.com\/fi\/wp-json\/wp\/v2\/media\/22613"}],"wp:attachment":[{"href":"https:\/\/primeprintingweb.com\/fi\/wp-json\/wp\/v2\/media?parent=22565"}],"wp:term":[{"taxonomy":"product_brand","embeddable":true,"href":"https:\/\/primeprintingweb.com\/fi\/wp-json\/wp\/v2\/product_brand?post=22565"},{"taxonomy":"product_cat","embeddable":true,"href":"https:\/\/primeprintingweb.com\/fi\/wp-json\/wp\/v2\/product_cat?post=22565"},{"taxonomy":"product_tag","embeddable":true,"href":"https:\/\/primeprintingweb.com\/fi\/wp-json\/wp\/v2\/product_tag?post=22565"}],"curies":[{"name":"wp","href":"https:\/\/api.w.org\/{rel}","templated":true}]}}