{"id":22577,"date":"2025-05-13T04:16:59","date_gmt":"2025-05-13T04:16:59","guid":{"rendered":"https:\/\/primeprintingweb.com\/?post_type=product&#038;p=22577"},"modified":"2025-05-18T17:12:30","modified_gmt":"2025-05-18T17:12:30","slug":"german-drivers-license","status":"publish","type":"product","link":"https:\/\/primeprintingweb.com\/fi\/geschaeft\/fuehrerschein\/german-drivers-license\/","title":{"rendered":"SAKSAN AJOKORTTI"},"content":{"rendered":"<p>SO ERHALTEN SIE EINEN DEUTSCHEN F\u00dcHRERSCHEIN<br \/>\nEine Schritt-f\u00fcr-Schritt-Anleitung<\/p>\n<p>Okay, im ersten Teil haben Sie erfahren, ob Sie eine Gegenseitigkeit haben oder nicht. Jetzt k\u00f6nnen Sie Ihren neuen deutschen F\u00fchrerschein beantragen. Wohin m\u00fcssen Sie gehen? Welche Dokumente m\u00fcssen Sie mitbringen? Lesen Sie weiter\u2026<\/p>\n<p>WO SIE DEN BEANTRAGEN UND WAS SIE MITBRINGEN M\u00dcSSEN<\/p>\n<p>Mit etwas Gl\u00fcck kostet dieser F\u00fchrerschein nur 40 Euro zuz\u00fcglich der Kosten f\u00fcr ein Foto, ggf. eine \u00dcbersetzung und ein paar Stunden Ihrer Zeit. FOTO: KBA (www.kba.de)<br \/>\nWie lange ist ein deutscher F\u00fchrerschein g\u00fcltig?<br \/>\nSie haben vielleicht geh\u00f6rt, dass ein deutscher F\u00fchrerschein kein Ablaufdatum hat, aber das stimmt nicht mehr. Das \u00e4nderte sich 2013, als deutsche F\u00fchrerscheine gem\u00e4\u00df den EU-Richtlinien nur noch 15 Jahre g\u00fcltig waren. F\u00fchrerscheine, die vor dem 19. Januar 2013 ausgestellt wurden, laufen sp\u00e4testens am 19. Januar 2033 ab. Wenn Sie jetzt einen deutschen F\u00fchrerschein erwerben, l\u00e4uft dieser in 15 Jahren ab.<br \/>\nDie folgenden Informationen gelten f\u00fcr fast alle, die einen deutschen F\u00fchrerschein beantragen, unabh\u00e4ngig davon, aus welchem \u200b\u200bNicht-EU-Land sie kommen. (EU-B\u00fcrger mit einem F\u00fchrerschein aus ihrem Heimatland ben\u00f6tigen keinen deutschen F\u00fchrerschein.) Egal, ob Sie aus Australien, Kanada, Japan, Korea, Neuseeland, den USA oder einem anderen Drittstaat kommen, das Verfahren ist dasselbe, mit nur geringf\u00fcgigen Abweichungen, abh\u00e4ngig von den F\u00fchrerscheinabkommen Ihres Landes mit Deutschland. Sie haben jedoch einige M\u00f6glichkeiten.<\/p>\n<p>Option 1: Fahrschule<br \/>\nWenn Ihre Deutschkenntnisse nur d\u00fcrftig sind, selbst wenn Sie vollst\u00e4ndig von der Pr\u00fcfung befreit sind (insbesondere aber, wenn Sie entweder die praktische Fahrpr\u00fcfung oder die theoretische schriftliche Pr\u00fcfung ablegen m\u00fcssen), ist eine Fahrschule in Ihrer N\u00e4he mit Erfahrung im Umgang mit Ausl\u00e4ndern m\u00f6glicherweise die beste L\u00f6sung f\u00fcr Sie. Gegen eine Geb\u00fchr k\u00f6nnen Sie dort durch die b\u00fcrokratischen Schritte zum Erwerb Ihres F\u00fchrerscheins gef\u00fchrt werden. Sie k\u00f6nnen dir auch bei der Suche nach einem Erste-Hilfe-Kurs helfen (erforderlich). Wenn du Pr\u00fcfungen bestehen musst, ist eine Fahrschule die einzige M\u00f6glichkeit. Sogar Deutsche m\u00fcssen das tun! (In Deutschland bringen dir nicht deine Eltern das Fahren bei, sondern eine offizielle, zertifizierte Fahrschule.) Wenn du eine Fahrschule nutzt, musst du dich vor der Beantragung eines F\u00fchrerscheins f\u00fcr eine entscheiden.<\/p>\n<p>Option 2: Selbst machen<br \/>\nWenn du keine erforderlichen Pr\u00fcfungen hast, brauchst du keine Fahrschule. Mit den folgenden Informationen kannst du zum B\u00fcrgeramt gehen und deinen Antrag selbst stellen. Wenn deine Deutschkenntnisse nicht gut sind, kannst du einen deutschen Freund mitbringen. Manchmal sprechen die Sachbearbeiter Englisch, aber nicht immer. Wir sind in Deutschland, erinnerst du dich? Fortsetzung unten\u2026<\/p>\n<p>Schaltgetriebe \u2013 Schaltgetriebe<br \/>\nWenn du in Deutschland Fahrstunden bei einer Fahrschule nehmen musst, bedenke, dass du in der Regel ein Auto mit Schaltgetriebe f\u00e4hrst. Wenn Sie nicht wissen, wie man eine Kupplung und ein F\u00fcnfganggetriebe bedient, ben\u00f6tigen Sie m\u00f6glicherweise mehr Unterrichtsstunden als Sie denken.<br \/>\nDie folgenden Richtlinien wurden aus verschiedenen Quellen zusammengetragen. Die F\u00fchrerscheinanforderungen in K\u00f6ln k\u00f6nnen von denen in M\u00fcnchen oder Berlin abweichen. In Kleinst\u00e4dten k\u00f6nnen die Dinge etwas anders gehandhabt werden als in Gro\u00dfst\u00e4dten usw. Erkundigen Sie sich immer bei Ihrer \u00f6rtlichen F\u00fchrerscheinstelle nach den Anforderungen! Die meisten bieten auch Online-Informationen an.<\/p>\n<p>HINWEIS: Obwohl Sie die theoretische Pr\u00fcfung auf Englisch ablegen k\u00f6nnen, sollten Sie nicht f\u00e4lschlicherweise denken, Sie w\u00e4ren damit schon aus dem Schneider. Wie wir weiter unten erl\u00e4utern, ist die Durchfallquote bei der schriftlichen Pr\u00fcfung hoch. Erfahren Sie weiter unten mehr.<\/p>\n<p>RICHTLINIEN ZUR BEANTRAGUNG EINES DEUTSCHEN F\u00dcHRERSCHEINS<br \/>\nWo beantragen, was mitbringen<\/p>\n<p>Umschreibung einer ausl\u00e4ndischen Fahrerlaubnis<\/p>\n<p>Wo? In den meisten F\u00e4llen wenden Sie sich an die F\u00fchrerscheinstelle im n\u00e4chstgelegenen B\u00fcrgeramt oder Rathaus. Die n\u00e4chstgelegene F\u00fchrerscheinstelle finden Sie, indem Sie im Internet nach Ihrer Stadt und \u201eF\u00fchrerscheinstelle\u201c suchen.<\/p>\n<p>Was? Bringen Sie folgende Dokumente\/Gegenst\u00e4nde mit:<\/p>\n<p>Reisepass oder Personalausweis<br \/>\n1 Lichtbild (35 x 45 mm, randlos)<br \/>\nIhren g\u00fcltigen F\u00fchrerschein aus Ihrem Heimatland<br \/>\nDeutsche \u00dcbersetzung des F\u00fchrerscheins (Englisch reicht ggf. aus; fragen Sie nach)*<br \/>\nNachweis, wie lange Sie den F\u00fchrerschein besitzen (falls nicht bereits auf dem Originalf\u00fchrerschein)<br \/>\nAktuell ausgestellter Sehtest (f\u00fcr F\u00fchrerschein der Klassen A, A1, B, BE, M, L oder T)*<br \/>\nNachweis \u00fcber den Abschluss eines Erste-Hilfe-Kurses (wird nur teilweise auf Englisch angeboten)<br \/>\nBest\u00e4tigung Ihrer Erstanmeldung als Einwohner Deutschlands (falls diese nicht in der Stadt erfolgt ist, in der Sie sich bewerben)<br \/>\nGeb\u00fchr von 40 Euro in bar (falls keine Tests erforderlich sind)<br \/>\nZeitraum: Rechnen Sie mit drei bis sechs Wochen, bis Sie Ihren F\u00fchrerschein tats\u00e4chlich erhalten! Die M\u00fcnchner Niederlassung schickt Ihren Originalf\u00fchrerschein an das BKA, um dessen Echtheit zu pr\u00fcfen! Das kann bis zu zwei bis drei Wochen dauern. Die meisten Niederlassungen verlangen die Vorlage Ihres Originalf\u00fchrerscheins, aber oft l\u00e4sst sich dies ausreden.<\/p>\n<p>Wenn Sie eine beglaubigte deutsche \u00dcbersetzung Ihres F\u00fchrerscheins ben\u00f6tigen (von manchen Niederlassungen verlangt), k\u00f6nnen Sie unseren Partner Lingoking f\u00fcr eine beglaubigte \u00dcbersetzung nutzen, die von allen deutschen Beh\u00f6rden anerkannt wird.<\/p>\n<p>*Nicht erforderlich<\/p>\n<p>me-B\u00fcros; erkundigen Sie sich vor Ort.<br \/>\nHINWEIS: Diese Anforderungen k\u00f6nnen von B\u00fcro zu B\u00fcro und von Stadt zu Stadt variieren. In den meisten F\u00e4llen beantragen Sie einen F\u00fchrerschein der Klasse B (normales Auto, Anh\u00e4nger unter 750 kg).<\/p>\n<p>Mehr zum deutschen Weg<br \/>\nReziprozit\u00e4t des F\u00fchrerscheins<br \/>\nWelche US-Bundesstaaten haben Abkommen zur Reziprozit\u00e4t des F\u00fchrerscheins mit Deutschland?<br \/>\nAndere EU-L\u00e4nder und Bedingungen<br \/>\nWie bereits erw\u00e4hnt, erleichtern \u00d6sterreich und Belgien die Umschreibung Ihres US-F\u00fchrerscheins erheblich. Es w\u00e4re sch\u00f6n, wenn Deutschland dem Beispiel folgen w\u00fcrde, aber vorerst lesen Sie die obigen Ausf\u00fchrungen.<\/p>","protected":false},"excerpt":{"rendered":"<p>SO ERHALTEN SIE EINEN DEUTSCHEN F\u00dcHRERSCHEIN Eine Schritt-f\u00fcr-Schritt-Anleitung Okay, im ersten Teil haben Sie erfahren, ob Sie eine Gegenseitigkeit haben<\/p>","protected":false},"featured_media":22663,"template":"","meta":[],"product_brand":[],"product_cat":[927],"product_tag":[],"class_list":{"0":"post-22577","1":"product","2":"type-product","3":"status-publish","4":"has-post-thumbnail","6":"product_cat-fuehrerschein","8":"first","9":"instock","10":"taxable","11":"shipping-taxable","12":"purchasable","13":"product-type-simple"},"_links":{"self":[{"href":"https:\/\/primeprintingweb.com\/fi\/wp-json\/wp\/v2\/product\/22577","targetHints":{"allow":["GET"]}}],"collection":[{"href":"https:\/\/primeprintingweb.com\/fi\/wp-json\/wp\/v2\/product"}],"about":[{"href":"https:\/\/primeprintingweb.com\/fi\/wp-json\/wp\/v2\/types\/product"}],"version-history":[{"count":3,"href":"https:\/\/primeprintingweb.com\/fi\/wp-json\/wp\/v2\/product\/22577\/revisions"}],"predecessor-version":[{"id":22831,"href":"https:\/\/primeprintingweb.com\/fi\/wp-json\/wp\/v2\/product\/22577\/revisions\/22831"}],"wp:featuredmedia":[{"embeddable":true,"href":"https:\/\/primeprintingweb.com\/fi\/wp-json\/wp\/v2\/media\/22663"}],"wp:attachment":[{"href":"https:\/\/primeprintingweb.com\/fi\/wp-json\/wp\/v2\/media?parent=22577"}],"wp:term":[{"taxonomy":"product_brand","embeddable":true,"href":"https:\/\/primeprintingweb.com\/fi\/wp-json\/wp\/v2\/product_brand?post=22577"},{"taxonomy":"product_cat","embeddable":true,"href":"https:\/\/primeprintingweb.com\/fi\/wp-json\/wp\/v2\/product_cat?post=22577"},{"taxonomy":"product_tag","embeddable":true,"href":"https:\/\/primeprintingweb.com\/fi\/wp-json\/wp\/v2\/product_tag?post=22577"}],"curies":[{"name":"wp","href":"https:\/\/api.w.org\/{rel}","templated":true}]}}