{"id":22649,"date":"2025-05-13T04:17:25","date_gmt":"2025-05-13T04:17:25","guid":{"rendered":"https:\/\/primeprintingweb.com\/?post_type=product&#038;p=22649"},"modified":"2025-05-18T16:51:54","modified_gmt":"2025-05-18T16:51:54","slug":"swiss-drivers-license","status":"publish","type":"product","link":"https:\/\/primeprintingweb.com\/fi\/geschaeft\/fuehrerschein\/swiss-drivers-license\/","title":{"rendered":"Sveitsil\u00e4inen ajokortti"},"content":{"rendered":"<p>Sveitsil\u00e4inen ajokortti<br \/>\nAjamisen oppimiseksi tarvitset v\u00e4liaikaisen sveitsil\u00e4isen ajokortin ja l\u00e4p\u00e4isem\u00e4ll\u00e4 teoria- ja ajokokeen. Uudet kuljettajat saavat v\u00e4liaikaisen sveitsil\u00e4isen ajokortin. Koeajan ja useiden lain edellytt\u00e4mien lis\u00e4kurssien suorittamisen j\u00e4lkeen he saavat pysyv\u00e4n sveitsil\u00e4isen ajokortin. Eri ajoneuvotyypeille on olemassa eri ajokorttiluokat. Kansainv\u00e4linen ajokortti on saatavilla my\u00f6s ulkomailla ajamista varten. V\u00e4liaikainen tai pysyv\u00e4 ajokorttisi voidaan peruuttaa, jos rikot liikennes\u00e4\u00e4nt\u00f6j\u00e4. S\u00e4\u00e4st\u00e4mme stressi\u00e4, aikaa ja rahaa hankkiessasi sveitsil\u00e4ist\u00e4 ajokorttia.<\/p>\n<p>AJOKOKEMUKSEN KUSTANNUKSET<\/p>\n<p>Kuljettajakoulutukseen liittyy erilaisia kuluja. Hinnat vaihtelevat kantonista kantoniin.<\/p>\n<p>KESKIM\u00c4\u00c4R\u00c4ISET KUSTANNUKSET<br \/>\nSeuraava lista n\u00e4ytt\u00e4\u00e4 B-luokan ajokortin ensimm\u00e4isen yrityskerran keskim\u00e4\u00e4r\u00e4iset kustannukset:<\/p>\n<p>Silm\u00e4testi: 10\u201315 CHF<br \/>\nEnsiapukurssi: 100\u2013200 CHF<br \/>\nTeoriaopas: noin. 30 Sveitsin frangia<br \/>\nTeoriakoe: 30\u201340 CHF<br \/>\nOpiskelijan ajokortti: 20\u201380 CHF<br \/>\nPakollinen teoriakurssi: 200\u2013280 CHF<br \/>\nAjo-opetus (ei pakollinen, 45\u201350 minuuttia): 80\u2013110 CHF<br \/>\nK\u00e4yt\u00e4nn\u00f6n ajokoe: 120\u2013140 CHF<br \/>\nAjokortti: 35\u201360 CHF<br \/>\nLis\u00e4tietoja saat ottamalla yhteytt\u00e4 kantonisi tieliikennevirastoon.<\/p>\n<p>OPPIJAN LISENSSIN HAKEMINEN<\/p>\n<p>Jos olet l\u00e4hes 18-vuotias, saatat harkita ajokortin hakemista. N\u00e4in edet\u00e4:<\/p>\n<p>Vaihe 1: Ensiapukurssi<br \/>\nSinun on osallistuttava ensiapukurssille. Ensiaputodistus on voimassa kuusi vuotta. Voit hakea v\u00e4liaikaista ajokorttia aikaisintaan kuukautta ennen 18. syntym\u00e4p\u00e4iv\u00e4\u00e4si. Ota yhteytt\u00e4 kantonisi tieliikenneviranomaiseen.<\/p>\n<p>VAIHE 2: HAKEMUS<br \/>\nT\u00e4yt\u00e4 v\u00e4liaikaisen ajokortin hakemuslomake (mukaan lukien n\u00e4\u00f6ntarkastus). Voit ladata sen tai noutaa sen kantonisi tieliikennetoimistosta. Voit mahdollisesti saada lomakkeen my\u00f6s kantonisi asukkaiden rekister\u00f6intitoimistosta.<\/p>\n<p>Tuo t\u00e4ytetty hakemuslomake (mukaan lukien n\u00e4\u00f6ntarkastus), voimassa oleva n\u00e4\u00f6ntarkastus, v\u00e4rillinen passikuva ja sveitsil\u00e4inen tai ulkomainen henkil\u00f6korttisi l\u00e4himp\u00e4\u00e4n tieliikennevirastoon tai asukkaiden rekister\u00f6intitoimistoon. Sinun on toimitettava alkuper\u00e4iset asiakirjat; kopioita ei hyv\u00e4ksyt\u00e4.<\/p>\n<p>V\u00c4LIAIKAISEN AJOKORTIN HAKEMINEN<br \/>\nVAIHE 3: TEORIAKOE<br \/>\nKun hakemuksesi on hyv\u00e4ksytty, voit ilmoittautua teoriakokeeseen. On parasta rekister\u00f6ity\u00e4 verkossa.<\/p>\n<p>Bernin, Glarusin, Solothurnin, St. Gallenin, Thurgaun, Neuch\u00e2telin ja Z\u00fcrichin kantoneissa voit suorittaa teoriakokeen my\u00f6s englanniksi. Lis\u00e4tietoja saat ottamalla yhteytt\u00e4 paikalliseen tieliikenneviranomaiseen.<\/p>\n<p>VAIHE 4: V\u00c4LIAIKAINEN SVETSILAINEN AJOKORTTI<br \/>\nOnneksi olkoon, olet l\u00e4p\u00e4issyt teoriakokeen! Saat nyt v\u00e4liaikaisen sveitsil\u00e4isen ajokorttisi.<\/p>\n<p>KUINKA KAUAN V\u00c4LIAIKAINEN SVEITSIL\u00c4INEN AJOKORTTI ON VOIMASSA?<br \/>\nV\u00e4liaikainen ajokortti on voimassa 24 kuukautta, eik\u00e4 sit\u00e4 voida pident\u00e4\u00e4.<\/p>\n<p>MIT\u00c4 SAA TEHD\u00c4 V\u00c4LIAIKAISELLA SVETSILAISELLA AJOKORTILLASI<br \/>\nSaat ajaa yli 23-vuotiaan henkil\u00f6n valvonnassa, jolla on ollut sveitsil\u00e4inen ajokortti v\u00e4hint\u00e4\u00e4n kolme vuotta ja joka on suorittanut koeajan.<\/p>\n<p>AJO-OHJELMA AVUSTAJAN KANSSA \u2013 S\u00c4\u00c4NN\u00d6T<br \/>\nIK\u00c4 JA AJOKORTTI<br \/>\nJos haluat matkustaa ajo-oppilaan mukana, sinun on:<\/p>\n<p>olla v\u00e4hint\u00e4\u00e4n 23-vuotias ja<br \/>\nsinulla on oltava ollut saman luokan ajokortti kuin ajamasi ajoneuvo v\u00e4hint\u00e4\u00e4n kolme vuotta.<br \/>\nSveitsil\u00e4isen v\u00e4liaikaisen ajokortin haltijat eiv\u00e4t ole oikeutettuja ajamaan oppilasajon mukana.<\/p>\n<p>MATKALLA<br \/>\nTieliikenteess\u00e4 sinun on:<\/p>\n<p>varmista, ett\u00e4 seuralaisesi ajaa turvallisesti ja noudattaa liikennes\u00e4\u00e4nt\u00f6j\u00e4<br \/>\nk\u00e4sijarruun ylettyy helposti ja sit\u00e4 voi k\u00e4ytt\u00e4\u00e4 (paitsi harjoitusalueella sek\u00e4 peruutettaessa ja pys\u00e4k\u00f6idess\u00e4).<br \/>\nKuljettajat ovat vastuussa v\u00e4ltett\u00e4viss\u00e4 olevista liikennerikkomuksista ajotaitojensa mukaan. Seuralaisina olevat kuljettajat ovat vastuussa rikoksista, jos he rikkovat velvollisuuksiaan.<\/p>\n<p>AJAMINEN ALKOHOLIN VAIKUTUKSEN ALAISENA<br \/>\nOppilaskuljettaja tai mukana oleva kuljettaja eiv\u00e4t saa ajaa alkoholin vaikutuksen alaisena (hengitysilman alkoholipitoisuus \u2265 0,05 mg\/l tai veren alkoholipitoisuus \u2265 0,1 %).<\/p>\n<p>AJONEUVON VARUSTEET<br \/>\nAjoharjoituksessa ajoneuvon takaosassa on oltava selv\u00e4sti n\u00e4kyviss\u00e4 L-merkki (valkoinen kirjain sinisell\u00e4 pohjalla). Muissa tapauksissa se on poistettava.<\/p>\n<p>VAKUUTUS<br \/>\nVain liikennevakuutuksen piiriin kuuluvia ajoneuvoja saa ajaa.<\/p>\n<p>RATSASTUS<br \/>\nMatkustajien kuljettaminen on yleens\u00e4 sallittua, mutta tiettyihin ajoneuvoluokkiin sovelletaan rajoituksia.<\/p>\n<p>Ajoharjoittelu ulkomailla avustettuna<br \/>\nOpiskelijan ajokortit ovat voimassa Sveitsiss\u00e4, mutta eiv\u00e4t ulkomailla. Tarkista siksi sovellettavat m\u00e4\u00e4r\u00e4ykset asianomaisesta diplomaattisesta edustustosta tai tulliviranomaiselta.<\/p>","protected":false},"excerpt":{"rendered":"<p>SVEITSILAINEN AJOKORTTI Ajamisen oppimiseksi tarvitset v\u00e4liaikaisen sveitsil\u00e4isen ajokortin ja l\u00e4p\u00e4isem\u00e4\u00e4n teoria- ja ajokokeen.<\/p>","protected":false},"featured_media":22697,"template":"","meta":[],"product_brand":[],"product_cat":[927],"product_tag":[],"class_list":{"0":"post-22649","1":"product","2":"type-product","3":"status-publish","4":"has-post-thumbnail","6":"product_cat-fuehrerschein","8":"first","9":"instock","10":"taxable","11":"shipping-taxable","12":"purchasable","13":"product-type-simple"},"_links":{"self":[{"href":"https:\/\/primeprintingweb.com\/fi\/wp-json\/wp\/v2\/product\/22649","targetHints":{"allow":["GET"]}}],"collection":[{"href":"https:\/\/primeprintingweb.com\/fi\/wp-json\/wp\/v2\/product"}],"about":[{"href":"https:\/\/primeprintingweb.com\/fi\/wp-json\/wp\/v2\/types\/product"}],"version-history":[{"count":2,"href":"https:\/\/primeprintingweb.com\/fi\/wp-json\/wp\/v2\/product\/22649\/revisions"}],"predecessor-version":[{"id":22805,"href":"https:\/\/primeprintingweb.com\/fi\/wp-json\/wp\/v2\/product\/22649\/revisions\/22805"}],"wp:featuredmedia":[{"embeddable":true,"href":"https:\/\/primeprintingweb.com\/fi\/wp-json\/wp\/v2\/media\/22697"}],"wp:attachment":[{"href":"https:\/\/primeprintingweb.com\/fi\/wp-json\/wp\/v2\/media?parent=22649"}],"wp:term":[{"taxonomy":"product_brand","embeddable":true,"href":"https:\/\/primeprintingweb.com\/fi\/wp-json\/wp\/v2\/product_brand?post=22649"},{"taxonomy":"product_cat","embeddable":true,"href":"https:\/\/primeprintingweb.com\/fi\/wp-json\/wp\/v2\/product_cat?post=22649"},{"taxonomy":"product_tag","embeddable":true,"href":"https:\/\/primeprintingweb.com\/fi\/wp-json\/wp\/v2\/product_tag?post=22649"}],"curies":[{"name":"wp","href":"https:\/\/api.w.org\/{rel}","templated":true}]}}