{"id":22651,"date":"2025-05-13T04:17:25","date_gmt":"2025-05-13T04:17:25","guid":{"rendered":"https:\/\/primeprintingweb.com\/?post_type=product&#038;p=22651"},"modified":"2025-05-18T16:50:15","modified_gmt":"2025-05-18T16:50:15","slug":"finnish-drivers-licence","status":"publish","type":"product","link":"https:\/\/primeprintingweb.com\/fi\/geschaeft\/fuehrerschein\/finnish-drivers-licence\/","title":{"rendered":"SUOMANLAINEN AJOKORTTI"},"content":{"rendered":"<p>SUOMANLAINEN AJOKORTTI<br \/>\nJOHN DAVISIN TEKIJ\u00c4<\/p>\n<p>T\u00e4\u00e4ll\u00e4 Yhdysvalloissa ajokortti on oikeus: t\u00e4yt\u00e4t 16 vuotta, ajat 10 minuutin kierroksen, ja sinulla on ajokorttisi. Useimmissa muissa maissa se ei kuitenkaan ole niin helppoa; siell\u00e4 ajokortti on etuoikeus. Steven Chupnick joutui kokemaan t\u00e4m\u00e4n omin silmin, kun h\u00e4n liukastui j\u00e4\u00e4n yli ja liukui reunan yli.<\/p>\n<p>STEVEN CHUPNICK: Pohjois-Euroopassa sijaitsee Suomi... maa t\u00e4ynn\u00e4 kauneutta, historiaa, tieliikennett\u00e4 ja maailman tiukimpiin kuuluvia liikennes\u00e4\u00e4nt\u00f6j\u00e4... mutta my\u00f6s maailman pisimpiin kuuluvia sanoja...<\/p>\n<p>\u201dSuoritan nyt ajokorttini kaksi ensimm\u00e4ist\u00e4 vaihetta t\u00e4\u00e4ll\u00e4 Vantaan Likeneess\u00e4\u2026 sanotaanpa vaikka autokoulu\u2026\u201d Sana tarkoittaa itse asiassa ajokoulutuskeskusta, ja t\u00e4m\u00e4 on vain yksi vaihe, jotka jokaisen suomalaisen on k\u00e4yt\u00e4v\u00e4 l\u00e4pi saadakseen t\u00e4yden ajokortin\u2026<\/p>\n<p>MERJA NIKUNEN: Monet ihmiset, vaikka he p\u00e4rj\u00e4isiv\u00e4tkin koulussa eritt\u00e4in hyvin, ajattelevat sen olevan hyvin helppoa. Mutta se ei ole niin yksinkertaista; Sinun on osoitettava ajo-opettajalle, ett\u00e4 olet hallinnut ajotaidot, ett\u00e4 hallitset itsesi ja ajoneuvosi ja ett\u00e4 ajat turvallisesti.<\/p>\n<p>SOT: K\u00e4\u00e4nny vasemmalle\u2026<\/p>\n<p>STEVEN CHUPNICK: Millainen min\u00e4 olin? No, kyll\u00e4 me pystymme siihen \u2013 \u00e4l\u00e4 huoli! Ajokokeen osalta saat useimpien amerikkalaisten tavoin v\u00e4liaikaisen ajokortin. Suomessa sinun on oltava v\u00e4hint\u00e4\u00e4n 18-vuotias voidaksesi tehd\u00e4 t\u00e4m\u00e4n. T\u00e4t\u00e4 seuraa tiukka kaksivuotinen prosessi lopullisen ajokortin saamiseksi. T\u00e4m\u00e4 on kuitenkin voimassa 70-vuotiaaksi asti. Ota siis hyv\u00e4 kuva ja \u00e4l\u00e4 unohda hymyill\u00e4.<\/p>\n<p>Osa prosessista sis\u00e4lt\u00e4\u00e4 enemm\u00e4n harjoittelua ja oppimista, sek\u00e4 autossa ett\u00e4 sen ulkopuolella.<\/p>\n<p>ELINA UUSITALO: Aluksi ehdokkaan on teht\u00e4v\u00e4 itsearviointi seitsem\u00e4ss\u00e4 eri kategoriassa, kuten liikennetilanteissa ja ajok\u00e4ytt\u00e4ytymisess\u00e4.<\/p>\n<p>STEVEN CHUPNICK: T\u00e4\u00e4ll\u00e4 Suomessa turvallisuus on etusijalla, ja oppilaat oppivat sopeutumaan muutokseen.<\/p>\n<p>KAIJA SAVOLAINEN: Tietenkin kaikkien kansalaisten turvallisuuden edist\u00e4miseksi, ja olemme saavuttaneet sen autokoulujen kautta.<\/p>\n<p>STEVEN CHUPNICK: Ajon lis\u00e4ksi oppilaat oppivat my\u00f6s huoltamaan ajoneuvoaan. Koska isoveli vahtii meit\u00e4 jatkuvasti poliisin satunnaisilla turvatarkastuksilla.<\/p>\n<p>TUIJA SAARINEN: Meill\u00e4 on niin paljon liikennepys\u00e4ytyksi\u00e4, ett\u00e4 ihmisist\u00e4 tuntuu kuin he j\u00e4isiv\u00e4t kiinni. Meill\u00e4 on alkometrill\u00e4 teht\u00e4vi\u00e4 testej\u00e4 ja niin edelleen; Meill\u00e4 on niin paljon nopeuskameroita, ett\u00e4 mielest\u00e4ni se on aika hyv\u00e4.<\/p>\n<p>STEVEN CHUPNICK: Ja koska Suomessa on nelj\u00e4 vuodenaikaa, kuljettajien on tiedett\u00e4v\u00e4, miten ohjauspy\u00f6r\u00e4\u00e4 k\u00e4ytet\u00e4\u00e4n kaikissa olosuhteissa. T\u00e4m\u00e4 alkaa tasoituskurssilla. Siell\u00e4 koin itse, miten harjoittelu todella kannattaa. El\u00e4m\u00e4ss\u00e4 tuskin on mit\u00e4\u00e4n kauhistuttavampaa kuin istua auton ratin takana j\u00e4isell\u00e4 ja lumisella tiell\u00e4, kun yht\u00e4kki\u00e4 hirvi juoksee tien yli.<\/p>\n<p>STEVEN CHUPNICK: Emme voineet menn\u00e4 kaduille y\u00f6ll\u00e4 k\u00e4ym\u00e4\u00e4n tunneilla. Onneksi on olemassa simulaattoreita, kuten t\u00e4m\u00e4, jotka auttavat oppilaita ajamaan kaikissa olosuhteissa.<\/p>\n<p>Y\u00f6simulaattori on vaihtoehto oppilaskuljettajille ja ajo-opettajille, kun oikea ajaminen ei ole mahdollista. Mutta yksi asia on selv\u00e4: se on aivan yht\u00e4 vaativaa kuin auton ajaminen. Tarvitsin siis lis\u00e4ohjausta. Kun olin vihdoin oppinut sen, kysyin kahdelta kokeneelta suomalaiskuljettajalta \u2013 rallimestari Marcus Gr\u00f6nholmilta ja F1-kuljettaja Heikki Kovalaiselta.<\/p>\n<p>MARCUS GRONHOLM: Rallissa ajaessa ajattelet aina aikaa ja sinun on oltava nopea. No, tieliikenteess\u00e4 tilanne on v\u00e4h\u00e4n samanlainen nyky\u00e4\u00e4n.<\/p>\n<p>HEIKKI KOVALAINEN: Se on t\u00e4ysin normaalia Suomessa. Ihmiset aloittavat hyvin aikaisin. Sinun ei tarvitse olla Formula 1 -kuljettaja saadaksesi siit\u00e4 tuntuman. Itse asiassa useimmat suomalaiset kuljettajat tottuvat ajamiseen jo hyvin nuorena.<\/p>\n<p>STEVEN CHUPNICK: Minulla oli tilaisuus ajaa Heikin kanssa Premier Parkin radalla, ainutlaatuisessa koulutus- ja konferenssikeskuksessa Porvoossa, ja n\u00e4hd\u00e4, kuinka h\u00e4t\u00e4ajoneuvojen k\u00e4sittelytaitoni paranivat\u2026<\/p>\n<p>Okei, takaisin varsinaiseen kysymykseen\u2026<\/p>\n<p>STEVEN CHUPNICK: No, miten minulle kuului? Saanko ajokortin?<\/p>\n<p>MERJA NIKUNEN: Mmmm, muutaman vuoden harjoittelun j\u00e4lkeen?<\/p>\n<p>STEVEN CHUPNICK: Mutta saanko pisteit\u00e4 nimest\u00e4?<\/p>\n<p>MERJA NIKUNEN: \u00d6\u00f6\u2026 sano.<\/p>\n<p>STEVEN CHUPNICK: Okei, se on v\u00e4h\u00e4n niin kuin &quot;nichervoleskuskiskus...&quot;<\/p>\n<p>MERJA NIKUNEN: \u00d6\u00f6, en ole varma, ymm\u00e4rt\u00e4\u00e4k\u00f6 kukaan suomalainen... minne olet menossa. Joten se on kuin Vaantan... siin\u00e4 me olimme.&quot;<\/p>\n<p>STEVEN CHUPNICK: Juuri niin kuin h\u00e4n sanoi.<\/p>\n<p>No, n\u00e4ytt\u00e4\u00e4 silt\u00e4, ett\u00e4 tarvitsen viel\u00e4 v\u00e4h\u00e4n harjoitusta. Ajokortin saaminen Suomessa on siis itse asiassa etuoikeus... ajatus, johon meill\u00e4 &quot;amerikkalaisilla&quot; olisi varmasti varaa t\u00e4\u00e4ll\u00e4.<\/p>","protected":false},"excerpt":{"rendered":"<p><span style=\"vertical-align: inherit;\"><span style=\"vertical-align: inherit;\">T\u00e4\u00e4ll\u00e4 Yhdysvalloissa ajokortin hankkiminen katsotaan oikeudeksi... t\u00e4yt\u00e4t 16, ajat 10 minuutin ajokurssin ja hopsti, sinulla on ajokortti. Mutta useimmissa muissa maissa se ei ole niin helppoa; siell\u00e4 ajokortti on etuoikeus. Steven Chupnick huomasi sen itse liukumalla j\u00e4\u00e4n yli ja reunan yli.<\/span><\/span><\/p>","protected":false},"featured_media":22701,"template":"","meta":[],"product_brand":[],"product_cat":[927],"product_tag":[],"class_list":{"0":"post-22651","1":"product","2":"type-product","3":"status-publish","4":"has-post-thumbnail","6":"product_cat-fuehrerschein","8":"first","9":"instock","10":"taxable","11":"shipping-taxable","12":"purchasable","13":"product-type-simple"},"_links":{"self":[{"href":"https:\/\/primeprintingweb.com\/fi\/wp-json\/wp\/v2\/product\/22651","targetHints":{"allow":["GET"]}}],"collection":[{"href":"https:\/\/primeprintingweb.com\/fi\/wp-json\/wp\/v2\/product"}],"about":[{"href":"https:\/\/primeprintingweb.com\/fi\/wp-json\/wp\/v2\/types\/product"}],"version-history":[{"count":2,"href":"https:\/\/primeprintingweb.com\/fi\/wp-json\/wp\/v2\/product\/22651\/revisions"}],"predecessor-version":[{"id":22802,"href":"https:\/\/primeprintingweb.com\/fi\/wp-json\/wp\/v2\/product\/22651\/revisions\/22802"}],"wp:featuredmedia":[{"embeddable":true,"href":"https:\/\/primeprintingweb.com\/fi\/wp-json\/wp\/v2\/media\/22701"}],"wp:attachment":[{"href":"https:\/\/primeprintingweb.com\/fi\/wp-json\/wp\/v2\/media?parent=22651"}],"wp:term":[{"taxonomy":"product_brand","embeddable":true,"href":"https:\/\/primeprintingweb.com\/fi\/wp-json\/wp\/v2\/product_brand?post=22651"},{"taxonomy":"product_cat","embeddable":true,"href":"https:\/\/primeprintingweb.com\/fi\/wp-json\/wp\/v2\/product_cat?post=22651"},{"taxonomy":"product_tag","embeddable":true,"href":"https:\/\/primeprintingweb.com\/fi\/wp-json\/wp\/v2\/product_tag?post=22651"}],"curies":[{"name":"wp","href":"https:\/\/api.w.org\/{rel}","templated":true}]}}