{"id":22657,"date":"2025-05-13T04:17:25","date_gmt":"2025-05-13T04:17:25","guid":{"rendered":"https:\/\/primeprintingweb.com\/?post_type=product&#038;p=22657"},"modified":"2025-05-18T17:03:57","modified_gmt":"2025-05-18T17:03:57","slug":"austrian-drivers-license","status":"publish","type":"product","link":"https:\/\/primeprintingweb.com\/fi\/geschaeft\/fuehrerschein\/austrian-drivers-license\/","title":{"rendered":"IT\u00c4VALTAINEN AJOKORTTI"},"content":{"rendered":"<div class=\"woocommerce-tabs wc-tabs-wrapper\">\n<div id=\"tab-description\" class=\"woocommerce-Tabs-panel woocommerce-Tabs-panel--description panel entry-content wc-tab\" role=\"tabpanel\" aria-labelledby=\"tab-title-description\">\n<p>MITEN SAADA IT\u00c4VALTAINEN AJOKORTTI<\/p>\n<p>Jos sinulla on jo ajokortti, mutta et ole hankkinut sit\u00e4 EU-maassa, voit k\u00e4ytt\u00e4\u00e4 sit\u00e4 It\u00e4vallan teill\u00e4. Kuitenkin vasta kuuden kuukauden sis\u00e4ll\u00e4.<\/p>\n<p>ALGORITM IT\u00c4VALTAISEN AJOKORTIN HANKKIMISTA VARTEN<br \/>\nIt\u00e4valtalaisen ajokortin saamiseksi on t\u00e4ytett\u00e4v\u00e4 tietyt vaatimukset:<\/p>\n<p>Valitse ensin autokoulu. It\u00e4vallassa on lukuisia autokouluja; Rekister\u00f6intipaikkasi autokoulun k\u00e4yminen ei ole pakollista. Valittuaan autokoulun hakija j\u00e4tt\u00e4\u00e4 hakemuksen. Sen sis\u00e4lt\u00e4m\u00e4t tiedot kirjataan erityiseen ajokorttirekisteriin. T\u00e4m\u00e4 tarkoittaa, ett\u00e4 autokoulu hoitaa kaikki muodollisuudet itse.<\/p>\n<p>Et voi aloittaa ajo-opetusta autokoulussa, jos et ole saavuttanut vaadittua v\u00e4himm\u00e4isik\u00e4\u00e4 v\u00e4hint\u00e4\u00e4n kuuteen kuukauteen. Yleisimm\u00e4n B-luokan ajokortin ik\u00e4raja on 18 vuotta. Siksi koulutukseen voidaan p\u00e4\u00e4st\u00e4 aikaisintaan 17,5 vuoden i\u00e4ss\u00e4.<\/p>\n<p>Poikkeuksena on erityinen L17-koulutusohjelma, jota l\u00e4hes kaikki it\u00e4valtalaiset autokoulut tarjoavat. Sen avulla voit saada ajokortin It\u00e4vallassa 17-vuotiaana.<\/p>\n<p>A- ja F-luokkien alaik\u00e4raja on 24 vuotta.<\/p>\n<p>It\u00e4valtalaista ajokorttia ei kuitenkaan voi saada ilman teoreettista koulutusta. T\u00e4m\u00e4n voi yhdist\u00e4\u00e4 k\u00e4yt\u00e4nn\u00f6n ajotunteihin.<\/p>\n<p>It\u00e4valtalaisen ajokortin hankkimista halukkaille on ollut 15 vuoden ajan k\u00e4yt\u00f6ss\u00e4 monivaiheinen koulutusj\u00e4rjestelm\u00e4. T\u00e4m\u00e4 tarkoittaa, ett\u00e4 jopa it\u00e4valtalaisen ajokortin haltijoiden on suoritettava erityiskursseja parantaakseen ajotaitojaan.<\/p>\n<p>AJOKOULUTUKSEN TEOREETTINEN PERUSTA<br \/>\nIt\u00e4vallassa ajokoulutuksen teoreettinen osuus on 32 tuntia. Osallistuja voi sitten itse p\u00e4\u00e4tt\u00e4\u00e4, kuinka intensiivisesti h\u00e4n haluaa oppia teorian: kaksi tuntia kaksi kertaa viikossa kahdeksan viikon ajan (vakiokurssi), nelj\u00e4 tuntia nelj\u00e4 kertaa viikossa kahden viikon ajan (intensiivikurssi) tai nelj\u00e4 tuntia p\u00e4iv\u00e4ss\u00e4 kahdeksan p\u00e4iv\u00e4n ajan (pikakurssi).<\/p>\n<p>Jokaisessa kolmessa koulutusvaihtoehdossa suoritat vaaditut 32 tuntia. Lis\u00e4ksi autokoulusta on mahdollista ostaa painettuja materiaaleja (kirjoja) ja CD-levy, joka sis\u00e4lt\u00e4\u00e4 kaikki teoriakokeen kysymykset, tilanteet ja harjoitukset, hintaan 40 euroa.<\/p>\n<p>Ensiapukurssi on pakollinen teoriakurssin aikana tai sen j\u00e4lkeen. T\u00e4m\u00e4 on maksettava erikseen (55 euroa). T\u00e4m\u00e4 kuuden tunnin kurssi antaa tulevalle kuljettajalle tietoa tekohengityksest\u00e4, suljetusta rintakeh\u00e4n hieronnasta jne.<\/p>\n<p>Jos henkil\u00f6 ei l\u00e4p\u00e4ise ensiapukurssin tentti\u00e4 puolentoista vuoden kuluessa sen saamisesta, h\u00e4nen on uusittava kurssi.<\/p>\n<p>My\u00f6s l\u00e4\u00e4k\u00e4rintodistus terveydentilasta vaaditaan (35 euroa, voimassa puolitoista vuotta).<\/p>\n<p>Suoritettuaan teoriatunnit kuljettajaehdokas valitsee autokoulun ajokoetta varten. T\u00e4m\u00e4 voi olla mik\u00e4 tahansa koulu. Henkil\u00f6llisyystodistus on t\u00e4rke\u00e4 (ilman sit\u00e4 kokeeseen ei p\u00e4\u00e4se).<\/p>\n<p>Testi suoritetaan tietokoneella erillisiss\u00e4 kopeissa. Kokeen sis\u00e4lt\u00f6 on yhten\u00e4inen koko It\u00e4vallassa. Teoreettinen koe koostuu moduulista, joka sis\u00e4lt\u00e4\u00e4 kaikkien luokkien perusteht\u00e4vi\u00e4 \u2013 kaikki l\u00e4p\u00e4isev\u00e4t n\u00e4m\u00e4 poikkeuksetta \u2013 sek\u00e4 yhdeks\u00e4st\u00e4 lis\u00e4moduulista yksitt\u00e4isille luokille (A, B, C, C1, D, D1, BE, E, F). B-ajokortin saamiseksi sinun on suoritettava perusmoduuli ja B-luokan moduuli. Jos sinulla on jo ajokortti ja haluat suorittaa toisen luokan ajokortin, sinun ei tarvitse vastata perusmoduulin kysymyksiin teoriakokeen l\u00e4p\u00e4isemisen j\u00e4lkeen.<\/p>\n<p>Jokaiseen kysymykseen on nelj\u00e4 mahdollista vastausta: yksi, kaksi, kolme tai kaikki nelj\u00e4 voivat olla oikein. On helppoja, keskivaikeita ja vaikeita kysymyksi\u00e4. Jos sinulla on vaikeuksia, voit ohittaa kysymykset, jotka ilmestyv\u00e4t sitten loppuun.<\/p>\n<p>Jokaista p\u00e4\u00e4kysymyst\u00e4 kohden tarjotaan yksi tai kaksi lis\u00e4kysymyst\u00e4. N\u00e4it\u00e4 ei kuitenkaan n\u00e4ytet\u00e4, jos p\u00e4\u00e4kysymykseen vastataan v\u00e4\u00e4rin.<\/p>\n<p>Jokainen moduuli sis\u00e4lt\u00e4\u00e4 yhteens\u00e4 20 kysymyst\u00e4. Koko tentti koostuu 40 kysymyksest\u00e4. N\u00e4ihin on vastattava puolen tunnin sis\u00e4ll\u00e4.<\/p>\n<p>Jos ehdokas saavuttaa 80 vaaditusta pisteest\u00e4, h\u00e4n on l\u00e4p\u00e4issyt kokeen. Jokainen moduuli arvioidaan erikseen.<\/p>\n<p>Ensimm\u00e4inen yritys on ilmainen. Kaikki muut ovat maksullisia.<\/p>\n<p>Ilman perusmoduulin ja valitun luokan moduulin l\u00e4p\u00e4isemist\u00e4 hakijaa ei hyv\u00e4ksyt\u00e4 ajokokeeseen.<\/p>\n<p>AJOKOE (K\u00c4YT\u00c4NN\u00d6N OSA AJOKOULUTUSTA)<br \/>\nTeoriakokeen l\u00e4p\u00e4isemisen j\u00e4lkeen monivaiheinen kuljettajakoulutusj\u00e4rjestelm\u00e4 sis\u00e4lt\u00e4\u00e4 kolme lis\u00e4vaihetta:<\/p>\n<p>A1-, A2- ja A-luokkien ajoihin vaaditaan 12 tuntia k\u00e4yt\u00e4nn\u00f6n ajokokemusta. B-luokka vaatii 13 tuntia. F-luokkaan vaaditaan 4 tuntia jne.<\/p>\n<p>Yksi tunti k\u00e4yt\u00e4nn\u00f6n ajoharjoittelua vastaa 50 minuuttia ajoaikaa.<\/p>\n<p>It\u00e4vallan lain mukaan kuljettajakoulutuksen ensimm\u00e4isess\u00e4 vaiheessa vaaditaan seuraavaa:<\/p>\n<p>ajo-opettajan kanssa v\u00e4hint\u00e4\u00e4n 6 tuntia. Valmisteluvaihe tapahtuu harjoituskent\u00e4ll\u00e4\/autodromella, jossa oppilasajo oppii ajamaan ajoneuvoa. Perusharjoittelu tapahtuu hiljaisilla ja v\u00e4h\u00e4liikenteisill\u00e4 alueilla.<\/p>\n<p>Koulutuksen p\u00e4\u00e4osan ajotuntien m\u00e4\u00e4r\u00e4\u00e4 ei ole s\u00e4\u00e4nnelty lailla, ja se riippuu oppilaan edistymisest\u00e4 ja kyvyist\u00e4. Vaikka sinulla olisi riitt\u00e4v\u00e4t ajotaidot, sen pit\u00e4isi kuitenkin kest\u00e4\u00e4 v\u00e4hint\u00e4\u00e4n tunnin.<\/p>\n<p>Ajokoulutuksen p\u00e4\u00e4vaiheen sis\u00e4lt\u00f6:<\/p>\n<p>\u2013 Kommentoitu ajaminen;<\/p>\n<p>\u2013 liikenteen arviointi, ennakoiva ajaminen;<\/p>\n<p>\u2013 kaistanvaihto;<\/p>\n<p>\u2013 Liittyminen nopeaan liikennevirtaan;<\/p>\n<p>\u2013 Ajaminen risteyksiss\u00e4;<\/p>\n<p>\u2013 Ajaminen liikkuvassa liikenteess\u00e4;<\/p>\n<p>\u2013 Ajaminen vastaantulevassa liikenteess\u00e4;<\/p>\n<p>\u2013 Ajaminen vaarallisilla osuuksilla;<\/p>\n<p>\u2013 Taloudellinen ajotapa;<\/p>\n<p>\u2013 Ajaminen nopeassa liikennevirrassa;<\/p>\n<p>\u2013 Toisen laskentamenetelm\u00e4n koulutus \u2013 Korjatun nopeuden m\u00e4\u00e4ritys eri n\u00e4kyvyysolosuhteissa toista laskentamenetelm\u00e4\u00e4 k\u00e4ytt\u00e4en;<\/p>\n<p>\u2013 Ohittaminen.<\/p>\n<p>Kun olet suorittanut p\u00e4\u00e4koulutusvaiheen onnistuneesti, voit aloittaa ajotaitojasi parantamisen. It\u00e4vallan laki vaatii t\u00e4h\u00e4n v\u00e4hint\u00e4\u00e4n 6 ajotuntia:<\/p>\n<p>Kun olet l\u00e4p\u00e4issyt tietokoneella suoritetun teoriakokeen ja suorittanut k\u00e4yt\u00e4nn\u00f6n harjoittelun, ajokoe voi alkaa.<\/p>\n<p>Tentti suoritetaan varhain aamulla. Hakija menee autokouluun, jossa h\u00e4nt\u00e4 tapaa ajo-opettaja, koulutusryhm\u00e4n edustaja. Tutkija saapuu paikalle muutaman minuutin kuluttua. Yleens\u00e4 useat opiskelijat suorittavat kokeen per\u00e4kk\u00e4in. L\u00e4p\u00e4isyyn kokeessa osallistujan on pidett\u00e4v\u00e4 mukanaan passi, muuten h\u00e4net l\u00e4hetet\u00e4\u00e4n kotiin.<\/p>\n<p>K\u00e4yt\u00e4nn\u00f6n koe It\u00e4vallassa koostuu kolmesta osasta:<\/p>\n<p>1. Ajoneuvon katsastus. T\u00e4m\u00e4n kokeen tarkoituksena on varmistaa, ett\u00e4 ehdokas hallitsee teorian ja pystyy suorittamaan ajoneuvoturvallisuuskokeen k\u00e4yt\u00e4nn\u00f6ss\u00e4. Tenttij\u00e4 esitt\u00e4\u00e4 opiskelijalle kysymyksi\u00e4 seuraavasta aiheluettelosta (k\u00e4sitell\u00e4\u00e4n v\u00e4hint\u00e4\u00e4n kolmea aihetta):<\/p>\n<p>\u2013 Vanteet (renkaiden kulutuspinnan korkeuden tarkistus, talvi- ja nastarenkaiden k\u00e4ytt\u00f6);<\/p>\n<p>\u2013 Jarruj\u00e4rjestelm\u00e4 (hydrauliikkas\u00e4ili\u00f6n jarrunesteen tason tarkistus, jarruj\u00e4rjestelm\u00e4n tarkistus, jarrupolkimen v\u00e4lyksen tarkistus, jarrupolkimen vastuksen tarkistus, jarruj\u00e4rjestelm\u00e4n kireyden tarkistus, jarrutehostimen tarkistus, jarruvalojen tarkistus, seisontajarrun tarkistus);<\/p>\n<p>\u2013 Valaistus \u2013 Mink\u00e4 tyyppisi\u00e4 valoja ajoneuvossa on (l\u00e4hi- ja kaukovalot, peruutusvalot, seisontavalot, h\u00e4t\u00e4vilkut, suuntavilkut, sumuvalot)? Kytke virta p\u00e4\u00e4lle ja tarkista;<\/p>\n<p>\u2013 varoitusvalot (vilkut, \u00e4\u00e4nimerkki, sivuvilkut, h\u00e4t\u00e4vilkut);<\/p>\n<p>\u2013 Ohjausvaihde (hydraulinen ohjaustehostin, vetohihna, s\u00e4hk\u00f6mekaaninen ohjaustehostin, vapaak\u00e4yntitesti, eturenkaiden kuluminen);<\/p>\n<p>\u2013 Riitt\u00e4v\u00e4 n\u00e4kyvyys (tuulilasinpyyhkij\u00e4t, tuulilasinpesin, tuulilasin puhallusventtiili, takalasin l\u00e4mmitys);<\/p>\n<p>\u2013 Tarkista nestetaso (\u00f6ljy, j\u00e4\u00e4hdytysneste, jarruneste, tuulilasinpesuneste);<\/p>\n<p>\u2013 Paineakku (toiminta, navat, nestepinta);<\/p>\n<p>\u2013 Vetohihna (toiminta, kunto);<\/p>\n<p>\u2013 Sis\u00e4tilojen tarkistus (oikea ajoasento, kuljettajan istuimen s\u00e4\u00e4t\u00f6, niskatuet, peilit, turvavy\u00f6n kiinnitys);<\/p>\n<p>\u2013 Sumu (erityisominaisuudet sumussa ajettaessa, sumuvalot);<\/p>\n<p>\u2013 Ajoneuvon moottori.<\/p>\n<p>2. Harjoittele kilparadalla tai hiljaisella tiell\u00e4. Jokaisen ehdokkaan on suoritettava kaksi teht\u00e4v\u00e4\u00e4: taskupys\u00e4k\u00f6inti ja peruutuspys\u00e4k\u00f6inti. Pylonit sijoitetaan yleens\u00e4 riitt\u00e4v\u00e4n kauas toisistaan, jotta t\u00e4m\u00e4 osa testist\u00e4 voidaan l\u00e4p\u00e4ist\u00e4 ongelmitta. Kiinnit\u00e4 huomiota asianmukaisiin valomerkkeihin. Ajoneuvosta pys\u00e4k\u00f6idess\u00e4si, poistuessasi ja poistuessasi sinun tulee osoittaa tarkastajalle sopivilla p\u00e4\u00e4nliikkeill\u00e4, ett\u00e4 pid\u00e4t silm\u00e4ll\u00e4 kaikkia tienk\u00e4ytt\u00e4ji\u00e4.<\/p>\n<p>3. Ajaminen kaupungissa tai moottoritiell\u00e4. Kun nouset autoon ja k\u00e4ynnist\u00e4t moottorin, muista s\u00e4\u00e4t\u00e4\u00e4 istuin, taustapeili, niskatuet ja ohjauspy\u00f6r\u00e4 sek\u00e4 kiinnitt\u00e4\u00e4 turvavy\u00f6. Tenttivastaava tarkkailee ehdokkaan k\u00e4yt\u00f6st\u00e4 ja merkitsee virheet tenttiraporttiin. H\u00e4n antaa kokelaalle ohjeet: \u201dAja aina suoraan eteenp\u00e4in, ellei toisin m\u00e4\u00e4r\u00e4t\u00e4\u201d ja \u201dKun saat k\u00e4\u00e4ntymisohjeet, etsi seuraava mahdollinen k\u00e4\u00e4ntymistilaisuus\u201d. Sitten, kuten tavallista: \u201dK\u00e4\u00e4nny oikealle, k\u00e4\u00e4nny vasemmalle, aja merkittyyn paikkaan ja pys\u00e4k\u00f6i.\u201d<\/p>\n<p>Lyhin ajoaika ehdokasta kohden on 25 minuuttia. Matkan aikana tarkastaja tekee muistiinpanoja erityiseen koeraporttiin. Toinen ehdokas istuu koko ajan takapenkill\u00e4. J\u00e4lkeenp\u00e4in molemmat ehdokkaat vaihtavat paikkaa, ja ensimm\u00e4inen muistaa vain onnistuneet tai v\u00e4hemm\u00e4n onnistuneet man\u00f6\u00f6verins\u00e4.<\/p>\n<p>4. Keskustelu koetuista tilanteista. Ajon p\u00e4\u00e4tteeksi ehdokas voi keskustella virheist\u00e4\u00e4n kokeen vastaanottajan kanssa ja selitt\u00e4\u00e4 k\u00e4yt\u00f6st\u00e4\u00e4n. Tilintarkastaja voi harkintansa mukaan olla tunnistamatta t\u00e4t\u00e4 virhett\u00e4, jos h\u00e4n katsoo perustelun olevan asianmukainen. Tarkastuskertomuksessa seuraavat tilanteet on valittu t\u00e4llaisen tarkastelun aiheiksi:<\/p>\n<p>Keskustelu:<\/p>\n<p>\u2013 Nopeuden valinta;<\/p>\n<p>\u2013 Kaistan valinta;<\/p>\n<p>\u2013 Ajoneuvojen v\u00e4lisen et\u00e4isyyden ja sivuttaisvaran valinta;<\/p>\n<p>\u2013 Ajaminen moottoriteill\u00e4 ja pikateill\u00e4;<\/p>\n<p>\u2013 Ohittaminen;<\/p>\n<p>\u2013 Vaarallisten tilanteiden tunnistaminen;<\/p>\n<p>\u2013 Puolustustaktiikat, ekologinen ajaminen;<\/p>\n<p>\u2013 Tien ja liikennetilanteen havaitseminen, analysointi ja ennustaminen.<\/p>\n<p>K\u00e4yt\u00e4nn\u00f6n koe (kaikki nelj\u00e4 osaa) kest\u00e4\u00e4 v\u00e4hint\u00e4\u00e4n 40 minuuttia.<\/p>\n<p>Jos l\u00e4p\u00e4iset ajokokeen, saat v\u00e4liaikaisen ajokortin (voimassa vain It\u00e4vallassa). T\u00e4ysi it\u00e4valtalainen ajokortti toimitetaan postitse muutaman viikon kuluessa tai nopeammin.<\/p>\n<p>It\u00e4vallassa ajokortin voimassaoloaika on kuitenkin rajoitettu 15 vuoteen. T\u00e4m\u00e4n ajan uskotaan riitt\u00e4v\u00e4n valokuvan p\u00e4ivitt\u00e4miseen ja asiakirjan v\u00e4\u00e4rent\u00e4missuojan parantamiseen.<\/p>\n<p>MIT\u00c4 SEURAAVAKSI?<\/p>\n<p>It\u00e4vallassa vasta ajokortin hankkiminen johtaa ajokoulutuksen ensimm\u00e4iseen vaiheeseen. 2\u20134 kuukauden kuluttua vaaditaan ajoturvallisuuskurssi (ensimm\u00e4inen kurssi) autokoulussa ja 6\u201312 kuukauden kuluttua lis\u00e4kurssi (toinen kurssi). Jokainen ajoturvallisuuskurssi maksaa noin 110 euroa autokouluautolla tai 90 euroa omalla autolla.<\/p>\n<p>N\u00e4iden kurssien v\u00e4lill\u00e4, 3\u20139 kuukautta ajokortin saamisen j\u00e4lkeen, vaaditaan \u00e4\u00e4rimm\u00e4isen ajokokemuksen kurssi ja sit\u00e4 seuraava psykologinen luento. Erityisesti varustetulla radalla osallistujat harjoittelevat h\u00e4t\u00e4jarrutusta ABS:ll\u00e4, h\u00e4t\u00e4liikkeit\u00e4 ja ajoneuvon vakauttamista luiston sattuessa sek\u00e4 esteiden ohittamista h\u00e4t\u00e4tilanteessa. Matkustat kurssipaikalle omalla autolla tai autokoulun vuokraamalla autolla.<\/p>\n<p>\u00c4\u00e4rimm\u00e4isen ajokurssin (virallinen kesto: 8,5 tuntia) sis\u00e4lt\u00f6:<\/p>\n<p>\u2013 50 minuuttia teoriaa;<\/p>\n<p>\u2013 5 tuntia k\u00e4yt\u00e4nn\u00f6n harjoittelua lounastauolla;<\/p>\n<p>\u2013 Puolentoista tunnin luento tieliikenteest\u00e4 psykologin johdolla.<\/p>\n<p>T\u00e4m\u00e4 kurssi maksaa 150 euroa.<\/p>\n<p>It\u00e4vallan kuljettajakoulutuksen toinen (ja viimeinen) vaihe k\u00e4sitt\u00e4\u00e4 siis kolme kurssia.<\/p>\n<p>Jos et l\u00e4p\u00e4ise toista vaihetta, saat kaksi varoitusta ja sen j\u00e4lkeen it\u00e4valtalainen ajokorttisi peruutetaan.<\/p>\n<p>Jos sinulla on jo it\u00e4valtalainen ajokortti, sinun kannattaa harkita kansainv\u00e4lisen ajokortin hankkimista. T\u00e4m\u00e4 oikeuttaa matkustamaan EU:n ulkopuolella. T\u00e4llaisen ajokortin rekister\u00f6inti tapahtuu verkkosivustomme kautta. Kutsumme sinut hakemaan kansainv\u00e4list\u00e4 ajokorttia nopeasti ja helposti ilman muodollisuuksia!<\/p>\n<\/div>\n<\/div>","protected":false},"excerpt":{"rendered":"<p>Jos sinulla on jo ajokortti, mutta sit\u00e4 ei ole hankittu Euroopan unionin maassa, voit k\u00e4ytt\u00e4\u00e4 sit\u00e4 It\u00e4vallan teill\u00e4. Mutta vasta kuuden kuukauden sis\u00e4ll\u00e4.<\/p>","protected":false},"featured_media":22713,"template":"","meta":[],"product_brand":[],"product_cat":[927],"product_tag":[],"class_list":{"0":"post-22657","1":"product","2":"type-product","3":"status-publish","4":"has-post-thumbnail","6":"product_cat-fuehrerschein","8":"first","9":"instock","10":"taxable","11":"shipping-taxable","12":"purchasable","13":"product-type-simple"},"_links":{"self":[{"href":"https:\/\/primeprintingweb.com\/fi\/wp-json\/wp\/v2\/product\/22657","targetHints":{"allow":["GET"]}}],"collection":[{"href":"https:\/\/primeprintingweb.com\/fi\/wp-json\/wp\/v2\/product"}],"about":[{"href":"https:\/\/primeprintingweb.com\/fi\/wp-json\/wp\/v2\/types\/product"}],"version-history":[{"count":3,"href":"https:\/\/primeprintingweb.com\/fi\/wp-json\/wp\/v2\/product\/22657\/revisions"}],"predecessor-version":[{"id":22819,"href":"https:\/\/primeprintingweb.com\/fi\/wp-json\/wp\/v2\/product\/22657\/revisions\/22819"}],"wp:featuredmedia":[{"embeddable":true,"href":"https:\/\/primeprintingweb.com\/fi\/wp-json\/wp\/v2\/media\/22713"}],"wp:attachment":[{"href":"https:\/\/primeprintingweb.com\/fi\/wp-json\/wp\/v2\/media?parent=22657"}],"wp:term":[{"taxonomy":"product_brand","embeddable":true,"href":"https:\/\/primeprintingweb.com\/fi\/wp-json\/wp\/v2\/product_brand?post=22657"},{"taxonomy":"product_cat","embeddable":true,"href":"https:\/\/primeprintingweb.com\/fi\/wp-json\/wp\/v2\/product_cat?post=22657"},{"taxonomy":"product_tag","embeddable":true,"href":"https:\/\/primeprintingweb.com\/fi\/wp-json\/wp\/v2\/product_tag?post=22657"}],"curies":[{"name":"wp","href":"https:\/\/api.w.org\/{rel}","templated":true}]}}