{"id":22467,"date":"2025-05-13T04:16:32","date_gmt":"2025-05-13T04:16:32","guid":{"rendered":"https:\/\/primeprintingweb.com\/?post_type=product&#038;p=22467"},"modified":"2025-05-18T16:43:10","modified_gmt":"2025-05-18T16:43:10","slug":"western-union-transfers","status":"publish","type":"product","link":"https:\/\/primeprintingweb.com\/fr\/geschaeft\/accessories\/western-union-transfers\/","title":{"rendered":"Transferts Western Union"},"content":{"rendered":"<div class=\"co8aDb\" role=\"heading\">\n<p>Achetez des transferts de piratage Western Union en ligne chez Press Document, le meilleur fournisseur pour gagner de l&#039;argent. Achetez en ligne avec un remboursement \u00e0 100 % sur les d\u00e9fauts et une livraison rapide.<\/p>\n<p>Commandez un transfert WU pirat\u00e9, recevez des transferts Western Union et Money Gram pirat\u00e9s en ligne et achetez des transferts Western Union pirat\u00e9s.<\/p>\n<p>Commandez d\u00e8s maintenant des virements Western Union et Money Gram aupr\u00e8s de Press Document \u2013 le meilleur fournisseur pour gagner de l&#039;argent \u2013 avec le remboursement le plus rapide.<\/p>\n<p>Commandez des virements Western Union et Money Gram sur notre site Presse Document. Transfert d&#039;argent pirat\u00e9 Western Union. Nous proposons des transferts WU Hack de haute qualit\u00e9 \u00e0 des prix abordables.<\/p>\n<p>Achetez des transferts de piratage Western Union et Money Gram en ligne chez Press Document, le meilleur fournisseur de documents et de cr\u00e9ation d&#039;argent.<\/p>\n<p>Compte tenu des vuln\u00e9rabilit\u00e9s de s\u00e9curit\u00e9 du syst\u00e8me, le piratage est tr\u00e8s r\u00e9pandu de nos jours.<\/p>\n<p>Les services de transfert d&#039;argent tels que Western Union et Money Gram sont attaqu\u00e9s par des programmeurs et des pirates informatiques qui peuvent acc\u00e9der \u00e0 la base de donn\u00e9es et effectuer facilement des transactions. Si vous souhaitez recevoir de l&#039;argent propre ou envoyer un montant plus important vers des pays disposant d&#039;une licence WU, vous \u00eates au bon endroit.<\/p>\n<p>Avec notre astuce de transfert d&#039;argent Western Union et Money Gram, nous transmettons une s\u00e9rie de transactions \u00e0 nos bureaux de change, qui versent ensuite l&#039;argent au destinataire.<\/p>\n<p>Ce service est extr\u00eamement s\u00e9curis\u00e9 et rapide \u2013 un service que vous ne trouverez nulle part ailleurs.<\/p>\n<p>Pourquoi devriez-vous utiliser nos services de piratage Western Union et Money Gram<\/p>\n<p>Pirater la base de donn\u00e9es d\u2019un site Web n\u2019est pas une t\u00e2che facile.<\/p>\n<p>Obtenez des transferts de piratage Western Union et Money Gram<\/p>\n<p>Nous avons des ann\u00e9es d&#039;exp\u00e9rience dans le piratage de Western Union et de Money Gram, et il existe<\/p>\n<p>de nombreuses raisons pour lesquelles vous devriez nous faire confiance. Exemples :<\/p>\n<p>300 $ pour MTCN 3000 $ (MTCN vs. donn\u00e9es de l&#039;exp\u00e9diteur)<\/p>\n<p>500 $ pour MTCN 6000 $ (MTCN vs. donn\u00e9es de l&#039;exp\u00e9diteur)<\/p>\n<p>700 $ pour MTCN 9000 $ (MTCN vs. donn\u00e9es de l&#039;exp\u00e9diteur)<\/p>\n<p>900 $ pour MTCN 15000 $ (MTCN vs. donn\u00e9es de l&#039;exp\u00e9diteur)<\/p>\n<p>Transfert d&#039;argent Western Union et Money Gram<\/p>\n<p>Article<\/p>\n<p>Veuillez me fournir vos informations de r\u00e9ception Western Union et Money Gram ainsi que les frais de paiement. Je terminerai ensuite le transfert pour vous apr\u00e8s environ 20 minutes.<\/p>\n<p>Commander des transferts Money Gram Hack<\/p>\n<p>Vous recevrez le MTCN et le nom de l&#039;exp\u00e9diteur.<\/p>\n<p>Vendre un transfert WU, vendre Money Gram MTCN, pirater un transfert WU, pirater un transfert d&#039;argent via Western Union, bug Money Gram<\/p>\n<p>* Vente d\u2019adresses e-mail et de mots de passe \u2013 leads e-mail :<\/p>\n<p>1000 adresses e-mail et mots de passe de (\u00c9tats-Unis, Royaume-Uni, Canada, UE, Australie, etc.) et de nombreux autres pays = 50 $<\/p>\n<p>5\u00a0000 prospects par e-mail (\u00c9tats-Unis, Royaume-Uni, Australie), Monde entier (mixte), Demandeurs d&#039;emploi, AOL = 50 $<\/p>\n<p>Piratage du num\u00e9ro MTCN Money Gram, suivi du num\u00e9ro MTCN Western Union, piratage WU, bug WU, suivi d&#039;argent Money Gram<\/p>\n<p>Nous sommes une \u00e9quipe d&#039;experts poss\u00e9dant une expertise compl\u00e8te et assumons la responsabilit\u00e9 de nos actes. Votre argent est en s\u00e9curit\u00e9 avec nous !<br \/>\nNos syst\u00e8mes sont \u00e9quip\u00e9s des derni\u00e8res technologies.<br \/>\nNous offrons des bonus et des remises sp\u00e9ciaux aux clients r\u00e9guliers.<br \/>\nLa satisfaction du client est notre priorit\u00e9 absolue.<br \/>\nNous respectons votre vie priv\u00e9e et veillons \u00e0 ce qu&#039;aucune donn\u00e9e confidentielle ne soit compromise lors des transactions.<br \/>\nWestern union<br \/>\nConnexion aux transferts Western Union Transferts Moneygram pirat\u00e9s PayPal<br \/>\nConnexion l\u00e9gitime aux transferts Western Union pirat\u00e9s Transferts Moneygram<br \/>\nPayPal transf\u00e8re les comptes de carte de cr\u00e9dit<br \/>\nLes comptes de cr\u00e9dit de transfert PayPal pirat\u00e9s<\/p>\n<p>Nous avons trait\u00e9 des milliers de transferts de piratage WU avec un taux de r\u00e9ussite de 100 %.<\/p>\n<p>Acheter des transferts Western Union pirat\u00e9s<\/p>\n<p>Dans le pire des cas, en cas de perturbation, nous veillons \u00e0 ce que votre argent durement gagn\u00e9 soit prot\u00e9g\u00e9.<\/p>\n<p>Obtenez des transferts Western Union pirat\u00e9s en ligne<\/p>\n<p>Gr\u00e2ce \u00e0 notre port\u00e9e mondiale et \u00e0 nos r\u00e9seaux s\u00e9curis\u00e9s, nous traitons les transactions MTCN 24 heures sur 24.<\/p>\n<p>Comment pouvez-vous transf\u00e9rer de l&#039;argent en ligne avec Western Union Hack ?<\/p>\n<p>Chez Counterfeit Note Store, nous g\u00e9rons de nombreux comptes dans le monde entier.<\/p>\n<p>Nous avons besoin des informations importantes suivantes :<\/p>\n<p>Montant du transfert<br \/>\nNom et pr\u00e9nom du destinataire<br \/>\nPays et lieu de r\u00e9sidence du destinataire<\/p>\n<p>Pourquoi vendons-nous MTCN ?<br \/>\nNous effectuons d\u00e9j\u00e0 des transactions bas\u00e9es sur des pourcentages avec nos partenaires, mais pour des raisons de risque, nous ne pouvons pas toujours utiliser le m\u00eame nom. Nous vendons donc le reste.<\/p>\n<p>La transaction s&#039;effectue via des cartes \u00e0 limite \u00e9lev\u00e9e et \u00e0 informations compl\u00e8tes ou des identifiants bancaires (selon le montant). Nous effectuons une s\u00e9rie de virements vers nos bureaux de change, qui vous transf\u00e8rent ensuite l&#039;argent (le destinataire).<\/p>\n<p>Cela sert \u00e0 augmenter la s\u00e9curit\u00e9 pour nous et pour le destinataire.<\/p>\n<p>La s\u00e9curit\u00e9 est notre priorit\u00e9 absolue, vous pouvez donc \u00eatre rassur\u00e9.<br \/>\n?<br \/>\nTRANSFERT DE LOGICIEL\/TERMINAL MTCN<br \/>\nIl n&#039;existe AUCUN piratage de Western Union.<\/p>\n<p>Certains nouveaux clients nous demandent si nous utilisons ce logiciel.<\/p>\n<p>Il n\u2019existe actuellement aucun logiciel MTCN au monde qui puisse \u00eatre pirat\u00e9 dans Western Union.<\/p>\n<p>En fait, ils sont disponibles gratuitement sur Internet, mais vous risquez d&#039;attraper un virus.<\/p>\n<p>Il en va de m\u00eame pour les personnes qui pr\u00e9tendent utiliser le terminal WU. Imaginez, Western Union ne l\u2019aurait-il pas d\u00e9couvert ?<\/p>\n<p>MDR : Les escrocs utilisent \u00e9galement ce mensonge pour attirer les d\u00e9butants car ils ne le savent pas.<\/p>\n<p>Acheter Western Union Hack<\/p>\n<p>Les piratages Western Union s&#039;effectuent exclusivement via une s\u00e9rie de transferts vers notre \u00e9changeur d&#039;argent avec Fullz (cartes d&#039;informations compl\u00e8tes), qui transf\u00e8re ensuite l&#039;argent au destinataire.<\/p>\n<p>Ceci est fait pour que<\/p>\n<\/div>","protected":false},"excerpt":{"rendered":"<p>Achetez des transferts pirat\u00e9s Western Union et Money Gram en ligne sur Press Document, les meilleurs fournisseurs de documents et de cr\u00e9ation d&#039;argent.<\/p>\n<p>Compte tenu des vuln\u00e9rabilit\u00e9s de s\u00e9curit\u00e9 du syst\u00e8me, le piratage est tr\u00e8s r\u00e9pandu de nos jours.<\/p>\n<p>Les services de transfert d&#039;argent tels que Western Union et Money Gram sont attaqu\u00e9s par des programmeurs et des pirates informatiques qui peuvent acc\u00e9der \u00e0 la base de donn\u00e9es et effectuer facilement des transactions.<\/p>\n<p>Si vous souhaitez recevoir de l&#039;argent propre ou envoyer un montant plus important vers des pays avec WU, vous \u00eates au bon endroit.<\/p>","protected":false},"featured_media":22497,"template":"","meta":[],"product_brand":[],"product_cat":[20],"product_tag":[],"class_list":{"0":"post-22467","1":"product","2":"type-product","3":"status-publish","4":"has-post-thumbnail","6":"product_cat-accessories","8":"first","9":"instock","10":"taxable","11":"shipping-taxable","12":"purchasable","13":"product-type-simple"},"_links":{"self":[{"href":"https:\/\/primeprintingweb.com\/fr\/wp-json\/wp\/v2\/product\/22467","targetHints":{"allow":["GET"]}}],"collection":[{"href":"https:\/\/primeprintingweb.com\/fr\/wp-json\/wp\/v2\/product"}],"about":[{"href":"https:\/\/primeprintingweb.com\/fr\/wp-json\/wp\/v2\/types\/product"}],"version-history":[{"count":3,"href":"https:\/\/primeprintingweb.com\/fr\/wp-json\/wp\/v2\/product\/22467\/revisions"}],"predecessor-version":[{"id":22798,"href":"https:\/\/primeprintingweb.com\/fr\/wp-json\/wp\/v2\/product\/22467\/revisions\/22798"}],"wp:featuredmedia":[{"embeddable":true,"href":"https:\/\/primeprintingweb.com\/fr\/wp-json\/wp\/v2\/media\/22497"}],"wp:attachment":[{"href":"https:\/\/primeprintingweb.com\/fr\/wp-json\/wp\/v2\/media?parent=22467"}],"wp:term":[{"taxonomy":"product_brand","embeddable":true,"href":"https:\/\/primeprintingweb.com\/fr\/wp-json\/wp\/v2\/product_brand?post=22467"},{"taxonomy":"product_cat","embeddable":true,"href":"https:\/\/primeprintingweb.com\/fr\/wp-json\/wp\/v2\/product_cat?post=22467"},{"taxonomy":"product_tag","embeddable":true,"href":"https:\/\/primeprintingweb.com\/fr\/wp-json\/wp\/v2\/product_tag?post=22467"}],"curies":[{"name":"wp","href":"https:\/\/api.w.org\/{rel}","templated":true}]}}