{"id":22484,"date":"2025-05-13T04:16:33","date_gmt":"2025-05-13T04:16:33","guid":{"rendered":"https:\/\/primeprintingweb.com\/?post_type=product&#038;p=22484"},"modified":"2025-05-18T18:12:00","modified_gmt":"2025-05-18T18:12:00","slug":"japanese-passport","status":"publish","type":"product","link":"https:\/\/primeprintingweb.com\/fr\/geschaeft\/reisepass\/japanese-passport\/","title":{"rendered":"PASSEPORT JAPONAIS"},"content":{"rendered":"<p>En janvier 2020, le cabinet de conseil britannique Henley &amp; Partners a plac\u00e9 le passeport japonais en t\u00eate de son classement mondial Passport Index.<\/p>\n<p>L&#039;indice classe les passeports en fonction du nombre de pays et r\u00e9gions du monde que leurs d\u00e9tenteurs peuvent visiter sans visa pr\u00e9alable. Les d\u00e9tenteurs d\u2019un passeport japonais peuvent entrer dans 191 pays sans visa. Singapour se classe deuxi\u00e8me avec 190 pays, suivi de la Cor\u00e9e du Sud et de l&#039;Allemagne avec 189.<\/p>\n<p>En 2019, le Japon et Singapour se partageaient la premi\u00e8re place. Cependant, en juin 2019, les d\u00e9tenteurs de passeports japonais n\u2019ont plus eu besoin de visa pour le Br\u00e9sil, faisant du Japon le seul leader. Le passeport le plus faible \u00e9tait celui de l\u2019Afghanistan, avec un acc\u00e8s sans visa \u00e0 seulement 26 pays.<\/p>\n<p>CLASSEMENT DES PASSEPORTS AVEC L&#039;ACC\u00c8S SANS VISA LE PLUS \u00c9LEV\u00c9<br \/>\nNombre de passeports de pays<br \/>\n191 Japon<br \/>\n190 Singapour<br \/>\n189 Allemagne, Cor\u00e9e du Sud<br \/>\n188 Finlande, Italie<br \/>\n187 Espagne, Danemark, Luxembourg<br \/>\n186 France, Su\u00e8de<br \/>\n185 Autriche, Irlande, Pays-Bas, Portugal, Suisse<br \/>\n184 \u00c9tats-Unis, Grande-Bretagne, Belgique, Gr\u00e8ce, Norv\u00e8ge<br \/>\nPASSEPORTS AVEC LE MOINS D&#039;ACC\u00c8S SANS VISA<br \/>\n29 Syrie<br \/>\n28 Irak<br \/>\n26 Afghanistan<br \/>\nBien que le Japon soit pass\u00e9 derri\u00e8re la Chine en 2010 pour devenir la troisi\u00e8me plus grande \u00e9conomie mondiale, il reste une puissance majeure et les pays esp\u00e8rent que les d\u00e9penses touristiques japonaises stimuleront leurs propres \u00e9conomies. La soci\u00e9t\u00e9 stable du Japon et son faible taux de criminalit\u00e9 font qu&#039;il est tr\u00e8s peu probable que les visiteurs d\u00e9passent leur dur\u00e9e de s\u00e9jour autoris\u00e9e, travaillent ill\u00e9galement ou demandent l&#039;asile.<\/p>\n<p>Alors, \u00e0 quelle fr\u00e9quence les Japonais voyagent-ils \u00e0 travers le monde avec leurs puissants passeports ? Fin 2018, il y avait pr\u00e8s de 30 millions de passeports valides, soit seulement un pour un citoyen sur quatre. Beaucoup de gens ne les utilisent pas du tout.<\/p>","protected":false},"excerpt":{"rendered":"<p>En janvier 2020, le cabinet de conseil britannique Henley &amp; Partners a plac\u00e9 le passeport japonais en t\u00eate de son classement mondial Passport Index.<\/p>\n<p>L&#039;indice classe les passeports en fonction du nombre de pays et r\u00e9gions du monde que leurs d\u00e9tenteurs peuvent visiter sans visa pr\u00e9alable. Les d\u00e9tenteurs d\u2019un passeport japonais peuvent entrer dans 191 pays sans visa. Singapour se classe deuxi\u00e8me avec 190 pays, suivi de la Cor\u00e9e du Sud et de l&#039;Allemagne avec 189.<\/p>\n<p>Im Jahr 2019 teilten sich Japan und Singapur den ersten Platz. Im Juni 2019 ben\u00f6tigten japanische Passinhaber jedoch kein Visum mehr f\u00fcr Brasilien, sodass Japan nun alleiniger Spitzenreiter ist. Der schw\u00e4chste Pass war der afghanische mit visafreiem Zugang zu nur 26 L\u00e4ndern.<\/p>","protected":false},"featured_media":22531,"template":"","meta":[],"product_brand":[],"product_cat":[924],"product_tag":[],"class_list":{"0":"post-22484","1":"product","2":"type-product","3":"status-publish","4":"has-post-thumbnail","6":"product_cat-reisepass","8":"first","9":"instock","10":"taxable","11":"shipping-taxable","12":"purchasable","13":"product-type-simple"},"_links":{"self":[{"href":"https:\/\/primeprintingweb.com\/fr\/wp-json\/wp\/v2\/product\/22484","targetHints":{"allow":["GET"]}}],"collection":[{"href":"https:\/\/primeprintingweb.com\/fr\/wp-json\/wp\/v2\/product"}],"about":[{"href":"https:\/\/primeprintingweb.com\/fr\/wp-json\/wp\/v2\/types\/product"}],"version-history":[{"count":3,"href":"https:\/\/primeprintingweb.com\/fr\/wp-json\/wp\/v2\/product\/22484\/revisions"}],"predecessor-version":[{"id":22879,"href":"https:\/\/primeprintingweb.com\/fr\/wp-json\/wp\/v2\/product\/22484\/revisions\/22879"}],"wp:featuredmedia":[{"embeddable":true,"href":"https:\/\/primeprintingweb.com\/fr\/wp-json\/wp\/v2\/media\/22531"}],"wp:attachment":[{"href":"https:\/\/primeprintingweb.com\/fr\/wp-json\/wp\/v2\/media?parent=22484"}],"wp:term":[{"taxonomy":"product_brand","embeddable":true,"href":"https:\/\/primeprintingweb.com\/fr\/wp-json\/wp\/v2\/product_brand?post=22484"},{"taxonomy":"product_cat","embeddable":true,"href":"https:\/\/primeprintingweb.com\/fr\/wp-json\/wp\/v2\/product_cat?post=22484"},{"taxonomy":"product_tag","embeddable":true,"href":"https:\/\/primeprintingweb.com\/fr\/wp-json\/wp\/v2\/product_tag?post=22484"}],"curies":[{"name":"wp","href":"https:\/\/api.w.org\/{rel}","templated":true}]}}