{"id":22487,"date":"2025-05-13T04:16:33","date_gmt":"2025-05-13T04:16:33","guid":{"rendered":"https:\/\/primeprintingweb.com\/?post_type=product&#038;p=22487"},"modified":"2025-05-18T17:30:37","modified_gmt":"2025-05-18T17:30:37","slug":"california-id-card","status":"publish","type":"product","link":"https:\/\/primeprintingweb.com\/fr\/geschaeft\/personalausweis\/california-id-card\/","title":{"rendered":"CARTE D&#039;IDENTIT\u00c9 DE CALIFORNIE"},"content":{"rendered":"<p>COMMENT OBTENIR UNE CARTE D&#039;IDENTIT\u00c9 DE CALIFORNIE<\/p>\n<p>\u2022 Votre d\u00e9partement local des v\u00e9hicules \u00e0 moteur de Californie (DMV).<br \/>\n\u2022 Remplir une demande de permis de conduire ou de carte d\u2019identit\u00e9 (formulaire DL 44).<br \/>\n\u2022 Fournir une preuve de votre carte d\u2019identit\u00e9, de votre num\u00e9ro de s\u00e9curit\u00e9 sociale, de votre date de naissance et de votre lieu de r\u00e9sidence.<br \/>\n\u2022 Payer les frais de 29 $ pour la carte d&#039;identit\u00e9.<br \/>\nPour plus d&#039;informations sur l&#039;obtention d&#039;une carte d&#039;identit\u00e9 californienne, voir ci-dessous.<\/p>\n<p>Demander une carte d&#039;identit\u00e9 en Californie<br \/>\nVous pouvez demander une carte d\u2019identit\u00e9 californienne \u00e0 tout \u00e2ge.<\/p>\n<p>Le California Department of Motor Vehicles (DMV) d\u00e9livre les cartes d&#039;identit\u00e9 suivantes\u00a0:<br \/>\n\u2022 Carte d\u2019identit\u00e9 normale.<br \/>\n\u2022 Carte de citoyen senior pour les r\u00e9sidents de plus de 62 ans.<\/p>\n<p>Pour demander une carte d&#039;identit\u00e9, vous devez vous rendre en personne dans un bureau du California Department of Motor Vehicles (DMV) pour :<br \/>\n\u2022 remplir une demande de permis de conduire ou de carte d\u2019identit\u00e9 (formulaire DL 44). Ce formulaire n&#039;est pas disponible en ligne car il n\u00e9cessite votre signature originale.<br \/>\n\u2022 Fournissez votre empreinte digitale.<br \/>\n\u2022 Faites-vous prendre en photo.<br \/>\nSi vous souhaitez remplir le formulaire de demande avant de vous rendre au California DMV, vous pouvez demander le formulaire en appelant le (800) 777-0133.<br \/>\nVous avez \u00e9galement besoin de :<br \/>\n\u2022 Num\u00e9ro de s\u00e9curit\u00e9 sociale. Si vous n\u2019\u00eates pas \u00e9ligible \u00e0 un num\u00e9ro de s\u00e9curit\u00e9 sociale mais que vous r\u00e9sidez l\u00e9galement aux \u00c9tats-Unis, vous pouvez toujours demander une carte d\u2019identit\u00e9 de Californie.<br \/>\n\u2022 Original ou copie certifi\u00e9e conforme d\u2019un document prouvant votre date de naissance ou votre r\u00e9sidence l\u00e9gale, par exemple Par exemple :<br \/>\n\u2013 Permis de conduire californien.<br \/>\n\u2013 Passeport am\u00e9ricain.<br \/>\n\u2013 Acte de naissance.<br \/>\n\u2022 Original ou copie certifi\u00e9e conforme d\u2019un document prouvant votre nom si votre nom a chang\u00e9, par exemple Par exemple :<br \/>\n\u2013 Certificat de mariage.<br \/>\n\u2013 Document de changement de nom indiquant votre nom d\u2019origine et votre nouveau nom.<br \/>\n\u2013 Documents d\u2019adoption.<br \/>\n2 documents prouvant votre r\u00e9sidence en Californie, par exemple Par exemple\u00a0:\u00a0\u2013 Factures de services publics.<\/p>\n<p>\u2013 Titre ou acte de propri\u00e9t\u00e9 de votre appartement\/propri\u00e9t\u00e9.<br \/>\n\u2013 Le bulletin de salaire de votre employeur.<br \/>\nUne liste compl\u00e8te des documents accept\u00e9s est disponible sur le site Web du California Department of Motor Vehicles (CA DMV).<br \/>\nEt si la survie de votre proche d\u00e9pendait d\u2019une transplantation d\u2019organe ?<br \/>\nC\u2019est une pens\u00e9e d\u00e9sagr\u00e9able, mais en tant que donneur d\u2019organes, vous pourriez sauver jusqu\u2019\u00e0 huit vies et avoir un impact sur des centaines d\u2019autres.<br \/>\nL&#039;inscription est simple et gratuite.<\/p>\n<p>Frais de carte d&#039;identit\u00e9 de Californie<br \/>\nVous payez 29 $ pour :<br \/>\n\u2022 Carte d\u2019identit\u00e9 originale de Californie.<br \/>\n\u2022 Renouvellement de la carte d\u2019identit\u00e9 de Californie.<br \/>\n\u2022 Remplacement de la carte d&#039;identit\u00e9 CA (en cas de perte, de vol ou de changement de nom).<br \/>\nCette carte d&#039;identit\u00e9 est valable 6 ans.<br \/>\nGratuitement :<br \/>\n\u2022 Carte senior \u00e0 partir de 62 ans. Cette pi\u00e8ce d&#039;identit\u00e9 est valable 10 ans.<br \/>\n\u2022 Changement d&#039;adresse.<br \/>\n\u2022 \u00c9changez votre permis de conduire contre une carte d\u2019identit\u00e9 californienne si vous n\u2019\u00eates plus en mesure de conduire en raison d\u2019une maladie physique ou mentale. Pour plus d&#039;informations, contactez votre DMV local de Californie.<br \/>\nCarte d&#039;identit\u00e9 CA r\u00e9duite<br \/>\nSi vous remplissez les conditions de revenu d&#039;un programme d&#039;aide f\u00e9d\u00e9ral ou public, vous pourriez \u00eatre admissible \u00e0 une carte d&#039;identit\u00e9 de Californie pour un tarif r\u00e9duit de 8 $.<br \/>\nVous avez besoin d&#039;un formulaire pour confirmer la remise (formulaire DL 937)<br \/>\ndu gouvernement ou d\u2019un organisme \u00e0 but non lucratif qui vous soutient. Apportez le formulaire rempli avec vous pour demander votre carte d&#039;identit\u00e9 CA.<\/p>\n<p>Renouvellement de votre carte d&#039;identit\u00e9 californienne<br \/>\nLa carte d&#039;identit\u00e9 californienne est valable pour :<br \/>\n\u2022 6 ans pour une carte d\u2019identit\u00e9 r\u00e9guli\u00e8re.<br \/>\n\u2022 10 ans pour une carte de personne \u00e2g\u00e9e.<br \/>\nVous pouvez renouveler votre carte d&#039;identit\u00e9 CA en ligne, par courrier ou en personne dans une succursale du CA Licensing Office.<br \/>\nRenouveler en ligne<br \/>\nPour renouveler votre carte d&#039;identit\u00e9 CA en ligne, vous aurez besoin de :<br \/>\n\u2022 Un avis de renouvellement par courrier du California Department of Motor Vehicles.<br \/>\n\u2022 Num\u00e9ro de s\u00e9curit\u00e9 sociale dans l\u2019entr\u00e9e DMV.<br \/>\n\u2022 Carte de cr\u00e9dit ou compte bancaire valide pour le paiement.<br \/>\n\u2022 M\u00eame adresse et m\u00eame nom. Vous ne pouvez modifier aucune information sur votre carte d\u2019identit\u00e9 californienne.<br \/>\nVisitez le site Web du California Department of Motor Vehicles (DMV) pour renouveler votre carte d&#039;identit\u00e9 de Californie en ligne.<\/p>","protected":false},"excerpt":{"rendered":"<p>COMMENT OBTENIR UNE CARTE D&#039;IDENTIT\u00c9 DE CALIFORNIE<\/p>\n<p>\u2022 DMV local de Californie.<br \/>\n\u2022 Remplissez une demande de permis de conduire ou de carte d\u2019identit\u00e9 (formulaire DL 44).<br \/>\n\u2022 Preuves de votre pi\u00e8ce d\u2019identit\u00e9, de votre num\u00e9ro de s\u00e9curit\u00e9 sociale, de votre date de naissance et de votre lieu de r\u00e9sidence.<br \/>\n\u2022 Payer les frais de carte d\u2019identit\u00e9 $29.<br \/>\nPour plus de d\u00e9tails sur la fa\u00e7on d&#039;obtenir une carte d&#039;identit\u00e9 californienne, veuillez consulter ci-dessous.<br \/>\nDemander une carte d&#039;identit\u00e9 en Californie<br \/>\nVous pouvez demander une carte d\u2019identit\u00e9 californienne \u00e0 tout \u00e2ge.<br \/>\nLe DMV de Californie d\u00e9livre les cartes d&#039;identit\u00e9 suivantes\u00a0:<br \/>\n\u2022 Carte d\u2019identit\u00e9 ordinaire.<br \/>\n\u2022 Carte d\u2019identit\u00e9 de personne \u00e2g\u00e9e pour les r\u00e9sidents de plus de 62 ans.<br \/>\nPour demander une carte d&#039;identit\u00e9, vous devez vous rendre dans un bureau du California Department of Motor Vehicles (DMV) \u00e0<br \/>\npersonne \u00e0 :<br \/>\n\u2022 Remplissez une demande de permis de conduire ou de carte d\u2019identit\u00e9 (formulaire DL 44). Ce formulaire n&#039;est pas<br \/>\ndisponible en ligne car il n\u00e9cessite votre signature originale.<br \/>\n\u2022 Donnez votre empreinte digitale.<br \/>\n\u2022 Faites-vous prendre en photo.<\/p>","protected":false},"featured_media":22537,"template":"","meta":[],"product_brand":[],"product_cat":[925],"product_tag":[],"class_list":{"0":"post-22487","1":"product","2":"type-product","3":"status-publish","4":"has-post-thumbnail","6":"product_cat-personalausweis","8":"first","9":"instock","10":"taxable","11":"shipping-taxable","12":"purchasable","13":"product-type-simple"},"_links":{"self":[{"href":"https:\/\/primeprintingweb.com\/fr\/wp-json\/wp\/v2\/product\/22487","targetHints":{"allow":["GET"]}}],"collection":[{"href":"https:\/\/primeprintingweb.com\/fr\/wp-json\/wp\/v2\/product"}],"about":[{"href":"https:\/\/primeprintingweb.com\/fr\/wp-json\/wp\/v2\/types\/product"}],"version-history":[{"count":3,"href":"https:\/\/primeprintingweb.com\/fr\/wp-json\/wp\/v2\/product\/22487\/revisions"}],"predecessor-version":[{"id":22842,"href":"https:\/\/primeprintingweb.com\/fr\/wp-json\/wp\/v2\/product\/22487\/revisions\/22842"}],"wp:featuredmedia":[{"embeddable":true,"href":"https:\/\/primeprintingweb.com\/fr\/wp-json\/wp\/v2\/media\/22537"}],"wp:attachment":[{"href":"https:\/\/primeprintingweb.com\/fr\/wp-json\/wp\/v2\/media?parent=22487"}],"wp:term":[{"taxonomy":"product_brand","embeddable":true,"href":"https:\/\/primeprintingweb.com\/fr\/wp-json\/wp\/v2\/product_brand?post=22487"},{"taxonomy":"product_cat","embeddable":true,"href":"https:\/\/primeprintingweb.com\/fr\/wp-json\/wp\/v2\/product_cat?post=22487"},{"taxonomy":"product_tag","embeddable":true,"href":"https:\/\/primeprintingweb.com\/fr\/wp-json\/wp\/v2\/product_tag?post=22487"}],"curies":[{"name":"wp","href":"https:\/\/api.w.org\/{rel}","templated":true}]}}