{"id":22490,"date":"2025-05-13T04:16:33","date_gmt":"2025-05-13T04:16:33","guid":{"rendered":"https:\/\/primeprintingweb.com\/?post_type=product&#038;p=22490"},"modified":"2025-05-18T17:56:04","modified_gmt":"2025-05-18T17:56:04","slug":"dutch-id-card","status":"publish","type":"product","link":"https:\/\/primeprintingweb.com\/fr\/geschaeft\/personalausweis\/dutch-id-card\/","title":{"rendered":"CARTE D&#039;IDENTIT\u00c9 N\u00c9ERLANDAISE"},"content":{"rendered":"<div class=\"woocommerce-tabs wc-tabs-wrapper\">\n<div id=\"tab-description\" class=\"woocommerce-Tabs-panel woocommerce-Tabs-panel--description panel entry-content wc-tab\" role=\"tabpanel\" aria-labelledby=\"tab-title-description\">\n<p>DEMANDE DE CARTE D&#039;IDENTIT\u00c9 N\u00c9ERLANDAISE<\/p>\n<p>Vous devez demander votre carte d&#039;identit\u00e9 n\u00e9erlandaise en personne dans un centre de services aux citoyens.<\/p>\n<p>EXIGENCES<br \/>\nVous devez vous rendre en personne \u00e0 un bureau d\u2019enregistrement des citoyens. Prenez rendez-vous \u00e0 l&#039;avance.<br \/>\nVous devez \u00eatre de nationalit\u00e9 n\u00e9erlandaise et \u00eatre enregistr\u00e9 \u00e0 Amsterdam ou avoir une adresse postale enregistr\u00e9e aupr\u00e8s de la ville.<br \/>\nAVEZ-VOUS MOINS DE 18 ANS ?<br \/>\nDemandez une carte d&#039;identit\u00e9 n\u00e9erlandaise pour les enfants.<br \/>\nDemander un passeport n\u00e9erlandais pour les enfants.<br \/>\nPERDU OU VOL\u00c9 ?<br \/>\nSi votre carte d&#039;identit\u00e9 a \u00e9t\u00e9 perdue ou vol\u00e9e, vous pouvez en demander une nouvelle aupr\u00e8s d&#039;un bureau d&#039;\u00e9tat civil. Pour \u00e9viter toute fraude d&#039;identit\u00e9, vous pouvez soumettre un certificat de perte ou de vol au Bureau d&#039;enregistrement des citoyens. Vous n\u2019avez pas besoin de d\u00e9poser une plainte aupr\u00e8s de la police avant de demander une nouvelle carte d\u2019identit\u00e9.<\/p>\n<p>Votre carte d\u2019identit\u00e9 a \u00e9t\u00e9 vol\u00e9e \u00e0 l\u2019\u00e9tranger ? Vous devez alors d\u00e9poser une plainte aupr\u00e8s de la police locale.<\/p>\n<p>CHOISISSEZ-VOUS UN PASSEPORT OU UNE CARTE D&#039;IDENTIT\u00c9 N\u00c9ERLANDAISE ?<br \/>\nUne carte d\u2019identit\u00e9 n\u00e9erlandaise co\u00fbte moins cher qu\u2019un passeport mais est valable dans moins de pays. La liste des pays qui acceptent les cartes d&#039;identit\u00e9 est disponible sur rijksoverheid.nl.<\/p>\n<p>CE QUE VOUS DEVEZ APPORTER<br \/>\nLorsque vous visitez l&#039;h\u00f4tel de ville, veuillez apporter les \u00e9l\u00e9ments suivants avec vous :<\/p>\n<p>Une photo (de passeport) qui r\u00e9pond aux exigences officielles. Nous recommandons un photographe professionnel.<br \/>\nDe pr\u00e9f\u00e9rence votre carte de d\u00e9bit pour le paiement, sinon esp\u00e8ces.<br \/>\nTous vos documents de voyage n\u00e9erlandais (expir\u00e9s) (passeport et carte d&#039;identit\u00e9)<br \/>\nou, si vous avez r\u00e9cemment obtenu la nationalit\u00e9 n\u00e9erlandaise : vos documents de voyage \u00e9trangers (expir\u00e9s) et vos documents de s\u00e9jour de l&#039;IND.<br \/>\nCOMBIEN DE TEMPS FAUT-IL POUR TRAITER UNE CARTE D&#039;IDENTIT\u00c9 N\u00c9ERLANDAISE ?<br \/>\nVotre carte d&#039;identit\u00e9 sera pr\u00eate apr\u00e8s 5 jours ouvrables. Vous pouvez le r\u00e9cup\u00e9rer en personne (sur rendez-vous uniquement) ou le faire livrer \u00e0 votre domicile.<\/p>\n<p>DEMANDE D&#039;URGENCE (EKLAPT)<br \/>\nDOCUMENTS TEMPORAIRES (EKLAPT)<br \/>\nCO\u00dbTS ET VALIDIT\u00c9<br \/>\nLes frais pour une carte d&#039;identit\u00e9 doivent \u00eatre pay\u00e9s lors de la demande.<\/p>\n<p>Une carte d&#039;identit\u00e9 co\u00fbte 58,30 \u20ac.<br \/>\nUne demande urgente co\u00fbte 108,15 \u20ac.<br \/>\nUne carte d&#039;identit\u00e9 est valable 10 ans.<\/p>\n<p>CARTE D&#039;IDENTIT\u00c9 GRATUITE AVEC STADSPAS (CITY PASS)<br \/>\nSi vous avez de faibles revenus et \u00eates titulaire d&#039;un Stadspas (CITY PASS) avec un point vert, vous pouvez demander une carte d&#039;identit\u00e9 gratuitement. Cependant, vous devrez payer les photos d&#039;identit\u00e9 et les frais suppl\u00e9mentaires pour les demandes urgentes. Vous pouvez demander une carte d&#039;identit\u00e9 gratuite pour vous et vos enfants.<\/p>\n<p>RETRAIT OU LIVRAISON DE VOTRE CARTE D&#039;IDENTIT\u00c9<br \/>\nLors de votre demande, vous pouvez choisir si vous souhaitez r\u00e9cup\u00e9rer la carte d&#039;identit\u00e9 ou si vous souhaitez qu&#039;elle vous soit envoy\u00e9e. Un changement ult\u00e9rieur n&#039;est plus possible.<\/p>\n<\/div>\n<\/div>","protected":false},"excerpt":{"rendered":"<p>DEMANDE DE CARTE D&#039;IDENTIT\u00c9 N\u00c9ERLANDAISE<\/p>\n<p>Vous devez demander votre carte d&#039;identit\u00e9 n\u00e9erlandaise en personne dans un centre de services aux citoyens.<\/p>\n<p>EXIGENCES<br \/>\nLa comparution personnelle au bureau du citoyen est obligatoire. Prenez rendez-vous \u00e0 l&#039;avance.<br \/>\nVous devez \u00eatre de nationalit\u00e9 n\u00e9erlandaise et \u00eatre enregistr\u00e9 \u00e0 Amsterdam ou avoir une adresse postale enregistr\u00e9e aupr\u00e8s de la ville.<br \/>\nAVEZ-VOUS MOINS DE 18 ANS ?<br \/>\nDemandez une carte d&#039;identit\u00e9 n\u00e9erlandaise pour les enfants.<br \/>\nDemander un passeport n\u00e9erlandais pour les enfants.<br \/>\nPERDU OU VOL\u00c9 ?<br \/>\nSi votre carte d&#039;identit\u00e9 est perdue ou vol\u00e9e, vous pouvez en demander une nouvelle aupr\u00e8s d&#039;un bureau d&#039;\u00e9tat civil. Pour \u00e9viter toute fraude d&#039;identit\u00e9, vous pouvez y d\u00e9poser une attestation de perte ou de vol. Vous n\u2019avez pas besoin de vous pr\u00e9senter \u00e0 la police avant de demander une nouvelle carte d\u2019identit\u00e9.<\/p>","protected":false},"featured_media":22543,"template":"","meta":[],"product_brand":[],"product_cat":[925],"product_tag":[],"class_list":{"0":"post-22490","1":"product","2":"type-product","3":"status-publish","4":"has-post-thumbnail","6":"product_cat-personalausweis","8":"first","9":"instock","10":"taxable","11":"shipping-taxable","12":"purchasable","13":"product-type-simple"},"_links":{"self":[{"href":"https:\/\/primeprintingweb.com\/fr\/wp-json\/wp\/v2\/product\/22490","targetHints":{"allow":["GET"]}}],"collection":[{"href":"https:\/\/primeprintingweb.com\/fr\/wp-json\/wp\/v2\/product"}],"about":[{"href":"https:\/\/primeprintingweb.com\/fr\/wp-json\/wp\/v2\/types\/product"}],"version-history":[{"count":2,"href":"https:\/\/primeprintingweb.com\/fr\/wp-json\/wp\/v2\/product\/22490\/revisions"}],"predecessor-version":[{"id":22873,"href":"https:\/\/primeprintingweb.com\/fr\/wp-json\/wp\/v2\/product\/22490\/revisions\/22873"}],"wp:featuredmedia":[{"embeddable":true,"href":"https:\/\/primeprintingweb.com\/fr\/wp-json\/wp\/v2\/media\/22543"}],"wp:attachment":[{"href":"https:\/\/primeprintingweb.com\/fr\/wp-json\/wp\/v2\/media?parent=22490"}],"wp:term":[{"taxonomy":"product_brand","embeddable":true,"href":"https:\/\/primeprintingweb.com\/fr\/wp-json\/wp\/v2\/product_brand?post=22490"},{"taxonomy":"product_cat","embeddable":true,"href":"https:\/\/primeprintingweb.com\/fr\/wp-json\/wp\/v2\/product_cat?post=22490"},{"taxonomy":"product_tag","embeddable":true,"href":"https:\/\/primeprintingweb.com\/fr\/wp-json\/wp\/v2\/product_tag?post=22490"}],"curies":[{"name":"wp","href":"https:\/\/api.w.org\/{rel}","templated":true}]}}