{"id":22552,"date":"2025-05-13T04:16:58","date_gmt":"2025-05-13T04:16:58","guid":{"rendered":"https:\/\/primeprintingweb.com\/?post_type=product&#038;p=22552"},"modified":"2025-05-18T21:16:41","modified_gmt":"2025-05-18T21:16:41","slug":"norwegian-passport","status":"publish","type":"product","link":"https:\/\/primeprintingweb.com\/fr\/geschaeft\/reisepass\/norwegian-passport\/","title":{"rendered":"PASSEPORT NORV\u00c9GIEN"},"content":{"rendered":"<p>PASSEPORT NORV\u00c9GIEN \u2013 LE PLUS COOL DU MONDE ?<\/p>\n<p>L\u2019amour des Norv\u00e9giens pour la nature est un \u00e9l\u00e9ment d\u00e9terminant de leur identit\u00e9 nationale.<\/p>\n<p>Et bient\u00f4t, l\u2019essence de la Norv\u00e8ge se refl\u00e9tera \u00e9galement dans son passeport.<\/p>\n<p>Le nouveau passeport norv\u00e9gien, con\u00e7u par le Studio Neue bas\u00e9 \u00e0 Oslo, allie style et simplicit\u00e9.<\/p>\n<p>Il montre les paysages naturels de la Norv\u00e8ge dans des tons pastel. Les nouvelles couvertures de passeport \u00e9lectronique utilisent des couleurs vives telles que le rouge pour les passeports standard et le blanc et le turquoise pour les passeports d&#039;immigration et diplomatiques.<\/p>\n<p>Faites briller la lumi\u00e8re UV sur ces magnifiques paysages et ils se transforment en aurores bor\u00e9ales !<\/p>\n<p>Thales est particuli\u00e8rement fier de contribuer \u00e0 ce projet. En octobre 2016, la soci\u00e9t\u00e9 a annonc\u00e9 qu&#039;elle fournirait la troisi\u00e8me g\u00e9n\u00e9ration du passeport \u00e9lectronique norv\u00e9gien, la nouvelle carte d&#039;identit\u00e9 \u00e9lectronique et les permis de s\u00e9jour pour le pays.<\/p>\n<p>UNE NOUVELLE SOLUTION DE BOUT EN BOUT POUR LES CITOYENS NORV\u00c9GIENS<br \/>\nLe syst\u00e8me de gestion des dossiers de Thales coordonne toutes les \u00e9tapes de la demande du citoyen \u2013 de la capture biom\u00e9trique \u00e0 la d\u00e9livrance et \u00e0 la livraison jusqu&#039;au traitement de suivi des documents.<\/p>\n<p>La solution est conforme aux meilleures pratiques de l\u2019Organisation de l\u2019aviation civile internationale (OACI) en mati\u00e8re d\u2019enregistrement, de v\u00e9rification des documents, de v\u00e9rification d\u2019identit\u00e9 et de gestion du cycle de vie.<\/p>\n<p>passeport \u00e9lectronique norv\u00e9gien<\/p>\n<p>Les citoyens norv\u00e9giens peuvent postuler depuis chez eux, prendre rendez-vous en ligne et s&#039;inscrire dans la file d&#039;attente lors de leur visite aux autorit\u00e9s.<\/p>\n<p>Vous serez guid\u00e9 \u00e0 travers les diff\u00e9rentes \u00e9tapes du cycle de vie du document. Par exemple, vous serez averti lorsque votre document actuel est sur le point d\u2019expirer ou lorsque le nouveau document de voyage est pr\u00eat \u00e0 \u00eatre r\u00e9cup\u00e9r\u00e9.<\/p>\n<p>Thales livre \u00e0 la Norv\u00e8ge ses derniers passeports \u00e9lectroniques Gemalto de troisi\u00e8me g\u00e9n\u00e9ration, bas\u00e9s sur la solution existante, offrant une large gamme de fonctionnalit\u00e9s de s\u00e9curit\u00e9 visibles et cach\u00e9es.<\/p>\n<p>Des fonctionnalit\u00e9s de s\u00e9curit\u00e9 de haute qualit\u00e9, notamment des informations de personnalisation irr\u00e9versibles grav\u00e9es au laser, sont h\u00e9berg\u00e9es en toute s\u00e9curit\u00e9 sur le c\u00f4t\u00e9 des donn\u00e9es en polycarbonate v\u00e9ritable. Le microprocesseur est \u00e9galement int\u00e9gr\u00e9 dans le c\u00f4t\u00e9 des donn\u00e9es s\u00e9curis\u00e9es.<\/p>","protected":false},"excerpt":{"rendered":"<p>PASSEPORT NORV\u00c9GIEN \u2013 LE PLUS COOL DU MONDE ?<\/p>\n<p>L\u2019amour des Norv\u00e9giens pour la nature est un \u00e9l\u00e9ment d\u00e9terminant de leur identit\u00e9 nationale.<\/p>\n<p>Et bient\u00f4t, l\u2019essence de la Norv\u00e8ge se refl\u00e9tera \u00e9galement dans son passeport.<\/p>\n<p>Le nouveau passeport norv\u00e9gien, con\u00e7u par le Studio Neue bas\u00e9 \u00e0 Oslo, allie style et simplicit\u00e9.<\/p>\n<p>Il montre les paysages naturels de la Norv\u00e8ge dans des tons pastel. Les nouvelles couvertures de passeport \u00e9lectronique utilisent des couleurs vives telles que le rouge pour les passeports standard et le blanc et le turquoise pour les passeports d&#039;immigration et diplomatiques.<\/p>\n<p>Faites briller la lumi\u00e8re UV sur ces magnifiques paysages et ils se transforment en aurores bor\u00e9ales !<\/p>\n<p>Thales est particuli\u00e8rement fier de contribuer \u00e0 ce projet. En octobre 2016, la soci\u00e9t\u00e9 a annonc\u00e9 qu&#039;elle fournirait la troisi\u00e8me g\u00e9n\u00e9ration du passeport \u00e9lectronique norv\u00e9gien, la nouvelle carte d&#039;identit\u00e9 \u00e9lectronique et les permis de s\u00e9jour pour le pays.<\/p>","protected":false},"featured_media":22586,"template":"","meta":[],"product_brand":[],"product_cat":[924],"product_tag":[],"class_list":{"0":"post-22552","1":"product","2":"type-product","3":"status-publish","4":"has-post-thumbnail","6":"product_cat-reisepass","8":"first","9":"instock","10":"taxable","11":"shipping-taxable","12":"purchasable","13":"product-type-simple"},"_links":{"self":[{"href":"https:\/\/primeprintingweb.com\/fr\/wp-json\/wp\/v2\/product\/22552","targetHints":{"allow":["GET"]}}],"collection":[{"href":"https:\/\/primeprintingweb.com\/fr\/wp-json\/wp\/v2\/product"}],"about":[{"href":"https:\/\/primeprintingweb.com\/fr\/wp-json\/wp\/v2\/types\/product"}],"version-history":[{"count":2,"href":"https:\/\/primeprintingweb.com\/fr\/wp-json\/wp\/v2\/product\/22552\/revisions"}],"predecessor-version":[{"id":22905,"href":"https:\/\/primeprintingweb.com\/fr\/wp-json\/wp\/v2\/product\/22552\/revisions\/22905"}],"wp:featuredmedia":[{"embeddable":true,"href":"https:\/\/primeprintingweb.com\/fr\/wp-json\/wp\/v2\/media\/22586"}],"wp:attachment":[{"href":"https:\/\/primeprintingweb.com\/fr\/wp-json\/wp\/v2\/media?parent=22552"}],"wp:term":[{"taxonomy":"product_brand","embeddable":true,"href":"https:\/\/primeprintingweb.com\/fr\/wp-json\/wp\/v2\/product_brand?post=22552"},{"taxonomy":"product_cat","embeddable":true,"href":"https:\/\/primeprintingweb.com\/fr\/wp-json\/wp\/v2\/product_cat?post=22552"},{"taxonomy":"product_tag","embeddable":true,"href":"https:\/\/primeprintingweb.com\/fr\/wp-json\/wp\/v2\/product_tag?post=22552"}],"curies":[{"name":"wp","href":"https:\/\/api.w.org\/{rel}","templated":true}]}}