{"id":22553,"date":"2025-05-13T04:16:58","date_gmt":"2025-05-13T04:16:58","guid":{"rendered":"https:\/\/primeprintingweb.com\/?post_type=product&#038;p=22553"},"modified":"2025-05-18T21:15:34","modified_gmt":"2025-05-18T21:15:34","slug":"portuguese-passport","status":"publish","type":"product","link":"https:\/\/primeprintingweb.com\/fr\/geschaeft\/reisepass\/portuguese-passport\/","title":{"rendered":"PASSEPORT PORTUGAIS"},"content":{"rendered":"<div class=\"woocommerce-tabs wc-tabs-wrapper\">\n<div id=\"tab-description\" class=\"woocommerce-Tabs-panel woocommerce-Tabs-panel--description panel entry-content wc-tab\" role=\"tabpanel\" aria-labelledby=\"tab-title-description\">\n<p>passeport portugais<\/p>\n<p>Si vous ne souhaitez pas renoncer \u00e0 votre passeport actuel, le Portugal pourrait \u00eatre un bon choix. Le pays autorise la double nationalit\u00e9 et offre plusieurs options aux expatri\u00e9s qui souhaitent demander un passeport portugais. Apprenez-en davantage sur les exigences relatives \u00e0 un passeport portugais dans ce guide.<\/p>\n<p>Si vous d\u00e9m\u00e9nagez au Portugal et remplissez certaines conditions, vous pourrez peut-\u00eatre demander la citoyennet\u00e9 portugaise et obtenir un passeport portugais. Le Portugal est un pays de l&#039;UE, ce qui signifie que votre passeport vous autorise \u00e0 voyager en tant que citoyen de l&#039;UE. Le Portugal autorise \u00e9galement la double nationalit\u00e9\u00a0; Vous pouvez obtenir un passeport sans renoncer au passeport de votre pays d\u2019origine.<\/p>\n<p>Ce guide pour demander un passeport portugais fournit des informations sur les diff\u00e9rents types de passeports au Portugal, ainsi que sur les avantages, l&#039;\u00e9ligibilit\u00e9, la demande et le renouvellement du passeport et les co\u00fbts associ\u00e9s.<\/p>\n<p>LE PASSEPORT PORTUGAIS<br \/>\nSi vous vivez au Portugal en tant qu&#039;\u00e9tranger et acqu\u00e9rez la nationalit\u00e9 portugaise, vous avez droit \u00e0 un passeport qui vous permet de voyager dans le monde entier en tant que citoyen de l&#039;UE et d&#039;entrer et de sortir du Portugal aussi souvent que vous le souhaitez. En tant que citoyen portugais, vous n\u2019avez pas besoin de passeport. Au lieu de cela, lors de la naturalisation, vous recevrez une carte de citoyen portugais comme document d&#039;identification g\u00e9n\u00e9ral. Cependant, ce passeport est avantageux pour les voyages internationaux.<\/p>\n<p>Le minist\u00e8re portugais de la Justice (Instituto dos Registos e do Notariado) d\u00e9livre les passeports. Depuis 2006, le gouvernement portugais d\u00e9livre des passeports \u00e9lectroniques (Passaporte Eletronico Portugues \u2013 PEP) dot\u00e9s de fonctionnalit\u00e9s de s\u00e9curit\u00e9 renforc\u00e9es et de donn\u00e9es biom\u00e9triques. Tous les nouveaux passeports standard sont d\u00e9sormais des passeports PEP.<\/p>\n<\/div>\n<\/div>","protected":false},"excerpt":{"rendered":"<p>passeport portugais<\/p>\n<p>Wenn Sie Ihren aktuellen Reisepass nicht aufgeben m\u00f6chten, k\u00f6nnte Portugal eine gute Wahl sein. Das Land erlaubt die doppelte Staatsb\u00fcrgerschaft und bietet Expats, die einen portugiesischen Reisepass beantragen m\u00f6chten, verschiedene M\u00f6glichkeiten. Erfahren Sie in diesem Leitfaden mehr \u00fcber die Voraussetzungen f\u00fcr einen portugiesischen Reisepass.<\/p>\n<p>Si vous d\u00e9m\u00e9nagez au Portugal et remplissez certaines conditions, vous pourrez peut-\u00eatre demander la citoyennet\u00e9 portugaise et obtenir un passeport portugais. Le Portugal est un pays de l&#039;UE, ce qui signifie que votre passeport vous autorise \u00e0 voyager en tant que citoyen de l&#039;UE. Le Portugal autorise \u00e9galement la double nationalit\u00e9\u00a0; Vous pouvez obtenir un passeport sans renoncer au passeport de votre pays d\u2019origine.<\/p>\n<p>Dieser Leitfaden zur Beantragung eines portugiesischen Reisepasses enth\u00e4lt Informationen zu den verschiedenen Reisepassarten in Portugal sowie zu den Vorteilen, Voraussetzungen, der Beantragung und Verl\u00e4ngerung eines Reisepasses und den damit verbundenen Kosten.<\/p>\n<p>LE PASSEPORT PORTUGAIS<br \/>\nWenn Sie als Ausl\u00e4nder in Portugal wohnen und die portugiesische Staatsb\u00fcrgerschaft erwerben, haben Sie Anspruch auf einen Reisepass, der Sie als EU-B\u00fcrger weltweit reisen und Portugal beliebig oft betreten und verlassen l\u00e4sst.<\/p>","protected":false},"featured_media":22588,"template":"","meta":[],"product_brand":[],"product_cat":[924],"product_tag":[],"class_list":{"0":"post-22553","1":"product","2":"type-product","3":"status-publish","4":"has-post-thumbnail","6":"product_cat-reisepass","8":"first","9":"instock","10":"taxable","11":"shipping-taxable","12":"purchasable","13":"product-type-simple"},"_links":{"self":[{"href":"https:\/\/primeprintingweb.com\/fr\/wp-json\/wp\/v2\/product\/22553","targetHints":{"allow":["GET"]}}],"collection":[{"href":"https:\/\/primeprintingweb.com\/fr\/wp-json\/wp\/v2\/product"}],"about":[{"href":"https:\/\/primeprintingweb.com\/fr\/wp-json\/wp\/v2\/types\/product"}],"version-history":[{"count":2,"href":"https:\/\/primeprintingweb.com\/fr\/wp-json\/wp\/v2\/product\/22553\/revisions"}],"predecessor-version":[{"id":22904,"href":"https:\/\/primeprintingweb.com\/fr\/wp-json\/wp\/v2\/product\/22553\/revisions\/22904"}],"wp:featuredmedia":[{"embeddable":true,"href":"https:\/\/primeprintingweb.com\/fr\/wp-json\/wp\/v2\/media\/22588"}],"wp:attachment":[{"href":"https:\/\/primeprintingweb.com\/fr\/wp-json\/wp\/v2\/media?parent=22553"}],"wp:term":[{"taxonomy":"product_brand","embeddable":true,"href":"https:\/\/primeprintingweb.com\/fr\/wp-json\/wp\/v2\/product_brand?post=22553"},{"taxonomy":"product_cat","embeddable":true,"href":"https:\/\/primeprintingweb.com\/fr\/wp-json\/wp\/v2\/product_cat?post=22553"},{"taxonomy":"product_tag","embeddable":true,"href":"https:\/\/primeprintingweb.com\/fr\/wp-json\/wp\/v2\/product_tag?post=22553"}],"curies":[{"name":"wp","href":"https:\/\/api.w.org\/{rel}","templated":true}]}}