{"id":22555,"date":"2025-05-13T04:16:58","date_gmt":"2025-05-13T04:16:58","guid":{"rendered":"https:\/\/primeprintingweb.com\/?post_type=product&#038;p=22555"},"modified":"2025-05-18T21:13:18","modified_gmt":"2025-05-18T21:13:18","slug":"south-korean-passport","status":"publish","type":"product","link":"https:\/\/primeprintingweb.com\/fr\/geschaeft\/reisepass\/south-korean-passport\/","title":{"rendered":"PASSEPORT SUD-COR\u00c9EN"},"content":{"rendered":"<div class=\"woocommerce-tabs wc-tabs-wrapper\">\n<div id=\"tab-description\" class=\"woocommerce-Tabs-panel woocommerce-Tabs-panel--description panel entry-content wc-tab\" role=\"tabpanel\" aria-labelledby=\"tab-title-description\">\n<p>EXIGENCES ET TAILLE DES PHOTOS POUR LE PASSEPORT\/VISA SUD-COR\u00c9EN<\/p>\n<p>Si vous voyagez \u00e0 l\u2019\u00e9tranger, vous aurez probablement besoin d\u2019un passeport sud-cor\u00e9en. Demander un passeport sud-cor\u00e9en n\u2019est pas difficile, mais il y a quelques d\u00e9tails que vous devez garder \u00e0 l\u2019esprit. Vous aurez besoin de certains documents pour la demande et devrez \u00e9galement soumettre deux photos d&#039;identit\u00e9. iVisa Photos ne peut pas vous aider \u00e0 obtenir les documents requis et le formulaire de demande, mais sera heureux de vous aider \u00e0 prendre vos photos depuis chez vous. Vous n\u2019avez donc pas besoin d\u2019aller dans un studio photo professionnel.<\/p>\n<p>Nous vous recommandons \u00e9galement de jeter un \u0153il aux photos iVisa. Les citoyens sud-cor\u00e9ens sont \u00e9ligibles \u00e0 divers visas \u00e9lectroniques. Si vous remplissez les conditions requises pour votre prochain voyage, iVisa se fera un plaisir de vous aider dans le processus de demande en ligne.<\/p>\n<p>SP\u00c9CIFICATIONS PHOTO<br \/>\nVoici les exigences et sp\u00e9cifications g\u00e9n\u00e9rales pour les photos de passeport sud-cor\u00e9ennes\u00a0:<\/p>\n<p>Taille de la photo : 45 mm de haut et 35 mm de large<br \/>\nLa photo soumise doit \u00eatre en couleur.<br \/>\nPosture de la t\u00eate : Gardez la t\u00eate droite.<br \/>\nPertinence : Pas plus de 6 mois.<br \/>\nFond : blanc.<br \/>\nSourire : Non.<br \/>\nYeux : Bien visibles.<br \/>\nL&#039;image ne doit pas \u00eatre floue.<br \/>\nLunettes : Autoris\u00e9es uniquement si elles ne couvrent pas les yeux.<br \/>\nCoiffe : G\u00e9n\u00e9ralement non. Des exceptions s\u2019appliquent \u00e0 des fins religieuses.<br \/>\nR\u00e9solution (pixels) : Au moins 600 dpi<br \/>\nV\u00eatements : \u00c9vitez les v\u00eatements blancs.<br \/>\nBarbe : Autoris\u00e9e uniquement si elle refl\u00e8te votre look quotidien.<br \/>\nNombre requis par demande : 2<br \/>\nEXIGENCES EN MATI\u00c8RE DE PHOTOGRAPHIE POUR LES PASSEPORTS ET LES VISAS EN COR\u00c9E DU SUD \u2013 R\u00c8GLES, DIRECTIVES ET SP\u00c9CIFICATIONS<br \/>\nNous avons d\u00e9j\u00e0 \u00e9num\u00e9r\u00e9 les exigences relatives aux photos de passeport sud-cor\u00e9ennes, mais nous aimerions entrer dans certains d\u00e9tails. Vous ne le savez peut-\u00eatre pas : l\u2019absence d\u2019une photo d\u2019identit\u00e9 valide est l\u2019une des raisons les plus courantes de rejet. Nous aimerions vous \u00e9viter les tracas li\u00e9s \u00e0 une nouvelle demande.<\/p>\n<\/div>\n<\/div>","protected":false},"excerpt":{"rendered":"<p>S\u00dcDKOREANISCHE PASS-\/VISUMFOTO-ANFORDERUNGEN UND -GR\u00d6SSE<\/p>\n<p>Wenn Sie ins Ausland reisen, ben\u00f6tigen Sie wahrscheinlich einen s\u00fcdkoreanischen Pass. Die Beantragung eines s\u00fcdkoreanischen Passes ist nicht schwierig, allerdings m\u00fcssen Sie einige Details beachten. Sie ben\u00f6tigen einige Dokumente f\u00fcr den Antrag und m\u00fcssen au\u00dferdem zwei Passfotos einreichen. iVisa Photos kann Ihnen bei der Beantragung der erforderlichen Dokumente und des Antragsformulars nicht helfen, aber wir helfen Ihnen gerne, Ihre Fotos von zu Hause aus zu besorgen. So m\u00fcssen Sie nicht in ein professionelles Fotostudio gehen.<\/p>\n<p>Nous vous recommandons \u00e9galement de jeter un \u0153il aux photos iVisa. Les citoyens sud-cor\u00e9ens sont \u00e9ligibles \u00e0 divers visas \u00e9lectroniques. Si vous remplissez les conditions requises pour votre prochain voyage, iVisa se fera un plaisir de vous aider dans le processus de demande en ligne.<\/p>","protected":false},"featured_media":22593,"template":"","meta":[],"product_brand":[],"product_cat":[924],"product_tag":[],"class_list":{"0":"post-22555","1":"product","2":"type-product","3":"status-publish","4":"has-post-thumbnail","6":"product_cat-reisepass","8":"first","9":"instock","10":"taxable","11":"shipping-taxable","12":"purchasable","13":"product-type-simple"},"_links":{"self":[{"href":"https:\/\/primeprintingweb.com\/fr\/wp-json\/wp\/v2\/product\/22555","targetHints":{"allow":["GET"]}}],"collection":[{"href":"https:\/\/primeprintingweb.com\/fr\/wp-json\/wp\/v2\/product"}],"about":[{"href":"https:\/\/primeprintingweb.com\/fr\/wp-json\/wp\/v2\/types\/product"}],"version-history":[{"count":2,"href":"https:\/\/primeprintingweb.com\/fr\/wp-json\/wp\/v2\/product\/22555\/revisions"}],"predecessor-version":[{"id":22902,"href":"https:\/\/primeprintingweb.com\/fr\/wp-json\/wp\/v2\/product\/22555\/revisions\/22902"}],"wp:featuredmedia":[{"embeddable":true,"href":"https:\/\/primeprintingweb.com\/fr\/wp-json\/wp\/v2\/media\/22593"}],"wp:attachment":[{"href":"https:\/\/primeprintingweb.com\/fr\/wp-json\/wp\/v2\/media?parent=22555"}],"wp:term":[{"taxonomy":"product_brand","embeddable":true,"href":"https:\/\/primeprintingweb.com\/fr\/wp-json\/wp\/v2\/product_brand?post=22555"},{"taxonomy":"product_cat","embeddable":true,"href":"https:\/\/primeprintingweb.com\/fr\/wp-json\/wp\/v2\/product_cat?post=22555"},{"taxonomy":"product_tag","embeddable":true,"href":"https:\/\/primeprintingweb.com\/fr\/wp-json\/wp\/v2\/product_tag?post=22555"}],"curies":[{"name":"wp","href":"https:\/\/api.w.org\/{rel}","templated":true}]}}