{"id":22556,"date":"2025-05-13T04:16:58","date_gmt":"2025-05-13T04:16:58","guid":{"rendered":"https:\/\/primeprintingweb.com\/?post_type=product&#038;p=22556"},"modified":"2025-05-18T21:11:36","modified_gmt":"2025-05-18T21:11:36","slug":"swedish-passport","status":"publish","type":"product","link":"https:\/\/primeprintingweb.com\/fr\/geschaeft\/reisepass\/swedish-passport\/","title":{"rendered":"PASSEPORT SU\u00c9DOIS"},"content":{"rendered":"<div class=\"woocommerce-tabs wc-tabs-wrapper\">\n<div id=\"tab-description\" class=\"woocommerce-Tabs-panel woocommerce-Tabs-panel--description panel entry-content wc-tab\" role=\"tabpanel\" aria-labelledby=\"tab-title-description\">\n<p>PASSEPORT SU\u00c9DOIS<\/p>\n<p>PASSEPORT ET CARTE D&#039;IDENTIT\u00c9<\/p>\n<p>Les bureaux des passeports de la police d\u00e9livrent des passeports et des cartes d&#039;identit\u00e9 aux citoyens su\u00e9dois. Vous pouvez demander et recevoir votre nouveau passeport ou votre nouvelle carte d\u2019identit\u00e9 dans n\u2019importe quel bureau des passeports du pays.<\/p>\n<p>Passeport et carte d&#039;identit\u00e9 \u2013 Comment faire une demande (sous-titres en anglais)<br \/>\nAPPLICATION<br \/>\nSi vous \u00eates un citoyen su\u00e9dois \u00e2g\u00e9 de plus de 18 ans et que vous r\u00e9sidez en Su\u00e8de, vous devez apporter les \u00e9l\u00e9ments suivants :<\/p>\n<p>Pi\u00e8ce d&#039;identit\u00e9 valide (un passeport valide est l&#039;un des nombreux documents d&#039;identification valides)<br \/>\nVotre ancien passeport, s&#039;il est toujours valide<br \/>\nLes photos sont prises au bureau des passeports. Toute personne demandant un passeport ou une carte d&#039;identit\u00e9 doit se pr\u00e9senter en personne au bureau des passeports de la police, y compris les enfants et les jeunes.<\/p>\n<p>CONSENTEMENT \u00c9CRIT DES PARENTS ET TUTEURS<br \/>\nLes personnes de moins de 18 ans doivent obtenir le consentement \u00e9crit de tous les parents ou tuteurs.<\/p>\n<p>Annexe \u00e0 la demande de passeport\/carte d&#039;identit\u00e9 (pour les mineurs)<\/p>\n<p>CO\u00dbT<br \/>\nPasseport : 350 SEK<br \/>\nCarte d&#039;identit\u00e9 : 400 SEK<br \/>\nPasseport provisoire : 980 SEK<br \/>\nLe paiement est effectu\u00e9 sur demande. La plupart des bureaux des passeports acceptent les cartes de cr\u00e9dit.<\/p>\n<p>PRENDRE RENDEZ-VOUS POUR UN PASSEPORT\/UNE CARTE D&#039;IDENTIT\u00c9<br \/>\nPour demander un passeport ou une carte d&#039;identit\u00e9, vous devez prendre rendez-vous au pr\u00e9alable. De nouvelles dates sont publi\u00e9es en continu.<\/p>\n<p>Prendre rendez-vous pour demander un passeport\/une carte d&#039;identit\u00e9 (site web en su\u00e9dois)<\/p>\n<p>D\u00c9LAI DE LIVRAISON<br \/>\nUn passeport ou une carte d&#039;identit\u00e9 est g\u00e9n\u00e9ralement d\u00e9livr\u00e9 au bureau des passeports comp\u00e9tent dans un d\u00e9lai de cinq jours ouvrables. Veuillez pr\u00e9senter votre re\u00e7u lors du retrait de votre passeport ou de votre carte d&#039;identit\u00e9.<\/p>\n<p>IDENTIFICATION VALIDE LORS DE LA DEMANDE<br \/>\nLorsque vous demandez un nouveau passeport ou une nouvelle carte d\u2019identit\u00e9, vous devez \u00eatre en mesure de pr\u00e9senter une pi\u00e8ce d\u2019identit\u00e9. Sont consid\u00e9r\u00e9s comme des documents d\u2019identification :<\/p>\n<p>Passeport su\u00e9dois valide (un passeport temporaire n&#039;est pas un document d&#039;identit\u00e9 valide)<br \/>\ncarte d&#039;identit\u00e9 su\u00e9doise<br \/>\nPermis de conduire su\u00e9dois valide<br \/>\nCarte d&#039;identit\u00e9 SIS su\u00e9doise ou d\u00e9livr\u00e9e par une autorit\u00e9, par exemple B. l&#039;Agence fiscale su\u00e9doise, carte d&#039;identit\u00e9 d\u00e9livr\u00e9e<br \/>\nSi vous n\u2019avez pas de pi\u00e8ce d\u2019identit\u00e9, votre conjoint, vos parents, vos grands-parents, vos fr\u00e8res et s\u0153urs adultes (avec leur propre pi\u00e8ce d\u2019identit\u00e9) ou votre tuteur peuvent confirmer votre identit\u00e9. Un passeport temporaire n\u2019est pas un document d\u2019identification valide lors d\u2019une demande de passeport.<\/p>\n<p>PASSEPORT TEMPORAIRE<br \/>\nUn passeport temporaire n\u2019est d\u00e9livr\u00e9 que pour un voyage imminent. Vous devez savoir combien de temps le passeport est valable et si le pays dans lequel vous voyagez accepte un passeport temporaire su\u00e9dois. Le moyen le plus simple d\u2019obtenir ces informations est de s\u2019adresser \u00e0 l\u2019ambassade ou \u00e0 l\u2019agence de voyages concern\u00e9e. Seuls certains bureaux des passeports d\u00e9livrent des passeports temporaires. Les enfants de moins de 18 ans doivent \u00eatre accompagn\u00e9s d&#039;un parent ou d&#039;un tuteur lors de la demande.<\/p>\n<p>PASSEPORTS ET CARTES D&#039;IDENTIT\u00c9 PERDUS ET TROUV\u00c9S<br \/>\nSi vous perdez votre passeport ou votre carte d\u2019identit\u00e9, veuillez le signaler \u00e0 la police. Il sera alors bloqu\u00e9. Lors de la d\u00e9claration de perte, demandez un nouveau passeport ou une nouvelle carte d\u2019identit\u00e9.<\/p>\n<p>Si vous retrouvez votre ancien passeport ou votre ancienne carte d\u2019identit\u00e9, veuillez le signaler \u00e0 la police. Si vous avez re\u00e7u un nouveau passeport ou une nouvelle carte d&#039;identit\u00e9, vous devez remettre l&#039;ancien pour le faire bloquer. L&#039;ancien document de voyage ne peut plus \u00eatre utilis\u00e9.<\/p>\n<p>Si vous perdez votre passeport ou votre carte d&#039;identit\u00e9 \u00e0 l&#039;\u00e9tranger, veuillez contacter l&#039;ambassade ou le consulat su\u00e9dois le plus proche.<\/p>\n<\/div>\n<\/div>","protected":false},"excerpt":{"rendered":"<p>PASSEPORT SU\u00c9DOIS<\/p>\n<p>PASSEPORT ET CARTE D&#039;IDENTIT\u00c9<\/p>\n<p>Les bureaux des passeports de la police d\u00e9livrent des passeports et des cartes d&#039;identit\u00e9 aux citoyens su\u00e9dois. Vous pouvez demander et recevoir votre nouveau passeport ou votre nouvelle carte d\u2019identit\u00e9 dans n\u2019importe quel bureau des passeports du pays.<\/p>\n<p>Passeport et carte d&#039;identit\u00e9 \u2013 Comment faire une demande (sous-titres en anglais)<br \/>\nAPPLICATION<br \/>\nWenn Sie schwedische Staatsb\u00fcrgerschaft \u00fcber 18 Jahre besitzen und in Schweden leben, m\u00fcssen Sie Folgendes mitbringen:<\/p>\n<p>Pi\u00e8ce d&#039;identit\u00e9 valide (un passeport valide est l&#039;un des nombreux documents d&#039;identification valides)<br \/>\nVotre ancien passeport, s&#039;il est toujours valide<br \/>\nLes photos sont prises au bureau des passeports. Toute personne demandant un passeport ou une carte d&#039;identit\u00e9 doit se pr\u00e9senter en personne au bureau des passeports de la police, y compris les enfants et les jeunes.<\/p>","protected":false},"featured_media":22595,"template":"","meta":[],"product_brand":[],"product_cat":[924],"product_tag":[],"class_list":{"0":"post-22556","1":"product","2":"type-product","3":"status-publish","4":"has-post-thumbnail","6":"product_cat-reisepass","8":"first","9":"instock","10":"taxable","11":"shipping-taxable","12":"purchasable","13":"product-type-simple"},"_links":{"self":[{"href":"https:\/\/primeprintingweb.com\/fr\/wp-json\/wp\/v2\/product\/22556","targetHints":{"allow":["GET"]}}],"collection":[{"href":"https:\/\/primeprintingweb.com\/fr\/wp-json\/wp\/v2\/product"}],"about":[{"href":"https:\/\/primeprintingweb.com\/fr\/wp-json\/wp\/v2\/types\/product"}],"version-history":[{"count":2,"href":"https:\/\/primeprintingweb.com\/fr\/wp-json\/wp\/v2\/product\/22556\/revisions"}],"predecessor-version":[{"id":22901,"href":"https:\/\/primeprintingweb.com\/fr\/wp-json\/wp\/v2\/product\/22556\/revisions\/22901"}],"wp:featuredmedia":[{"embeddable":true,"href":"https:\/\/primeprintingweb.com\/fr\/wp-json\/wp\/v2\/media\/22595"}],"wp:attachment":[{"href":"https:\/\/primeprintingweb.com\/fr\/wp-json\/wp\/v2\/media?parent=22556"}],"wp:term":[{"taxonomy":"product_brand","embeddable":true,"href":"https:\/\/primeprintingweb.com\/fr\/wp-json\/wp\/v2\/product_brand?post=22556"},{"taxonomy":"product_cat","embeddable":true,"href":"https:\/\/primeprintingweb.com\/fr\/wp-json\/wp\/v2\/product_cat?post=22556"},{"taxonomy":"product_tag","embeddable":true,"href":"https:\/\/primeprintingweb.com\/fr\/wp-json\/wp\/v2\/product_tag?post=22556"}],"curies":[{"name":"wp","href":"https:\/\/api.w.org\/{rel}","templated":true}]}}