{"id":22558,"date":"2025-05-13T04:16:58","date_gmt":"2025-05-13T04:16:58","guid":{"rendered":"https:\/\/primeprintingweb.com\/?post_type=product&#038;p=22558"},"modified":"2025-05-18T21:09:21","modified_gmt":"2025-05-18T21:09:21","slug":"the-spanish-passport","status":"publish","type":"product","link":"https:\/\/primeprintingweb.com\/fr\/geschaeft\/reisepass\/the-spanish-passport\/","title":{"rendered":"LE PASSEPORT ESPAGNOL"},"content":{"rendered":"<div class=\"woocommerce-tabs wc-tabs-wrapper\">\n<div id=\"tab-description\" class=\"woocommerce-Tabs-panel woocommerce-Tabs-panel--description panel entry-content wc-tab\" role=\"tabpanel\" aria-labelledby=\"tab-title-description\">\n<p>LE PASSEPORT ESPAGNOL<br \/>\nSi vous \u00eates un ressortissant \u00e9tranger vivant en Espagne et que vous avez la nationalit\u00e9 espagnole, vous pouvez demander un passeport espagnol. Avec ce passeport, vous pouvez voyager \u00e0 l\u2019\u00e9tranger en tant que citoyen de l\u2019UE et profiter de tous les avantages qui en d\u00e9coulent.<\/p>\n<p>Les passeports espagnols sont d\u00e9livr\u00e9s par le minist\u00e8re espagnol des Affaires \u00e9trang\u00e8res et de la Coop\u00e9ration (Ministerio de Asuntos Exteriores y de Cooperacion). Depuis 2006, l&#039;Espagne d\u00e9livre des passeports biom\u00e9triques dot\u00e9s d&#039;une puce \u00e9lectronique contenant les donn\u00e9es personnelles les plus importantes du titulaire du passeport. Le passeport biom\u00e9trique standard est un livret bordeaux de 32 pages contenant la photo du titulaire, sa signature, des informations personnelles importantes et son num\u00e9ro de passeport individuel. Les passeports espagnols d\u00e9livr\u00e9s aujourd\u2019hui contiennent les empreintes digitales du titulaire.<\/p>\n<p>Il existe quatre types de passeports espagnols :<\/p>\n<p>Le passeport standard (Pasaporte ordinario), un passeport biom\u00e9trique d\u00e9livr\u00e9 aux citoyens pour des voyages normaux.<br \/>\nLe passeport collectif (Pasaporte colectivo), passeport temporaire valable trois mois, qui est d\u00e9livr\u00e9, par exemple, pour les p\u00e8lerinages, \u00e0 condition qu&#039;il existe un accord de r\u00e9ciprocit\u00e9 avec le pays de destination.<br \/>\nLe passeport diplomatique (Pasaporte diplomatico), d\u00e9livr\u00e9 aux fonctionnaires du gouvernement et aux diplomates.<br \/>\nLe passeport officiel (Pasaporte oficiales y de servico), d\u00e9livr\u00e9 aux fonctionnaires qui repr\u00e9sentent le gouvernement dans le cadre d&#039;activit\u00e9s officielles.<br \/>\nLa citoyennet\u00e9 espagnole est \u00e9galement possible sans passeport. Tous les citoyens espagnols peuvent demander une carte d&#039;identit\u00e9, le Documento Nacional de Identidad (DNI). Il sert de preuve de citoyennet\u00e9 et permet de voyager au sein de l&#039;UE, de l&#039;Espace \u00e9conomique europ\u00e9en (EEE) et de la Suisse, ainsi que de courts s\u00e9jours dans la plupart des autres pays europ\u00e9ens.<\/p>\n<p>Demande de passeport espagnol<br \/>\nAVANTAGES D&#039;UN PASSEPORT ESPAGNOL<br \/>\nLes avantages d\u2019un passeport espagnol comprennent :<\/p>\n<p>Vous pouvez sortir et rentrer en Espagne aussi souvent que vous le souhaitez, \u00e0 condition que votre passeport soit valide.<\/p>\n<p>Voyager \u00e0 travers le monde en tant que citoyen espagnol ou europ\u00e9en.<\/p>\n<p>Sans visa ou visa \u00e0 l&#039;arriv\u00e9e dans 156 pays. L&#039;Espagne se classe au 3\u00e8me rang mondial dans l&#039;indice des passeports.<\/p>\n<p>Vous avez \u00e9galement droit \u00e0 la double nationalit\u00e9 et pouvez d\u00e9tenir deux passeports si vous \u00eates originaire d&#039;un pays d&#039;Am\u00e9rique latine, d&#039;Andorre, de Guin\u00e9e \u00e9quatoriale, des Philippines ou du Portugal, ou si vous \u00eates d&#039;origine juive s\u00e9farade. Les ressortissants d&#039;autres pays doivent renoncer \u00e0 la nationalit\u00e9 de leur pays d&#039;origine pour acqu\u00e9rir la nationalit\u00e9 espagnole et obtenir un passeport. Pour plus d\u2019informations, consultez notre guide sur la citoyennet\u00e9 espagnole.<\/p>\n<\/div>\n<\/div>","protected":false},"excerpt":{"rendered":"<p>LE PASSEPORT ESPAGNOL<br \/>\nSi vous \u00eates un ressortissant \u00e9tranger vivant en Espagne et que vous avez la nationalit\u00e9 espagnole, vous pouvez demander un passeport espagnol. Avec ce passeport, vous pouvez voyager \u00e0 l\u2019\u00e9tranger en tant que citoyen de l\u2019UE et profiter de tous les avantages qui en d\u00e9coulent.<\/p>\n<p>Les passeports espagnols sont d\u00e9livr\u00e9s par le minist\u00e8re espagnol des Affaires \u00e9trang\u00e8res et de la Coop\u00e9ration (Ministerio de Asuntos Exteriores y de Cooperacion). Depuis 2006, l&#039;Espagne d\u00e9livre des passeports biom\u00e9triques dot\u00e9s d&#039;une puce \u00e9lectronique contenant les donn\u00e9es personnelles les plus importantes du titulaire du passeport. Le passeport biom\u00e9trique standard est un livret bordeaux de 32 pages contenant la photo du titulaire, sa signature, des informations personnelles importantes et son num\u00e9ro de passeport individuel. Les passeports espagnols d\u00e9livr\u00e9s aujourd\u2019hui contiennent les empreintes digitales du titulaire.<\/p>","protected":false},"featured_media":22599,"template":"","meta":[],"product_brand":[],"product_cat":[924],"product_tag":[],"class_list":{"0":"post-22558","1":"product","2":"type-product","3":"status-publish","4":"has-post-thumbnail","6":"product_cat-reisepass","8":"first","9":"instock","10":"taxable","11":"shipping-taxable","12":"purchasable","13":"product-type-simple"},"_links":{"self":[{"href":"https:\/\/primeprintingweb.com\/fr\/wp-json\/wp\/v2\/product\/22558","targetHints":{"allow":["GET"]}}],"collection":[{"href":"https:\/\/primeprintingweb.com\/fr\/wp-json\/wp\/v2\/product"}],"about":[{"href":"https:\/\/primeprintingweb.com\/fr\/wp-json\/wp\/v2\/types\/product"}],"version-history":[{"count":3,"href":"https:\/\/primeprintingweb.com\/fr\/wp-json\/wp\/v2\/product\/22558\/revisions"}],"predecessor-version":[{"id":22899,"href":"https:\/\/primeprintingweb.com\/fr\/wp-json\/wp\/v2\/product\/22558\/revisions\/22899"}],"wp:featuredmedia":[{"embeddable":true,"href":"https:\/\/primeprintingweb.com\/fr\/wp-json\/wp\/v2\/media\/22599"}],"wp:attachment":[{"href":"https:\/\/primeprintingweb.com\/fr\/wp-json\/wp\/v2\/media?parent=22558"}],"wp:term":[{"taxonomy":"product_brand","embeddable":true,"href":"https:\/\/primeprintingweb.com\/fr\/wp-json\/wp\/v2\/product_brand?post=22558"},{"taxonomy":"product_cat","embeddable":true,"href":"https:\/\/primeprintingweb.com\/fr\/wp-json\/wp\/v2\/product_cat?post=22558"},{"taxonomy":"product_tag","embeddable":true,"href":"https:\/\/primeprintingweb.com\/fr\/wp-json\/wp\/v2\/product_tag?post=22558"}],"curies":[{"name":"wp","href":"https:\/\/api.w.org\/{rel}","templated":true}]}}