{"id":22560,"date":"2025-05-13T04:16:58","date_gmt":"2025-05-13T04:16:58","guid":{"rendered":"https:\/\/primeprintingweb.com\/?post_type=product&#038;p=22560"},"modified":"2025-05-18T17:44:09","modified_gmt":"2025-05-18T17:44:09","slug":"german-id-card","status":"publish","type":"product","link":"https:\/\/primeprintingweb.com\/fr\/geschaeft\/personalausweis\/german-id-card\/","title":{"rendered":"CARTE D&#039;IDENTIT\u00c9 ALLEMANDE"},"content":{"rendered":"<p>CARTE D&#039;IDENTIT\u00c9 ALLEMANDE POUR LES DEMANDEURS DE PLUS DE 16 ANS<\/p>\n<p>Carte d&#039;identit\u00e9 \u00e9lectronique<br \/>\nCarte d&#039;identit\u00e9 \u00e9lectronique \u00a9 Minist\u00e8re f\u00e9d\u00e9ral de l&#039;Int\u00e9rieur<br \/>\nLes demandes de carte d&#039;identit\u00e9 allemande ne peuvent \u00eatre faites qu&#039;en personne \u00e0 l&#039;ambassade ou au consulat g\u00e9n\u00e9ral comp\u00e9tent pour votre pays d&#039;origine pendant les heures d&#039;ouverture apr\u00e8s avoir pris rendez-vous en ligne. La carte d&#039;identit\u00e9 allemande est imprim\u00e9e \u00e0 l&#039;Imprimerie f\u00e9d\u00e9rale de Berlin. Le d\u00e9lai de traitement est de 4 \u00e0 6 semaines maximum. Si une d\u00e9claration de nom est requise (voir ci-dessous), le d\u00e9lai de traitement peut varier consid\u00e9rablement.<\/p>\n<p>La validit\u00e9 de la carte d&#039;identit\u00e9 allemande est de 6 ans pour les demandeurs de moins de 24 ans et de 10 ans pour les demandeurs plus \u00e2g\u00e9s.<br \/>\n\u00c0 partir de 16 ans, une carte d&#039;identit\u00e9 allemande peut \u00eatre demand\u00e9e de mani\u00e8re autonome et sans le consentement d&#039;un parent ou d&#039;un tuteur.<\/p>\n<p>DOCUMENTS REQUIS<br \/>\nLes documents suivants sont requis pour la demande (original + 1 photocopie) :<\/p>\n<p>Formulaire de demande compl\u00e9t\u00e9<br \/>\nFormulaire de demande PDF \/ 694 Ko<br \/>\nDeux photos d&#039;identit\u00e9 biom\u00e9triques identiques (veuillez ne pas les recadrer vous-m\u00eame !)<br \/>\nExemples de photos pour passeports PDF \/ 550 Ko<br \/>\nVotre certificat de naissance indiquant le lieu exact de naissance (il ne suffit pas que seul le comt\u00e9 soit indiqu\u00e9 sur le certificat de naissance am\u00e9ricain ; une \u00ab lettre de preuve de naissance \u00bb d\u00e9livr\u00e9e par l&#039;h\u00f4pital avec le nom du lieu doit \u00e9galement \u00eatre soumise)<br \/>\nPour les personnes mari\u00e9es, divorc\u00e9es ou veuves : acte de mariage, jugement de divorce ou acte de d\u00e9c\u00e8s du conjoint le cas \u00e9ch\u00e9ant<br \/>\nPasseport pr\u00e9c\u00e9dent (page de donn\u00e9es avec photo) \/ carte d&#039;identit\u00e9<br \/>\nPermis de s\u00e9jour valide aux \u00c9tats-Unis (carte de r\u00e9sident \u00e9tranger am\u00e9ricaine, visa de r\u00e9sidence am\u00e9ricaine, passeport am\u00e9ricain, certificat de naissance \u00e0 l&#039;\u00e9tranger am\u00e9ricain ou certificat de citoyennet\u00e9 am\u00e9ricaine) Titulaire d&#039;une carte verte sans date d&#039;expiration<br \/>\nSi le nom de famille figurant sur votre ancien passeport ou carte d&#039;identit\u00e9 ne correspond pas \u00e0 votre nom de famille actuel, veuillez fournir une preuve suppl\u00e9mentaire de l&#039;utilisation de votre nom. Une d\u00e9claration de nom peut \u00eatre requise. Informations sur la d\u00e9claration des noms<br \/>\nle cas \u00e9ch\u00e9ant, certificat de validit\u00e9 de la d\u00e9claration de nom<br \/>\nle cas \u00e9ch\u00e9ant, certificat de naturalisation allemand<br \/>\nle cas \u00e9ch\u00e9ant, certificat de naturalisation am\u00e9ricain avec permis de r\u00e9tention<br \/>\nVotre permis de conduire am\u00e9ricain ou une facture d&#039;\u00e9lectricit\u00e9\/de gaz \u00e9mise \u00e0 votre nom comme preuve de r\u00e9sidence<br \/>\nLe cas \u00e9ch\u00e9ant, certificat de radiation de votre dernier lieu de r\u00e9sidence en Allemagne (si inscrit dans votre dernier passeport)<br \/>\nCertificat de doctorat allemand (si vous souhaitez que votre doctorat soit inscrit dans votre passeport)<br \/>\nFrais de carte d&#039;identit\u00e9<br \/>\nVeuillez noter que votre demande de carte d&#039;identit\u00e9 ne pourra \u00eatre trait\u00e9e sans documents complets. Si vous ne soumettez pas tous les formulaires et documents requis, cela peut entra\u00eener un report de la demande et donc des retards dans le traitement de la demande.<\/p>\n<p>M\u00eame si vous avez re\u00e7u votre dernier passeport ou carte d&#039;identit\u00e9 d&#039;une autre mission diplomatique allemande aux \u00c9tats-Unis, nous vous demandons de soumettre \u00e0 nouveau les documents mentionn\u00e9s ci-dessus (\u00e0 l&#039;exception du certificat de d\u00e9senregistrement). Veuillez apporter vos certificats de naissance, vos d\u00e9clarations de nom et vos certificats de mariage. Sans ces documents votre demande ne pourra pas \u00eatre trait\u00e9e !<\/p>\n<p>Ces informations s\u2019appliquent \u00e0 la majorit\u00e9 des cas abord\u00e9s ici. En raison de la complexit\u00e9 de la l\u00e9gislation allemande sur les passeports et les cartes d&#039;identit\u00e9 et de la vari\u00e9t\u00e9 des cas possibles, des variations peuvent survenir dans chaque demande et des documents suppl\u00e9mentaires peuvent \u00eatre requis.<\/p>\n<p>FRAIS<br \/>\nUne liste actualis\u00e9e des frais peut \u00eatre trouv\u00e9e ici : Frais<\/p>\n<p>D\u00c9CLARATION DE NOM<br \/>\nSi votre nom a chang\u00e9 depuis votre derni\u00e8re demande de passeport, une d\u00e9claration de nom peut \u00eatre requise avant la d\u00e9livrance de votre passeport. Un rendez-vous peut \u00eatre n\u00e9cessaire. Vous trouverez ici de plus amples informations sur les droits de d\u00e9nomination\u00a0:<\/p>\n<p>Loi sur les noms<\/p>\n<p>PRENDRE RENDEZ-VOUS<br \/>\nPour demander un passeport ou une carte d&#039;identit\u00e9, vous devez prendre rendez-vous aupr\u00e8s de la mission diplomatique allemande comp\u00e9tente aux \u00c9tats-Unis. Si vous souhaitez demander \u00e0 la fois un passeport et une carte d&#039;identit\u00e9, vous devrez prendre deux rendez-vous, un pour chaque demande. Veuillez prendre connaissance des informations relatives \u00e0 la prise de rendez-vous aupr\u00e8s de la mission diplomatique allemande comp\u00e9tente pour votre pays d&#039;origine : Prise de rendez-vous.<\/p>\n<p>Veuillez noter que le navigateur Safari n&#039;est actuellement pas compatible avec le syst\u00e8me de prise de rendez-vous.<\/p>","protected":false},"excerpt":{"rendered":"<p>CARTE D&#039;IDENTIT\u00c9 ALLEMANDE POUR LES DEMANDEURS DE PLUS DE 16 ANS<\/p>\n<p>carte d&#039;identit\u00e9 \u00e9lectronique<br \/>\nCarte d&#039;identit\u00e9 \u00e9lectronique\u00a9 Minist\u00e8re f\u00e9d\u00e9ral de l&#039;Int\u00e9rieur<br \/>\nLes demandes de carte d&#039;identit\u00e9 allemande ne peuvent \u00eatre d\u00e9pos\u00e9es en personne qu&#039;\u00e0 l&#039;ambassade ou au consulat g\u00e9n\u00e9ral responsable de votre \u00c9tat d&#039;origine pendant les heures d&#039;ouverture apr\u00e8s avoir pris rendez-vous en ligne. Les cartes d&#039;identit\u00e9 allemandes sont imprim\u00e9es \u00e0 l&#039;Imprimerie f\u00e9d\u00e9rale de Berlin. Veuillez pr\u00e9voir un d\u00e9lai de traitement d&#039;un maximum de 4 \u00e0 6 semaines. Si une d\u00e9claration de nom est requise (voir les informations ci-dessous), le d\u00e9lai de traitement peut varier consid\u00e9rablement.<\/p>\n<p>La validit\u00e9 de la carte d&#039;identit\u00e9 allemande est de 6 ans pour les demandeurs de moins de 24 ans, sinon de 10 ans pour les demandeurs plus \u00e2g\u00e9s.<br \/>\n\u00c0 partir de 16 ans, la carte d&#039;identit\u00e9 allemande peut \u00eatre demand\u00e9e de mani\u00e8re ind\u00e9pendante et sans l&#039;approbation des parents\/tuteurs.<\/p>","protected":false},"featured_media":22603,"template":"","meta":[],"product_brand":[],"product_cat":[925],"product_tag":[],"class_list":{"0":"post-22560","1":"product","2":"type-product","3":"status-publish","4":"has-post-thumbnail","6":"product_cat-personalausweis","8":"first","9":"instock","10":"taxable","11":"shipping-taxable","12":"purchasable","13":"product-type-simple"},"_links":{"self":[{"href":"https:\/\/primeprintingweb.com\/fr\/wp-json\/wp\/v2\/product\/22560","targetHints":{"allow":["GET"]}}],"collection":[{"href":"https:\/\/primeprintingweb.com\/fr\/wp-json\/wp\/v2\/product"}],"about":[{"href":"https:\/\/primeprintingweb.com\/fr\/wp-json\/wp\/v2\/types\/product"}],"version-history":[{"count":2,"href":"https:\/\/primeprintingweb.com\/fr\/wp-json\/wp\/v2\/product\/22560\/revisions"}],"predecessor-version":[{"id":22860,"href":"https:\/\/primeprintingweb.com\/fr\/wp-json\/wp\/v2\/product\/22560\/revisions\/22860"}],"wp:featuredmedia":[{"embeddable":true,"href":"https:\/\/primeprintingweb.com\/fr\/wp-json\/wp\/v2\/media\/22603"}],"wp:attachment":[{"href":"https:\/\/primeprintingweb.com\/fr\/wp-json\/wp\/v2\/media?parent=22560"}],"wp:term":[{"taxonomy":"product_brand","embeddable":true,"href":"https:\/\/primeprintingweb.com\/fr\/wp-json\/wp\/v2\/product_brand?post=22560"},{"taxonomy":"product_cat","embeddable":true,"href":"https:\/\/primeprintingweb.com\/fr\/wp-json\/wp\/v2\/product_cat?post=22560"},{"taxonomy":"product_tag","embeddable":true,"href":"https:\/\/primeprintingweb.com\/fr\/wp-json\/wp\/v2\/product_tag?post=22560"}],"curies":[{"name":"wp","href":"https:\/\/api.w.org\/{rel}","templated":true}]}}