{"id":22564,"date":"2025-05-13T04:16:58","date_gmt":"2025-05-13T04:16:58","guid":{"rendered":"https:\/\/primeprintingweb.com\/?post_type=product&#038;p=22564"},"modified":"2025-05-18T17:41:00","modified_gmt":"2025-05-18T17:41:00","slug":"japanese-id-card","status":"publish","type":"product","link":"https:\/\/primeprintingweb.com\/fr\/geschaeft\/personalausweis\/japanese-id-card\/","title":{"rendered":"CARTE D&#039;IDENTIT\u00c9 JAPONAISE"},"content":{"rendered":"<p>CARTE D&#039;IDENTIT\u00c9 JAPONAISE<\/p>\n<p>La carte My Number remplace partiellement la carte d&#039;identit\u00e9, qui n&#039;est pas obligatoire au Japon, et permet au gouvernement japonais d&#039;identifier les r\u00e9sidents et de simplifier les proc\u00e9dures administratives. Si vous d\u00e9m\u00e9nagez, la carte doit \u00eatre mise \u00e0 jour avec la nouvelle adresse. L&#039;espace pour la nouvelle adresse sur la carte My Number est limit\u00e9 et les adresses manuscrites peuvent prendre du temps et conduire in\u00e9vitablement \u00e0 des erreurs. L\u2019\u00e9criture manuscrite n\u2019\u00e9tant pas suffisamment fiable pour une identification officielle, une m\u00e9thode d\u2019\u00e9criture uniforme et coh\u00e9rente \u00e9tait n\u00e9cessaire.<\/p>\n<p>UN SCANNER INNOVANT POSITIONNE AUTOMATIQUEMENT LE TEXTE<\/p>\n<p>Apr\u00e8s l\u2019entr\u00e9e en vigueur de la nouvelle loi, le nombre de cartes \u00e9mises et mises \u00e0 jour a augment\u00e9 de fa\u00e7on spectaculaire. La premi\u00e8re carte My Number \u00e9tait toujours \u00e9mise de mani\u00e8re centralis\u00e9e par le gouvernement japonais, mais les mises \u00e0 jour avec de nouvelles adresses \u00e9taient g\u00e9r\u00e9es par les mairies individuelles. Afin de r\u00e9pondre \u00e0 la forte demande, la plupart des mairies ont d\u00e9cid\u00e9 d\u2019acqu\u00e9rir une imprimante \u00e0 cartes. CardEx, le distributeur Evolis au Japon, a install\u00e9 500 syst\u00e8mes Elypso et 250 syst\u00e8mes Zenius dans les mairies du Japon. L&#039;int\u00e9grateur syst\u00e8me japonais DNP IDS a \u00e9quip\u00e9 les imprimantes Evolis d&#039;une fonction d&#039;encodage de puces sans contact selon les normes japonaises. Cette fonction d\u00e9tecte la carte ins\u00e9r\u00e9e dans l&#039;imprimante.<\/p>\n<p>Dans l\u2019\u00e9tape suivante, les nombreuses variantes de conception de la carte, qui varient selon la commune, ont \u00e9t\u00e9 prises en compte. Le positionnement du champ d&#039;adresse est diff\u00e9rent pour chaque mod\u00e8le. Pour prendre cela en compte, Evolis a d\u00e9velopp\u00e9 un scanner sp\u00e9cial qui est int\u00e9gr\u00e9 \u00e0 chaque imprimante. Ce scanner analyse les images de la carte et d\u00e9termine la taille et la position du champ de texte. Il d\u00e9tecte \u00e9galement l&#039;orientation de la carte ins\u00e9r\u00e9e et ajuste automatiquement le texte \u00e0 la bonne position quelle que soit l&#039;insertion. Les imprimantes Evolis utilisent un mat\u00e9riau de transfert thermique sp\u00e9cial pour imprimer des caract\u00e8res sur la surface de la carte.<\/p>\n<p>CardEx a inclus une \u00e9tiquette avec l&#039;imprimante qui indique l&#039;emplacement d&#039;insertion de la carte.<\/p>\n<p>La mairie du quartier Koto de Tokyo appr\u00e9cie l&#039;uniformit\u00e9 et la lisibilit\u00e9 des plans<br \/>\nL&#039;une des mairies qui utilise les syst\u00e8mes Evolis est la mairie de Koto Ward \u00e0 Tokyo. Avec environ 500 000 habitants, c&#039;est l&#039;un des quartiers les plus dens\u00e9ment peupl\u00e9s de Tokyo. En 2016, 19 imprimantes Evolis ont \u00e9t\u00e9 install\u00e9es dans les bureaux, qui \u00e9crasent les nouvelles adresses des nouveaux arrivants sur leurs cartes My Number existantes.<\/p>\n<p>\u00ab Cette m\u00e9thode est plus formelle et est tr\u00e8s appr\u00e9ci\u00e9e pour son uniformit\u00e9, sa lisibilit\u00e9, sa facilit\u00e9 d\u2019utilisation et sa rapidit\u00e9, car elle r\u00e9duit consid\u00e9rablement le risque d\u2019erreur humaine \u00bb, explique un responsable de la mairie de Koto. Sur les 3 000 fonctionnaires travaillant \u00e0 la mairie de Koto, environ 140 utilisent les imprimantes \u00e0 cartes.<\/p>","protected":false},"excerpt":{"rendered":"<p><span style=\"vertical-align: inherit;\"><span style=\"vertical-align: inherit;\">CARTE D&#039;IDENTIT\u00c9 JAPONAISE<\/span><\/span><\/p>\n<p><span style=\"vertical-align: inherit;\"><span style=\"vertical-align: inherit;\">Rempla\u00e7ant dans une certaine mesure la carte d&#039;identit\u00e9 nationale, qui n&#039;est pas obligatoire au Japon, My Number Card permet au gouvernement japonais d&#039;identifier les r\u00e9sidents et de simplifier les proc\u00e9dures administratives. Lorsqu&#039;un citoyen d\u00e9m\u00e9nage, la carte doit \u00eatre mise \u00e0 jour avec la nouvelle adresse. L&#039;espace d&#039;\u00e9criture pour la nouvelle adresse sur My Number Card est limit\u00e9, et si les fonctionnaires \u00e9crivent les adresses \u00e0 la main, cela peut prendre du temps et entra\u00eener in\u00e9vitablement des erreurs. L\u2019\u00e9criture manuscrite n\u2019\u00e9tant pas suffisamment fiable pour une identification officielle, une m\u00e9thode d\u2019\u00e9criture uniforme et coh\u00e9rente \u00e9tait n\u00e9cessaire.<\/span><\/span><\/p>\n<p><span style=\"vertical-align: inherit;\"><span style=\"vertical-align: inherit;\">UN SCANNER INNOVANT POSITIONNE AUTOMATIQUEMENT LE TEXTE<\/span><\/span><\/p>","protected":false},"featured_media":22611,"template":"","meta":[],"product_brand":[],"product_cat":[925],"product_tag":[],"class_list":{"0":"post-22564","1":"product","2":"type-product","3":"status-publish","4":"has-post-thumbnail","6":"product_cat-personalausweis","8":"first","9":"instock","10":"taxable","11":"shipping-taxable","12":"purchasable","13":"product-type-simple"},"_links":{"self":[{"href":"https:\/\/primeprintingweb.com\/fr\/wp-json\/wp\/v2\/product\/22564","targetHints":{"allow":["GET"]}}],"collection":[{"href":"https:\/\/primeprintingweb.com\/fr\/wp-json\/wp\/v2\/product"}],"about":[{"href":"https:\/\/primeprintingweb.com\/fr\/wp-json\/wp\/v2\/types\/product"}],"version-history":[{"count":2,"href":"https:\/\/primeprintingweb.com\/fr\/wp-json\/wp\/v2\/product\/22564\/revisions"}],"predecessor-version":[{"id":22856,"href":"https:\/\/primeprintingweb.com\/fr\/wp-json\/wp\/v2\/product\/22564\/revisions\/22856"}],"wp:featuredmedia":[{"embeddable":true,"href":"https:\/\/primeprintingweb.com\/fr\/wp-json\/wp\/v2\/media\/22611"}],"wp:attachment":[{"href":"https:\/\/primeprintingweb.com\/fr\/wp-json\/wp\/v2\/media?parent=22564"}],"wp:term":[{"taxonomy":"product_brand","embeddable":true,"href":"https:\/\/primeprintingweb.com\/fr\/wp-json\/wp\/v2\/product_brand?post=22564"},{"taxonomy":"product_cat","embeddable":true,"href":"https:\/\/primeprintingweb.com\/fr\/wp-json\/wp\/v2\/product_cat?post=22564"},{"taxonomy":"product_tag","embeddable":true,"href":"https:\/\/primeprintingweb.com\/fr\/wp-json\/wp\/v2\/product_tag?post=22564"}],"curies":[{"name":"wp","href":"https:\/\/api.w.org\/{rel}","templated":true}]}}