{"id":22569,"date":"2025-05-13T04:16:59","date_gmt":"2025-05-13T04:16:59","guid":{"rendered":"https:\/\/primeprintingweb.com\/?post_type=product&#038;p=22569"},"modified":"2025-05-18T17:51:25","modified_gmt":"2025-05-18T17:51:25","slug":"norway-id-card","status":"publish","type":"product","link":"https:\/\/primeprintingweb.com\/fr\/geschaeft\/personalausweis\/norway-id-card\/","title":{"rendered":"CARTE D&#039;IDENTIT\u00c9 NORV\u00c9GIENNE"},"content":{"rendered":"<p>NUM\u00c9RO D&#039;IDENTIFICATION DE LA NORV\u00c8GE<\/p>\n<p>Un num\u00e9ro d&#039;identification norv\u00e9gien est un num\u00e9ro d&#039;identification pour les personnes titulaires d&#039;un permis de s\u00e9jour qui vivent en Norv\u00e8ge pendant plus de six mois. Vous en aurez besoin pour contacter diverses autorit\u00e9s norv\u00e9giennes.<\/p>\n<p>POURQUOI AVEZ-VOUS BESOIN DE VOTRE NUM\u00c9RO D&#039;IDENTIFICATION NORV\u00c9GIEN\u00a0?<br \/>\nVous avez besoin de votre num\u00e9ro d&#039;identification norv\u00e9gien, par exemple, pour ouvrir un compte bancaire, prendre rendez-vous avec votre m\u00e9decin de famille (Fastlege), louer un appartement, payer vos imp\u00f4ts et participer aux \u00e9lections.<\/p>\n<p>Le num\u00e9ro d\u2019identification AID est un num\u00e9ro d\u2019identification \u00e0 onze chiffres, dont les cinq derniers chiffres sont appel\u00e9s \u00ab num\u00e9ro personnel \u00bb.<\/p>\n<p>QUAND RECEVREZ-VOUS VOTRE NUM\u00c9RO D&#039;IDENTIFICATION NORV\u00c9GIENNE ?<br \/>\nSi vous avez obtenu un permis de s\u00e9jour en Norv\u00e8ge, vous recevrez votre num\u00e9ro NorwayID par courrier de l&#039;administration fiscale environ deux \u00e0 six semaines apr\u00e8s avoir demand\u00e9 votre carte de s\u00e9jour au poste de police.<br \/>\nSi vous \u00eates citoyen d&#039;un pays de l&#039;UE\/EEE, vous recevrez votre num\u00e9ro de carte d&#039;identit\u00e9 norv\u00e9gienne aupr\u00e8s de l&#039;administration fiscale lorsque vous vous y enregistrerez apr\u00e8s vous \u00eatre enregistr\u00e9 aupr\u00e8s de la police. Des informations sur le d\u00e9m\u00e9nagement en Norv\u00e8ge sont disponibles aupr\u00e8s de l&#039;Agence fiscale (site Web externe).<\/p>\n<p>Avez-vous un num\u00e9ro de carte d&#039;identit\u00e9, mais \u00eates-vous toujours inscrit dans le syst\u00e8me d&#039;enregistrement national en tant qu&#039;immigrant norv\u00e9gien ?<br \/>\nIl peut y avoir diverses raisons pour lesquelles vous avez \u00e9t\u00e9 inscrit au registre national comme ayant d\u00e9m\u00e9nag\u00e9 de Norv\u00e8ge.<\/p>\n<p>Si vous \u00eates enregistr\u00e9 comme ayant d\u00e9m\u00e9nag\u00e9 de Norv\u00e8ge en raison d&#039;un permis de s\u00e9jour expir\u00e9 et qu&#039;une nouvelle demande est en cours de traitement, vous pouvez demander au Service norv\u00e9gien de l&#039;immigration (UDI) d&#039;informer l&#039;Agence fiscale norv\u00e9gienne afin qu&#039;elle puisse vous r\u00e9inscrire au Registre national. Cela n&#039;est possible que si le service d&#039;immigration norv\u00e9gien consid\u00e8re que vous r\u00e9sidiez l\u00e9galement en Norv\u00e8ge au moment de votre inscription en tant que r\u00e9sident norv\u00e9gien.<\/p>\n<p>Si vous n&#039;\u00eates plus inscrit au registre national pour d&#039;autres raisons, veuillez contacter votre bureau des imp\u00f4ts norv\u00e9gien local. (site Web externe)<\/p>\n<p>VOTRE NUM\u00c9RO D&#039;IDENTIT\u00c9 NATIONALE ET VOTRE DATE DE NAISSANCE NE SONT PAS LES M\u00caMES<br \/>\nVotre num\u00e9ro de carte d\u2019identit\u00e9 norv\u00e9gienne ne doit pas n\u00e9cessairement correspondre \u00e0 votre date de naissance. Le service d&#039;immigration norv\u00e9gien ne modifiera pas votre date de naissance si elle ne correspond pas \u00e0 votre num\u00e9ro d&#039;identit\u00e9 nationale.<\/p>\n<p>AVEZ-VOUS UN NUM\u00c9RO D&#039;ANNONCE ?<br \/>\nLe num\u00e9ro AD est un num\u00e9ro d&#039;identification temporaire que vous recevez si vous avez demand\u00e9 une protection (asile) ou si vous avez un permis de s\u00e9jour et que vous s\u00e9journez en Norv\u00e8ge pendant moins de six mois.<\/p>\n<p>QU&#039;EST-CE QU&#039;UN NUM\u00c9RO DUF ?<br \/>\nToute personne demandant une protection (asile) ou un permis de s\u00e9jour en Norv\u00e8ge re\u00e7oit un num\u00e9ro DUF. Le num\u00e9ro DUF est votre num\u00e9ro d&#039;enregistrement dans le syst\u00e8me informatique du service d&#039;immigration norv\u00e9gien (UDI).<\/p>","protected":false},"excerpt":{"rendered":"<p><span style=\"vertical-align: inherit;\"><span style=\"vertical-align: inherit;\">NUM\u00c9RO DE CARTE D&#039;IDENTIT\u00c9 NORV\u00c9GIENNE<\/span><\/span><\/p>\n<p><span style=\"vertical-align: inherit;\"><span style=\"vertical-align: inherit;\">Un num\u00e9ro de carte d&#039;identit\u00e9 norv\u00e9gienne est un num\u00e9ro d&#039;identification pour vous qui avez un permis de s\u00e9jour et qui allez vivre en Norv\u00e8ge pendant plus de six mois. Vous en avez besoin lorsque vous \u00eates en contact avec diff\u00e9rentes autorit\u00e9s norv\u00e9giennes.<\/span><\/span><\/p>\n<p><span style=\"vertical-align: inherit;\"><span style=\"vertical-align: inherit;\">\u00c0 QUOI VOUS AIDEZ VOTRE NUM\u00c9RO DE CARTE D&#039;IDENTIT\u00c9 NORV\u00c9GIENNE ? <\/span><\/span><br \/>\n<span style=\"vertical-align: inherit;\"><span style=\"vertical-align: inherit;\">Vous avez besoin de votre num\u00e9ro de carte d&#039;identit\u00e9 norv\u00e9gienne par exemple pour ouvrir un compte bancaire, pour consulter un m\u00e9decin g\u00e9n\u00e9raliste r\u00e9gulier (fastlege), pour louer un logement, pour payer vos imp\u00f4ts et pour pouvoir voter aux \u00e9lections.<\/span><\/span><\/p>\n<p><span style=\"vertical-align: inherit;\"><span style=\"vertical-align: inherit;\">Le num\u00e9ro de carte AID est un num\u00e9ro d&#039;identification \u00e0 onze chiffres, et les cinq derniers chiffres sont appel\u00e9s \u00ab num\u00e9ro personnel \u00bb.<\/span><\/span><\/p>","protected":false},"featured_media":22621,"template":"","meta":[],"product_brand":[],"product_cat":[925],"product_tag":[],"class_list":{"0":"post-22569","1":"product","2":"type-product","3":"status-publish","4":"has-post-thumbnail","6":"product_cat-personalausweis","8":"first","9":"instock","10":"taxable","11":"shipping-taxable","12":"purchasable","13":"product-type-simple"},"_links":{"self":[{"href":"https:\/\/primeprintingweb.com\/fr\/wp-json\/wp\/v2\/product\/22569","targetHints":{"allow":["GET"]}}],"collection":[{"href":"https:\/\/primeprintingweb.com\/fr\/wp-json\/wp\/v2\/product"}],"about":[{"href":"https:\/\/primeprintingweb.com\/fr\/wp-json\/wp\/v2\/types\/product"}],"version-history":[{"count":2,"href":"https:\/\/primeprintingweb.com\/fr\/wp-json\/wp\/v2\/product\/22569\/revisions"}],"predecessor-version":[{"id":22869,"href":"https:\/\/primeprintingweb.com\/fr\/wp-json\/wp\/v2\/product\/22569\/revisions\/22869"}],"wp:featuredmedia":[{"embeddable":true,"href":"https:\/\/primeprintingweb.com\/fr\/wp-json\/wp\/v2\/media\/22621"}],"wp:attachment":[{"href":"https:\/\/primeprintingweb.com\/fr\/wp-json\/wp\/v2\/media?parent=22569"}],"wp:term":[{"taxonomy":"product_brand","embeddable":true,"href":"https:\/\/primeprintingweb.com\/fr\/wp-json\/wp\/v2\/product_brand?post=22569"},{"taxonomy":"product_cat","embeddable":true,"href":"https:\/\/primeprintingweb.com\/fr\/wp-json\/wp\/v2\/product_cat?post=22569"},{"taxonomy":"product_tag","embeddable":true,"href":"https:\/\/primeprintingweb.com\/fr\/wp-json\/wp\/v2\/product_tag?post=22569"}],"curies":[{"name":"wp","href":"https:\/\/api.w.org\/{rel}","templated":true}]}}