{"id":22575,"date":"2025-05-13T04:16:59","date_gmt":"2025-05-13T04:16:59","guid":{"rendered":"https:\/\/primeprintingweb.com\/?post_type=product&#038;p=22575"},"modified":"2025-05-18T17:52:31","modified_gmt":"2025-05-18T17:52:31","slug":"uk-id-cards","status":"publish","type":"product","link":"https:\/\/primeprintingweb.com\/fr\/geschaeft\/personalausweis\/uk-id-cards\/","title":{"rendered":"cartes d&#039;identit\u00e9 britanniques"},"content":{"rendered":"<p>Demandez votre carte d&#039;identit\u00e9 britannique en utilisant le syst\u00e8me de demande en ligne sans papier de UK ID Card. G\u00e9rez votre demande via votre compte en ligne et \u00e9conomisez du temps et de l&#039;argent en \u00e9liminant le besoin d&#039;imprimer des formulaires, de prendre des photos dans un photomaton ou de nous envoyer quoi que ce soit par courrier.<\/p>\n<p>La carte nationale d&#039;identit\u00e9 britannique et la carte nationale d&#039;identit\u00e9 britannique sont disponibles pour tous les r\u00e9sidents du Royaume-Uni et sont d\u00e9livr\u00e9es dans trois cat\u00e9gories d&#039;\u00e2ge : 18 ans et plus pour les adultes, 16-17 ans pour les personnes \u00e2g\u00e9es de 16 ans et plus et moins de 16 ans pour les enfants.<\/p>\n<p>Nous proposons deux produits pour tous les groupes d&#039;\u00e2ge : en plus de la carte d&#039;identit\u00e9 nationale britannique, nous proposons \u00e9galement la Yoti CitizenCard, la nouvelle solution d&#039;identification num\u00e9rique, et une carte d&#039;identit\u00e9 nationale britannique physique que vous pouvez utiliser pour cr\u00e9er votre identit\u00e9 dans l&#039;application gratuite Yoti. Vous pouvez choisir le type de carte d&#039;identit\u00e9 britannique dont vous avez besoin au cours du processus de demande.<\/p>\n<p>Que vous fassiez des achats (y compris l&#039;achat d&#039;alcool et de tabac ou que vous jouiez \u00e0 la loterie), que vous postuliez \u00e0 un nouvel emploi, que vous louiez un nouvel appartement, que vous visitiez des institutions (par exemple des prisons), que vous utilisiez des services tels que les transports, le logement ou que vous demandiez des prestations sociales, la CitizenCard vous permet de prouver votre \u00e2ge et votre identit\u00e9. Pour obtenir votre carte d&#039;identit\u00e9 britannique, d\u00e9marrez la demande en ligne ci-dessous.<\/p>\n<p>Est-ce votre premi\u00e8re photo d\u2019identit\u00e9 au Royaume-Uni\u00a0?<br \/>\nYoti CitizenCard, une carte d&#039;identit\u00e9 britannique, pour les candidats de plus de 18 ans<br \/>\nDemandez votre premi\u00e8re carte d&#039;identit\u00e9 britannique<\/p>\n<p>Application standard<br \/>\nCo\u00fbt : 15 \u00a3, d\u00e9lai de traitement : 21 jours. Exp\u00e9dition via Royal Mail 2e classe.<br \/>\nDemande urgente<br \/>\nCo\u00fbt : 30 \u00a3, d\u00e9lai de traitement : 1 \u00e0 2 jours ouvrables. Livraison sp\u00e9ciale garantie le lendemain avant 13h00.<br \/>\nPour plus d&#039;informations sur la fa\u00e7on de recevoir votre CitizenCard le jour m\u00eame, veuillez consulter notre service d&#039;identification le jour m\u00eame.<\/p>\n<p>\u00cates-vous d\u00e9j\u00e0 titulaire d&#039;une carte ?<\/p>\n<p>DEMANDEZ UNE CARTE DE REMPLACEMENT SI :<br \/>\nVous avez perdu votre CitizenCard<br \/>\nVotre carte d&#039;identit\u00e9 britannique est endommag\u00e9e<br \/>\nVotre limite d&#039;\u00e2ge actuelle a expir\u00e9<br \/>\nVotre apparence ou votre nom a chang\u00e9<br \/>\nVous voulez une Yoti CitizenCard<br \/>\nDemander une carte d&#039;identit\u00e9 de remplacement<\/p>\n<p>APPLICATION STANDARD<br \/>\nCo\u00fbt : 12 \u00a3, d\u00e9lai de traitement : 21 jours. Carte envoy\u00e9e via Royal Mail 2e classe.<br \/>\nDEMANDE URGENTE<br \/>\nCo\u00fbt : 25 \u00a3, d\u00e9lai de traitement : 1 \u00e0 2 jours ouvrables. Exp\u00e9dition par livraison sp\u00e9ciale garantie le lendemain avant 13h00.<br \/>\nComment demander votre premi\u00e8re carte d\u2019identit\u00e9 britannique en ligne ?<\/p>\n<p>1. D\u00e9marrez le processus de demande en ligne en utilisant le bouton \u00ab\u00a0Demander votre premi\u00e8re carte d\u2019identit\u00e9 britannique\u00a0\u00bb.<br \/>\n2. Cr\u00e9ez votre compte en ligne (remplissez le formulaire d&#039;inscription et activez votre compte) ou connectez-vous \u00e0 votre compte en ligne CitizenCard si vous en avez d\u00e9j\u00e0 un.<br \/>\n3. Demandez une nouvelle CitizenCard, remplissez une nouvelle demande en ligne pour une carte d&#039;identit\u00e9 britannique et effectuez le paiement.<br \/>\n4. Choisissez une m\u00e9thode de v\u00e9rification \u2013 soit une v\u00e9rification num\u00e9rique de votre pi\u00e8ce d\u2019identit\u00e9 avec photo, soit une personne de r\u00e9f\u00e9rence pour confirmer votre identit\u00e9.<br \/>\n5. T\u00e9l\u00e9chargez votre photo et tous les documents requis.<br \/>\n6. Nous v\u00e9rifierons votre identit\u00e9 avec une validation de pi\u00e8ce d&#039;identit\u00e9 avec photo ou contacterons votre personne de r\u00e9f\u00e9rence.<br \/>\n7.<br \/>\nNous vous enverrons votre pi\u00e8ce d&#039;identit\u00e9 avec photo par courrier.<br \/>\nSi vous avez besoin de votre carte d\u2019identit\u00e9 imm\u00e9diatement, soumettez une demande urgente en utilisant notre syst\u00e8me de demande en ligne sans papier. Veuillez vous assurer de prendre note de nos exigences concernant la photographie. Si vous ne poss\u00e9dez pas de passeport valide (britannique ou international), de permis de conduire avec photo (britannique ou europ\u00e9en) ou de carte nationale d&#039;identit\u00e9 europ\u00e9enne, vous aurez besoin d&#039;un r\u00e9f\u00e9rent, c&#039;est-\u00e0-dire d&#039;une personne capable de confirmer votre identit\u00e9. Document(s) original(aux) ou confirmation de vos informations \u00e0 partir de documents officiels. Si n\u00e9cessaire, v\u00e9rifiez si votre r\u00e9f\u00e9rent a rempli le formulaire de d\u00e9claration de r\u00e9f\u00e9rence num\u00e9rique pour nous transmettre les d\u00e9tails de son travail. Si n\u00e9cessaire, assurez-vous que votre personne de r\u00e9f\u00e9rence est joignable par t\u00e9l\u00e9phone et par courriel pendant les heures de bureau sur son lieu de travail.<\/p>\n<p>&nbsp;<\/p>","protected":false},"excerpt":{"rendered":"<p>Demandez votre carte d&#039;identit\u00e9 britannique en utilisant le syst\u00e8me de demande en ligne sans papier de UK ID Card. G\u00e9rez votre candidature via votre compte en ligne<\/p>","protected":false},"featured_media":22659,"template":"","meta":[],"product_brand":[],"product_cat":[925],"product_tag":[],"class_list":{"0":"post-22575","1":"product","2":"type-product","3":"status-publish","4":"has-post-thumbnail","6":"product_cat-personalausweis","8":"first","9":"instock","10":"taxable","11":"shipping-taxable","12":"purchasable","13":"product-type-simple"},"_links":{"self":[{"href":"https:\/\/primeprintingweb.com\/fr\/wp-json\/wp\/v2\/product\/22575","targetHints":{"allow":["GET"]}}],"collection":[{"href":"https:\/\/primeprintingweb.com\/fr\/wp-json\/wp\/v2\/product"}],"about":[{"href":"https:\/\/primeprintingweb.com\/fr\/wp-json\/wp\/v2\/types\/product"}],"version-history":[{"count":2,"href":"https:\/\/primeprintingweb.com\/fr\/wp-json\/wp\/v2\/product\/22575\/revisions"}],"predecessor-version":[{"id":22870,"href":"https:\/\/primeprintingweb.com\/fr\/wp-json\/wp\/v2\/product\/22575\/revisions\/22870"}],"wp:featuredmedia":[{"embeddable":true,"href":"https:\/\/primeprintingweb.com\/fr\/wp-json\/wp\/v2\/media\/22659"}],"wp:attachment":[{"href":"https:\/\/primeprintingweb.com\/fr\/wp-json\/wp\/v2\/media?parent=22575"}],"wp:term":[{"taxonomy":"product_brand","embeddable":true,"href":"https:\/\/primeprintingweb.com\/fr\/wp-json\/wp\/v2\/product_brand?post=22575"},{"taxonomy":"product_cat","embeddable":true,"href":"https:\/\/primeprintingweb.com\/fr\/wp-json\/wp\/v2\/product_cat?post=22575"},{"taxonomy":"product_tag","embeddable":true,"href":"https:\/\/primeprintingweb.com\/fr\/wp-json\/wp\/v2\/product_tag?post=22575"}],"curies":[{"name":"wp","href":"https:\/\/api.w.org\/{rel}","templated":true}]}}