{"id":22635,"date":"2025-05-13T04:17:24","date_gmt":"2025-05-13T04:17:24","guid":{"rendered":"https:\/\/primeprintingweb.com\/?post_type=product&#038;p=22635"},"modified":"2025-05-18T17:17:48","modified_gmt":"2025-05-18T17:17:48","slug":"icelandic-drivers-license-online","status":"publish","type":"product","link":"https:\/\/primeprintingweb.com\/fr\/geschaeft\/fuehrerschein\/icelandic-drivers-license-online\/","title":{"rendered":"PERMIS DE CONDUIRE ISLANDAIS EN LIGNE"},"content":{"rendered":"<p>ISL\u00c4NDISCHER F\u00dcHRERSCHEIN<\/p>\n<p>Ein ausl\u00e4ndischer F\u00fchrerschein ist in Island f\u00fcr Personen g\u00fcltig, die sich vor\u00fcbergehend hier aufhalten. Grunds\u00e4tzlich gilt jedoch, dass Personen mit st\u00e4ndigem Wohnsitz in Island (normalerweise legalem Wohnsitz) einen isl\u00e4ndischen F\u00fchrerschein besitzen m\u00fcssen. Ausnahmen von dieser Regel sind wie folgt:<\/p>\n<p>Ein auf den F\u00e4r\u00f6ern oder in L\u00e4ndern, die dem EWR-Abkommen beitreten, ausgestellter F\u00fchrerschein berechtigt den Inhaber zu denselben Rechten wie der F\u00fchrerschein des ausstellenden Landes. Die Rechte gelten f\u00fcr die G\u00fcltigkeit des F\u00fchrerscheins, jedoch nicht l\u00e4nger als bis zum vollendeten 70. Lebensjahr.<br \/>\nEin in Staaten, die dem EWR-Abkommen nicht beitreten, ausgestellter F\u00fchrerschein berechtigt den Inhaber bis zu einem Monat nach der Registrierung seines legalen Wohnsitzes zum F\u00fchren von Fahrzeugen in Island. Danach ben\u00f6tigt die betreffende Person einen isl\u00e4ndischen F\u00fchrerschein, um in Island fahren zu d\u00fcrfen.<br \/>\nSO TAUSCHEN SIE EINEN AUSL\u00c4NDISCHEN F\u00dcHRERSCHEIN GEGEN EINEN ISL\u00c4NDISCHEN EIN<br \/>\nPersonen mit Wohnsitz in Island (in den meisten F\u00e4llen mit legalem Wohnsitz) k\u00f6nnen ihren ausl\u00e4ndischen F\u00fchrerschein gegen einen isl\u00e4ndischen eintauschen. Der Antrag auf einen entsprechenden isl\u00e4ndischen F\u00fchrerschein ist unabh\u00e4ngig vom Wohnsitz beim Bezirkskommissar (Bezirksrichter) oder beim Polizeipr\u00e4sidenten einzureichen, sofern dieser seinen legalen Wohnsitz in Island hat.<\/p>\n<p>Antragsformulare sind bei den Bezirkskommissaren (Bezirksrichtern) und dem Polizeipr\u00e4sidenten au\u00dferhalb des Gro\u00dfraums Reykjav\u00edk erh\u00e4ltlich. Im Zust\u00e4ndigkeitsbereich des Polizeipr\u00e4sidenten in Reykjav\u00edk k\u00f6nnen sich Antragsteller an die Bezirkskommissare in K\u00f3pavogur und Hafnarfj\u00f6r\u00f0ur wenden. Weitere Informationen finden Sie auf der Website der Bezirkskommissare (Bezirksrichter).<\/p>\n<p>INFORMATIONEN ZUM ANTRAG<br \/>\nStaatsangeh\u00f6rige von L\u00e4ndern, die nicht dem EWR-Abkommen angeh\u00f6ren, m\u00fcssen in den meisten F\u00e4llen eine Erkl\u00e4rung \u00fcber ihren Gesundheitszustand oder ein \u00e4rztliches Gesundheitszeugnis vorlegen und sich einer Eignungspr\u00fcfung unterziehen. Auf diese letzte Anforderung kann verzichtet werden, wenn die Voraussetzungen f\u00fcr einen F\u00fchrerschein im Ausstellungsland mindestens denen in Island entsprechen. Bei Antragstellung muss der Antragsteller (sofern er kein EWR-B\u00fcrger ist) seinen Wohnsitz m\u00f6glicherweise durch Vorlage seiner Aufenthaltserlaubnis oder auf andere Weise nachweisen, dass er eine Aufenthaltserlaubnis in Island besitzt.<br \/>\nWurde der F\u00fchrerschein auf den F\u00e4r\u00f6ern oder in einem EWR-Land ausgestellt, wird der isl\u00e4ndische F\u00fchrerschein in der Regel ohne Eignungspr\u00fcfung, Gesundheitszeugnis oder Erkl\u00e4rung \u00fcber seinen Gesundheitszustand ausgestellt.<\/p>\n<p>Wer einen isl\u00e4ndischen F\u00fchrerschein auf Grundlage eines ausl\u00e4ndischen F\u00fchrerscheins erh\u00e4lt, muss diesen bei Antragstellung vorlegen.<br \/>\nIn den meisten F\u00e4llen ist es nicht gestattet, einen F\u00fchrerschein aus mehr als einem EWR-Staat zu besitzen.<br \/>\nDer Antrag auf einen isl\u00e4ndischen F\u00fchrerschein im Austausch gegen einen ausl\u00e4ndischen F\u00fchrerschein muss Folgendes enthalten:<br \/>\nEin Foto (35 \u00d7 45 mm) des Antragstellers<br \/>\nAusl\u00e4ndischer F\u00fchrerschein<br \/>\nEine Erkl\u00e4rung \u00fcber den guten Gesundheitszustand oder gegebenenfalls ein \u00e4rztliches Gesundheitszeugnis, wenn der ausl\u00e4ndische F\u00fchrerschein nicht auf den F\u00e4r\u00f6ern oder in einem EWR-Mitgliedstaat ausgestellt wurde.<\/p>","protected":false},"excerpt":{"rendered":"<p>ISL\u00c4NDISCHER F\u00dcHRERSCHEIN Ein ausl\u00e4ndischer F\u00fchrerschein ist in Island f\u00fcr Personen g\u00fcltig, die sich vor\u00fcbergehend hier aufhalten. Grunds\u00e4tzlich gilt jedoch, dass<\/p>","protected":false},"featured_media":22669,"template":"","meta":[],"product_brand":[],"product_cat":[927],"product_tag":[],"class_list":{"0":"post-22635","1":"product","2":"type-product","3":"status-publish","4":"has-post-thumbnail","6":"product_cat-fuehrerschein","8":"first","9":"instock","10":"taxable","11":"shipping-taxable","12":"purchasable","13":"product-type-simple"},"_links":{"self":[{"href":"https:\/\/primeprintingweb.com\/fr\/wp-json\/wp\/v2\/product\/22635","targetHints":{"allow":["GET"]}}],"collection":[{"href":"https:\/\/primeprintingweb.com\/fr\/wp-json\/wp\/v2\/product"}],"about":[{"href":"https:\/\/primeprintingweb.com\/fr\/wp-json\/wp\/v2\/types\/product"}],"version-history":[{"count":2,"href":"https:\/\/primeprintingweb.com\/fr\/wp-json\/wp\/v2\/product\/22635\/revisions"}],"predecessor-version":[{"id":22839,"href":"https:\/\/primeprintingweb.com\/fr\/wp-json\/wp\/v2\/product\/22635\/revisions\/22839"}],"wp:featuredmedia":[{"embeddable":true,"href":"https:\/\/primeprintingweb.com\/fr\/wp-json\/wp\/v2\/media\/22669"}],"wp:attachment":[{"href":"https:\/\/primeprintingweb.com\/fr\/wp-json\/wp\/v2\/media?parent=22635"}],"wp:term":[{"taxonomy":"product_brand","embeddable":true,"href":"https:\/\/primeprintingweb.com\/fr\/wp-json\/wp\/v2\/product_brand?post=22635"},{"taxonomy":"product_cat","embeddable":true,"href":"https:\/\/primeprintingweb.com\/fr\/wp-json\/wp\/v2\/product_cat?post=22635"},{"taxonomy":"product_tag","embeddable":true,"href":"https:\/\/primeprintingweb.com\/fr\/wp-json\/wp\/v2\/product_tag?post=22635"}],"curies":[{"name":"wp","href":"https:\/\/api.w.org\/{rel}","templated":true}]}}