{"id":22641,"date":"2025-05-13T04:17:25","date_gmt":"2025-05-13T04:17:25","guid":{"rendered":"https:\/\/primeprintingweb.com\/?post_type=product&#038;p=22641"},"modified":"2025-05-18T17:04:47","modified_gmt":"2025-05-18T17:04:47","slug":"maltese-drivers-license-online","status":"publish","type":"product","link":"https:\/\/primeprintingweb.com\/fr\/geschaeft\/fuehrerschein\/maltese-drivers-license-online\/","title":{"rendered":"PERMIS DE CONDUIRE MALTAIS EN LIGNE"},"content":{"rendered":"<p>OBTENEZ VOTRE PERMIS DE CONDUIRE MALTE EN LIGNE<br \/>\nCHOISIR LE BON TYPE DE PERMIS DE CONDUIRE<br \/>\nSelon la taille, le type et le poids de votre v\u00e9hicule, vous aurez besoin d&#039;une classe de permis de conduire diff\u00e9rente. V\u00e9rifiez \u00e0 quelle classe appartient votre v\u00e9hicule ou \u00e0 quelle classe vous pr\u00e9voyez de conduire pour savoir de quel permis de conduire maltais vous avez besoin. Par exemple, il existe diff\u00e9rents permis de conduire pour les motos, les petites voitures, les grandes voitures, les fourgonnettes, les camions, les bus et les tracteurs.<br \/>\nLe permis de conduire en ligne maltais peut \u00eatre renouvel\u00e9 tous les 10 ans pour les personnes de moins de 70 ans et tous les 5 ans pour les personnes de plus de 70 ans. Des instructions et des informations compl\u00e9mentaires sur le renouvellement du permis de conduire sont disponibles ici.<\/p>\n<p>O\u00d9 PUIS-JE TROUVER UN MONITEUR DE CONDUITE ?<br \/>\nVous trouverez ici une liste de toutes les \u00e9coles de conduite \u00e0 Malte. Vous trouverez ici leurs noms, adresses et coordonn\u00e9es.<\/p>\n<p>Lors du choix de votre moniteur d&#039;auto-\u00e9cole, vous devez tenir compte du type de moniteur que vous souhaitez, de la dur\u00e9e des cours et de la possibilit\u00e9 pour l&#039;auto-\u00e9cole de vous proposer une voiture adapt\u00e9e (par exemple une voiture \u00e0 transmission automatique).<\/p>\n<p>COURS DE CONDUITE<\/p>\n<p>Une fois que vous avez trouv\u00e9 la bonne auto-\u00e9cole, la plupart des moniteurs viendront vous chercher \u00e0 un endroit qui vous convient. Les moniteurs de conduite vous expliqueront tout ce que vous devez savoir, m\u00eame si vous \u00eates encore d\u00e9butant. Ils vous offrent la formation dont vous avez besoin pour r\u00e9ussir les examens de conduite \u00e9crits et pratiques et, surtout, pour devenir un conducteur s\u00fbr.<\/p>\n<p>Demander un permis d&#039;apprenti conducteur<\/p>\n<p>Avant de vous inscrire \u00e0 l\u2019examen pratique, vous avez besoin d\u2019un permis d\u2019apprenti conducteur. Si vous avez plus de 18 ans et remplissez les conditions requises, vous pouvez demander ce permis de conduire. Avec ce permis de conduire, vous pouvez vous entra\u00eener \u00e0 conduire tous les jours (sauf les dimanches et jours f\u00e9ri\u00e9s). La condition pr\u00e9alable est que vous soyez accompagn\u00e9 d&#039;un moniteur d&#039;auto-\u00e9cole agr\u00e9\u00e9 ou d&#039;un formateur agr\u00e9\u00e9. L&#039;instructeur doit avoir au moins cinq (5) ann\u00e9es d&#039;exp\u00e9rience dans la classe concern\u00e9e et doit avoir l&#039;approbation de l&#039;assurance pour l&#039;instructeur et le candidat pendant la formation ainsi que pour les examinateurs pendant l&#039;examen. La m\u00eame exp\u00e9rience et la m\u00eame approbation d&#039;assurance s&#039;appliquent \u00e9galement \u00e0 un moniteur de conduite priv\u00e9 suppl\u00e9mentaire en plus de l&#039;\u00e9cole de conduite que vous avez choisie.<\/p>\n<p>INSCRIPTION \u00c0 L&#039;EXAMEN TH\u00c9ORIQUE<\/p>\n<p>L&#039;examen th\u00e9orique est un test \u00e0 choix multiples dans lequel vous r\u00e9pondez \u00e0 des questions li\u00e9es \u00e0 la conduite sur un ordinateur \u00e0 \u00e9cran tactile. Tout ce que vous devez savoir pour ce test se trouve dans le Code de la route et sur le CD du test th\u00e9orique, disponible aupr\u00e8s de Transport Malta ou au Centre de test th\u00e9orique de Guardamangia. Le code de la route est \u00e9galement disponible en ligne. Vous trouverez de plus amples informations sur l&#039;examen ici. La participation \u00e0 cet examen est possible \u00e0 partir de 18 ans.<\/p>\n<p>INSCRIPTION \u00c0 L&#039;EXAMEN PRATIQUE<\/p>\n<p>Pour vous inscrire \u00e0 l&#039;examen pratique, vous devez r\u00e9pondre aux exigences suivantes pour la classe concern\u00e9e :<\/p>\n<p>Vous avez au moins 18 ans (ou plus selon la classe).<br \/>\nVous avez r\u00e9ussi l&#039;examen th\u00e9orique.<br \/>\nVous avez un permis d\u2019apprenti conducteur.<br \/>\nVous devez avoir suivi l&#039;int\u00e9gralit\u00e9 de la formation et votre moniteur d&#039;auto-\u00e9cole doit avoir rempli la fiche de donn\u00e9es de l&#039;\u00e9l\u00e8ve.<\/p>\n<p>Vous pouvez vous inscrire \u00e0 l&#039;examen aupr\u00e8s de Transport Malta. Vous serez ensuite inform\u00e9 de la date de votre examen trois semaines \u00e0 l&#039;avance. Une liste compl\u00e8te des exigences peut \u00eatre trouv\u00e9e ici. Le d\u00e9lai d&#039;attente pour l&#039;examen pratique est g\u00e9n\u00e9ralement de quatre \u00e0 six semaines, mais peut \u00eatre plus long en fonction de la demande.<\/p>\n<p>OBTENIR UN PERMIS DE CONDUIRE<\/p>\n<p>F\u00e9licitations pour avoir r\u00e9ussi vos examens de conduite th\u00e9orique et pratique ! L&#039;autorit\u00e9 de la circulation vous d\u00e9livrera d\u00e9sormais un permis de conduire provisoire valable trois ans, apr\u00e8s quoi vous recevrez votre permis de conduire d\u00e9finitif. Au cours de la p\u00e9riode probatoire de trois ans, des points de p\u00e9nalit\u00e9 sont impos\u00e9s pour certaines infractions au code de la route. Si vous atteignez 12 points, votre permis de conduire sera r\u00e9voqu\u00e9 et vous devrez recommencer le processus. Ceci est pour la s\u00e9curit\u00e9 routi\u00e8re.<br \/>\nLe permis de conduire est compos\u00e9 de deux documents : une carte avec votre photo et un document d&#039;accompagnement, le permis de conduire. Ceux-ci sont disponibles aupr\u00e8s de l&#039;autorit\u00e9 de la circulation \u00e0 Floriana.<br \/>\nLes frais de permis de conduire sont pay\u00e9s annuellement et calcul\u00e9s en cons\u00e9quence. Les frais de la taxe annuelle sur les v\u00e9hicules \u00e0 moteur peuvent \u00eatre trouv\u00e9s<\/p>","protected":false},"excerpt":{"rendered":"<p>OBTENEZ UN PERMIS DE CONDUIRE \u00c0 MALTE EN LIGNE CHOISISSEZ LE BON TYPE DE PERMIS Selon la taille, le type et le poids de votre v\u00e9hicule, vous aurez besoin d&#039;une classe de permis de conduire diff\u00e9rente.<\/p>","protected":false},"featured_media":22681,"template":"","meta":[],"product_brand":[],"product_cat":[927],"product_tag":[],"class_list":{"0":"post-22641","1":"product","2":"type-product","3":"status-publish","4":"has-post-thumbnail","6":"product_cat-fuehrerschein","8":"first","9":"instock","10":"taxable","11":"shipping-taxable","12":"purchasable","13":"product-type-simple"},"_links":{"self":[{"href":"https:\/\/primeprintingweb.com\/fr\/wp-json\/wp\/v2\/product\/22641","targetHints":{"allow":["GET"]}}],"collection":[{"href":"https:\/\/primeprintingweb.com\/fr\/wp-json\/wp\/v2\/product"}],"about":[{"href":"https:\/\/primeprintingweb.com\/fr\/wp-json\/wp\/v2\/types\/product"}],"version-history":[{"count":2,"href":"https:\/\/primeprintingweb.com\/fr\/wp-json\/wp\/v2\/product\/22641\/revisions"}],"predecessor-version":[{"id":22820,"href":"https:\/\/primeprintingweb.com\/fr\/wp-json\/wp\/v2\/product\/22641\/revisions\/22820"}],"wp:featuredmedia":[{"embeddable":true,"href":"https:\/\/primeprintingweb.com\/fr\/wp-json\/wp\/v2\/media\/22681"}],"wp:attachment":[{"href":"https:\/\/primeprintingweb.com\/fr\/wp-json\/wp\/v2\/media?parent=22641"}],"wp:term":[{"taxonomy":"product_brand","embeddable":true,"href":"https:\/\/primeprintingweb.com\/fr\/wp-json\/wp\/v2\/product_brand?post=22641"},{"taxonomy":"product_cat","embeddable":true,"href":"https:\/\/primeprintingweb.com\/fr\/wp-json\/wp\/v2\/product_cat?post=22641"},{"taxonomy":"product_tag","embeddable":true,"href":"https:\/\/primeprintingweb.com\/fr\/wp-json\/wp\/v2\/product_tag?post=22641"}],"curies":[{"name":"wp","href":"https:\/\/api.w.org\/{rel}","templated":true}]}}