{"id":22647,"date":"2025-05-13T04:17:25","date_gmt":"2025-05-13T04:17:25","guid":{"rendered":"https:\/\/primeprintingweb.com\/?post_type=product&#038;p=22647"},"modified":"2025-05-18T16:55:12","modified_gmt":"2025-05-18T16:55:12","slug":"spanish-drivers-license-online","status":"publish","type":"product","link":"https:\/\/primeprintingweb.com\/fr\/geschaeft\/fuehrerschein\/spanish-drivers-license-online\/","title":{"rendered":"PERMIS DE CONDUIRE ESPAGNOL EN LIGNE"},"content":{"rendered":"<div class=\"woocommerce-tabs wc-tabs-wrapper\">\n<div id=\"tab-description\" class=\"woocommerce-Tabs-panel woocommerce-Tabs-panel--description panel entry-content wc-tab\" role=\"tabpanel\" aria-labelledby=\"tab-title-description\">\n<p>Conduire en Espagne peut \u00eatre une v\u00e9ritable aventure. Mais obtenir un permis de conduire espagnol est une toute autre histoire.<\/p>\n<p>Attachez vos ceintures et pr\u00e9parez-vous \u00e0 franchir les \u00e9tapes les plus importantes avec moi.<\/p>\n<p>\u00c9TAPE 1 \u2013 SAVOIR QUI PEUT CONDUIRE EN ESPAGNE<br \/>\nEnfant au volant<br \/>\nL&#039;\u00e2ge minimum l\u00e9gal pour conduire en Espagne est de 18 ans. Les personnes de moins de 18 ans ne sont pas autoris\u00e9es \u00e0 conduire l\u00e9galement en Espagne, m\u00eame avec un permis de conduire valide d\u00e9livr\u00e9 par leur pays d&#039;origine.<\/p>\n<p>(D\u00e9sol\u00e9, jeunes citoyens am\u00e9ricains, vous pouvez peut-\u00eatre conduire \u00e0 16 ans dans votre pays d\u2019origine, mais pas ici.)<\/p>\n<p>Toute personne \u00e2g\u00e9e de plus de 18 ans et titulaire d&#039;un permis de conduire national valide d\u00e9livr\u00e9 par son pays d&#039;origine peut conduire l\u00e9galement en Espagne, dans un premier temps. Pour les citoyens hors UE\/EEE, cette p\u00e9riode s&#039;applique pendant les six premiers mois suivant leur arriv\u00e9e en Espagne et l&#039;obtention de leur permis de s\u00e9jour. Pour les citoyens de l&#039;UE\/EEE, la p\u00e9riode est de deux ans.<\/p>\n<p>Apr\u00e8s cette p\u00e9riode de gr\u00e2ce initiale, votre aventure dans la bureaucratie espagnole commence.<\/p>\n<p>\u00c9TAPE 2 \u2013 PROC\u00c9DURE JURIDIQUE SELON VOTRE SITUATION SP\u00c9CIFIQUE :<br \/>\nSi vous \u00eates citoyen de l&#039;UE\/EEE (plus Islande, Norv\u00e8ge et Liechtenstein) et r\u00e9sidez l\u00e9galement en Espagne, vous devez demander un permis de conduire espagnol. Vous pouvez le faire en \u00e9changeant ou en renouvelant votre permis de conduire \u00e9tranger.<\/p>\n<p>Pendant les deux premi\u00e8res ann\u00e9es de votre s\u00e9jour en Espagne, vous pouvez conduire l\u00e9galement avec votre permis de conduire actuel. Important\u00a0: apr\u00e8s six mois, vous devez vous inscrire aupr\u00e8s des autorit\u00e9s routi\u00e8res. Vous pouvez le faire au Registre central des conducteurs et contrevenants (Registro Central de Conductores e Infractores) de la Direction provinciale de la circulation (Jefatura Provincial de Tr\u00e1fico).<\/p>\n<p>Apr\u00e8s votre inscription, vous devrez passer un examen m\u00e9dical dans un centre de reconnaissance des conducteurs agr\u00e9\u00e9.<\/p>\n<p>Les m\u00eames conditions s&#039;appliquent que pour les titulaires d&#039;un permis de conduire espagnol. CELA COMPREND\u00a0:<br \/>\nCroisez les bras<br \/>\nEffectuer tous les examens m\u00e9dicaux n\u00e9cessaires<br \/>\nRenouvellement ou \u00e9change d&#039;un permis de conduire espagnol apr\u00e8s les deux premi\u00e8res ann\u00e9es de r\u00e9sidence en Espagne. Le renouvellement d&#039;un permis de conduire europ\u00e9en en Espagne le convertit en permis de conduire espagnol europ\u00e9en. Ce permis doit \u00eatre renouvel\u00e9 tous les 10 ans jusqu&#039;\u00e0 65 ans et tous les cinq ans apr\u00e8s cet \u00e2ge.<br \/>\nSi vous n&#039;obtenez pas de permis de conduire espagnol apr\u00e8s deux ans de r\u00e9sidence, vous encourez une amende de 200 \u20ac.<\/p>\n<p>Pour \u00e9changer votre permis de conduire UE\/EEE contre un permis espagnol, vous devez contacter le centre provincial de contr\u00f4le routier. Munissez-vous des documents suivants\u00a0:<\/p>\n<p>Formulaire de demande<br \/>\nPasseport ou carte d&#039;identit\u00e9 valide<br \/>\nPreuve de r\u00e9sidence (certificat d&#039;inscription au Registre central des \u00e9trangers, c&#039;est-\u00e0-dire votre num\u00e9ro NIE ou N\u00famero de Identificaci\u00f3n de Extranjero ou Empadronamiento)<br \/>\nPermis de conduire valide pour \u00e9change en Espagne (original et copie)<br \/>\nDeux photos r\u00e9centes (32 x 25 mm)<br \/>\nD\u00e9claration \u00e9crite attestant que votre permis de conduire n&#039;a pas \u00e9t\u00e9 r\u00e9voqu\u00e9<br \/>\nD\u00e9claration \u00e9crite selon laquelle vous ne d\u00e9tenez pas un autre permis de conduire de la m\u00eame classe dans un autre pays.<br \/>\nEN BREF<br \/>\n\u00ab Simplifier \u00bb est \u00e9crit sur le sol derri\u00e8re la voiture.<br \/>\nAutrement dit, si vous \u00eates citoyen de l&#039;UE\/EEE, votre proc\u00e9dure est consid\u00e9rablement simplifi\u00e9e. Vous b\u00e9n\u00e9ficiez \u00e9galement d&#039;un d\u00e9lai de gr\u00e2ce plus long que les citoyens hors UE\/EEE. Profitez-en tant que vous le pouvez\u00a0! Vous \u00e9conomiserez beaucoup de temps, d&#039;argent et d&#039;\u00e9nergie en n&#039;ayant pas \u00e0 passer l&#039;examen de conduite espagnol.<\/p>\n<p>***Pour tous les citoyens britanniques qui souhaitent se tenir au courant de l&#039;impact possible du Brexit sur leur permis de conduire espagnol, je recommande de se tenir au courant via le site Web GOV.UK.<\/p>\n<p>Vous pouvez actuellement \u00e9changer votre permis de conduire britannique contre un permis espagnol, bien que ce processus soit un peu plus difficile que d&#039;habitude en raison du Brexit.<\/p>\n<p>Les citoyens hors UE\/EEE (comme moi) ont besoin d&#039;un permis de conduire espagnol. Vous pouvez l&#039;obtenir soit en \u00e9changeant votre permis \u00e9tranger si votre pays a conclu un accord avec l&#039;Espagne (chanceux !), soit en passant un examen de conduite espagnol (comme moi). Cela comprend les \u00e9preuves th\u00e9oriques (\u00e9crites) et pratiques.<\/p>\n<p>CE NE SONT PAS NON PLUS TOUTES DE MAUVAISE NOUVELLES !<br \/>\nTous les citoyens hors UE\/EEE peuvent l\u00e9galement conduire en Espagne avec leur permis de conduire \u00e9tranger actuel pendant six mois maximum apr\u00e8s leur arriv\u00e9e en Espagne, une fois leur permis de s\u00e9jour obtenu. Si votre permis de conduire \u00e9tranger n&#039;est pas r\u00e9dig\u00e9 en espagnol, vous devez toujours vous munir d&#039;une traduction certifi\u00e9e conforme ou d&#039;un permis de conduire international (PCI). Ce permis n&#039;est valable qu&#039;un an et doit \u00eatre demand\u00e9 hors d&#039;Espagne, dans votre pays d&#039;origine.<\/p>\n<p>En attendant que votre s\u00e9jour soit approuv\u00e9, vous pouvez conduire l\u00e9galement pendant un an maximum avec votre permis de conduire \u00e9tranger existant, \u00e0 condition d&#039;avoir en main votre permis de conduire international et votre permis de conduire valide de votre pays d&#039;origine.<\/p>\n<p>Alors, qui sont ces 20 nationalit\u00e9s chanceuses qui peuvent simplement \u00e9changer leur permis de conduire contre un permis espagnol ?<\/p>\n<p>LES PAYS HEUREUX !<br \/>\nTr\u00e8fle porte-bonheur<br \/>\nCitoyens d&#039;Alg\u00e9rie, d&#039;Andorre, d&#039;Argentine, du Br\u00e9sil, de Bolivie, du Chili, de Colombie, de la R\u00e9publique dominicaine, de l&#039;\u00c9quateur, du Guatemala, du Japon, de Cor\u00e9e, de Mac\u00e9doine, du Maroc, du Nicaragua, du P\u00e9rou, du Panama, du Paraguay, des Philippines, de Serbie, de Suisse, T<\/p>\n<p>Turquie, Tunisie, Ukraine, Uruguay et Venezuela<\/p>\n<p>V\u00e9rifiez toujours aupr\u00e8s du consulat de votre pays d&#039;origine en Espagne ou aupr\u00e8s de l&#039;autorit\u00e9 espagnole des transports, car les accords entre les pays changent constamment.<\/p>\n<p>Les diplomates et le personnel international peuvent \u00e9changer leur permis de conduire quelle que soit leur nationalit\u00e9 \u2013 contactez le minist\u00e8re des Affaires \u00e9trang\u00e8res pour plus d\u2019informations.<\/p>\n<p>Pour \u00e9changer votre permis de conduire d&#039;un pays hors UE\/EEE, vous aurez g\u00e9n\u00e9ralement besoin des formulaires suivants (*certains pays peuvent exiger des traductions ou des formulaires suppl\u00e9mentaires de leur consulat\/ambassade \u2013 assurez-vous de v\u00e9rifier cela) :<\/p>\n<p>Formulaire de demande<br \/>\nCarte d&#039;identit\u00e9 ou passeport valide (original)<br \/>\nTitre de s\u00e9jour, carte d&#039;identit\u00e9 ou passeport accompagn\u00e9 du certificat d&#039;inscription au Registre central des \u00e9trangers (pour les \u00e9trangers de l&#039;UE) ou du titre de s\u00e9jour (pour les \u00e9trangers hors UE) : Original. Carte de s\u00e9jour en cours de validit\u00e9.<br \/>\nCertificat m\u00e9dical d&#039;un centre m\u00e9dical reconnu (par exemple, le Centre des conducteurs reconnus)<br \/>\nPermis de conduire valide pour \u00e9change (original et copie)<br \/>\nDeux photos r\u00e9centes (32 x 25 mm)<br \/>\nD\u00e9claration \u00e9crite selon laquelle votre permis de conduire n&#039;a pas \u00e9t\u00e9 r\u00e9voqu\u00e9 ou suspendu<br \/>\nD\u00e9claration \u00e9crite attestant que vous ne d\u00e9tenez pas un autre permis de conduire de la m\u00eame cat\u00e9gorie d&#039;un autre pays de l&#039;UE.<br \/>\nEncore une fois, votre d\u00e9marche est nettement plus simple que celle des citoyens hors UE\/EEE dont le pays n&#039;a pas conclu d&#039;accord sur cette proc\u00e9dure. Profitez-en tant que vous le pouvez et sachez que vous \u00e9conomiserez beaucoup de temps, d&#039;argent et d&#039;\u00e9nergie en n&#039;ayant PAS \u00e0 passer l&#039;examen de conduite espagnol.<\/p>\n<p>ALORS, ALORS, NOUS SOMMES MAINTENANT ARRIV\u00c9S AU POINT FORT DE CET ARTICLE \u2013 L\u2019EXAMEN DE CONDUITE ESPAGNOL !<br \/>\n\u00c9TAPE 3 \u2013 L\u2019EXAMEN DE CONDUITE ESPAGNOL :<\/p>\n<p>Pour de nombreux citoyens hors UE\/EEE, il peut \u00eatre frustrant de devoir tout recommencer pour obtenir un permis de conduire espagnol. C&#039;est particuli\u00e8rement vrai si vous poss\u00e9dez un permis et une exp\u00e9rience de conduite dans votre pays d&#039;origine. C&#039;est d&#039;autant plus frustrant que la plupart des conducteurs espagnols font ce qu&#039;ils veulent et ne respectent qu&#039;environ 60 % des r\u00e8gles.<\/p>\n<p>MON CONSEIL ?<br \/>\nRessaisis-toi, bats-toi et r\u00e9ussis. Nous vivons dans un pays o\u00f9 r\u00e8gnent la titulite, la bureaucratie et le \u00ab no pasa nada \u00bb. C&#039;est ainsi, malheureusement. Mais j&#039;ai eu un excellent moniteur d&#039;auto-\u00e9cole et je suis reconnaissant de la pr\u00e9paration que j&#039;ai re\u00e7ue pour les deux examens.<\/p>\n<p>Je suis originaire des \u00c9tats-Unis et, malheureusement, j&#039;appartiens \u00e0 la g\u00e9n\u00e9ration qui n&#039;a jamais appris \u00e0 conduire une voiture manuelle. J&#039;ai ador\u00e9 apprendre une nouvelle comp\u00e9tence et me forcer \u00e0 l&#039;apprendre en espagnol (\u00a1toma ya !).<\/p>\n<p>PLUS D&#039;OPTIONS<br \/>\nEn Espagne, vous pouvez passer l&#039;examen en anglais (ou dans plusieurs autres langues), ainsi que l&#039;examen pratique en utilisant uniquement une voiture \u00e0 transmission automatique. Cependant, cela d\u00e9pend de votre lieu de r\u00e9sidence.<\/p>\n<p>*Remarque : si vous passez l&#039;examen avec une voiture automatique, vous ne serez autoris\u00e9 \u00e0 conduire qu&#039;une voiture \u00e0 transmission automatique en Espagne.<br \/>\nO\u00d9 VOUS POUVEZ VOUS INSCRIRE<br \/>\nVous devez vous inscrire aux examens aupr\u00e8s du Centre provincial de la circulation (Jefatura Provincial de Tr\u00e1fico). La plupart des automobilistes s&#039;adressent ensuite \u00e0 une auto-\u00e9cole (auto-\u00e9cole officielle), qui s&#039;occupe de tout pour vous. Cela comprend l&#039;inscription \u00e0 tous les examens n\u00e9cessaires et la fourniture du mat\u00e9riel, inclus dans le prix total.<\/p>\n<p>Je me suis inscrit via mon Autoescuela locale (f\u00e9licitations \u00e0 l&#039;Autoescuela 2000 \u00e0 San Fernando de Henares et Coslada \u00e0 Madrid).<\/p>\n<p>J&#039;avais initialement pr\u00e9vu de passer l&#039;examen \u00e9crit en espagnol. Cependant, peu apr\u00e8s mon inscription, j&#039;ai chang\u00e9 de travail et je travaillais 40 heures par semaine en espagnol. Comme mon cerveau \u00e9tait compl\u00e8tement \u00e9puis\u00e9 \u00e0 la fin de la journ\u00e9e, j&#039;ai d\u00e9cid\u00e9 de passer l&#039;examen en anglais.<\/p>\n<p>MON AUTOESCUELA<br \/>\nL&#039;auto-\u00e9cole que je fr\u00e9quentais ne proposait pas de cours d&#039;anglais. Cependant, ils pouvaient demander le manuel d&#039;anglais et j&#039;ai re\u00e7u un livret d&#039;examen gratuit de la DGT.<\/p>\n<p>*Remarque\u00a0: Ces livres sont disponibles dans toutes les auto-\u00e9coles, car la DGT les distribue aux \u00e9coles. Il vous suffit de demander \u00e0 votre auto-\u00e9cole locale de commander ces deux livres en anglais aupr\u00e8s de la DGT.<br \/>\n*Note suppl\u00e9mentaire\u00a0: L&#039;anglais de ces livres est un \u00e9trange m\u00e9lange d&#039;anglais britannique et d&#039;une traduction quasi litt\u00e9rale de l&#039;espagnol. Les questions \u00e9taient compr\u00e9hensibles dans tous les cas, et il faut toujours pr\u00eater attention aux pr\u00e9positions, car ces astuces sont utilis\u00e9es dans la version espagnole du test, et elles ont un effet similaire dans la traduction anglaise.<br \/>\nIls proposaient des cours d&#039;espagnol illimit\u00e9s avec un professeur pour pr\u00e9parer l&#039;examen \u00e9crit, inclus dans le prix initial. Heureusement, ils disposaient \u00e9galement d&#039;un simulateur de conduite manuel sur lequel je pouvais m&#039;entra\u00eener autant que je le souhaitais. Ils proposaient \u00e9galement une application en ligne avec des tests blancs, que j&#039;utilisais \u00e0 l&#039;\u00e9cole et \u00e0 la maison.<\/p>\n<p>J&#039;ai utilis\u00e9 toutes ces ressources. Mais pour l&#039;\u00e9preuve \u00e9crite (th\u00e9orique), j&#039;ai principalement lu mon manuel d&#039;anglais. J&#039;ai \u00e9galement r\u00e9vis\u00e9 les questions du livret d&#039;examen d&#039;anglais, en pr\u00eatant une attention particuli\u00e8re aux questions auxquelles j&#039;avais mal r\u00e9pondu.<\/p>\n<p>J&#039;ai utilis\u00e9 diff\u00e9rentes applications pour mon doctorat.<\/p>\n<p>J&#039;ai pu le t\u00e9l\u00e9charger gratuitement pour \u00e9tudier o\u00f9 que j&#039;aille. Et oui, les questions \u00e9taient m\u00eame en anglais\u00a0!<\/p>\n<p>VOICI QUELQUES-UNES DES APPLICATIONS QUE J&#039;AI UTILIS\u00c9ES SUR MON T\u00c9L\u00c9PHONE POUR \u00c9TUDIER POUR MON EXAMEN \u00c9CRIT\u00a0:<\/p>\n<p>AeolCloud<br \/>\nTodoTest<br \/>\nSi vous recherchez une auto-\u00e9cole qui propose \u00e0 la fois les examens et tous les cours de pr\u00e9paration et de conduite en anglais, vous devez vous attendre \u00e0 des co\u00fbts.<\/p>\n<p>VOICI UNE LISTE DE QUELQUES AUTOESCUELAS QUI PEUVENT VOUS AIDER \u00c0 OBTENIR UN PERMIS DE CONDUIRE ESPAGNOL :<br \/>\nMadrid \u2013 Gala de l&#039;Auto-\u00c9cole<br \/>\nBarcelone \u2013 AE Stop n Drive &amp; Auto Escuela Corsa<br \/>\nCE DONT VOUS AVEZ BESOIN POUR VOUS INSCRIRE \u00c0 CES EXAMENS :<br \/>\nUn certificat de votre condition mentale et physique du Centro de Reconocimiento de Conductores Autorizado<br \/>\nUn formulaire de demande<br \/>\nDeux photos d&#039;identit\u00e9<br \/>\nVotre titre de s\u00e9jour<br \/>\nJustificatif de domicile en Espagne<br \/>\nUne d\u00e9claration selon laquelle il n&#039;existe aucune suspension ni aucun cas juridique qui vous emp\u00eache de conduire<br \/>\nUne d\u00e9claration selon laquelle vous ne poss\u00e9dez pas d\u00e9j\u00e0 un permis de conduire comparable.<br \/>\nCOMBIEN CO\u00dbTE UN PERMIS DE CONDUIRE ESPAGNOL ?<\/p>\n<p>Tout d\u00e9pend de :<\/p>\n<p>O\u00f9 habitez-vous<br \/>\nCombien de fois devez-vous r\u00e9ussir l&#039;examen \u00e9crit<br \/>\nCombien de cours suivez-vous dans votre Autoescuela<br \/>\nEt \u00e0 quelle fr\u00e9quence devez-vous passer l&#039;examen pratique<br \/>\n*Remarque\u00a0: Il est important de noter que vous ne pouvez \u00e9chouer qu&#039;une seule fois \u00e0 un examen. Sinon, vous devrez payer des frais suppl\u00e9mentaires (tasa) pour r\u00e9essayer. Exemple\u00a0: J&#039;ai r\u00e9ussi mon examen \u00e9crit du premier coup. Cela m&#039;a permis de passer l&#039;examen pratique au moins deux fois sans avoir \u00e0 payer \u00e0 nouveau. Je connais d&#039;autres personnes qui ont \u00e9chou\u00e9 \u00e0 leur examen \u00e9crit du premier coup et qui se sont ensuite senties tr\u00e8s oblig\u00e9es de r\u00e9ussir l&#039;examen pratique.<br \/>\nVOICI MON EXEMPLE PERSONNEL :<br \/>\nMatricule Autoescuela \u2013 30 \u20ac<br \/>\nExamen th\u00e9orique \u2013 92 \u20ac<br \/>\nAbonnement pour 10 le\u00e7ons \u2013 215 \u20ac (j&#039;en ai suivi deux avant mon premier examen pratique \u2013 soit un total de 430 \u20ac)<br \/>\nDeux cours gratuits inclus dans le prix de mon examen de fin d&#039;\u00e9tudes<br \/>\nDeux le\u00e7ons suppl\u00e9mentaires juste avant le premier examen pratique \u2013 un total de 43 \u20ac (soit 21,50 \u20ac par le\u00e7on)<br \/>\nExamen pratique 1 \u2013 123 \u20ac<br \/>\nEncore cinq le\u00e7ons avant mon deuxi\u00e8me examen pratique \u2013 107,50 \u20ac<br \/>\nExamen pratique 2 \u2013 123 \u20ac<br \/>\nMes frais totaux s&#039;\u00e9levaient \u00e0 environ 948 \u20ac, y compris l&#039;examen m\u00e9dical et autres, soit environ 1 000 \u20ac.<\/p>\n<p>Je consid\u00e9rerais cela comme un minimum g\u00e9n\u00e9ral. Cependant, je connais des gens qui n&#039;ont d\u00e9pens\u00e9 que 800 \u20ac et d&#039;autres qui ont d\u00e9pens\u00e9 pr\u00e8s de 1\u00a0500 \u20ac.<\/p>\n<p>Cela d\u00e9pend du nombre de le\u00e7ons que vous et votre professeur jugez n\u00e9cessaires et de vos r\u00e9sultats aux examens.<\/p>\n<p>*Important \u2013 Ne vous laissez pas influencer, mais il existe des d\u00e9lais d&#039;attente entre les examens. Vos r\u00e9sultats d&#039;examen \u00e9crit sont valables jusqu&#039;\u00e0 deux ans \u00e0 compter de la date de votre passage, tandis que vos r\u00e9sultats d&#039;examen pratique ne sont valables que six mois.<\/p>\n<p>Qu&#039;est-ce que cela signifie\u00a0? Apr\u00e8s l&#039;examen \u00e9crit, vous pouvez prendre votre temps. Cependant, apr\u00e8s avoir pass\u00e9 (et \u00e9chou\u00e9) votre premier examen pratique, il faut maintenir le rythme. Si vous attendez plus de six mois entre votre prochain examen pratique (vous l&#039;aurez devin\u00e9\u00a0!), vous devrez payer de nouveaux frais (tasa).<br \/>\nVOICI MON EXEMPLE PERSONNEL :<br \/>\nJe me suis inscrit en novembre 2015, mais je n&#039;ai pass\u00e9 l&#039;examen \u00e9crit qu&#039;en d\u00e9cembre 2016.<\/p>\n<p>J&#039;ai commenc\u00e9 les cours pratiques au printemps\/\u00e9t\u00e9 2017 et j&#039;ai pass\u00e9 mon premier examen pratique en octobre 2017 (que j&#039;ai rat\u00e9 \u00e0 cause d&#039;une erreur ! Argh !), et mon deuxi\u00e8me et dernier examen pratique en d\u00e9cembre 2017.<\/p>\n<p>En fin de compte, choisissez ce qui vous convient le mieux, \u00e0 vous et \u00e0 votre situation personnelle. Mais soyez attentif \u00e0 vos contraintes de temps.<\/p>\n<p>*Remarque\u00a0: Vous pouvez (j&#039;ai d\u00fb) demander un changement de professeur si vous pensez qu&#039;il ne vous convient pas. J&#039;ai eu deux premiers cours avec un professeur, mais son style d&#039;enseignement n&#039;a fait qu&#039;accro\u00eetre mon anxi\u00e9t\u00e9. Je suis donc all\u00e9 \u00e0 l&#039;accueil de mon autoescuela, et ils ont proc\u00e9d\u00e9 au changement. En fin de compte, c&#039;est votre temps et votre argent\u00a0; ne les gaspillez pas\u00a0!<br \/>\nF\u00c9LICITATIONS ! VOUS AVEZ R\u00c9USSI \u00c0 OBTENIR VOTRE PERMIS DE CONDUIRE ESPAGNOL !<br \/>\nUn permis de conduire complet en Espagne<br \/>\nSource de l&#039;image<br \/>\nUne fois l&#039;examen pratique r\u00e9ussi, vous recevrez votre permis provisoire. Il sera valable jusqu&#039;\u00e0 l&#039;arriv\u00e9e de votre permis officiel \u00e0 l&#039;Autoescuela. Vous recevrez \u00e9galement votre plaque verte L, que vous pourrez afficher sur la lunette arri\u00e8re de votre voiture. Vous devez l&#039;afficher pendant un an (\u00e0 compter de la date de r\u00e9ussite de l&#039;examen). Certaines entreprises dispensent de cette obligation, mais cela vous \u00e9vite des amendes ou des probl\u00e8mes potentiels. J&#039;ai utilis\u00e9 le mien et je n&#039;ai eu aucun probl\u00e8me. Et honn\u00eatement, cela m&#039;a permis de tenir \u00e0 distance les conducteurs espagnols fous pendant que je m&#039;habituais \u00e0 conduire dans cette capitale d\u00e9jant\u00e9e. Utilisez ce grand L\u00a0!<\/p>\n<p>\u00c9TAPE 4 \u2013 C\u00c9L\u00c9BREZ !<br \/>\nQue vous ayez simplement d\u00fb faire les d\u00e9marches administratives ou repartir de z\u00e9ro, vous l&#039;avez fait !<\/p>\n<p>C\u00e9l\u00e9brez votre nouveau permis de conduire espagnol en organisant un road trip hors des villes et en profitant de votre nouvelle libert\u00e9. Et bien s\u00fbr, conduisez toujours prudemment\u00a0!<\/p>\n<\/div>\n<\/div>","protected":false},"excerpt":{"rendered":"<p>Conduire en Espagne peut \u00eatre une v\u00e9ritable aventure. Mais obtenir un permis de conduire espagnol est une toute autre histoire.<\/p>","protected":false},"featured_media":22693,"template":"","meta":[],"product_brand":[],"product_cat":[927],"product_tag":[],"class_list":{"0":"post-22647","1":"product","2":"type-product","3":"status-publish","4":"has-post-thumbnail","6":"product_cat-fuehrerschein","8":"first","9":"instock","10":"taxable","11":"shipping-taxable","12":"purchasable","13":"product-type-simple"},"_links":{"self":[{"href":"https:\/\/primeprintingweb.com\/fr\/wp-json\/wp\/v2\/product\/22647","targetHints":{"allow":["GET"]}}],"collection":[{"href":"https:\/\/primeprintingweb.com\/fr\/wp-json\/wp\/v2\/product"}],"about":[{"href":"https:\/\/primeprintingweb.com\/fr\/wp-json\/wp\/v2\/types\/product"}],"version-history":[{"count":3,"href":"https:\/\/primeprintingweb.com\/fr\/wp-json\/wp\/v2\/product\/22647\/revisions"}],"predecessor-version":[{"id":22809,"href":"https:\/\/primeprintingweb.com\/fr\/wp-json\/wp\/v2\/product\/22647\/revisions\/22809"}],"wp:featuredmedia":[{"embeddable":true,"href":"https:\/\/primeprintingweb.com\/fr\/wp-json\/wp\/v2\/media\/22693"}],"wp:attachment":[{"href":"https:\/\/primeprintingweb.com\/fr\/wp-json\/wp\/v2\/media?parent=22647"}],"wp:term":[{"taxonomy":"product_brand","embeddable":true,"href":"https:\/\/primeprintingweb.com\/fr\/wp-json\/wp\/v2\/product_brand?post=22647"},{"taxonomy":"product_cat","embeddable":true,"href":"https:\/\/primeprintingweb.com\/fr\/wp-json\/wp\/v2\/product_cat?post=22647"},{"taxonomy":"product_tag","embeddable":true,"href":"https:\/\/primeprintingweb.com\/fr\/wp-json\/wp\/v2\/product_tag?post=22647"}],"curies":[{"name":"wp","href":"https:\/\/api.w.org\/{rel}","templated":true}]}}