{"id":22648,"date":"2025-05-13T04:17:25","date_gmt":"2025-05-13T04:17:25","guid":{"rendered":"https:\/\/primeprintingweb.com\/?post_type=product&#038;p=22648"},"modified":"2025-05-18T16:53:43","modified_gmt":"2025-05-18T16:53:43","slug":"swedish-drivers-license","status":"publish","type":"product","link":"https:\/\/primeprintingweb.com\/fr\/geschaeft\/fuehrerschein\/swedish-drivers-license\/","title":{"rendered":"PERMIS DE CONDUIRE SU\u00c9DOIS"},"content":{"rendered":"<p>GUIDE \u00c9TAPE PAR \u00c9TAPE POUR LE PERMIS DE CONDUIRE SU\u00c9DOIS<\/p>\n<p>Il existe de nombreuses raisons de se lancer dans l&#039;obtention d&#039;un permis de conduire su\u00e9dois. Quelles que soient vos motivations, un permis de conduire su\u00e9dois est un bon investissement si vous pr\u00e9voyez de s\u00e9journer en Su\u00e8de pendant une p\u00e9riode prolong\u00e9e.<\/p>\n<p>\u00c9TAPES POUR OBTENIR UN PERMIS DE CONDUIRE SU\u00c9DOIS<br \/>\nDemander un permis d&#039;apprenti conducteur<br \/>\nCommencer \u00e0 pratiquer la conduite<br \/>\nApprendre la th\u00e9orie de la conduite<br \/>\nFormation aux risques \u2013 \u00e9ducation aux risques<br \/>\nPrenez rendez-vous pour un examen de conduite.<br \/>\n1. APPRENTISSAGE DU PERMIS DE CONDUIRE \u2013 K\u00d6RKORTSTILLST\u00c5ND<br \/>\nLa proc\u00e9dure d&#039;obtention d&#039;un permis de conduire su\u00e9dois commence par la demande d&#039;un permis d&#039;apprenti conducteur (k\u00f6rkortstillst\u00e5nd). Voici comment proc\u00e9der\u00a0:<\/p>\n<p>Remplissez le formulaire de demande de permis d&#039;apprenti conducteur et la d\u00e9claration de sant\u00e9 et de vue (Ans\u00f6kan k\u00f6rkortstillst\u00e5nd + h\u00e4lso &amp; syncing) et soumettez-le \u00e0 l&#039;Administration su\u00e9doise des transports (Transportstyrelsen). (Informations en su\u00e9dois.)<br \/>\nObtenez un certificat de test de la vue (synchronisation) et soumettez-le avec votre demande. Vous pouvez faire passer le test de la vue et obtenir le certificat chez votre opticien ou dans la plupart des auto-\u00e9coles.<br \/>\nSignez la d\u00e9claration de sant\u00e9 figurant sur le formulaire de demande. Cela confirme que vous ne souffrez d&#039;aucun probl\u00e8me de sant\u00e9 susceptible de compromettre votre capacit\u00e9 \u00e0 conduire.<br \/>\nLa demande est gratuite. L&#039;examen de la vue est toutefois payant. Ce co\u00fbt d\u00e9pend de l&#039;opticien choisi et s&#039;\u00e9l\u00e8ve g\u00e9n\u00e9ralement \u00e0 environ 150 SEK. L&#039;examen de la vue doit \u00eatre effectu\u00e9 environ au m\u00eame moment que la demande d&#039;autorisation d&#039;examen de la vue, le certificat d&#039;examen ne devant pas dater de plus de deux mois au moment de la demande.<br \/>\nVotre K\u00f6rkortstillst\u00e5nd est valable cinq ans.<\/p>\n<p>Remarque : Le d\u00e9lai de traitement peut prendre deux mois ou, dans certains cas, plus longtemps.<\/p>\n<p>2. PRATIQUE DE CONDUITE \u2013 \u00d6VNINGSK\u00d6RA<br \/>\nUne fois votre permis obtenu, vous pouvez commencer \u00e0 vous entra\u00eener\u00a0! Vous pouvez payer des le\u00e7ons de conduite dans une auto-\u00e9cole ou vous entra\u00eener gratuitement avec un ami, un parent ou un partenaire\u00a0: c&#039;est ce qu&#039;on appelle le \u00ab\u00a0guidon\u00a0\u00bb. Les deux approches pr\u00e9sentent des avantages et des inconv\u00e9nients. Un guidon est moins cher, mais comporte le risque de prendre les mauvaises habitudes de votre guidon. Il est donc recommand\u00e9 de combiner les deux pour vous entra\u00eener pleinement et bien ma\u00eetriser les derni\u00e8res r\u00e8gles.<\/p>\n<p>Malgr\u00e9 les apparences, un \u00ab\u00a0handledare\u00a0\u00bb n&#039;est pas un moniteur priv\u00e9. La plupart des titulaires d&#039;un permis de conduire su\u00e9dois peuvent devenir \u00ab\u00a0handledare\u00a0\u00bb, et de nombreux conducteurs d\u00e9butants exercent cette profession avec leurs parents, leur conjoint ou leurs amis. Les conditions requises pour devenir \u00ab\u00a0handledare\u00a0\u00bb sont les suivantes\u00a0:<\/p>\n<p>Au moins 24 ans<br \/>\nAu moins cinq ans de permis de conduire<br \/>\nPour devenir moniteur d&#039;auto-\u00e9cole, vous devez demander un permis de moniteur d&#039;auto-\u00e9cole. Ce permis co\u00fbte 170 SEK. Le formulaire de demande, \u00ab\u00a0Ans\u00f6kan handlearskap privat \u00f6vningsk\u00f6rning\u00a0\u00bb, est disponible ici.<\/p>\n<p>Vous et votre chauffeur devrez \u00e9galement suivre un cours d&#039;initiation. La plupart des auto-\u00e9coles proposent ce type de cours. Le co\u00fbt est g\u00e9n\u00e9ralement compris entre 300 et 400 SEK par personne. Vous n&#039;avez pas besoin d&#039;un v\u00e9hicule sp\u00e9cial (en occupation double) pour vous entra\u00eener avec votre chauffeur.<\/p>\n<p>Remarque : Lors de la conduite avec un guidon, le guidon est consid\u00e9r\u00e9 comme le conducteur du v\u00e9hicule et est donc responsable en cas d&#039;accident.<\/p>\n<p>3. LA TH\u00c9ORIE DE LA CONDUITE<br \/>\nAttention\u00a0: les r\u00e8gles ont chang\u00e9 le 1er\u00a0mars\u00a02020. La r\u00e9ussite de l\u2019examen \u00e9crit est obligatoire avant de passer l\u2019examen de conduite. L\u2019examen \u00e9crit est alors valable quatre mois au lieu de deux.<\/p>\n<p>Il est recommand\u00e9 d&#039;\u00e9tudier la th\u00e9orie parall\u00e8lement \u00e0 la pratique de la conduite. Le support th\u00e9orique le plus courant est le livret du permis de conduire su\u00e9dois, associ\u00e9 \u00e0 des questions th\u00e9oriques en ligne. Vous pouvez n&#039;utiliser qu&#039;un seul de ces supports si vous le souhaitez, mais il est recommand\u00e9 de combiner les deux.<\/p>\n<p>Le livre vous donne un bon aper\u00e7u de toute la th\u00e9orie de la conduite, et les questions en ligne testent vos connaissances en temps r\u00e9el.<\/p>\n<p>Les tests pratiques en ligne sont structur\u00e9s exactement comme l&#039;examen r\u00e9el (m\u00eame notation, m\u00eame d\u00e9lai, etc.), vous avez donc une bonne id\u00e9e de ce \u00e0 quoi vous attendre lors du v\u00e9ritable test th\u00e9orique.<\/p>\n<p>Cependant, vous devriez essayer de comprendre les faits derri\u00e8re les questions et non pas simplement m\u00e9moriser les r\u00e9ponses. Pourquoi\u00a0? Parce que les questions de l&#039;examen r\u00e9el ne sont pas formul\u00e9es de mani\u00e8re identique \u00e0 celles de l&#039;examen.<\/p>\n<p>Le manuel actuel \u00ab K\u00f6rkortsboken p\u00e5 engelska 2020 : Driving License Book \u00bb et les questions th\u00e9oriques en ligne peuvent \u00eatre trouv\u00e9s sur K\u00f6rkortskolan.se.<\/p>\n<p>Pour chaque question, vous trouverez le num\u00e9ro de page correspondant dans le livre. Cela vous permettra de trouver facilement des informations compl\u00e9mentaires sur la question en ligne dans votre livre.<\/p>\n<p>Remarque\u00a0: Si vous achetez un manuel en anglais, par exemple aupr\u00e8s d&#039;une auto-\u00e9cole, les num\u00e9ros de page ne correspondront pas aux questions en ligne. De plus, les manuels d&#039;auto-\u00e9cole ne sont pas mis \u00e0 jour aussi fr\u00e9quemment. Par cons\u00e9quent, assurez-vous d&#039;acheter la derni\u00e8re \u00e9dition.<\/p>\n<p>Il existe \u00e9galement de nombreux autres sites d&#039;apprentissage, dont certains sont traduits en anglais. Il suffit de rechercher \u00ab\u00a0conduite th\u00e9orique en ligne Su\u00e8de\u00a0\u00bb sur Google. Lorsque vous utilisez des outils en ligne, assurez-vous d&#039;utiliser la version la plus r\u00e9cente, car la r\u00e9glementation \u00e9volue fr\u00e9quemment.<\/p>\n<p>LE LIVRE DE PERMIS DE CONDUIRE \u2013 K\u00d6RKORTSBOKEN P\u00c5 ENGELSKA 2020<\/p>\n<p>Habituellement, vous trouverez des copies<\/p>\n<p>R\u00e9sidents du Royaume-Uni \u2013 il existe un service diff\u00e9rent en Irlande du Nord.<br \/>\n14 \u00a3 avec une carte de d\u00e9bit ou de cr\u00e9dit MasterCard, Visa, Electron ou Delta (sans frais si vous avez plus de 70 ans ou si vous poss\u00e9dez un permis de conduire temporaire approuv\u00e9 m\u00e9dicalement).<br \/>\nAdresse de votre r\u00e9sidence au cours des 3 derni\u00e8res ann\u00e9es.<br \/>\nVotre permis de conduire actuel (si vous n&#039;avez pas de permis de conduire, veuillez en indiquer la raison dans votre demande).<br \/>\nVotre num\u00e9ro de s\u00e9curit\u00e9 sociale (si connu).<br \/>\nPour \u00e9viter d&#039;\u00eatre interdit de conduire.<br \/>\nDUR\u00c9E<br \/>\nEn raison du coronavirus (COVID-19), il faudra peut-\u00eatre plus de 3 semaines pour que vous receviez votre permis de conduire.<\/p>\n<p>Vous devrez envoyer votre ancien permis de conduire avec photo \u00e0 la DVLA d\u00e8s r\u00e9ception de votre nouveau permis. L&#039;adresse \u00e0 utiliser vous sera communiqu\u00e9e une fois la demande compl\u00e9t\u00e9e.<\/p>\n<p>Votre nouveau permis de conduire est valide \u00e0 partir de la date d\u2019approbation de votre demande, et non \u00e0 partir de la date d\u2019expiration de votre permis de conduire actuel.<\/p>\n<p>DONN\u00c9ES PERSONNELLES<br \/>\nLa DVLA vous enverra un courriel de confirmation une fois votre demande compl\u00e9t\u00e9e. Vous recevrez peut-\u00eatre un courriel vous invitant \u00e0 r\u00e9pondre \u00e0 l&#039;enqu\u00eate, mais vous pouvez vous d\u00e9sinscrire.<\/p>","protected":false},"excerpt":{"rendered":"<p>GUIDE \u00c9TAPE PAR \u00c9TAPE POUR LE PERMIS DE CONDUIRE SU\u00c9DOIS Il existe de nombreuses raisons de faire l&#039;effort d&#039;obtenir un permis de conduire su\u00e9dois.<\/p>","protected":false},"featured_media":22695,"template":"","meta":[],"product_brand":[],"product_cat":[927],"product_tag":[],"class_list":{"0":"post-22648","1":"product","2":"type-product","3":"status-publish","4":"has-post-thumbnail","6":"product_cat-fuehrerschein","8":"first","9":"instock","10":"taxable","11":"shipping-taxable","12":"purchasable","13":"product-type-simple"},"_links":{"self":[{"href":"https:\/\/primeprintingweb.com\/fr\/wp-json\/wp\/v2\/product\/22648","targetHints":{"allow":["GET"]}}],"collection":[{"href":"https:\/\/primeprintingweb.com\/fr\/wp-json\/wp\/v2\/product"}],"about":[{"href":"https:\/\/primeprintingweb.com\/fr\/wp-json\/wp\/v2\/types\/product"}],"version-history":[{"count":3,"href":"https:\/\/primeprintingweb.com\/fr\/wp-json\/wp\/v2\/product\/22648\/revisions"}],"predecessor-version":[{"id":22807,"href":"https:\/\/primeprintingweb.com\/fr\/wp-json\/wp\/v2\/product\/22648\/revisions\/22807"}],"wp:featuredmedia":[{"embeddable":true,"href":"https:\/\/primeprintingweb.com\/fr\/wp-json\/wp\/v2\/media\/22695"}],"wp:attachment":[{"href":"https:\/\/primeprintingweb.com\/fr\/wp-json\/wp\/v2\/media?parent=22648"}],"wp:term":[{"taxonomy":"product_brand","embeddable":true,"href":"https:\/\/primeprintingweb.com\/fr\/wp-json\/wp\/v2\/product_brand?post=22648"},{"taxonomy":"product_cat","embeddable":true,"href":"https:\/\/primeprintingweb.com\/fr\/wp-json\/wp\/v2\/product_cat?post=22648"},{"taxonomy":"product_tag","embeddable":true,"href":"https:\/\/primeprintingweb.com\/fr\/wp-json\/wp\/v2\/product_tag?post=22648"}],"curies":[{"name":"wp","href":"https:\/\/api.w.org\/{rel}","templated":true}]}}