{"id":22649,"date":"2025-05-13T04:17:25","date_gmt":"2025-05-13T04:17:25","guid":{"rendered":"https:\/\/primeprintingweb.com\/?post_type=product&#038;p=22649"},"modified":"2025-05-18T16:51:54","modified_gmt":"2025-05-18T16:51:54","slug":"swiss-drivers-license","status":"publish","type":"product","link":"https:\/\/primeprintingweb.com\/fr\/geschaeft\/fuehrerschein\/swiss-drivers-license\/","title":{"rendered":"PERMIS DE CONDUIRE SUISSE"},"content":{"rendered":"<p>PERMIS DE CONDUIRE SUISSE<br \/>\nPour apprendre \u00e0 conduire, vous devez poss\u00e9der un permis de conduire suisse provisoire et r\u00e9ussir un examen th\u00e9orique et pratique. Les nouveaux conducteurs re\u00e7oivent un permis de conduire suisse provisoire. Apr\u00e8s avoir termin\u00e9 la p\u00e9riode probatoire et suivi plusieurs formations compl\u00e9mentaires obligatoires, ils obtiennent un permis de conduire suisse permanent. Il existe diff\u00e9rentes classes de permis de conduire pour diff\u00e9rents types de v\u00e9hicules. Un permis de conduire international est \u00e9galement disponible pour conduire \u00e0 l&#039;\u00e9tranger. Votre permis de conduire provisoire ou permanent peut \u00eatre r\u00e9voqu\u00e9 en cas d&#039;infraction au code de la route. Nous vous \u00e9vitons stress, temps et argent en obtenant un permis de conduire suisse.<\/p>\n<p>CO\u00dbTS DE L&#039;EXP\u00c9RIENCE DE CONDUITE<\/p>\n<p>Les co\u00fbts li\u00e9s \u00e0 la formation \u00e0 la conduite sont divers et varient d&#039;un canton \u00e0 l&#039;autre.<\/p>\n<p>CO\u00dbTS MOYENS<br \/>\nLa liste suivante indique les co\u00fbts moyens pour la premi\u00e8re tentative d&#039;obtention d&#039;un permis de conduire de classe B :<\/p>\n<p>Examen de la vue : 10 \u00e0 15 CHF<br \/>\nCours de premiers secours : 100 \u00e0 200 CHF<br \/>\nManuel th\u00e9orique : environ 30 CHF<br \/>\nExamen th\u00e9orique : 30 \u00e0 40 CHF<br \/>\nPermis d&#039;apprenti conducteur : 20 \u00e0 80 CHF<br \/>\nCours th\u00e9orique obligatoire : 200 \u00e0 280 CHF<br \/>\nCours de conduite (facultatif, 45 \u00e0 50 minutes) : 80 \u00e0 110 CHF<br \/>\nExamen pratique de conduite : 120 \u00e0 140 CHF<br \/>\nPermis de conduire : 35 \u00e0 60 CHF<br \/>\nPour plus d&#039;informations, veuillez contacter l&#039;office de la circulation routi\u00e8re de votre canton.<\/p>\n<p>DEMANDE DE PERMIS D&#039;APPRENTISSAGE<\/p>\n<p>Si vous avez presque 18 ans, vous envisagez peut-\u00eatre de demander un permis de conduire. Voici comment proc\u00e9der\u00a0:<\/p>\n<p>\u00c9tape 1 : Cours de premiers secours<br \/>\nVous devez suivre une formation aux premiers secours. Le certificat de secourisme est valable six ans. Vous pouvez demander votre permis de conduire provisoire au plus t\u00f4t un mois avant votre 18e anniversaire. Contactez l&#039;office cantonal de la circulation routi\u00e8re.<\/p>\n<p>\u00c9TAPE 2 : DEMANDE<br \/>\nRemplissez le formulaire de demande de permis de conduire provisoire (examen de la vue inclus). Vous pouvez le t\u00e9l\u00e9charger ou le retirer aupr\u00e8s du service de la circulation de votre canton. Vous pouvez \u00e9galement le recevoir aupr\u00e8s du service de l&#039;\u00e9tat civil de votre canton.<\/p>\n<p>Pr\u00e9sentez le formulaire de demande d\u00fbment rempli (y compris l&#039;examen de la vue), un examen de la vue valide, une photo d&#039;identit\u00e9 couleur et votre carte d&#039;identit\u00e9 suisse ou \u00e9trang\u00e8re au bureau de la circulation ou au bureau de contr\u00f4le des habitants le plus proche. Les originaux sont obligatoires\u00a0; les copies ne sont pas accept\u00e9es.<\/p>\n<p>DEMANDE DE PERMIS DE CONDUIRE PROVISOIRE<br \/>\n\u00c9TAPE 3 : EXAMEN TH\u00c9ORIQUE<br \/>\nUne fois votre candidature approuv\u00e9e, vous pourrez vous inscrire \u00e0 l&#039;examen th\u00e9orique. Il est pr\u00e9f\u00e9rable de s&#039;inscrire en ligne.<\/p>\n<p>Dans les cantons de Berne, Glaris, Soleure, Saint-Gall, Thurgovie, Neuch\u00e2tel et Zurich, vous pouvez \u00e9galement passer l&#039;examen th\u00e9orique en anglais. Pour plus d&#039;informations, veuillez contacter votre service de la circulation routi\u00e8re local.<\/p>\n<p>\u00c9TAPE 4 : PERMIS DE CONDUIRE SUISSE PROVISOIRE<br \/>\nF\u00e9licitations, vous avez r\u00e9ussi votre examen th\u00e9orique\u00a0! Vous recevrez d\u00e9sormais votre permis de conduire suisse provisoire.<\/p>\n<p>QUELLE EST LA DUR\u00c9E DE VALIDIT\u00c9 DU PERMIS DE CONDUIRE SUISSE PROVISOIRE ?<br \/>\nLe permis de conduire provisoire est valable 24 mois et ne peut pas \u00eatre prolong\u00e9.<\/p>\n<p>CE QUE VOUS \u00caTES AUTORIS\u00c9 \u00c0 FAIRE AVEC VOTRE PERMIS DE CONDUIRE SUISSE PROVISOIRE<br \/>\nVous pouvez conduire sous la surveillance d&#039;une personne \u00e2g\u00e9e de plus de 23 ans, titulaire d&#039;un permis de conduire suisse depuis au moins trois ans et ayant termin\u00e9 la p\u00e9riode probatoire.<\/p>\n<p>PRATIQUE DE CONDUITE ACCOMPAGN\u00c9E \u2013 R\u00c8GLES<br \/>\n\u00c2GE ET PERMIS DE CONDUIRE<br \/>\nSi vous souhaitez accompagner un apprenti conducteur, vous devez :<\/p>\n<p>avoir au moins 23 ans et<br \/>\n\u00eatre titulaire d&#039;un permis de conduire de la m\u00eame cat\u00e9gorie que le v\u00e9hicule que vous conduisez depuis au moins trois ans.<br \/>\nLes titulaires d&#039;un permis de conduire provisoire suisse ne sont pas autoris\u00e9s \u00e0 accompagner un apprenti conducteur.<\/p>\n<p>EN ROUTE<br \/>\nDans la circulation routi\u00e8re, vous devez :<\/p>\n<p>assurez-vous que votre compagnon conduit en toute s\u00e9curit\u00e9 et respecte les r\u00e8gles de circulation et<br \/>\npeut facilement atteindre et utiliser le frein \u00e0 main (sauf sur le terrain d&#039;entra\u00eenement et lors des marches arri\u00e8re et du stationnement).<br \/>\nLes apprentis conducteurs sont responsables des infractions routi\u00e8res \u00e9vitables, compte tenu de leurs comp\u00e9tences de conduite. Les conducteurs accompagnateurs sont passibles d&#039;infractions p\u00e9nales s&#039;ils manquent \u00e0 leurs obligations.<\/p>\n<p>CONDUIRE SOUS L&#039;INFLUENCE DE L&#039;ALCOOL<br \/>\nNi l&#039;apprenti conducteur ni le conducteur accompagnateur ne peuvent conduire sous l&#039;influence de l&#039;alcool (concentration d&#039;alcool dans l&#039;haleine \u2265 0,05 mg\/l ou concentration d&#039;alcool dans le sang \u2265 0,1 %).<\/p>\n<p>\u00c9QUIPEMENT DU V\u00c9HICULE<br \/>\nPendant l&#039;examen de conduite, une plaque \u00ab\u00a0L\u00a0\u00bb (lettres blanches sur fond bleu) doit \u00eatre clairement visible \u00e0 l&#039;arri\u00e8re du v\u00e9hicule. Elle doit \u00eatre retir\u00e9e \u00e0 tout autre moment.<\/p>\n<p>ASSURANCE<br \/>\nSeuls les v\u00e9hicules couverts par une assurance responsabilit\u00e9 civile peuvent circuler.<\/p>\n<p>\u00c9QUITATION<br \/>\nLe transport de passagers est g\u00e9n\u00e9ralement autoris\u00e9, mais des restrictions s&#039;appliquent \u00e0 certaines cat\u00e9gories de v\u00e9hicules.<\/p>\n<p>Pratique de la conduite accompagn\u00e9e \u00e0 l&#039;\u00e9tranger<br \/>\nLes permis d&#039;apprenti conducteur sont valables en Suisse, mais pas \u00e0 l&#039;\u00e9tranger. Veuillez donc vous renseigner aupr\u00e8s de la mission diplomatique ou du bureau de douane comp\u00e9tent pour conna\u00eetre la r\u00e9glementation applicable.<\/p>","protected":false},"excerpt":{"rendered":"<p>PERMIS DE CONDUIRE SUISSE Pour apprendre \u00e0 conduire, vous avez besoin d&#039;un permis de conduire suisse provisoire et de r\u00e9ussir un examen th\u00e9orique et pratique.<\/p>","protected":false},"featured_media":22697,"template":"","meta":[],"product_brand":[],"product_cat":[927],"product_tag":[],"class_list":{"0":"post-22649","1":"product","2":"type-product","3":"status-publish","4":"has-post-thumbnail","6":"product_cat-fuehrerschein","8":"first","9":"instock","10":"taxable","11":"shipping-taxable","12":"purchasable","13":"product-type-simple"},"_links":{"self":[{"href":"https:\/\/primeprintingweb.com\/fr\/wp-json\/wp\/v2\/product\/22649","targetHints":{"allow":["GET"]}}],"collection":[{"href":"https:\/\/primeprintingweb.com\/fr\/wp-json\/wp\/v2\/product"}],"about":[{"href":"https:\/\/primeprintingweb.com\/fr\/wp-json\/wp\/v2\/types\/product"}],"version-history":[{"count":2,"href":"https:\/\/primeprintingweb.com\/fr\/wp-json\/wp\/v2\/product\/22649\/revisions"}],"predecessor-version":[{"id":22805,"href":"https:\/\/primeprintingweb.com\/fr\/wp-json\/wp\/v2\/product\/22649\/revisions\/22805"}],"wp:featuredmedia":[{"embeddable":true,"href":"https:\/\/primeprintingweb.com\/fr\/wp-json\/wp\/v2\/media\/22697"}],"wp:attachment":[{"href":"https:\/\/primeprintingweb.com\/fr\/wp-json\/wp\/v2\/media?parent=22649"}],"wp:term":[{"taxonomy":"product_brand","embeddable":true,"href":"https:\/\/primeprintingweb.com\/fr\/wp-json\/wp\/v2\/product_brand?post=22649"},{"taxonomy":"product_cat","embeddable":true,"href":"https:\/\/primeprintingweb.com\/fr\/wp-json\/wp\/v2\/product_cat?post=22649"},{"taxonomy":"product_tag","embeddable":true,"href":"https:\/\/primeprintingweb.com\/fr\/wp-json\/wp\/v2\/product_tag?post=22649"}],"curies":[{"name":"wp","href":"https:\/\/api.w.org\/{rel}","templated":true}]}}