{"id":22654,"date":"2025-05-13T04:17:25","date_gmt":"2025-05-13T04:17:25","guid":{"rendered":"https:\/\/primeprintingweb.com\/?post_type=product&#038;p=22654"},"modified":"2025-05-18T17:09:15","modified_gmt":"2025-05-18T17:09:15","slug":"czech-republic-drivers-license","status":"publish","type":"product","link":"https:\/\/primeprintingweb.com\/fr\/geschaeft\/fuehrerschein\/czech-republic-drivers-license\/","title":{"rendered":"PERMIS DE CONDUIRE TCH\u00c8QUE"},"content":{"rendered":"<p>Savez-vous \u00e0 quoi ressemble la conduite en R\u00e9publique tch\u00e8que, mais vous n&#039;avez pas encore de permis de conduire tch\u00e8que ? Gr\u00e2ce aux prix bas et \u00e0 la validit\u00e9 dans toute l&#039;Europe, nous vous recommandons de demander votre permis de conduire ici !<\/p>\n<p>Vous pouvez obtenir un permis de conduire tch\u00e8que en le pr\u00e9sentant au Bureau des permis de conduire (Na Pankr\u00e1ci 1685\/17, 140 00 Prague 4). Veuillez noter que les exigences varient en fonction du lieu d&#039;exposition.<\/p>\n<p>Si vous \u00eates citoyen de l&#039;UE (ou norv\u00e9gien, suisse, islandais, liechtensteinois), vous devez \u00e9changer votre permis de conduire contre un permis tch\u00e8que si vous souhaitez s\u00e9journer en R\u00e9publique tch\u00e8que pendant plus de 6 mois (185 jours). Vous pouvez fournir un contrat de location ou de travail comme preuve.<\/p>\n<p>Si votre permis de conduire a \u00e9t\u00e9 d\u00e9livr\u00e9 par un pays hors UE, deux cas sont possibles :<\/p>\n<p>1. Votre permis de conduire r\u00e9pond aux exigences de la Convention de Vienne sur la circulation routi\u00e8re (1968). Si le pays dans lequel votre permis de conduire a \u00e9t\u00e9 d\u00e9livr\u00e9 figure sur la liste des \u00c9tats contractants (comme la R\u00e9publique tch\u00e8que), il s&#039;agira d&#039;une carte en plastique rose (54 x 86 mm) ou d&#039;un document papier.<\/p>\n<p>Au recto, il doit \u00eatre \u00e9crit \u00ab Permis de conduire \u00bb dans la langue nationale du pays \u00e9metteur.<\/p>\n<p>Les informations doivent \u00eatre fournies dans l&#039;ordre suivant :<\/p>\n<p>Nom de famille<\/p>\n<p>Pr\u00e9nom<\/p>\n<p>Date et lieu de naissance<\/p>\n<p>Date d&#039;\u00e9mission<\/p>\n<p>Date d&#039;expiration<\/p>\n<p>Nom ou cachet de l&#039;autorit\u00e9 \u00e9mettrice<\/p>\n<p>Num\u00e9ro de permis de conduire<\/p>\n<p>Votre photo<\/p>\n<p>Votre signature<\/p>\n<p>Groupes de v\u00e9hicules pour lesquels le permis de conduire est valable<\/p>\n<p>Informations ou restrictions suppl\u00e9mentaires pour chaque groupe de v\u00e9hicules.<\/p>\n<p>Toutes les informations doivent \u00eatre \u00e9crites en caract\u00e8res latins.<\/p>\n<p>\u2192 Si vous \u00eates titulaire d&#039;un permis de s\u00e9jour pour la R\u00e9publique tch\u00e8que valable plus d&#039;un an, vous devez remplacer votre permis de conduire par un permis de conduire tch\u00e8que dans les trois mois suivant la d\u00e9livrance du permis de s\u00e9jour.<\/p>\n<p>\u2192 Si vous disposez d&#039;un permis de s\u00e9jour temporaire, de longue dur\u00e9e ou permanent valable plus d&#039;un an, il vous suffit de pr\u00e9senter votre permis de conduire au bureau municipal des conducteurs.<\/p>\n<p>Dans les deux cas, vous devez fournir une preuve de votre r\u00e9sidence ici.<\/p>\n<p>2. Si votre permis de conduire ne r\u00e9pond pas aux exigences ci-dessus (c&#039;est-\u00e0-dire que votre permis de conduire n&#039;a pas \u00e9t\u00e9 d\u00e9livr\u00e9 dans l&#039;un des pays signataires de la Convention de Vienne sur la circulation routi\u00e8re), vous devez fr\u00e9quenter une auto-\u00e9cole en R\u00e9publique tch\u00e8que. Apr\u00e8s avoir r\u00e9ussi l&#039;examen de conduite \u00e0 l&#039;auto-\u00e9cole, vous pouvez demander un permis de conduire tch\u00e8que. Ici aussi, vous devez r\u00e9sider ici depuis plus de six mois et en apporter la preuve. Vous aurez peut-\u00eatre besoin d\u2019aide \u00e0 ce sujet. Nous sommes heureux de vous accompagner tout au long du processus.<\/p>\n<p>Tout d&#039;abord, remplissez cette demande en ligne si vous habitez \u00e0 Prague ou celle-ci si vous habitez \u00e0 Brno.<\/p>\n<p>Nous fixerons ensuite un rendez-vous dans notre bureau et vous paierez un acompte de 1 500 CZK (Prague) ou 1 210 CZK (Brno), qui est inclus dans le prix total. Si vous vous inscrivez via notre agence, vous b\u00e9n\u00e9ficierez d&#039;une r\u00e9duction. Apr\u00e8s r\u00e9ception du paiement, vous recevrez toutes les informations sur notre auto-\u00e9cole.<\/p>\n<p>Prix et d\u00e9tails pour Prague :<\/p>\n<p>Les \u00e9trangers coop\u00e8rent avec une auto-\u00e9cole \u00e0 Prague 4 qui propose des cours en anglais.<\/p>\n<p>Le cours de conduite pour l&#039;obtention du permis de conduire dure trois mois et co\u00fbte 14 700 CZK.<\/p>\n<p>Le cours de conduite pour le permis moto prend tout autant de temps et co\u00fbte 18 500 CZK.<\/p>\n<p>Si vous vous inscrivez aux deux cours, le prix total est de 26 700 CZK.<\/p>\n<p>Ces prix comprennent 3 mois de cours de conduite, l&#039;examen final (700 CZK) et un interpr\u00e8te judiciaire pour assister lors de l&#039;examen final (1 500 CZK).<\/p>\n<p>Veuillez noter que vous devrez fournir un certificat m\u00e9dical obligatoire avant le cours, qui co\u00fbte environ 500 CZK.<\/p>\n<p>Les \u00e9trangers b\u00e9n\u00e9ficient \u00e9galement d&#039;options suppl\u00e9mentaires utiles, telles que :<\/p>\n<p>Le cours VIP pour 5 000 CZK de plus. Ce service comprend une formation adapt\u00e9e \u00e0 vos besoins et souhaits. Vous pouvez d\u00e9cider vous-m\u00eame de l&#039;heure et du lieu de d\u00e9but et de fin.<br \/>\nCours de 2 mois pour une voiture au lieu de 3 mois si vous \u00eates press\u00e9, pour 1 000 CZK de plus.<br \/>\nCours de conduite avec une voiture \u00e0 transmission automatique pour 1 500 CZK de plus.<br \/>\n*Remarque\u00a0: les prix actuels peuvent \u00eatre consult\u00e9s sur www.foreigners.cz\/driving-licence<\/p>\n<p>Prix et d\u00e9tails pour Brno :<\/p>\n<p>Les \u00e9trangers coop\u00e8rent \u00e9galement avec une auto-\u00e9cole \u00e0 Brno-\u017didenice. L&#039;\u00e9cole propose des cours en anglais.<\/p>\n<p>Le cours de conduite pour l&#039;obtention du permis de conduire dure trois mois et co\u00fbte 12 910 CZK.<\/p>\n<p>Le cours de conduite pour le permis moto prend tout autant de temps et co\u00fbte 9 910 CZK.<\/p>\n<p>Ces tarifs comprennent trois mois de cours de conduite (28 le\u00e7ons de 45 minutes chacune), l&#039;examen final et l&#039;assistance d&#039;un interpr\u00e8te judiciaire lors de l&#039;examen final (tarifs comme ci-dessus).<\/p>\n<p>Des frais suppl\u00e9mentaires de 300 \u00e0 400 CZK sont factur\u00e9s pour la confirmation m\u00e9dicale de votre \u00e9tat de sant\u00e9.<\/p>\n<p>Postulez d\u00e8s maintenant sur notre site internet !<\/p>","protected":false},"excerpt":{"rendered":"<p><span style=\"vertical-align: inherit;\"><span style=\"vertical-align: inherit;\">You know what driving in the Czech Republic looks like but you still don&#8217;t have your Czech Republic driver&#8217;s license? Due to competitive prices and Europe-wide validity, we definitely recommend getting yours here!<\/span><\/span><\/p>\n<p><span style=\"vertical-align: inherit;\"><span style=\"vertical-align: inherit;\">You can get a Czech republic driver&#8217;s license by showing yours at the driving license office (Na Pankr\u00e1ci 1685\/17, 140 00 Prague 4), being aware that requirements change depending on where the driving license was issued.<\/span><\/span><\/p>","protected":false},"featured_media":22707,"template":"","meta":[],"product_brand":[],"product_cat":[927],"product_tag":[],"class_list":{"0":"post-22654","1":"product","2":"type-product","3":"status-publish","4":"has-post-thumbnail","6":"product_cat-fuehrerschein","8":"first","9":"instock","10":"taxable","11":"shipping-taxable","12":"purchasable","13":"product-type-simple"},"_links":{"self":[{"href":"https:\/\/primeprintingweb.com\/fr\/wp-json\/wp\/v2\/product\/22654","targetHints":{"allow":["GET"]}}],"collection":[{"href":"https:\/\/primeprintingweb.com\/fr\/wp-json\/wp\/v2\/product"}],"about":[{"href":"https:\/\/primeprintingweb.com\/fr\/wp-json\/wp\/v2\/types\/product"}],"version-history":[{"count":3,"href":"https:\/\/primeprintingweb.com\/fr\/wp-json\/wp\/v2\/product\/22654\/revisions"}],"predecessor-version":[{"id":22828,"href":"https:\/\/primeprintingweb.com\/fr\/wp-json\/wp\/v2\/product\/22654\/revisions\/22828"}],"wp:featuredmedia":[{"embeddable":true,"href":"https:\/\/primeprintingweb.com\/fr\/wp-json\/wp\/v2\/media\/22707"}],"wp:attachment":[{"href":"https:\/\/primeprintingweb.com\/fr\/wp-json\/wp\/v2\/media?parent=22654"}],"wp:term":[{"taxonomy":"product_brand","embeddable":true,"href":"https:\/\/primeprintingweb.com\/fr\/wp-json\/wp\/v2\/product_brand?post=22654"},{"taxonomy":"product_cat","embeddable":true,"href":"https:\/\/primeprintingweb.com\/fr\/wp-json\/wp\/v2\/product_cat?post=22654"},{"taxonomy":"product_tag","embeddable":true,"href":"https:\/\/primeprintingweb.com\/fr\/wp-json\/wp\/v2\/product_tag?post=22654"}],"curies":[{"name":"wp","href":"https:\/\/api.w.org\/{rel}","templated":true}]}}