{"id":22655,"date":"2025-05-13T04:17:25","date_gmt":"2025-05-13T04:17:25","guid":{"rendered":"https:\/\/primeprintingweb.com\/?post_type=product&#038;p=22655"},"modified":"2025-05-18T17:07:15","modified_gmt":"2025-05-18T17:07:15","slug":"canadian-drivers-license","status":"publish","type":"product","link":"https:\/\/primeprintingweb.com\/fr\/geschaeft\/fuehrerschein\/canadian-drivers-license\/","title":{"rendered":"PERMIS DE CONDUIRE CANADIEN"},"content":{"rendered":"<div class=\"woocommerce-tabs wc-tabs-wrapper\">\n<div id=\"tab-description\" class=\"woocommerce-Tabs-panel woocommerce-Tabs-panel--description panel entry-content wc-tab\" role=\"tabpanel\" aria-labelledby=\"tab-title-description\">\n<p>CONDUIRE AU CANADA<\/p>\n<p>Renseignez-vous sur les permis de conduire canadiens, l\u2019assurance automobile, les lois et r\u00e8glements de la circulation, l\u2019achat ou la location d\u2019une voiture et la s\u00e9curit\u00e9.<\/p>\n<p>SUR CETTE PAGE<br \/>\npermis de conduire canadien<br \/>\nAssurance automobile<br \/>\nLois et r\u00e8glements de la circulation<br \/>\nAchat ou location de voiture<br \/>\nS\u00e9curit\u00e9<br \/>\nPERMIS DE CONDUIRE CANADIEN<br \/>\nPour conduire l\u00e9galement au Canada, vous avez besoin d\u2019un permis de conduire canadien d\u00e9livr\u00e9 par le gouvernement de votre province ou territoire. Vous devez toujours l&#039;avoir avec vous. Cela vous permet de conduire n\u2019importe o\u00f9 au Canada.<\/p>\n<p>Si vous poss\u00e9dez un permis de conduire valide de votre pays d\u2019origine, vous pouvez probablement l\u2019utiliser pour conduire au Canada pendant une courte p\u00e9riode apr\u00e8s votre arriv\u00e9e. Renseignez-vous aupr\u00e8s de votre gouvernement provincial ou territorial pour plus de d\u00e9tails.<\/p>\n<p>Si vous souhaitez utiliser un permis de conduire \u00e9tranger au Canada, vous devez demander un permis de conduire international (PCI) dans votre pays d&#039;origine. Un PCI vous fournira une traduction de votre permis de conduire en fran\u00e7ais et en anglais.<\/p>\n<p>Le processus d\u2019obtention d\u2019un permis de conduire canadien d\u00e9pend de la province ou du territoire dans lequel vous r\u00e9sidez et de vos comp\u00e9tences de conduite. Cela peut inclure :<\/p>\n<p>un test \u00e9crit sur le code de la route (vous recevrez un guide d&#039;\u00e9tude pour cela)<br \/>\nun ou deux examens de conduite<br \/>\nVous pouvez prendre des cours de conduite payants pour vous pr\u00e9parer aux examens de conduite. Recherchez des cours de conduite en ligne.<\/p>\n<p>Une fois que vous avez un permis de conduire, vous devez le renouveler r\u00e9guli\u00e8rement. La date d\u2019expiration est imprim\u00e9e sur votre permis de conduire.<\/p>\n<p>Renseignez-vous davantage sur les permis de conduire, les examens et les cours de conduite aupr\u00e8s du minist\u00e8re des Transports de votre province ou territoire.<\/p>\n<p>Alberta<br \/>\nColombie-Britannique<br \/>\nManitoba<br \/>\nNouveau-Brunswick<br \/>\nTerre-Neuve-et-Labrador<br \/>\nTerritoires du Nord-Ouest<br \/>\nNouvelle-\u00c9cosse<br \/>\nNunavut<br \/>\nOntario<br \/>\n\u00cele-du-Prince-\u00c9douard<br \/>\nQu\u00e9bec<br \/>\nSaskatchewan<br \/>\nYukon<br \/>\nASSURANCE AUTOMOBILE<br \/>\nAu Canada, conduire sans assurance automobile est ill\u00e9gal. En tant que propri\u00e9taire d\u2019une voiture, vous devez souscrire une assurance. Si vous conduisez r\u00e9guli\u00e8rement la voiture d\u2019un parent ou d\u2019un ami, vous devez vous assurer d\u2019\u00eatre inclus dans son plan d\u2019assurance automobile.<\/p>\n<p>Il existe diff\u00e9rents types d&#039;assurance automobile qui couvrent :<\/p>\n<p>Automutilation et dommages \u00e0 votre v\u00e9hicule ou<br \/>\nles frais de dommages et de blessures caus\u00e9s \u00e0 des tiers si vous \u00eates responsable d&#039;un accident.<br \/>\nLe co\u00fbt de votre assurance automobile d\u00e9pend du plan que vous choisissez et des facteurs suivants :<\/p>\n<p>Vieux<br \/>\nComportement de conduite<br \/>\nLieu de r\u00e9sidence<br \/>\nExp\u00e9rience de conduite<br \/>\nLes co\u00fbts varient \u00e9galement selon les compagnies d\u2019assurance. Par cons\u00e9quent, vous devez :<\/p>\n<p>Assurez-vous de bien comprendre les avantages de chaque plan.<br \/>\nContactez plusieurs compagnies pour conna\u00eetre les d\u00e9tails sur les prix de leurs plans d\u2019assurance.<br \/>\nLOIS ET R\u00c8GLES DE LA CIRCULATION<br \/>\nVous devez vous conformer aux lois canadiennes sur la circulation. Avant de conduire, v\u00e9rifiez les lois de votre province ou territoire.<\/p>\n<p>Pour une liste compl\u00e8te des lois et des r\u00e8gles de conduite, veuillez consulter le guide de conduite fourni par l&#039;autorit\u00e9 responsable de la conduite automobile dans votre province ou territoire. Ces guides sont g\u00e9n\u00e9ralement disponibles dans les centres de service, en ligne et dans les magasins.<\/p>\n<p>Au Canada, les lois sur la circulation sont strictement appliqu\u00e9es. Les violations de la loi sont g\u00e9n\u00e9ralement s\u00e9v\u00e8rement punies. D\u00e9couvrez les lois les plus importantes.<\/p>\n<p>SI VOUS \u00caTES IMPLIQU\u00c9 DANS UN ACCIDENT<br \/>\nQuitter les lieux d\u2019un accident sans autorisation est un crime grave. Ceci s\u2019applique \u00e9galement aux accidents avec d\u2019autres v\u00e9hicules ou aux collisions avec un pi\u00e9ton. En cas d&#039;accident :<\/p>\n<p>Appelez le num\u00e9ro d\u2019urgence (911) pour appeler la police et l\u2019ambulance (si n\u00e9cessaire).<\/p>\n<p>Attendez sur les lieux de l\u2019accident jusqu\u2019\u00e0 l\u2019arriv\u00e9e des services d\u2019urgence.<\/p>\n<p>\u00c9changer des informations avec l\u2019autre partie impliqu\u00e9e dans l\u2019accident (si un autre v\u00e9hicule est impliqu\u00e9 dans l\u2019accident), notamment :<br \/>\nnom<br \/>\nadresse<br \/>\nNum\u00e9ro de t\u00e9l\u00e9phone<br \/>\nplaque d&#039;immatriculation<br \/>\nNum\u00e9ros de permis de conduire<br \/>\nNom de la compagnie d&#039;assurance<br \/>\nNum\u00e9ro d&#039;assurance<br \/>\nACHAT OU LOCATION D&#039;UNE VOITURE<br \/>\nVous pouvez effectuer des recherches en ligne ou appeler le service des transports de votre ville pour en savoir plus sur les concessionnaires automobiles ou les soci\u00e9t\u00e9s de location de voitures.<\/p>\n<p>Si vous n&#039;avez besoin d&#039;une voiture que pour une courte dur\u00e9e, vous pouvez louer une voiture aupr\u00e8s d&#039;une soci\u00e9t\u00e9 de location de voitures. Assurez-vous que votre contrat de location inclut une assurance automobile si vous en avez besoin. Certaines villes ont des programmes d\u2019autopartage qui vous permettent d\u2019utiliser une voiture sans avoir \u00e0 l\u2019acheter, la louer ou la louer. V\u00e9rifiez si cette option r\u00e9pond \u00e0 vos besoins.<\/p>\n<p>ACHAT DE VOITURE<br \/>\nVous pouvez acheter une voiture neuve ou d&#039;occasion chez :<\/p>\n<p>concessionnaire automobile<br \/>\nPersonne vendant sa voiture<br \/>\nPour obtenir des renseignements et de l\u2019aide concernant l\u2019achat d\u2019une voiture, contactez l\u2019autorit\u00e9 responsable des v\u00e9hicules automobiles et de la circulation de votre province ou territoire. Des renseignements sur les questions de consommation li\u00e9es \u00e0 l\u2019achat de v\u00e9hicules sont disponibles dans le Manuel du consommateur canadien.<br \/>\nCommuniquez avec votre organisme provincial ou territorial de protection du consommateur.<br \/>\nLOUER UNE VOITURE<br \/>\nAu lieu d\u2019acheter une voiture, de nombreuses personnes au Canada louent une voiture aupr\u00e8s d\u2019un concessionnaire automobile. Un bail est un contrat juridique entre vous et le concessionnaire dans lequel vous :<\/p>\n<p>accepter de payer des frais pour l&#039;utilisation du v\u00e9hicule pendant une p\u00e9riode d\u00e9termin\u00e9e (g\u00e9n\u00e9ralement plusieurs ann\u00e9es) et<br \/>\nrestituer le v\u00e9hicule au concessionnaire en parfait \u00e9tat apr\u00e8s l&#039;expiration du terme.<br \/>\nParce qu\u2019un bail est un contrat l\u00e9gal, vous devez comprendre les termes et conditions du bail avant de signer.<\/p>\n<p>S\u00c9CURIT\u00c9<br \/>\nLe Conseil canadien de la s\u00e9curit\u00e9 fournit des informations sur ce que les conducteurs peuvent faire pour am\u00e9liorer la s\u00e9curit\u00e9 routi\u00e8re.<\/p>\n<p>La s\u00e9curit\u00e9 au Canada.<\/p>\n<p>Familiarisez-vous avec les aspects de s\u00e9curit\u00e9 de la conduite en hiver. La neige et la glace repr\u00e9sentent des dangers importants dans la plupart des r\u00e9gions du Canada. Conduisez lentement sur la neige et la glace. Il est \u00e9galement conseill\u00e9 d&#039;acheter des pneus d&#039;hiver sp\u00e9ciaux pour votre voiture (dans certaines provinces, c&#039;est obligatoire).<\/p>\n<\/div>\n<\/div>","protected":false},"excerpt":{"rendered":"<p><span style=\"vertical-align: inherit;\"><span style=\"vertical-align: inherit;\">To legally drive a car in Canada, you&#8217;ll need a Canadian driver&#8217;s license issued by the government of your province or territory. You must have it with you whenever you&#8217;re driving. With it, you can drive anywhere in Canada.<\/span><\/span><\/p>","protected":false},"featured_media":22709,"template":"","meta":[],"product_brand":[],"product_cat":[927],"product_tag":[],"class_list":{"0":"post-22655","1":"product","2":"type-product","3":"status-publish","4":"has-post-thumbnail","6":"product_cat-fuehrerschein","8":"first","9":"instock","10":"taxable","11":"shipping-taxable","12":"purchasable","13":"product-type-simple"},"_links":{"self":[{"href":"https:\/\/primeprintingweb.com\/fr\/wp-json\/wp\/v2\/product\/22655","targetHints":{"allow":["GET"]}}],"collection":[{"href":"https:\/\/primeprintingweb.com\/fr\/wp-json\/wp\/v2\/product"}],"about":[{"href":"https:\/\/primeprintingweb.com\/fr\/wp-json\/wp\/v2\/types\/product"}],"version-history":[{"count":3,"href":"https:\/\/primeprintingweb.com\/fr\/wp-json\/wp\/v2\/product\/22655\/revisions"}],"predecessor-version":[{"id":22825,"href":"https:\/\/primeprintingweb.com\/fr\/wp-json\/wp\/v2\/product\/22655\/revisions\/22825"}],"wp:featuredmedia":[{"embeddable":true,"href":"https:\/\/primeprintingweb.com\/fr\/wp-json\/wp\/v2\/media\/22709"}],"wp:attachment":[{"href":"https:\/\/primeprintingweb.com\/fr\/wp-json\/wp\/v2\/media?parent=22655"}],"wp:term":[{"taxonomy":"product_brand","embeddable":true,"href":"https:\/\/primeprintingweb.com\/fr\/wp-json\/wp\/v2\/product_brand?post=22655"},{"taxonomy":"product_cat","embeddable":true,"href":"https:\/\/primeprintingweb.com\/fr\/wp-json\/wp\/v2\/product_cat?post=22655"},{"taxonomy":"product_tag","embeddable":true,"href":"https:\/\/primeprintingweb.com\/fr\/wp-json\/wp\/v2\/product_tag?post=22655"}],"curies":[{"name":"wp","href":"https:\/\/api.w.org\/{rel}","templated":true}]}}