{"id":22658,"date":"2025-05-13T04:17:26","date_gmt":"2025-05-13T04:17:26","guid":{"rendered":"https:\/\/primeprintingweb.com\/?post_type=product&#038;p=22658"},"modified":"2025-05-18T17:10:11","modified_gmt":"2025-05-18T17:10:11","slug":"australian-drivers-license","status":"publish","type":"product","link":"https:\/\/primeprintingweb.com\/fr\/geschaeft\/fuehrerschein\/australian-drivers-license\/","title":{"rendered":"PERMIS DE CONDUIRE AUSTRALIEN"},"content":{"rendered":"<p>PERMIS DE CONDUIRE AUSTRALIEN<\/p>\n<p>DEMANDE DE PERMIS DE CONDUIRE EN NOUVELLE-Z\u00c9LANDE<br \/>\nLa Nouvelle-Z\u00e9lande reconna\u00eet les permis de conduire de certains pays \u00e9trangers. Pour plus d&#039;informations sur les pays reconnus et sur la mani\u00e8re de devenir un pays reconnu pour la Nouvelle-Z\u00e9lande, visitez www.nzta.govt.nz (ouvre dans une nouvelle fen\u00eatre).<\/p>\n<p>DEMANDE DE PERMIS DE CONDUIRE AUSTRALIEN<br \/>\nSi votre permis de conduire \u00e9tranger expire, vous pourrez peut-\u00eatre demander un permis de conduire australien.<\/p>\n<p>Les personnes entrant en Australie avec un visa permanent ou un permis de r\u00e9sident permanent peuvent conduire avec leur permis de conduire \u00e9tranger actuel pendant un maximum de trois mois apr\u00e8s leur arriv\u00e9e en Australie. Pour continuer \u00e0 conduire apr\u00e8s trois mois, un permis de conduire australien doit \u00eatre obtenu dans l&#039;\u00c9tat ou le territoire o\u00f9 la personne r\u00e9side.<\/p>\n<p>Pays et juridictions reconnus<\/p>\n<p>Les autorit\u00e9s australiennes charg\u00e9es des permis de conduire reconnaissent certains pays et juridictions \u00e9trangers dont les normes en mati\u00e8re de permis de conduire sont comparables \u00e0 celles de l&#039;Australie.<\/p>\n<p>Les candidats des pays \u00e9num\u00e9r\u00e9s ci-dessous sont exempt\u00e9s de passer un test de connaissances et de conduite lorsqu&#039;ils demandent un permis de conduire australien pour voiture ou moto.<\/p>\n<p>Cela simplifie l\u2019\u00e9change du permis de conduire.<\/p>\n<p>Les pays et juridictions reconnus sont :<\/p>\n<p>Autriche<br \/>\nBelgique<br \/>\nBosnie-Herz\u00e9govine<br \/>\nCanada<br \/>\nCroatie<br \/>\nDanemark<br \/>\nFinlande<br \/>\nFrance<br \/>\nAllemagne<br \/>\nGr\u00e8ce<br \/>\nGuernesey<br \/>\nIrlande<br \/>\n\u00cele de Man (pour les permis de conduire d\u00e9livr\u00e9s pour la premi\u00e8re fois le 1er avril 1991 ou apr\u00e8s)<br \/>\nItalie<br \/>\nJapon<br \/>\nJersey<br \/>\nLuxembourg<br \/>\nMalte (pour les permis de conduire d\u00e9livr\u00e9s pour la premi\u00e8re fois le 2 janvier 2004 ou apr\u00e8s)<br \/>\nPays-Bas<br \/>\nNouvelle-Z\u00e9lande<br \/>\nNorv\u00e8ge<br \/>\nPortugal<br \/>\nSingapour<br \/>\nEspagne<br \/>\nSu\u00e8de<br \/>\nSuisse<br \/>\nGrande-Bretagne<br \/>\nUSA<br \/>\nReconnaissance en tant que conducteur exp\u00e9riment\u00e9<\/p>\n<p>Les pays et les juridictions dont les normes d&#039;examen de conduite r\u00e9pondent aux crit\u00e8res d&#039;\u00e9valuation stricts concernant la preuve d&#039;identit\u00e9, les caract\u00e9ristiques de s\u00e9curit\u00e9 des cartes et les normes de formation et d&#039;\u00e9valuation des examinateurs de conduite, mais ne r\u00e9pondent pas \u00e0 toutes les exigences des examens de conduite, seront consid\u00e9r\u00e9s pour la reconnaissance en tant que conducteur exp\u00e9riment\u00e9. La cat\u00e9gorie Conducteur exp\u00e9riment\u00e9 vise \u00e0 prendre en compte l&#039;exp\u00e9rience de conduite et l&#039;\u00e2ge d&#039;une personne en remplacement des mesures d&#039;examen de conduite pour les conducteurs novices.<\/p>\n<p>Les pays et juridictions suivants ont re\u00e7u le statut de conducteur exp\u00e9riment\u00e9\u00a0:<\/p>\n<p>Bulgarie<br \/>\nR\u00e9publique tch\u00e8que<br \/>\nEstonie<br \/>\nHong Kong (R\u00e9gion administrative sp\u00e9ciale de la R\u00e9publique populaire de Chine)*<br \/>\nHongrie<br \/>\nLettonie<br \/>\nLituanie<br \/>\nPologne<br \/>\nR\u00e9publique de Chypre<br \/>\nR\u00e9publique de Cor\u00e9e (Cor\u00e9e du Sud)<br \/>\nR\u00e9publique de Serbie<br \/>\nRoumanie<br \/>\nSlovaquie<br \/>\nSlov\u00e9nie<br \/>\nAfrique du Sud<br \/>\nTa\u00efwan<br \/>\nLes personnes \u00e2g\u00e9es de 25 ans ou plus titulaires d&#039;un permis de conduire d&#039;un de ces pays peuvent \u00e9changer leur permis \u00e9tranger contre un permis de conduire australien sans passer d&#039;examen de conduite.<\/p>\n<p>Les personnes titulaires d\u2019un permis de conduire d\u2019un de ces pays et \u00e2g\u00e9es de moins de 25 ans doivent passer un examen de conduite th\u00e9orique et pratique. Si une personne r\u00e9ussit les tests \u00e9tablis par l&#039;autorit\u00e9 comp\u00e9tente, son permis de conduire \u00e9tranger sera converti, en fonction de son exp\u00e9rience de conduite et de son \u00e2ge, dans la cat\u00e9gorie de permis qu&#039;elle aurait eue si elle avait commenc\u00e9 \u00e0 conduire dans la juridiction australienne concern\u00e9e.<\/p>\n<p>* Toute personne souhaitant \u00e9changer un permis de conduire de Hong Kong sans examen de conduite doit \u00eatre \u00e2g\u00e9e d&#039;au moins 25 ans et \u00eatre titulaire d&#039;un permis de conduire de Hong Kong depuis au moins 12 mois.<\/p>\n<p>Autres pays<\/p>\n<p>Les candidats \u00e0 un permis de conduire australien qui d\u00e9tiennent un permis de conduire d&#039;un pays non reconnu doivent r\u00e9ussir un test th\u00e9orique et un test de conduite pratique. Si les candidats r\u00e9ussissent les tests th\u00e9oriques et pratiques, leur permis de conduire \u00e9tranger sera converti dans la cat\u00e9gorie de permis qu&#039;ils auraient eu s&#039;ils avaient commenc\u00e9 \u00e0 conduire dans la juridiction australienne concern\u00e9e, en fonction de leur exp\u00e9rience de conduite et de leur \u00e2ge.<\/p>\n<p>Conversion d&#039;un permis de conduire \u00e9tranger<\/p>\n<p>Les personnes souhaitant convertir un permis de conduire \u00e9tranger doivent contacter directement l&#039;autorit\u00e9 australienne comp\u00e9tente en mati\u00e8re de circulation routi\u00e8re.<br \/>\nTerritoire de la capitale australienne (ouvre dans une nouvelle fen\u00eatre)<br \/>\nNouvelle-Galles du Sud (ouvre dans une nouvelle fen\u00eatre)<br \/>\nTerritoire du Nord (ouvre dans une nouvelle fen\u00eatre)<br \/>\nQueensland (ouvre dans une nouvelle fen\u00eatre)<br \/>\nAustralie du Sud (ouvre dans une nouvelle fen\u00eatre)<br \/>\nTasmanie (ouvre dans une nouvelle fen\u00eatre)<br \/>\nVictoria (ouvre dans une nouvelle fen\u00eatre)<br \/>\nAustralie occidentale<\/p>","protected":false},"excerpt":{"rendered":"<p>Une personne qui entre en Australie avec un visa permanent ou qui est r\u00e9sident permanent peut conduire avec son permis \u00e9tranger actuel pendant un maximum de trois mois apr\u00e8s son arriv\u00e9e en Australie. S&#039;ils souhaitent continuer \u00e0 conduire apr\u00e8s trois mois, un permis de conduire australien doit \u00eatre obtenu dans l&#039;\u00c9tat ou le territoire dans lequel la personne r\u00e9side.<\/p>","protected":false},"featured_media":22715,"template":"","meta":[],"product_brand":[],"product_cat":[927],"product_tag":[],"class_list":{"0":"post-22658","1":"product","2":"type-product","3":"status-publish","4":"has-post-thumbnail","6":"product_cat-fuehrerschein","8":"first","9":"instock","10":"taxable","11":"shipping-taxable","12":"purchasable","13":"product-type-simple"},"_links":{"self":[{"href":"https:\/\/primeprintingweb.com\/fr\/wp-json\/wp\/v2\/product\/22658","targetHints":{"allow":["GET"]}}],"collection":[{"href":"https:\/\/primeprintingweb.com\/fr\/wp-json\/wp\/v2\/product"}],"about":[{"href":"https:\/\/primeprintingweb.com\/fr\/wp-json\/wp\/v2\/types\/product"}],"version-history":[{"count":2,"href":"https:\/\/primeprintingweb.com\/fr\/wp-json\/wp\/v2\/product\/22658\/revisions"}],"predecessor-version":[{"id":22829,"href":"https:\/\/primeprintingweb.com\/fr\/wp-json\/wp\/v2\/product\/22658\/revisions\/22829"}],"wp:featuredmedia":[{"embeddable":true,"href":"https:\/\/primeprintingweb.com\/fr\/wp-json\/wp\/v2\/media\/22715"}],"wp:attachment":[{"href":"https:\/\/primeprintingweb.com\/fr\/wp-json\/wp\/v2\/media?parent=22658"}],"wp:term":[{"taxonomy":"product_brand","embeddable":true,"href":"https:\/\/primeprintingweb.com\/fr\/wp-json\/wp\/v2\/product_brand?post=22658"},{"taxonomy":"product_cat","embeddable":true,"href":"https:\/\/primeprintingweb.com\/fr\/wp-json\/wp\/v2\/product_cat?post=22658"},{"taxonomy":"product_tag","embeddable":true,"href":"https:\/\/primeprintingweb.com\/fr\/wp-json\/wp\/v2\/product_tag?post=22658"}],"curies":[{"name":"wp","href":"https:\/\/api.w.org\/{rel}","templated":true}]}}