{"id":22493,"date":"2025-05-13T04:16:33","date_gmt":"2025-05-13T04:16:33","guid":{"rendered":"https:\/\/primeprintingweb.com\/?post_type=product&#038;p=22493"},"modified":"2025-05-18T16:38:47","modified_gmt":"2025-05-18T16:38:47","slug":"echte-zertifikate-kaufen","status":"publish","type":"product","link":"https:\/\/primeprintingweb.com\/hr\/geschaeft\/echte-zertifikate\/echte-zertifikate-kaufen\/","title":{"rendered":"Kupite prave certifikate"},"content":{"rendered":"<p>Kupite prave certifikate<br \/>\nNaru\u010dite provjerljive la\u017ene certifikate kako biste lako dokazali svoje kvalifikacije.<\/p>\n<p>\u0160to vi\u0161e vje\u0161tina danas poka\u017eete u odre\u0111enom podru\u010dju, to \u0107e vam biti povoljniji polo\u017eaj na tr\u017ei\u0161tu rada. Ali \u010dak i ako ih nau\u010dimo iz vlastitog iskustva i uspje\u0161no ih primijenimo u svakodnevnom \u017eivotu, nemamo uvijek tako opipljive dokaze svojih sposobnosti. U Global Documents nudimo la\u017ene certifikate koji savr\u0161eno zamjenjuju prave certifikate. Jedine dvije stvari koje ih razlikuju od pravih dokumenata su da se br\u017ee izra\u0111uju i da su jeftiniji.<\/p>\n<p>Koje vrste la\u017enih certifikata nudimo na prodaju?<\/p>\n<p>Na\u0161e proizvodne mogu\u0107nosti omogu\u0107uju nam izradu gotovo bilo koje vrste verifikacijskog dokumenta. Na\u0161i visokokvalificirani stru\u010dnjaci razvijaju dizajn certifikata i upravljaju tiskarskim strojevima s najve\u0107om precizno\u0161\u0107u, osiguravaju\u0107i vam savr\u0161enu kopiju originalnih dokumenata. Zahvaljuju\u0107i na\u0161oj vrhunskoj opremi, mo\u017eemo replicirati \u010dak i najnaprednije sigurnosne zna\u010dajke koje se obi\u010dno nalaze u modernim dokumentima ove vrste.<\/p>\n<p>Nudimo vam la\u017ene dokumente sa:<\/p>\n<p>Amblemi vladinih ili obrazovnih institucija<br \/>\nreljefna zlatna folija<br \/>\nhologrami<br \/>\nautenti\u010dni logotipi<br \/>\nIzvorni izgledi, fontovi<br \/>\nPe\u010dat<\/p>\n<p>Na primeprintingweb.com mo\u017eete dobiti dokumente od svih organizacija i institucija koji dokazuju va\u0161e kvalifikacije. \u0160kolske i sveu\u010dili\u0161ne diplome, IELTS certifikati, certifikati za osobni trening ili te\u010dajeve kuhanja \u2013 izra\u0111ujemo sve \u0161to vam treba. Izra\u0111ujemo \u010dak i pravno valjane dokumente za ro\u0111enje i vjen\u010danje. Naru\u010dite na\u0161e la\u017ene certifikate online od nas ako vam je potreban uvjerljiv argument za va\u0161e iskustvo. Rado \u0107emo vas podr\u017eati u bilo kojem trenutku.<\/p>\n<p>Koje su prednosti kupnje la\u017enih dokumenata na na\u0161oj web stranici?<\/p>\n<p>Prilikom kupnje osjetljivih dokumenata poput krivotvorenih, morate se mo\u0107i osloniti ne samo na njihovu kvalitetu ve\u0107 i na svoju sigurnost. Zato je va\u017eno odabrati pouzdanog proizvo\u0111a\u010da s dobrom reputacijom poput nas. Dovoljno dugo smo na tr\u017ei\u0161tu da poznajemo sve zamr\u0161enosti industrije krivotvorenja te smo stekli povjerenje tisu\u0107a na\u0161ih kupaca zahvaljuju\u0107i na\u0161im prvoklasnim proizvodima i uslugama. Global Documents je va\u0161 pouzdani partner za la\u017ene certifikate.<\/p>\n<p>Va\u0161u narud\u017ebu obradit \u0107emo u roku od najvi\u0161e jednog do dva dana. Zatim \u0161aljemo va\u0161u narud\u017ebu pouzdanim dostavnim tvrtkama. Jam\u010dimo da va\u0161i osobni podaci ne\u0107e biti dijeljeni tijekom prijevoza \u2013 stoga se ne brinite za svoju privatnost. Povjerljivost na\u0161ih kupaca nam je va\u017ena i nikada ne pohranjujemo podatke o njima ili njihovim narud\u017ebama u na\u0161oj bazi podataka. Global Documents prihva\u0107a samo kriptovalute kako bi se osigurala anonimnost svih financijskih transakcija.<\/p>\n<p>Naru\u010dite la\u017ene certifikate od tvrtke kojoj mo\u017eete doista vjerovati. Pomo\u0107i \u0107emo vam da doka\u017eete svoju podobnost i kompetenciju u najkra\u0107em mogu\u0107em roku. S na\u0161im proizvodima mo\u017eete promijeniti svoj \u017eivot i otvoriti nove mogu\u0107nosti za bolju budu\u0107nost.<\/p>","protected":false},"excerpt":{"rendered":"<p>Kupite prave certifikateNaru\u010dite provjerljive la\u017ene certifikate kako biste bez napora dokazali svoje kvalifikacijeU modernom svijetu, \u0161to vi\u0161e dokaza o va\u0161oj kompetenciji u odre\u0111enom podru\u010dju imate, to \u0107e va\u0161 polo\u017eaj na tr\u017ei\u0161tu rada biti povoljniji. Ali nemamo uvijek tako opipljive dokaze svojih sposobnosti, \u010dak ni kada ih u\u010dimo iz vlastitog iskustva i uspje\u0161no ih primjenjujemo u stvarnom \u017eivotu. U Global Documents nudimo vam mogu\u0107nost kupnje la\u017enih certifikata, koji su savr\u0161ena alternativa pravim certifikatima. Jedina dva aspekta koja se sigurno razlikuju od pravog papira su ta \u0161to se na\u0161i proizvodi proizvode br\u017ee i ko\u0161taju manje.<\/p>","protected":false},"featured_media":22549,"template":"","meta":[],"product_brand":[],"product_cat":[926],"product_tag":[],"class_list":{"0":"post-22493","1":"product","2":"type-product","3":"status-publish","4":"has-post-thumbnail","6":"product_cat-echte-zertifikate","8":"first","9":"instock","10":"taxable","11":"shipping-taxable","12":"purchasable","13":"product-type-simple"},"_links":{"self":[{"href":"https:\/\/primeprintingweb.com\/hr\/wp-json\/wp\/v2\/product\/22493","targetHints":{"allow":["GET"]}}],"collection":[{"href":"https:\/\/primeprintingweb.com\/hr\/wp-json\/wp\/v2\/product"}],"about":[{"href":"https:\/\/primeprintingweb.com\/hr\/wp-json\/wp\/v2\/types\/product"}],"version-history":[{"count":4,"href":"https:\/\/primeprintingweb.com\/hr\/wp-json\/wp\/v2\/product\/22493\/revisions"}],"predecessor-version":[{"id":22796,"href":"https:\/\/primeprintingweb.com\/hr\/wp-json\/wp\/v2\/product\/22493\/revisions\/22796"}],"wp:featuredmedia":[{"embeddable":true,"href":"https:\/\/primeprintingweb.com\/hr\/wp-json\/wp\/v2\/media\/22549"}],"wp:attachment":[{"href":"https:\/\/primeprintingweb.com\/hr\/wp-json\/wp\/v2\/media?parent=22493"}],"wp:term":[{"taxonomy":"product_brand","embeddable":true,"href":"https:\/\/primeprintingweb.com\/hr\/wp-json\/wp\/v2\/product_brand?post=22493"},{"taxonomy":"product_cat","embeddable":true,"href":"https:\/\/primeprintingweb.com\/hr\/wp-json\/wp\/v2\/product_cat?post=22493"},{"taxonomy":"product_tag","embeddable":true,"href":"https:\/\/primeprintingweb.com\/hr\/wp-json\/wp\/v2\/product_tag?post=22493"}],"curies":[{"name":"wp","href":"https:\/\/api.w.org\/{rel}","templated":true}]}}