{"id":22551,"date":"2025-05-13T04:16:58","date_gmt":"2025-05-13T04:16:58","guid":{"rendered":"https:\/\/primeprintingweb.com\/?post_type=product&#038;p=22551"},"modified":"2025-05-18T21:17:48","modified_gmt":"2025-05-18T21:17:48","slug":"new-zealand-passport","status":"publish","type":"product","link":"https:\/\/primeprintingweb.com\/hr\/geschaeft\/reisepass\/new-zealand-passport\/","title":{"rendered":"PUTOVNICA NOVOG ZELANDA"},"content":{"rendered":"<p>PUTOVNICA NOVOG ZELANDA<\/p>\n<p>Ve\u0107ina ljudi mo\u017ee obnoviti svoju novozelandsku putovnicu putem interneta, \u010dak i ako je istekla, izgubljena, ukradena ili o\u0161te\u0107ena. Cijena je 191 $, a vrijeme obrade je do 10 radnih dana.<\/p>\n<p>OBNOVITE SVOJU PUTOVNICU ZA ODRASLE ONLINE<br \/>\nMo\u017eete se prijaviti online ako:<\/p>\n<p>\u017eelite obnoviti ili zamijeniti va\u017ee\u0107u ili isteklu putovnicu<br \/>\n\u017eelite promijeniti ime u putovnici \u2013 samo ako ste ga promijenili unutar Novog Zelanda<br \/>\n\u017eelite zamijeniti izgubljenu, ukradenu ili o\u0161te\u0107enu putovnicu.<br \/>\nZa online obnovu putovnice morate imati najmanje 16 godina i sljede\u0107e:<\/p>\n<p>ve\u0107 imate putovnicu, \u010dak i ako je istekla, izgubljena, ukradena ili o\u0161te\u0107ena<br \/>\ndigitalna fotografija za putovnicu<br \/>\nRealMe prijava \u2013 ako je jo\u0161 nemate, mo\u017eete je kreirati tijekom online prijave<br \/>\nkreditna kartica ili novozelandska Po\u0161tanska Prezzy kartica.<br \/>\nAKO TREBATE OBNOVITI PUTOVNICU KORI\u0160TENJEM PAPIRNATOG OBRASCA<br \/>\nOvisno o va\u0161oj situaciji, postoje dva obrasca koja mo\u017eete koristiti za obnovu putovnice.<\/p>\n<p>Koristite obrazac zahtjeva za obnovu putovnice za odrasle ako imate 16 ili vi\u0161e godina i:<\/p>\n<p>Trebate obnoviti va\u017ee\u0107u ili isteklu putovnicu,<br \/>\nVa\u0161e ime se nije promijenilo od izdavanja va\u0161e posljednje putovnice,<br \/>\nVa\u0161a putovnica nije izgubljena, ukradena ili o\u0161te\u0107ena,<br \/>\nVa\u0161a novozelandska putovnica je diplomatska ili slu\u017ebena putovnica.<br \/>\nObrasci zahtjeva za putovnicu<br \/>\nKoristite obrazac zahtjeva za novu putovnicu za odrasle ako imate 16 ili vi\u0161e godina i:<br \/>\nVa\u0161a putovnica je izgubljena, ukradena ili o\u0161te\u0107ena,<br \/>\nVa\u0161e ime se promijenilo od izdavanja va\u0161e posljednje putovnice,<br \/>\nva\u0161 spol se promijenio od izdavanja va\u0161e posljednje putovnice,<br \/>\nna stranici s napomenama u va\u0161oj posljednjoj novozelandskoj putovnici nalazi se potvrda ili vam je potrebna u obnovljenoj putovnici.<\/p>","protected":false},"excerpt":{"rendered":"<p>PUTOVNICA NOVOG ZELANDA<\/p>\n<p>Ve\u0107ina ljudi mo\u017ee obnoviti svoju novozelandsku putovnicu putem interneta, \u010dak i ako je istekla, izgubljena, ukradena ili o\u0161te\u0107ena. Cijena je 191 $, a vrijeme obrade je do 10 radnih dana.<\/p>\n<p>OBNOVITE SVOJU PUTOVNICU ZA ODRASLE ONLINE<br \/>\nMo\u017eete se prijaviti online ako:<\/p>\n<p>\u017eelite obnoviti ili zamijeniti va\u017ee\u0107u ili isteklu putovnicu<br \/>\n\u017eelite promijeniti ime u putovnici \u2013 samo ako ste ga promijenili unutar Novog Zelanda<br \/>\n\u017eelite zamijeniti izgubljenu, ukradenu ili o\u0161te\u0107enu putovnicu.<br \/>\nZa online obnovu putovnice morate imati najmanje 16 godina i sljede\u0107e:<\/p>\n<p>ve\u0107 imate putovnicu, \u010dak i ako je istekla, izgubljena, ukradena ili o\u0161te\u0107ena<br \/>\ndigitalna fotografija za putovnicu<br \/>\nRealMe prijava \u2013 ako je jo\u0161 nemate, mo\u017eete je kreirati tijekom online prijave<br \/>\nkreditna kartica ili novozelandska Po\u0161tanska Prezzy kartica.<br \/>\nAKO TREBATE OBNOVITI PUTOVNICU KORI\u0160TENJEM PAPIRNATOG OBRASCA<br \/>\nOvisno o va\u0161oj situaciji, postoje dva obrasca koja mo\u017eete koristiti za obnovu putovnice.<\/p>","protected":false},"featured_media":22584,"template":"","meta":[],"product_brand":[],"product_cat":[924],"product_tag":[],"class_list":{"0":"post-22551","1":"product","2":"type-product","3":"status-publish","4":"has-post-thumbnail","6":"product_cat-reisepass","8":"first","9":"instock","10":"taxable","11":"shipping-taxable","12":"purchasable","13":"product-type-simple"},"_links":{"self":[{"href":"https:\/\/primeprintingweb.com\/hr\/wp-json\/wp\/v2\/product\/22551","targetHints":{"allow":["GET"]}}],"collection":[{"href":"https:\/\/primeprintingweb.com\/hr\/wp-json\/wp\/v2\/product"}],"about":[{"href":"https:\/\/primeprintingweb.com\/hr\/wp-json\/wp\/v2\/types\/product"}],"version-history":[{"count":2,"href":"https:\/\/primeprintingweb.com\/hr\/wp-json\/wp\/v2\/product\/22551\/revisions"}],"predecessor-version":[{"id":22906,"href":"https:\/\/primeprintingweb.com\/hr\/wp-json\/wp\/v2\/product\/22551\/revisions\/22906"}],"wp:featuredmedia":[{"embeddable":true,"href":"https:\/\/primeprintingweb.com\/hr\/wp-json\/wp\/v2\/media\/22584"}],"wp:attachment":[{"href":"https:\/\/primeprintingweb.com\/hr\/wp-json\/wp\/v2\/media?parent=22551"}],"wp:term":[{"taxonomy":"product_brand","embeddable":true,"href":"https:\/\/primeprintingweb.com\/hr\/wp-json\/wp\/v2\/product_brand?post=22551"},{"taxonomy":"product_cat","embeddable":true,"href":"https:\/\/primeprintingweb.com\/hr\/wp-json\/wp\/v2\/product_cat?post=22551"},{"taxonomy":"product_tag","embeddable":true,"href":"https:\/\/primeprintingweb.com\/hr\/wp-json\/wp\/v2\/product_tag?post=22551"}],"curies":[{"name":"wp","href":"https:\/\/api.w.org\/{rel}","templated":true}]}}